{"id":11370,"date":"2020-11-13T16:05:06","date_gmt":"2020-11-13T14:05:06","guid":{"rendered":"https:\/\/www.thefeuerlecollection.org\/?page_id=11370"},"modified":"2020-11-13T16:10:53","modified_gmt":"2020-11-13T14:10:53","slug":"allgemeine-geschaftsbedingungen","status":"publish","type":"page","link":"https:\/\/www.thefeuerlecollection.org\/zh-hant\/allgemeine-geschaftsbedingungen\/","title":{"rendered":"Allgemeine Gesch\u00e4ftsbedingungen (AGB)"},"content":{"rendered":"<div class=\"wpb-content-wrapper\">[vc_row ct_row_stretch=&#8221;stretch_row&#8221; full_height=&#8221;yes&#8221; columns_placement=&#8221;top&#8221; content_placement=&#8221;top&#8221; ct_bg_image=&#8221;60&#8243; ct_bg_repeat=&#8221;no-repeat&#8221; ct_bg_size=&#8221;contain&#8221; ct_bg_position=&#8221;center right&#8221; ct_bg_parallax=&#8221;fixed&#8221;][vc_column width=&#8221;1\/2&#8243;]<div class=\"ult-spacer spacer-69f169092f187\" data-id=\"69f169092f187\" data-height=\"133\" data-height-mobile=\"133\" data-height-tab=\"133\" data-height-tab-portrait=\"\" data-height-mobile-landscape=\"\" style=\"clear:both;display:block;\"><\/div>[vc_custom_heading text=&#8221;Allgemeine Gesch\u00e4ftsbedingungen (AGB)&#8221; font_container=&#8221;tag:h1|text_align:left&#8221; use_theme_fonts=&#8221;yes&#8221;][vc_column_text]\n<div>\n<p class=\"Vertragsberschrift\" align=\"left\"><span lang=\"EN-US\">der Art &amp; Juxtaposition Projects gGmbH (International Friends of the Feuerle Collection)<\/span><\/p>\n<\/div>\n[\/vc_column_text][vc_column_text]Fassung vom 02. Juli 2019[\/vc_column_text]<div class=\"ult-spacer spacer-69f169092f1ee\" data-id=\"69f169092f1ee\" data-height=\"18\" data-height-mobile=\"18\" data-height-tab=\"18\" data-height-tab-portrait=\"\" data-height-mobile-landscape=\"\" style=\"clear:both;display:block;\"><\/div>[vc_column_text]\n<h1>\u00a7 1 Geltungs- und Anwendungsbereich<\/h1>\n[\/vc_column_text]<div class=\"ult-spacer spacer-69f169092f21e\" data-id=\"69f169092f21e\" data-height=\"18\" data-height-mobile=\"18\" data-height-tab=\"18\" data-height-tab-portrait=\"\" data-height-mobile-landscape=\"\" style=\"clear:both;display:block;\"><\/div>[vc_column_text](1) Diese AGB gelten\u00a0 f\u00fcr alle eigenen und vermittelten Leistungen der Art &amp; Juxtaposition Projects gGmbH. Hierzu z\u00e4hlen zum Beispiel der individuelle Besuch der Sammlung, tempor\u00e4ren Ausstellungen, F\u00fchrungen, Ceremonies, Vortr\u00e4ge und Workshops.<\/p>\n<p>(2) Durch Vertragsschluss akzeptiert der Vertragspartner diese AGB. Im Fall der Inanspruchnahme einer Leistung f\u00fcr Dritte obliegt es dem Mitglied, darauf hinzuweisen, dass gegen\u00fcber jedem Besucher diese AGB gelten.[\/vc_column_text]<div class=\"ult-spacer spacer-69f169092f245\" data-id=\"69f169092f245\" data-height=\"18\" data-height-mobile=\"18\" data-height-tab=\"18\" data-height-tab-portrait=\"\" data-height-mobile-landscape=\"\" style=\"clear:both;display:block;\"><\/div>[vc_column_text]\n<h1>\u00a7 2 Hausordnung und Benutzung<\/h1>\n[\/vc_column_text]<div class=\"ult-spacer spacer-69f169092f26a\" data-id=\"69f169092f26a\" data-height=\"18\" data-height-mobile=\"18\" data-height-tab=\"18\" data-height-tab-portrait=\"\" data-height-mobile-landscape=\"\" style=\"clear:both;display:block;\"><\/div>[vc_column_text]Das Mitglied ist verpflichtet, die Verhaltensregeln, auf die im Eingangsbereich der Feuerle Collection im Rahmen der Hausordnung hingewiesen wird, einzuhalten. Eine Nichtbeachtung der Hausordnung kann zum entsch\u00e4digungslosen Verlust der Zutrittsberechtigung f\u00fchren.[\/vc_column_text]<div class=\"ult-spacer spacer-69f169092f29a\" data-id=\"69f169092f29a\" data-height=\"18\" data-height-mobile=\"18\" data-height-tab=\"18\" data-height-tab-portrait=\"\" data-height-mobile-landscape=\"\" style=\"clear:both;display:block;\"><\/div>[vc_column_text]\n<h1>\u00a7 3 Haftung<\/h1>\n[\/vc_column_text]<div class=\"ult-spacer spacer-69f169092f2c4\" data-id=\"69f169092f2c4\" data-height=\"18\" data-height-mobile=\"18\" data-height-tab=\"18\" data-height-tab-portrait=\"\" data-height-mobile-landscape=\"\" style=\"clear:both;display:block;\"><\/div>[vc_column_text](1) Der Aufenthalt im Geb\u00e4ude oder sonstigen Teilen des Anwesens der Art &amp; Juxtaposition Projects gGmbH am Halleschen Ufer 70 in 10963 Berlin erfolgt auf eigene Gefahr.<\/p>\n<p>(2) Soweit der Art &amp; Juxtaposition Projects gGmbH, ihre gesetzlichen Vertreter oder Erf\u00fcllungsgehilfen keine vors\u00e4tzliche Vertragsverletzung zur Last f\u00e4llt, ist die Schadensersatzhaftung auf den vorhersehbaren und typischerweise eintretenden Schaden begrenzt. Im \u00dcbrigen ist die Haftung ausgeschlossen; Anspr\u00fcche f\u00fcr Sch\u00e4den aus der Verletzung des Lebens, des K\u00f6rpers oder der Gesundheit, bleiben hiervon unber\u00fchrt.<\/p>\n<p>(3) Das Mitglied haftet f\u00fcr alle durch ihn und\/oder seine G\u00e4ste schuldhaft verursachten Verunreinigungen, Besch\u00e4digungen an Geb\u00e4ude oder Inventar sowie sonstige Sch\u00e4den.[\/vc_column_text]<div class=\"ult-spacer spacer-69f169092f2e8\" data-id=\"69f169092f2e8\" data-height=\"18\" data-height-mobile=\"18\" data-height-tab=\"18\" data-height-tab-portrait=\"\" data-height-mobile-landscape=\"\" style=\"clear:both;display:block;\"><\/div>[vc_column_text]\n<h1>\u00a7 4 Datenschutz<\/h1>\n[\/vc_column_text]<div class=\"ult-spacer spacer-69f169092f30d\" data-id=\"69f169092f30d\" data-height=\"18\" data-height-mobile=\"18\" data-height-tab=\"18\" data-height-tab-portrait=\"\" data-height-mobile-landscape=\"\" style=\"clear:both;display:block;\"><\/div>[vc_column_text](1) Zur Abwicklung des Vertragsverh\u00e4ltnisses werden f\u00fcr die Dauer der Vertragsbeziehung Name und Anschrift sowie E-Mail-Adresse und Telefonnummer des Mitglieds gem\u00e4\u00df den Bestimmungen der EU-Datenschutzgrundverordnung vom 25. Mai 2018 gespeichert und genutzt. Auf diese Daten haben die mit der Abwicklung des Vertragsverh\u00e4ltnisses befassten Besch\u00e4ftigten der Art &amp; Juxtaposition Projects gGmbH, der Oso Investments S.L. und die des daf\u00fcr beauftragten und auf den sorgf\u00e4ltigen Umgang mit diesen Daten eigens verpflichteten Dienstleistungsunternehmens ausschlie\u00dflich f\u00fcr Zwecke der Vertragsabwicklung Zugriff. \u00dcber \u00c4nderungen dieser Daten unterrichten die Mitglieder die Art &amp; Juxtaposition Projects gGmbH umgehend.<\/p>\n<p>(2) Mit dem ausdr\u00fccklichen Einverst\u00e4ndnis des Mitglieds k\u00f6nnen Name, Anschrift, Telefonnummer sowie E-Mail-Adresse auch in eine allgemeine Adressen-Datei der Art &amp; Juxtaposition Projects gGmbH \u00fcbernommen werden, die der Mitgliederbetreuung und -information dient.[\/vc_column_text]<div class=\"ult-spacer spacer-69f169092f32e\" data-id=\"69f169092f32e\" data-height=\"18\" data-height-mobile=\"18\" data-height-tab=\"18\" data-height-tab-portrait=\"\" data-height-mobile-landscape=\"\" style=\"clear:both;display:block;\"><\/div>[vc_column_text]\n<h1>\u00a7 5 Schlussbestimmungen<\/h1>\n[\/vc_column_text]<div class=\"ult-spacer spacer-69f169092f37e\" data-id=\"69f169092f37e\" data-height=\"18\" data-height-mobile=\"18\" data-height-tab=\"18\" data-height-tab-portrait=\"\" data-height-mobile-landscape=\"\" style=\"clear:both;display:block;\"><\/div>[vc_column_text](1) Die Art &amp; Juxtaposition Projects gGmbH beh\u00e4lt sich vor, diese Bedingungen jeder Zeit und ohne Angabe von Gr\u00fcnden zu \u00e4ndern. Dies gilt nicht f\u00fcr bereits abgeschlossene Mitgliedschaftsvertr\u00e4ge. Sollten einzelne der obenstehenden Regelungen unwirksam oder nichtig sein, so wird im \u00dcbrigen hierdurch die G\u00fcltigkeit des Vertrages nicht ber\u00fchrt.<\/p>\n<p>(2) Es gilt ausschlie\u00dflich das Recht der Bundesrepublik Deutschland. Alleiniger Erf\u00fcllungsort f\u00fcr Zahlung, Lieferung und Leistung ist Berlin. Der Gerichtsstand f\u00fcr Streitigkeiten mit Kaufleuten, juristischen Personen des \u00f6ffentlichen Rechts und \u00f6ffentlich-rechtlichen Sonderverm\u00f6gen sowie Personen, die ihren Wohnsitz oder gew\u00f6hnlichen Aufenthaltsort im Ausland haben, ist Berlin.<\/p>\n<p>(3) Rechtliche Verbindlichkeit entfaltet alleine die deutsche Fassung dieser AGB. Die englischsprachige Version dient alleine der besseren Verst\u00e4ndlichkeit.<\/p>\n[\/vc_column_text]<div class=\"ult-spacer spacer-69f169092f3f7\" data-id=\"69f169092f3f7\" data-height=\"18\" data-height-mobile=\"18\" data-height-tab=\"18\" data-height-tab-portrait=\"\" data-height-mobile-landscape=\"\" style=\"clear:both;display:block;\"><\/div><div class=\"ult-spacer spacer-69f169092f430\" data-id=\"69f169092f430\" data-height=\"50\" data-height-mobile=\"50\" data-height-tab=\"50\" data-height-tab-portrait=\"\" data-height-mobile-landscape=\"\" style=\"clear:both;display:block;\"><\/div>[\/vc_column][vc_column width=&#8221;1\/2&#8243; css=&#8221;.vc_custom_1584729890404{background-image: url(https:\/\/fc.imagox.com\/wp-content\/uploads\/2020\/02\/COLLECTION_v04.png?id=60) !important;}&#8221;][\/vc_column][\/vc_row][vc_row ct_row_stretch=&#8221;stretch_row&#8221; full_height=&#8221;yes&#8221; columns_placement=&#8221;top&#8221; content_placement=&#8221;top&#8221; ct_bg_image=&#8221;60&#8243; ct_bg_repeat=&#8221;no-repeat&#8221; ct_bg_size=&#8221;contain&#8221; ct_bg_position=&#8221;center right&#8221; ct_bg_parallax=&#8221;fixed&#8221;][vc_column width=&#8221;1\/2&#8243;]<div class=\"ult-spacer spacer-69f169092f482\" data-id=\"69f169092f482\" data-height=\"133\" data-height-mobile=\"133\" data-height-tab=\"133\" data-height-tab-portrait=\"\" data-height-mobile-landscape=\"\" style=\"clear:both;display:block;\"><\/div>[vc_custom_heading text=&#8221;General Terms and Conditions (GTC)&#8221; font_container=&#8221;tag:h1|text_align:left&#8221; use_theme_fonts=&#8221;yes&#8221;][vc_column_text]the Art &amp; Juxtaposition Projects gGmbH<\/p>\n<p>(International Friends of The Feuerle Collection)[\/vc_column_text][vc_column_text]Version of 02 July 2019[\/vc_column_text]<div class=\"ult-spacer spacer-69f169092f4b7\" data-id=\"69f169092f4b7\" data-height=\"18\" data-height-mobile=\"18\" data-height-tab=\"18\" data-height-tab-portrait=\"\" data-height-mobile-landscape=\"\" style=\"clear:both;display:block;\"><\/div>[vc_column_text]\n<h1>\u00a7 1 Validity and scope of application<\/h1>\n[\/vc_column_text]<div class=\"ult-spacer spacer-69f169092f4da\" data-id=\"69f169092f4da\" data-height=\"18\" data-height-mobile=\"18\" data-height-tab=\"18\" data-height-tab-portrait=\"\" data-height-mobile-landscape=\"\" style=\"clear:both;display:block;\"><\/div>[vc_column_text](1) These GTC apply to all own and provided services of Art &amp; Juxtaposition Projects gGmbH. These include, for example, individual visits to the collection, temporary exhibitions, guided tours, ceremonies, lectures and workshops.<\/p>\n<p>(2) By concluding the contract, the contracting party accepts these GTC. In the event of the use of a service for third parties, it is the member\u2019s responsibility to inform that these GTC apply to every visitor.[\/vc_column_text]<div class=\"ult-spacer spacer-69f169092f4fe\" data-id=\"69f169092f4fe\" data-height=\"18\" data-height-mobile=\"18\" data-height-tab=\"18\" data-height-tab-portrait=\"\" data-height-mobile-landscape=\"\" style=\"clear:both;display:block;\"><\/div>[vc_column_text]\n<h1>\u00a7 2 House rules and use of the facilities<\/h1>\n[\/vc_column_text]<div class=\"ult-spacer spacer-69f169092f51c\" data-id=\"69f169092f51c\" data-height=\"18\" data-height-mobile=\"18\" data-height-tab=\"18\" data-height-tab-portrait=\"\" data-height-mobile-landscape=\"\" style=\"clear:both;display:block;\"><\/div>[vc_column_text]The member is obliged to observe the rules of conduct which are referred to in the entrance area of the Feuerle Collection within the framework of the house rules. Non-compliance with the house rules may result in the loss of access authorisation without compensation.[\/vc_column_text]<div class=\"ult-spacer spacer-69f169092f53a\" data-id=\"69f169092f53a\" data-height=\"18\" data-height-mobile=\"18\" data-height-tab=\"18\" data-height-tab-portrait=\"\" data-height-mobile-landscape=\"\" style=\"clear:both;display:block;\"><\/div>[vc_column_text]\n<h1>\u00a7 3 Liability<\/h1>\n[\/vc_column_text]<div class=\"ult-spacer spacer-69f169092f557\" data-id=\"69f169092f557\" data-height=\"18\" data-height-mobile=\"18\" data-height-tab=\"18\" data-height-tab-portrait=\"\" data-height-mobile-landscape=\"\" style=\"clear:both;display:block;\"><\/div>[vc_column_text](1) The stay in the building or other parts of the property of Art &amp; Juxtaposition Projects gGmbH at Halleschen Ufer 70 in 10963 Berlin shall be at one\u2019s own risk.<\/p>\n<p>(2) Insofar as Art &amp; Juxtaposition Projects gGmbH, its legal representatives or vicarious agents are not guilty of intentional breach of contract, liability for damages shall be limited to the foreseeable and typically occurring damage. Otherwise, liability is excluded; claims for damages arising from injury to life, limb or health shall remain unaffected.<\/p>\n<p>(3) The member is liable for all contaminations, damages to buildings or inventory as well as other damages culpably caused by the member and\/or his\/her guests.[\/vc_column_text]<div class=\"ult-spacer spacer-69f169092f574\" data-id=\"69f169092f574\" data-height=\"18\" data-height-mobile=\"18\" data-height-tab=\"18\" data-height-tab-portrait=\"\" data-height-mobile-landscape=\"\" style=\"clear:both;display:block;\"><\/div>[vc_column_text]\n<h1>\u00a7 4 Data protection<\/h1>\n[\/vc_column_text]<div class=\"ult-spacer spacer-69f169092f594\" data-id=\"69f169092f594\" data-height=\"18\" data-height-mobile=\"18\" data-height-tab=\"18\" data-height-tab-portrait=\"\" data-height-mobile-landscape=\"\" style=\"clear:both;display:block;\"><\/div>[vc_column_text](1) For the purpose of processing the contractual relationship, the name, address, e-mail address and telephone number of the member shall be stored and used for the duration of the contractual relationship in accordance with the provisions of the EU Basic Data Protection Regulation of 25 May 2018. The employees of Art &amp; Juxtaposition Projects gGmbH, Oso Investments S.L. and the service company commissioned for this purpose and specifically obliged to handle this data carefully have access to this data exclusively for the purposes of contract execution. The members shall inform Art &amp; Juxtaposition Projects gGmbH immediately of any changes to this data.<\/p>\n<p>(2) With the express consent of the member, the name, address, telephone number and e-mail address may also be included in a general address file of Art &amp; Juxtaposition Projects gGmbH for the purpose of member support and information.[\/vc_column_text]<div class=\"ult-spacer spacer-69f169092f5b1\" data-id=\"69f169092f5b1\" data-height=\"18\" data-height-mobile=\"18\" data-height-tab=\"18\" data-height-tab-portrait=\"\" data-height-mobile-landscape=\"\" style=\"clear:both;display:block;\"><\/div>[vc_column_text]\n<h1>\u00a7 5 Final provisions<\/h1>\n[\/vc_column_text]<div class=\"ult-spacer spacer-69f169092f5cd\" data-id=\"69f169092f5cd\" data-height=\"18\" data-height-mobile=\"18\" data-height-tab=\"18\" data-height-tab-portrait=\"\" data-height-mobile-landscape=\"\" style=\"clear:both;display:block;\"><\/div>[vc_column_text](1) Art &amp; Juxtaposition Projects gGmbH reserves the right to change these conditions at any time and without giving reasons. This does not apply to already concluded membership contracts. Should any of the above provisions be invalid or void, this shall not affect the validity of the remainder of the contract.<\/p>\n<p>(2) The law of the Federal Republic of Germany applies exclusively. The sole place of performance for payment, delivery and performance shall be Berlin. The place of jurisdiction for disputes with merchants, legal entities under public law and special funds under public law as well as persons who have their domicile or habitual residence abroad is Berlin.<\/p>\n<p>(3) Only the German version of these GTC shall be legally binding. The English version serves only for better comprehensibility.[\/vc_column_text]<div class=\"ult-spacer spacer-69f169092f5e7\" data-id=\"69f169092f5e7\" data-height=\"18\" data-height-mobile=\"18\" data-height-tab=\"18\" data-height-tab-portrait=\"\" data-height-mobile-landscape=\"\" style=\"clear:both;display:block;\"><\/div><div class=\"ult-spacer spacer-69f169092f601\" data-id=\"69f169092f601\" data-height=\"50\" data-height-mobile=\"50\" data-height-tab=\"50\" data-height-tab-portrait=\"\" data-height-mobile-landscape=\"\" style=\"clear:both;display:block;\"><\/div>[\/vc_column][vc_column width=&#8221;1\/2&#8243; css=&#8221;.vc_custom_1584729890404{background-image: url(https:\/\/fc.imagox.com\/wp-content\/uploads\/2020\/02\/COLLECTION_v04.png?id=60) !important;}&#8221;][\/vc_column][\/vc_row][vc_row ct_row_stretch=&#8221;&#8221;][vc_column][vc_column_text el_class=&#8221;fc-credit-text&#8221;]\n<div class=\"page\" title=\"Page 31\">\n<div class=\"section\">\n<div class=\"layoutArea\">\n<div class=\"column\">\n<p>Head of Avalokiteshvara, Khmer,\u00a0Bayon, 12-13<sup>th<\/sup>C, stone<\/p>\n<\/div>\n<\/div>\n<\/div>\n<\/div>\n[\/vc_column_text]<div class=\"ult-spacer spacer-69f169092f634\" data-id=\"69f169092f634\" data-height=\"10\" data-height-mobile=\"10\" data-height-tab=\"10\" data-height-tab-portrait=\"\" data-height-mobile-landscape=\"\" style=\"clear:both;display:block;\"><\/div>[\/vc_column][\/vc_row]\n<\/div>","protected":false},"excerpt":{"rendered":"<p>[vc_row ct_row_stretch=&#8221;stretch_row&#8221; full_h &#8230;<\/p>\n","protected":false},"author":4,"featured_media":0,"parent":0,"menu_order":1,"comment_status":"closed","ping_status":"closed","template":"","meta":{"inline_featured_image":false,"footnotes":""},"class_list":["post-11370","page","type-page","status-publish","hentry"],"yoast_head":"<!-- This site is optimized with the Yoast SEO plugin v27.3 - https:\/\/yoast.com\/product\/yoast-seo-wordpress\/ -->\n<title>Allgemeine Gesch\u00e4ftsbedingungen (AGB) - The Feuerle Collection<\/title>\n<meta name=\"robots\" content=\"index, follow, max-snippet:-1, max-image-preview:large, max-video-preview:-1\" \/>\n<link rel=\"canonical\" href=\"https:\/\/www.thefeuerlecollection.org\/zh-hant\/allgemeine-geschaftsbedingungen\/\" \/>\n<meta property=\"og:locale\" content=\"zh_TW\" \/>\n<meta property=\"og:type\" content=\"article\" \/>\n<meta property=\"og:title\" content=\"Allgemeine Gesch\u00e4ftsbedingungen (AGB) - The Feuerle Collection\" \/>\n<meta property=\"og:description\" content=\"[vc_row ct_row_stretch=&#8221;stretch_row&#8221; full_h ...\" \/>\n<meta property=\"og:url\" content=\"https:\/\/www.thefeuerlecollection.org\/zh-hant\/allgemeine-geschaftsbedingungen\/\" \/>\n<meta property=\"og:site_name\" content=\"The Feuerle Collection\" \/>\n<meta property=\"article:modified_time\" content=\"2020-11-13T14:10:53+00:00\" \/>\n<meta name=\"twitter:card\" content=\"summary_large_image\" \/>\n<meta name=\"twitter:label1\" content=\"\u9810\u4f30\u95b1\u8b80\u6642\u9593\" \/>\n\t<meta name=\"twitter:data1\" content=\"7 \u5206\u9418\" \/>\n<script type=\"application\/ld+json\" class=\"yoast-schema-graph\">{\"@context\":\"https:\\\/\\\/schema.org\",\"@graph\":[{\"@type\":\"WebPage\",\"@id\":\"https:\\\/\\\/www.thefeuerlecollection.org\\\/zh-hant\\\/allgemeine-geschaftsbedingungen\\\/\",\"url\":\"https:\\\/\\\/www.thefeuerlecollection.org\\\/zh-hant\\\/allgemeine-geschaftsbedingungen\\\/\",\"name\":\"Allgemeine Gesch\u00e4ftsbedingungen (AGB) - The Feuerle Collection\",\"isPartOf\":{\"@id\":\"https:\\\/\\\/www.thefeuerlecollection.org\\\/zh-hant\\\/#website\"},\"datePublished\":\"2020-11-13T14:05:06+00:00\",\"dateModified\":\"2020-11-13T14:10:53+00:00\",\"breadcrumb\":{\"@id\":\"https:\\\/\\\/www.thefeuerlecollection.org\\\/zh-hant\\\/allgemeine-geschaftsbedingungen\\\/#breadcrumb\"},\"inLanguage\":\"zh-TW\",\"potentialAction\":[{\"@type\":\"ReadAction\",\"target\":[\"https:\\\/\\\/www.thefeuerlecollection.org\\\/zh-hant\\\/allgemeine-geschaftsbedingungen\\\/\"]}]},{\"@type\":\"BreadcrumbList\",\"@id\":\"https:\\\/\\\/www.thefeuerlecollection.org\\\/zh-hant\\\/allgemeine-geschaftsbedingungen\\\/#breadcrumb\",\"itemListElement\":[{\"@type\":\"ListItem\",\"position\":1,\"name\":\"Home\",\"item\":\"https:\\\/\\\/www.thefeuerlecollection.org\\\/zh-hant\\\/\"},{\"@type\":\"ListItem\",\"position\":2,\"name\":\"Allgemeine Gesch\u00e4ftsbedingungen (AGB)\"}]},{\"@type\":\"WebSite\",\"@id\":\"https:\\\/\\\/www.thefeuerlecollection.org\\\/zh-hant\\\/#website\",\"url\":\"https:\\\/\\\/www.thefeuerlecollection.org\\\/zh-hant\\\/\",\"name\":\"The Feuerle Collection\",\"description\":\"Visit our Collection\",\"publisher\":{\"@id\":\"https:\\\/\\\/www.thefeuerlecollection.org\\\/zh-hant\\\/#organization\"},\"potentialAction\":[{\"@type\":\"SearchAction\",\"target\":{\"@type\":\"EntryPoint\",\"urlTemplate\":\"https:\\\/\\\/www.thefeuerlecollection.org\\\/zh-hant\\\/?s={search_term_string}\"},\"query-input\":{\"@type\":\"PropertyValueSpecification\",\"valueRequired\":true,\"valueName\":\"search_term_string\"}}],\"inLanguage\":\"zh-TW\"},{\"@type\":\"Organization\",\"@id\":\"https:\\\/\\\/www.thefeuerlecollection.org\\\/zh-hant\\\/#organization\",\"name\":\"The Feuerle Collection\",\"url\":\"https:\\\/\\\/www.thefeuerlecollection.org\\\/zh-hant\\\/\",\"logo\":{\"@type\":\"ImageObject\",\"inLanguage\":\"zh-TW\",\"@id\":\"https:\\\/\\\/www.thefeuerlecollection.org\\\/zh-hant\\\/#\\\/schema\\\/logo\\\/image\\\/\",\"url\":\"https:\\\/\\\/www.thefeuerlecollection.org\\\/wp-content\\\/uploads\\\/2020\\\/02\\\/the-feuerle-collection_logo_500x158.png\",\"contentUrl\":\"https:\\\/\\\/www.thefeuerlecollection.org\\\/wp-content\\\/uploads\\\/2020\\\/02\\\/the-feuerle-collection_logo_500x158.png\",\"width\":500,\"height\":158,\"caption\":\"The Feuerle Collection\"},\"image\":{\"@id\":\"https:\\\/\\\/www.thefeuerlecollection.org\\\/zh-hant\\\/#\\\/schema\\\/logo\\\/image\\\/\"}}]}<\/script>\n<!-- \/ Yoast SEO plugin. -->","yoast_head_json":{"title":"Allgemeine Gesch\u00e4ftsbedingungen (AGB) - The Feuerle Collection","robots":{"index":"index","follow":"follow","max-snippet":"max-snippet:-1","max-image-preview":"max-image-preview:large","max-video-preview":"max-video-preview:-1"},"canonical":"https:\/\/www.thefeuerlecollection.org\/zh-hant\/allgemeine-geschaftsbedingungen\/","og_locale":"zh_TW","og_type":"article","og_title":"Allgemeine Gesch\u00e4ftsbedingungen (AGB) - The Feuerle Collection","og_description":"[vc_row ct_row_stretch=&#8221;stretch_row&#8221; full_h ...","og_url":"https:\/\/www.thefeuerlecollection.org\/zh-hant\/allgemeine-geschaftsbedingungen\/","og_site_name":"The Feuerle Collection","article_modified_time":"2020-11-13T14:10:53+00:00","twitter_card":"summary_large_image","twitter_misc":{"\u9810\u4f30\u95b1\u8b80\u6642\u9593":"7 \u5206\u9418"},"schema":{"@context":"https:\/\/schema.org","@graph":[{"@type":"WebPage","@id":"https:\/\/www.thefeuerlecollection.org\/zh-hant\/allgemeine-geschaftsbedingungen\/","url":"https:\/\/www.thefeuerlecollection.org\/zh-hant\/allgemeine-geschaftsbedingungen\/","name":"Allgemeine Gesch\u00e4ftsbedingungen (AGB) - The Feuerle Collection","isPartOf":{"@id":"https:\/\/www.thefeuerlecollection.org\/zh-hant\/#website"},"datePublished":"2020-11-13T14:05:06+00:00","dateModified":"2020-11-13T14:10:53+00:00","breadcrumb":{"@id":"https:\/\/www.thefeuerlecollection.org\/zh-hant\/allgemeine-geschaftsbedingungen\/#breadcrumb"},"inLanguage":"zh-TW","potentialAction":[{"@type":"ReadAction","target":["https:\/\/www.thefeuerlecollection.org\/zh-hant\/allgemeine-geschaftsbedingungen\/"]}]},{"@type":"BreadcrumbList","@id":"https:\/\/www.thefeuerlecollection.org\/zh-hant\/allgemeine-geschaftsbedingungen\/#breadcrumb","itemListElement":[{"@type":"ListItem","position":1,"name":"Home","item":"https:\/\/www.thefeuerlecollection.org\/zh-hant\/"},{"@type":"ListItem","position":2,"name":"Allgemeine Gesch\u00e4ftsbedingungen (AGB)"}]},{"@type":"WebSite","@id":"https:\/\/www.thefeuerlecollection.org\/zh-hant\/#website","url":"https:\/\/www.thefeuerlecollection.org\/zh-hant\/","name":"The Feuerle Collection","description":"Visit our Collection","publisher":{"@id":"https:\/\/www.thefeuerlecollection.org\/zh-hant\/#organization"},"potentialAction":[{"@type":"SearchAction","target":{"@type":"EntryPoint","urlTemplate":"https:\/\/www.thefeuerlecollection.org\/zh-hant\/?s={search_term_string}"},"query-input":{"@type":"PropertyValueSpecification","valueRequired":true,"valueName":"search_term_string"}}],"inLanguage":"zh-TW"},{"@type":"Organization","@id":"https:\/\/www.thefeuerlecollection.org\/zh-hant\/#organization","name":"The Feuerle Collection","url":"https:\/\/www.thefeuerlecollection.org\/zh-hant\/","logo":{"@type":"ImageObject","inLanguage":"zh-TW","@id":"https:\/\/www.thefeuerlecollection.org\/zh-hant\/#\/schema\/logo\/image\/","url":"https:\/\/www.thefeuerlecollection.org\/wp-content\/uploads\/2020\/02\/the-feuerle-collection_logo_500x158.png","contentUrl":"https:\/\/www.thefeuerlecollection.org\/wp-content\/uploads\/2020\/02\/the-feuerle-collection_logo_500x158.png","width":500,"height":158,"caption":"The Feuerle Collection"},"image":{"@id":"https:\/\/www.thefeuerlecollection.org\/zh-hant\/#\/schema\/logo\/image\/"}}]}},"_links":{"self":[{"href":"https:\/\/www.thefeuerlecollection.org\/zh-hant\/wp-json\/wp\/v2\/pages\/11370","targetHints":{"allow":["GET"]}}],"collection":[{"href":"https:\/\/www.thefeuerlecollection.org\/zh-hant\/wp-json\/wp\/v2\/pages"}],"about":[{"href":"https:\/\/www.thefeuerlecollection.org\/zh-hant\/wp-json\/wp\/v2\/types\/page"}],"author":[{"embeddable":true,"href":"https:\/\/www.thefeuerlecollection.org\/zh-hant\/wp-json\/wp\/v2\/users\/4"}],"replies":[{"embeddable":true,"href":"https:\/\/www.thefeuerlecollection.org\/zh-hant\/wp-json\/wp\/v2\/comments?post=11370"}],"version-history":[{"count":3,"href":"https:\/\/www.thefeuerlecollection.org\/zh-hant\/wp-json\/wp\/v2\/pages\/11370\/revisions"}],"predecessor-version":[{"id":11381,"href":"https:\/\/www.thefeuerlecollection.org\/zh-hant\/wp-json\/wp\/v2\/pages\/11370\/revisions\/11381"}],"wp:attachment":[{"href":"https:\/\/www.thefeuerlecollection.org\/zh-hant\/wp-json\/wp\/v2\/media?parent=11370"}],"curies":[{"name":"wp","href":"https:\/\/api.w.org\/{rel}","templated":true}]}}