{"id":11911,"date":"2020-12-09T17:20:39","date_gmt":"2020-12-09T15:20:39","guid":{"rendered":"https:\/\/www.thefeuerlecollection.org\/?page_id=11911"},"modified":"2020-12-09T17:20:39","modified_gmt":"2020-12-09T15:20:39","slug":"terms-of-forever-young","status":"publish","type":"page","link":"https:\/\/www.thefeuerlecollection.org\/zh-hans\/terms-of-forever-young\/","title":{"rendered":"Terms of Forever Young"},"content":{"rendered":"<div class=\"wpb-content-wrapper\">[vc_row ct_row_stretch=&#8221;stretch_row&#8221; full_height=&#8221;yes&#8221; columns_placement=&#8221;top&#8221; content_placement=&#8221;top&#8221; ct_bg_image=&#8221;60&#8243; ct_bg_repeat=&#8221;no-repeat&#8221; ct_bg_size=&#8221;contain&#8221; ct_bg_position=&#8221;center right&#8221;][vc_column width=&#8221;1\/2&#8243;]<div class=\"ult-spacer spacer-69f27fdcab387\" data-id=\"69f27fdcab387\" data-height=\"133\" data-height-mobile=\"133\" data-height-tab=\"133\" data-height-tab-portrait=\"\" data-height-mobile-landscape=\"\" style=\"clear:both;display:block;\"><\/div>[vc_custom_heading text=&#8221;MITGLIEDSCHAFTSVEREINBARUNG&#8221; font_container=&#8221;tag:h1|text_align:left&#8221; use_theme_fonts=&#8221;yes&#8221;]<div class=\"ult-spacer spacer-69f27fdcab3d3\" data-id=\"69f27fdcab3d3\" data-height=\"18\" data-height-mobile=\"18\" data-height-tab=\"18\" data-height-tab-portrait=\"\" data-height-mobile-landscape=\"\" style=\"clear:both;display:block;\"><\/div>[vc_column_text]\n<table width=\"100%\">\n<tbody>\n<tr>\n<td width=\"49%\">\n<h1>Mitgliedschaftsvereinbarung<\/h1>\n<\/td>\n<td width=\"49%\">Membership terms<\/td>\n<\/tr>\n<tr>\n<td width=\"49%\">zwischen<\/p>\n<p>Art &amp; Juxtaposition Projects gGmbH<\/p>\n<p>Hallesches Ufer 70<\/p>\n<p>10963 Berlin<\/p>\n<p>vertreten durch Daniele Maruca<\/p>\n<p>\u2013 nachfolgend:<\/p>\n<p><strong>The Feuerle Collection<\/strong> \u2013<\/p>\n<p>&nbsp;<\/p>\n<p>und<\/p>\n<p>&nbsp;<\/p>\n<p>____________________________<\/p>\n<p><em>(Name, Nachname(n))<\/em><\/p>\n<p>____________________________<\/p>\n<p><em>(Adresse)<\/em><\/p>\n<p>____________________________<\/p>\n<p><em>(Ausweisnummer)<\/em><\/p>\n<p>____________________________<\/p>\n<p>vertreten durch (<em>wenn zutreffend<\/em>)<\/p>\n<p>&nbsp;<\/p>\n<p>____________________________<\/p>\n<p>\u2013 nachfolgend: <strong>Mitglied<\/strong> \u2013<\/td>\n<td width=\"49%\">between<\/p>\n<p>Art &amp; Juxtaposition Projects gGmbH<\/p>\n<p>Hallesches Ufer 70<\/p>\n<p>10963 Berlin<\/p>\n<p>represented by Daniele Maruca<\/p>\n<p>\u2013 hereinafter referred to as:<\/p>\n<p><strong>The Feuerle Collection<\/strong> \u2013<\/p>\n<p>&nbsp;<\/p>\n<p>and<\/p>\n<p>&nbsp;<\/p>\n<p>____________________________<\/p>\n<p><em>(name, surname(s))<\/em><\/p>\n<p>____________________________<\/p>\n<p><em>(postal address)<\/em><\/p>\n<p>____________________________<\/p>\n<p><em>(passport number)<\/em><\/p>\n<p>____________________________<\/p>\n<p>represented by <em>(when applicable)<\/em><\/p>\n<p>&nbsp;<\/p>\n<p>____________________________<\/p>\n<p>\u2013 hereinafter referred to as: <strong>Member<\/strong> \u2013<\/td>\n<\/tr>\n<tr>\n<td width=\"49%\"><\/td>\n<td width=\"49%\"><\/td>\n<\/tr>\n<tr>\n<td width=\"49%\">\n<h2>\u00a0 \u00a7 1 Vertragsgegenstand<\/h2>\n<\/td>\n<td width=\"49%\">Article 1 &#8211; Object of agreement<\/td>\n<\/tr>\n<tr>\n<td width=\"49%\">(1) Gegenstand des Vertrages ist die Gew\u00e4hrung von Mitgliedschaftsvorteilen durch The Feuerle Collection in nachstehend bestimmtem Umfang.<\/p>\n<p>(2) Die Art &amp; Juxtaposition Projects gGmbH tritt bei der Gew\u00e4hrung der Mitgliedschaftsvorteile als Vermittlerin auf. Die Mitgliedschaftsvorteile werden von Dritten zur Verf\u00fcgung gestellt.<\/td>\n<td width=\"49%\">(1) Subject to the terms and conditions of this Agreement is that The Feuerle Collection shall provide the member with the benefits agreed upon.<\/p>\n<p>(2) By providing the benefits Art &amp; Juxtaposition Projects gGmbH acts as an intermediary. The membership benefits are provided by a third party.<\/td>\n<\/tr>\n<tr>\n<td width=\"49%\"><strong>\u00a7 2 Mitgliedschaftsvorteile<\/strong><\/p>\n<p>Folgende Mitgliedschaftsvorteile werden jeweils einmal j\u00e4hrlich gew\u00e4hrt:<\/p>\n<p>Drei Besuche f\u00fcr zwei Personen (Mitglied und ein Gast) w\u00e4hrend der regul\u00e4ren \u00d6ffnungszeiten.<\/p>\n<p>Einladung zu nicht \u00f6ffentlichen Previews der tempor\u00e4ren Ausstellungen.<\/p>\n<p>Vorrangige Informationen zu relevanten Veranstaltungen und Besuchen.<\/p>\n<p>10 % Preisnachlass auf die Teilnahme an der Incense Ceremony.<\/p>\n<p><strong>\u00a7 3 Vertragsdauer und K\u00fcndigungsrecht<\/strong><\/p>\n<p>(1) Der Vertrag endet ein Jahr nach Vertragsschluss.<\/p>\n<p>(2) Der Vertrag ist beiderseitig, mit einer Frist von vier Wochen zum Ende der jeweiligen Vertragslaufzeit schriftlich k\u00fcndbar.<\/p>\n<p>(3) Wird der Vertrag nicht fristgerecht gek\u00fcndigt, verl\u00e4ngert sich dieser automatisch je um ein weiteres Jahr.<\/p>\n<p><strong>\u00a7 4 Mitgliedschaftsbeitr\u00e4ge<\/strong><\/p>\n<p>(1) Der j\u00e4hrliche Mitgliedschaftsbeitrag betr\u00e4gt j\u00e4hrlich 500,00 \u20ac und ist mit Vertragsschluss sofort f\u00e4llig.<\/p>\n<p>(2) Die Zahlung der Mitgliedsbeitr\u00e4ge erfolgt an:<\/p>\n<p>Art &amp; Juxtaposition Projects gGmbH<\/p>\n<p>IBAN: DE03100701240209048800, BIC\/SWIFT: DEUTDEDB101<\/p>\n<p><strong>\u00a0<\/strong><\/p>\n<p><strong>\u00a7 5 Allgemeine Gesch\u00e4ftsbedingungen<\/strong><\/p>\n<p>Das Mitglied versichert, die diesem Vertrag beiliegenden Allgemeinen Gesch\u00e4ftsbedingungen zur Kenntnis genommen zu haben.<\/p>\n<p><strong>\u00a7 6 Schlussbestimmungen<\/strong><\/td>\n<td rowspan=\"2\" width=\"49%\"><strong>Article 2 &#8211; Benefits of membership<\/strong><\/p>\n<p>The following benefits shall be provided each once a year<\/p>\n<p>(1)\u00a0\u00a0 Three visits for two persons (member and one guest) during the regular opening hours.<\/p>\n<p>(2)\u00a0\u00a0 Invitation to private previews of temporary exhibitions.<\/p>\n<p>(3)\u00a0\u00a0 Priority information about relevant events and visits.<\/p>\n<p>(4)\u00a0\u00a0 10 % price reduction on the Incense Ceremony.<\/p>\n<p>&nbsp;<\/p>\n<p><strong>Article 3 &#8211; Duration and termination<\/strong><\/p>\n<p>(1) This Agreement shall terminate one year after the date of closing.<\/p>\n<p>(2) The contract can be terminated in writing by either party with a period of notice of four weeks to the end of the respective contract period.<\/p>\n<p>(3) If the contract is not terminated in due time, it will automatically be extended by a further year.<\/p>\n<p><strong>Article 4 &#8211; Membership fees<\/strong><\/p>\n<p>(1) The annual membership fee is 500,00\u00a0\u20ac annually and is due immediately upon conclusion of the contract.<\/p>\n<p>(2) Membership fees are to be paid to the following account:<\/p>\n<p>Art &amp; Juxtaposition Projects gGmbH<\/p>\n<p>IBAN: DE03100701240209048800, BIC\/SWIFT: DEUTDEDB101<\/p>\n<p><strong>\u00a0<\/strong><\/p>\n<p><strong>\u00a7 5 General Terms and Conditions<\/strong><\/p>\n<p>The member confirms having read and understood the General Terms and Conditions attached to this contract.<\/p>\n<p><strong>Article 6 &#8211; Final provisions <\/strong><\/p>\n<p>(1) Subsidiary oral agreements to this contract do not exist. Any amendment or addition to the contract must be made in writing.<\/p>\n<p>(2) Should individual provisions of this contract be or become invalid, this shall not affect the validity of the remaining provisions. The contractual partners are obliged to replace ineffective provisions with provisions that come as close as possible to the intended economic and content purpose of this contract.<\/p>\n<p>(3) The place of jurisdiction for disputes arising from this contract is Berlin.<\/p>\n<p>(4) This contractual relationship and any claims arising from this contractual relationship shall be governed exclusively by German law to the exclusion of the law of conflict.<\/p>\n<p>(5) Only the German language versions are legally binding, while the English language versions are for better comprehensibility only.<\/p>\n<p>(6) Should individual or several provisions of this contract be or become wholly or partially void or ineffective, the validity of the remaining provisions shall not be affected. Instead of the ineffective provision, the effective provision shall be deemed to have been agreed which corresponds as closely as possible to the sense and purpose of the economic intention of the parties.<\/p>\n<p>&nbsp;<\/td>\n<\/tr>\n<tr>\n<td width=\"49%\">(1) M\u00fcndliche Nebenabsprachen zu diesem Vertrag bestehen nicht. Jede \u00c4nderung oder Erg\u00e4nzung des Vertrages bedarf der Schriftform.<\/p>\n<p>(2) Sollten einzelne Bestimmungen dieses Vertrages unwirksam sein oder werden, dann wird dadurch die Wirksamkeit der \u00fcbrigen Bestimmungen nicht ber\u00fchrt. Die Vertragspartner sind verpflichtet, unwirksame Bestimmungen durch solche zu ersetzen, die dem angestrebten wirtschaftlichen und inhaltlichen Zweck dieses Vertrages am n\u00e4chsten kommen.<\/p>\n<p>(3) Gerichtsstand f\u00fcr Streitigkeiten aus diesem Vertrag ist Berlin.<\/p>\n<p>(4) Auf dieses Vertragsverh\u00e4ltnis sowie auf Anspr\u00fcche, die aus diesem Vertragsverh\u00e4ltnis erwachsen, ist ausschlie\u00dflich deutsches Recht unter Ausschluss des Kollisionsrechts anzuwenden.<\/p>\n<p>(5) Rechtlich verbindlich sind lediglich die deutschsprachigen Ausf\u00fchrungen, w\u00e4hrend die englischsprachigen nur der besseren Verst\u00e4ndlichkeit dienen.<\/p>\n<p>(6) Sollten einzelne oder mehrere Bestimmungen dieses Vertrages ganz oder teilweise nichtig oder unwirksam sein oder werden, so wird die G\u00fcltigkeit der \u00fcbrigen Bestimmungen nicht ber\u00fchrt. Anstelle der unwirksamen Bestimmung gilt diejenige wirksame Bestimmung als vereinbart, die Sinn und Zweck des wirtschaftlich Gewollten der Parteien am ehesten entspricht.<\/td>\n<\/tr>\n<tr>\n<td width=\"49%\"><\/td>\n<td width=\"49%\"><strong>\u00a0<\/strong><\/td>\n<\/tr>\n<tr>\n<td width=\"49%\">Ort, Datum\/Place, Date<\/p>\n<p>&nbsp;<\/p>\n<p>&nbsp;<\/p>\n<p>____________________<\/td>\n<td width=\"49%\">Ort, Datum\/Place, Date<\/p>\n<p>&nbsp;<\/p>\n<p>&nbsp;<\/p>\n<p>____________________<\/td>\n<\/tr>\n<tr>\n<td width=\"49%\">Daniele Maruca<\/td>\n<td width=\"49%\">+++<\/td>\n<\/tr>\n<\/tbody>\n<\/table>\n<p>&nbsp;<\/p>\n<p>&nbsp;<\/p>\n<p>&nbsp;<\/p>\n<p>&nbsp;<\/p>\n<p>&nbsp;<\/p>\n<p>&nbsp;<\/p>\n<p>&nbsp;<\/p>\n<p>&nbsp;<\/p>\n<p>&nbsp;<\/p>\n<p>&nbsp;<\/p>\n<p>&nbsp;<\/p>\n<p>&nbsp;<\/p>\n<p>&nbsp;<\/p>\n<p>&nbsp;<\/p>\n<p>&nbsp;<\/p>\n<p>&nbsp;<\/p>\n<p>&nbsp;<\/p>\n<p>&nbsp;<\/p>\n<p>&nbsp;<\/p>\n<p>&nbsp;<\/p>\n<p>&nbsp;<\/p>\n<p>&nbsp;<\/p>\n<p>&nbsp;<\/p>\n<p>&nbsp;<\/p>\n<p>D4\/190-19[\/vc_column_text]<div class=\"ult-spacer spacer-69f27fdcab3fd\" data-id=\"69f27fdcab3fd\" data-height=\"\" data-height-mobile=\"100\" data-height-tab=\"\" data-height-tab-portrait=\"\" data-height-mobile-landscape=\"100\" style=\"clear:both;display:block;\"><\/div>[\/vc_column][vc_column width=&#8221;1\/2&#8243;][\/vc_column][\/vc_row][vc_row ct_row_stretch=&#8221;&#8221;][vc_column][vc_column_text el_class=&#8221;fc-credit-text&#8221;]Head of Avalokiteshvara, Khmer,\u00a0Bayon, 12-13<sup>th<\/sup>C, stone[\/vc_column_text]<div class=\"ult-spacer spacer-69f27fdcab424\" data-id=\"69f27fdcab424\" data-height=\"10\" data-height-mobile=\"10\" data-height-tab=\"10\" data-height-tab-portrait=\"\" data-height-mobile-landscape=\"\" style=\"clear:both;display:block;\"><\/div>[\/vc_column][\/vc_row]\n<\/div>","protected":false},"excerpt":{"rendered":"<p>[vc_row ct_row_stretch=&#8221;stretch_row&#8221; full_h &#8230;<\/p>\n","protected":false},"author":4,"featured_media":0,"parent":0,"menu_order":0,"comment_status":"closed","ping_status":"closed","template":"","meta":{"inline_featured_image":false,"footnotes":""},"class_list":["post-11911","page","type-page","status-publish","hentry"],"yoast_head":"<!-- This site is optimized with the Yoast SEO plugin v27.3 - https:\/\/yoast.com\/product\/yoast-seo-wordpress\/ -->\n<title>Terms of Forever Young - The Feuerle Collection<\/title>\n<meta name=\"robots\" content=\"index, follow, max-snippet:-1, max-image-preview:large, max-video-preview:-1\" \/>\n<link rel=\"canonical\" href=\"https:\/\/www.thefeuerlecollection.org\/zh-hans\/terms-of-forever-young\/\" \/>\n<meta property=\"og:locale\" content=\"zh_CN\" \/>\n<meta property=\"og:type\" content=\"article\" \/>\n<meta property=\"og:title\" content=\"Terms of Forever Young - The Feuerle Collection\" \/>\n<meta property=\"og:description\" content=\"[vc_row ct_row_stretch=&#8221;stretch_row&#8221; full_h ...\" \/>\n<meta property=\"og:url\" content=\"https:\/\/www.thefeuerlecollection.org\/zh-hans\/terms-of-forever-young\/\" \/>\n<meta property=\"og:site_name\" content=\"The Feuerle Collection\" \/>\n<meta name=\"twitter:card\" content=\"summary_large_image\" \/>\n<meta name=\"twitter:label1\" content=\"\u9884\u8ba1\u9605\u8bfb\u65f6\u95f4\" \/>\n\t<meta name=\"twitter:data1\" content=\"5 \u5206\" \/>\n<script type=\"application\/ld+json\" class=\"yoast-schema-graph\">{\"@context\":\"https:\\\/\\\/schema.org\",\"@graph\":[{\"@type\":\"WebPage\",\"@id\":\"https:\\\/\\\/www.thefeuerlecollection.org\\\/zh-hans\\\/terms-of-forever-young\\\/\",\"url\":\"https:\\\/\\\/www.thefeuerlecollection.org\\\/zh-hans\\\/terms-of-forever-young\\\/\",\"name\":\"Terms of Forever Young - The Feuerle Collection\",\"isPartOf\":{\"@id\":\"https:\\\/\\\/www.thefeuerlecollection.org\\\/zh-hans\\\/#website\"},\"datePublished\":\"2020-12-09T15:20:39+00:00\",\"breadcrumb\":{\"@id\":\"https:\\\/\\\/www.thefeuerlecollection.org\\\/zh-hans\\\/terms-of-forever-young\\\/#breadcrumb\"},\"inLanguage\":\"zh-Hans\",\"potentialAction\":[{\"@type\":\"ReadAction\",\"target\":[\"https:\\\/\\\/www.thefeuerlecollection.org\\\/zh-hans\\\/terms-of-forever-young\\\/\"]}]},{\"@type\":\"BreadcrumbList\",\"@id\":\"https:\\\/\\\/www.thefeuerlecollection.org\\\/zh-hans\\\/terms-of-forever-young\\\/#breadcrumb\",\"itemListElement\":[{\"@type\":\"ListItem\",\"position\":1,\"name\":\"Home\",\"item\":\"https:\\\/\\\/www.thefeuerlecollection.org\\\/zh-hans\\\/\"},{\"@type\":\"ListItem\",\"position\":2,\"name\":\"Terms of Forever Young\"}]},{\"@type\":\"WebSite\",\"@id\":\"https:\\\/\\\/www.thefeuerlecollection.org\\\/zh-hans\\\/#website\",\"url\":\"https:\\\/\\\/www.thefeuerlecollection.org\\\/zh-hans\\\/\",\"name\":\"The Feuerle Collection\",\"description\":\"Visit our Collection\",\"publisher\":{\"@id\":\"https:\\\/\\\/www.thefeuerlecollection.org\\\/zh-hans\\\/#organization\"},\"potentialAction\":[{\"@type\":\"SearchAction\",\"target\":{\"@type\":\"EntryPoint\",\"urlTemplate\":\"https:\\\/\\\/www.thefeuerlecollection.org\\\/zh-hans\\\/?s={search_term_string}\"},\"query-input\":{\"@type\":\"PropertyValueSpecification\",\"valueRequired\":true,\"valueName\":\"search_term_string\"}}],\"inLanguage\":\"zh-Hans\"},{\"@type\":\"Organization\",\"@id\":\"https:\\\/\\\/www.thefeuerlecollection.org\\\/zh-hans\\\/#organization\",\"name\":\"The Feuerle Collection\",\"url\":\"https:\\\/\\\/www.thefeuerlecollection.org\\\/zh-hans\\\/\",\"logo\":{\"@type\":\"ImageObject\",\"inLanguage\":\"zh-Hans\",\"@id\":\"https:\\\/\\\/www.thefeuerlecollection.org\\\/zh-hans\\\/#\\\/schema\\\/logo\\\/image\\\/\",\"url\":\"https:\\\/\\\/www.thefeuerlecollection.org\\\/wp-content\\\/uploads\\\/2020\\\/02\\\/the-feuerle-collection_logo_500x158.png\",\"contentUrl\":\"https:\\\/\\\/www.thefeuerlecollection.org\\\/wp-content\\\/uploads\\\/2020\\\/02\\\/the-feuerle-collection_logo_500x158.png\",\"width\":500,\"height\":158,\"caption\":\"The Feuerle Collection\"},\"image\":{\"@id\":\"https:\\\/\\\/www.thefeuerlecollection.org\\\/zh-hans\\\/#\\\/schema\\\/logo\\\/image\\\/\"}}]}<\/script>\n<!-- \/ Yoast SEO plugin. -->","yoast_head_json":{"title":"Terms of Forever Young - The Feuerle Collection","robots":{"index":"index","follow":"follow","max-snippet":"max-snippet:-1","max-image-preview":"max-image-preview:large","max-video-preview":"max-video-preview:-1"},"canonical":"https:\/\/www.thefeuerlecollection.org\/zh-hans\/terms-of-forever-young\/","og_locale":"zh_CN","og_type":"article","og_title":"Terms of Forever Young - The Feuerle Collection","og_description":"[vc_row ct_row_stretch=&#8221;stretch_row&#8221; full_h ...","og_url":"https:\/\/www.thefeuerlecollection.org\/zh-hans\/terms-of-forever-young\/","og_site_name":"The Feuerle Collection","twitter_card":"summary_large_image","twitter_misc":{"\u9884\u8ba1\u9605\u8bfb\u65f6\u95f4":"5 \u5206"},"schema":{"@context":"https:\/\/schema.org","@graph":[{"@type":"WebPage","@id":"https:\/\/www.thefeuerlecollection.org\/zh-hans\/terms-of-forever-young\/","url":"https:\/\/www.thefeuerlecollection.org\/zh-hans\/terms-of-forever-young\/","name":"Terms of Forever Young - The Feuerle Collection","isPartOf":{"@id":"https:\/\/www.thefeuerlecollection.org\/zh-hans\/#website"},"datePublished":"2020-12-09T15:20:39+00:00","breadcrumb":{"@id":"https:\/\/www.thefeuerlecollection.org\/zh-hans\/terms-of-forever-young\/#breadcrumb"},"inLanguage":"zh-Hans","potentialAction":[{"@type":"ReadAction","target":["https:\/\/www.thefeuerlecollection.org\/zh-hans\/terms-of-forever-young\/"]}]},{"@type":"BreadcrumbList","@id":"https:\/\/www.thefeuerlecollection.org\/zh-hans\/terms-of-forever-young\/#breadcrumb","itemListElement":[{"@type":"ListItem","position":1,"name":"Home","item":"https:\/\/www.thefeuerlecollection.org\/zh-hans\/"},{"@type":"ListItem","position":2,"name":"Terms of Forever Young"}]},{"@type":"WebSite","@id":"https:\/\/www.thefeuerlecollection.org\/zh-hans\/#website","url":"https:\/\/www.thefeuerlecollection.org\/zh-hans\/","name":"The Feuerle Collection","description":"Visit our Collection","publisher":{"@id":"https:\/\/www.thefeuerlecollection.org\/zh-hans\/#organization"},"potentialAction":[{"@type":"SearchAction","target":{"@type":"EntryPoint","urlTemplate":"https:\/\/www.thefeuerlecollection.org\/zh-hans\/?s={search_term_string}"},"query-input":{"@type":"PropertyValueSpecification","valueRequired":true,"valueName":"search_term_string"}}],"inLanguage":"zh-Hans"},{"@type":"Organization","@id":"https:\/\/www.thefeuerlecollection.org\/zh-hans\/#organization","name":"The Feuerle Collection","url":"https:\/\/www.thefeuerlecollection.org\/zh-hans\/","logo":{"@type":"ImageObject","inLanguage":"zh-Hans","@id":"https:\/\/www.thefeuerlecollection.org\/zh-hans\/#\/schema\/logo\/image\/","url":"https:\/\/www.thefeuerlecollection.org\/wp-content\/uploads\/2020\/02\/the-feuerle-collection_logo_500x158.png","contentUrl":"https:\/\/www.thefeuerlecollection.org\/wp-content\/uploads\/2020\/02\/the-feuerle-collection_logo_500x158.png","width":500,"height":158,"caption":"The Feuerle Collection"},"image":{"@id":"https:\/\/www.thefeuerlecollection.org\/zh-hans\/#\/schema\/logo\/image\/"}}]}},"_links":{"self":[{"href":"https:\/\/www.thefeuerlecollection.org\/zh-hans\/wp-json\/wp\/v2\/pages\/11911","targetHints":{"allow":["GET"]}}],"collection":[{"href":"https:\/\/www.thefeuerlecollection.org\/zh-hans\/wp-json\/wp\/v2\/pages"}],"about":[{"href":"https:\/\/www.thefeuerlecollection.org\/zh-hans\/wp-json\/wp\/v2\/types\/page"}],"author":[{"embeddable":true,"href":"https:\/\/www.thefeuerlecollection.org\/zh-hans\/wp-json\/wp\/v2\/users\/4"}],"replies":[{"embeddable":true,"href":"https:\/\/www.thefeuerlecollection.org\/zh-hans\/wp-json\/wp\/v2\/comments?post=11911"}],"version-history":[{"count":1,"href":"https:\/\/www.thefeuerlecollection.org\/zh-hans\/wp-json\/wp\/v2\/pages\/11911\/revisions"}],"predecessor-version":[{"id":11926,"href":"https:\/\/www.thefeuerlecollection.org\/zh-hans\/wp-json\/wp\/v2\/pages\/11911\/revisions\/11926"}],"wp:attachment":[{"href":"https:\/\/www.thefeuerlecollection.org\/zh-hans\/wp-json\/wp\/v2\/media?parent=11911"}],"curies":[{"name":"wp","href":"https:\/\/api.w.org\/{rel}","templated":true}]}}