{"id":52,"date":"2020-02-12T11:03:32","date_gmt":"2020-02-12T09:03:32","guid":{"rendered":"https:\/\/fc.imagox.com\/?page_id=52"},"modified":"2023-04-25T13:54:17","modified_gmt":"2023-04-25T11:54:17","slug":"the-collection","status":"publish","type":"page","link":"https:\/\/www.thefeuerlecollection.org\/en\/the-collection\/","title":{"rendered":"COLLECTION"},"content":{"rendered":"<div class=\"wpb-content-wrapper\">[vc_row ct_row_stretch=&#8221;stretch_row&#8221; full_height=&#8221;yes&#8221; content_placement=&#8221;top&#8221; ct_bg_image=&#8221;60&#8243; ct_bg_repeat=&#8221;no-repeat&#8221; ct_bg_size=&#8221;contain&#8221; ct_bg_position=&#8221;center right&#8221;][vc_column width=&#8221;1\/2&#8243;]<div class=\"ult-spacer spacer-6a08d9ac2db20\" data-id=\"6a08d9ac2db20\" data-height=\"133\" data-height-mobile=\"133\" data-height-tab=\"133\" data-height-tab-portrait=\"\" data-height-mobile-landscape=\"\" style=\"clear:both;display:block;\"><\/div>[vc_custom_heading text=&#8221;COLLECTION&#8221; font_container=&#8221;tag:h1|text_align:left&#8221; use_theme_fonts=&#8221;yes&#8221;]<div class=\"ult-spacer spacer-6a08d9ac2db67\" data-id=\"6a08d9ac2db67\" data-height=\"18\" data-height-mobile=\"18\" data-height-tab=\"18\" data-height-tab-portrait=\"\" data-height-mobile-landscape=\"\" style=\"clear:both;display:block;\"><\/div>[vc_column_text]\n<div class=\"page\" title=\"Page 2\">\n<div class=\"section\">\n<div class=\"layoutArea\">\n<div class=\"column\">\n<div class=\"page\" title=\"Page 2\">\n<div class=\"section\">\n<div class=\"layoutArea\">\n<div class=\"column\">\n<div class=\"page\" title=\"Page 2\">\n<div class=\"layoutArea\">\n<div class=\"column\">\n<p>The Feuerle Collection is a non-profit organization in Berlin founded by D\u00e9sir\u00e9 Feuerle and Sara\u00a0Puig in 2016.<\/p>\n<p>It hosts exquisite, early Imperial Chinese stone and lacquer furniture and Chinese scholar furniture from the Han Dynasty to the early Qing Dynasty, from 200 BC to the 17thC, juxtaposed with early Khmer sculptures from the 7th to the 13thC, and international contemporary art by Zeng Fanzhi, Nobuyoshi Araki, Anish Kapoor, Cristina Iglesias, and Adam Fuss.<\/p>\n<p>Located in a former Second World War telecommunications bunker that has been renovated by British architect John Pawson, the institution encourages a conversation between different periods and cultures, and offers a new perception of ancient art.<\/p>\n<p>As part of a\u00a07,350m<sup>2\u00a0<\/sup>space, The Feuerle Collection has two main exhibition halls, a Sound Room, a Lake Room, and an Incense Room.<\/p>\n<p>The Feuerle Collection is the first art institution in the world to present the Chinese Incense Culture. As one of China\u2019s oldest traditions, dating back over 2,000 years, the Incense Ceremony is now presented as a contemporary art performance.<\/p>\n<p>D\u00e9sir\u00e9 Feuerle, who comes from a contemporary art background, owned a gallery in the nineties in Cologne, Germany, where he pioneered juxtaposing ancient art with contemporary and modern art, as well as re-looking at antiques from a contemporary perspective.<\/p>\n<p>Sara Puig is Founder of The Sara Puig Institute for the Arts and current President of the Fundaci\u00f3 Joan Mir\u00f3, Barcelona, where she has been a Trustee since 2014. From 1998 to 2013, she was Director of Fundaci\u00f3n Francisco Godia in Barcelona, Spain.<\/p>\n<p>A visit to The Feuerle Collection can be arranged by appointment only. If you are interested in booking a visit, please follow the link to our online booking system below.<\/p>\n<p>Please note that The Feuerle Collection doesn\u2019t grant admittance to children under 16 years of age.<\/p>\n<p>Thank you for your cooperation.<\/p>\n<\/div>\n<\/div>\n<\/div>\n<\/div>\n<\/div>\n<\/div>\n<\/div>\n<\/div>\n<\/div>\n<\/div>\n<\/div>\n[\/vc_column_text]<div class=\"ult-spacer spacer-6a08d9ac2db8d\" data-id=\"6a08d9ac2db8d\" data-height=\"38\" data-height-mobile=\"38\" data-height-tab=\"38\" data-height-tab-portrait=\"\" data-height-mobile-landscape=\"\" style=\"clear:both;display:block;\"><\/div>[vc_btn title=&#8221;BOOK A VISIT HERE&#8221; style=&#8221;flat&#8221; shape=&#8221;square&#8221; size=&#8221;sm&#8221; align=&#8221;left&#8221; css_animation=&#8221;none&#8221; link=&#8221;url:https%3A%2F%2Fwww.thefeuerlecollection.org%2Fen%2Fshop%2F%20&#8243; el_class=&#8221;fc-button&#8221;]<div class=\"ult-spacer spacer-6a08d9ac2dbad\" data-id=\"6a08d9ac2dbad\" data-height=\"80\" data-height-mobile=\"80\" data-height-tab=\"80\" data-height-tab-portrait=\"\" data-height-mobile-landscape=\"\" style=\"clear:both;display:block;\"><\/div>[\/vc_column][vc_column width=&#8221;1\/2&#8243;][\/vc_column][\/vc_row][vc_row ct_row_stretch=&#8221;&#8221;][vc_column width=&#8221;6\/12&#8243;][vc_column_text el_class=&#8221;fc-credit-text&#8221;]Head of Avalokiteshvara, Khmer,\u00a0Bayon, 12-13<sup>th<\/sup>C, stone[\/vc_column_text]<div class=\"ult-spacer spacer-6a08d9ac2dbc9\" data-id=\"6a08d9ac2dbc9\" data-height=\"10\" data-height-mobile=\"10\" data-height-tab=\"10\" data-height-tab-portrait=\"\" data-height-mobile-landscape=\"\" style=\"clear:both;display:block;\"><\/div>[\/vc_column][vc_column width=&#8221;5\/12&#8243;][\/vc_column][\/vc_row]\n<\/div>","protected":false},"excerpt":{"rendered":"<p>[vc_row ct_row_stretch=&#8221;stretch_row&#8221; full_height=&#8221;yes&#8221; content_placement=&#8221;top&#8221; ct_bg_image=&#8221;60&#8243; ct_bg_repeat=&#8221;no-repeat&#8221; ct_bg_size=&#8221;contain&#8221; ct_bg_position=&#8221;center right&#8221;][vc_column width=&#8221;1\/2&#8243;][vc_custom_heading text=&#8221;COLLECTION&#8221; font_container=&#8221;tag:h1|text_align:left&#8221; use_theme_fonts=&#8221;yes&#8221;][vc_column_text] The Feuerle Collection is a non-profit organization in Berlin founded by D\u00e9sir\u00e9 Feuerle and Sara\u00a0Puig in 2016. It hosts exquisite, early Imperial Chinese stone and lacquer furniture and Chinese scholar furniture from the Han Dynasty to the early Qing Dynasty, from 200 &#8230;<\/p>\n","protected":false},"author":1,"featured_media":0,"parent":0,"menu_order":1,"comment_status":"closed","ping_status":"closed","template":"","meta":{"inline_featured_image":false,"footnotes":""},"class_list":["post-52","page","type-page","status-publish","hentry"],"yoast_head":"<!-- This site is optimized with the Yoast SEO plugin v27.3 - https:\/\/yoast.com\/product\/yoast-seo-wordpress\/ -->\n<title>COLLECTION - The Feuerle Collection<\/title>\n<meta name=\"robots\" content=\"index, follow, max-snippet:-1, max-image-preview:large, max-video-preview:-1\" \/>\n<link rel=\"canonical\" href=\"https:\/\/www.thefeuerlecollection.org\/en\/the-collection\/\" \/>\n<meta property=\"og:locale\" content=\"en_US\" \/>\n<meta property=\"og:type\" content=\"article\" \/>\n<meta property=\"og:title\" content=\"COLLECTION - The Feuerle Collection\" \/>\n<meta property=\"og:description\" content=\"[vc_row ct_row_stretch=&#8221;stretch_row&#8221; full_height=&#8221;yes&#8221; content_placement=&#8221;top&#8221; ct_bg_image=&#8221;60&#8243; ct_bg_repeat=&#8221;no-repeat&#8221; ct_bg_size=&#8221;contain&#8221; ct_bg_position=&#8221;center right&#8221;][vc_column width=&#8221;1\/2&#8243;][vc_custom_heading text=&#8221;COLLECTION&#8221; font_container=&#8221;tag:h1|text_align:left&#8221; use_theme_fonts=&#8221;yes&#8221;][vc_column_text] The Feuerle Collection is a non-profit organization in Berlin founded by D\u00e9sir\u00e9 Feuerle and Sara\u00a0Puig in 2016. It hosts exquisite, early Imperial Chinese stone and lacquer furniture and Chinese scholar furniture from the Han Dynasty to the early Qing Dynasty, from 200 ...\" \/>\n<meta property=\"og:url\" content=\"https:\/\/www.thefeuerlecollection.org\/en\/the-collection\/\" \/>\n<meta property=\"og:site_name\" content=\"The Feuerle Collection\" \/>\n<meta property=\"article:modified_time\" content=\"2023-04-25T11:54:17+00:00\" \/>\n<meta name=\"twitter:card\" content=\"summary_large_image\" \/>\n<meta name=\"twitter:label1\" content=\"Est. reading time\" \/>\n\t<meta name=\"twitter:data1\" content=\"2 minutes\" \/>\n<script type=\"application\/ld+json\" class=\"yoast-schema-graph\">{\"@context\":\"https:\\\/\\\/schema.org\",\"@graph\":[{\"@type\":\"WebPage\",\"@id\":\"https:\\\/\\\/www.thefeuerlecollection.org\\\/en\\\/the-collection\\\/\",\"url\":\"https:\\\/\\\/www.thefeuerlecollection.org\\\/en\\\/the-collection\\\/\",\"name\":\"COLLECTION - The Feuerle Collection\",\"isPartOf\":{\"@id\":\"https:\\\/\\\/www.thefeuerlecollection.org\\\/en\\\/#website\"},\"datePublished\":\"2020-02-12T09:03:32+00:00\",\"dateModified\":\"2023-04-25T11:54:17+00:00\",\"breadcrumb\":{\"@id\":\"https:\\\/\\\/www.thefeuerlecollection.org\\\/en\\\/the-collection\\\/#breadcrumb\"},\"inLanguage\":\"en-US\",\"potentialAction\":[{\"@type\":\"ReadAction\",\"target\":[\"https:\\\/\\\/www.thefeuerlecollection.org\\\/en\\\/the-collection\\\/\"]}]},{\"@type\":\"BreadcrumbList\",\"@id\":\"https:\\\/\\\/www.thefeuerlecollection.org\\\/en\\\/the-collection\\\/#breadcrumb\",\"itemListElement\":[{\"@type\":\"ListItem\",\"position\":1,\"name\":\"Home\",\"item\":\"https:\\\/\\\/www.thefeuerlecollection.org\\\/en\\\/\"},{\"@type\":\"ListItem\",\"position\":2,\"name\":\"COLLECTION\"}]},{\"@type\":\"WebSite\",\"@id\":\"https:\\\/\\\/www.thefeuerlecollection.org\\\/en\\\/#website\",\"url\":\"https:\\\/\\\/www.thefeuerlecollection.org\\\/en\\\/\",\"name\":\"The Feuerle Collection\",\"description\":\"Visit our Collection\",\"publisher\":{\"@id\":\"https:\\\/\\\/www.thefeuerlecollection.org\\\/en\\\/#organization\"},\"potentialAction\":[{\"@type\":\"SearchAction\",\"target\":{\"@type\":\"EntryPoint\",\"urlTemplate\":\"https:\\\/\\\/www.thefeuerlecollection.org\\\/en\\\/?s={search_term_string}\"},\"query-input\":{\"@type\":\"PropertyValueSpecification\",\"valueRequired\":true,\"valueName\":\"search_term_string\"}}],\"inLanguage\":\"en-US\"},{\"@type\":\"Organization\",\"@id\":\"https:\\\/\\\/www.thefeuerlecollection.org\\\/en\\\/#organization\",\"name\":\"The Feuerle Collection\",\"url\":\"https:\\\/\\\/www.thefeuerlecollection.org\\\/en\\\/\",\"logo\":{\"@type\":\"ImageObject\",\"inLanguage\":\"en-US\",\"@id\":\"https:\\\/\\\/www.thefeuerlecollection.org\\\/en\\\/#\\\/schema\\\/logo\\\/image\\\/\",\"url\":\"https:\\\/\\\/www.thefeuerlecollection.org\\\/wp-content\\\/uploads\\\/2020\\\/02\\\/the-feuerle-collection_logo_500x158.png\",\"contentUrl\":\"https:\\\/\\\/www.thefeuerlecollection.org\\\/wp-content\\\/uploads\\\/2020\\\/02\\\/the-feuerle-collection_logo_500x158.png\",\"width\":500,\"height\":158,\"caption\":\"The Feuerle Collection\"},\"image\":{\"@id\":\"https:\\\/\\\/www.thefeuerlecollection.org\\\/en\\\/#\\\/schema\\\/logo\\\/image\\\/\"}}]}<\/script>\n<!-- \/ Yoast SEO plugin. -->","yoast_head_json":{"title":"COLLECTION - The Feuerle Collection","robots":{"index":"index","follow":"follow","max-snippet":"max-snippet:-1","max-image-preview":"max-image-preview:large","max-video-preview":"max-video-preview:-1"},"canonical":"https:\/\/www.thefeuerlecollection.org\/en\/the-collection\/","og_locale":"en_US","og_type":"article","og_title":"COLLECTION - The Feuerle Collection","og_description":"[vc_row ct_row_stretch=&#8221;stretch_row&#8221; full_height=&#8221;yes&#8221; content_placement=&#8221;top&#8221; ct_bg_image=&#8221;60&#8243; ct_bg_repeat=&#8221;no-repeat&#8221; ct_bg_size=&#8221;contain&#8221; ct_bg_position=&#8221;center right&#8221;][vc_column width=&#8221;1\/2&#8243;][vc_custom_heading text=&#8221;COLLECTION&#8221; font_container=&#8221;tag:h1|text_align:left&#8221; use_theme_fonts=&#8221;yes&#8221;][vc_column_text] The Feuerle Collection is a non-profit organization in Berlin founded by D\u00e9sir\u00e9 Feuerle and Sara\u00a0Puig in 2016. It hosts exquisite, early Imperial Chinese stone and lacquer furniture and Chinese scholar furniture from the Han Dynasty to the early Qing Dynasty, from 200 ...","og_url":"https:\/\/www.thefeuerlecollection.org\/en\/the-collection\/","og_site_name":"The Feuerle Collection","article_modified_time":"2023-04-25T11:54:17+00:00","twitter_card":"summary_large_image","twitter_misc":{"Est. reading time":"2 minutes"},"schema":{"@context":"https:\/\/schema.org","@graph":[{"@type":"WebPage","@id":"https:\/\/www.thefeuerlecollection.org\/en\/the-collection\/","url":"https:\/\/www.thefeuerlecollection.org\/en\/the-collection\/","name":"COLLECTION - The Feuerle Collection","isPartOf":{"@id":"https:\/\/www.thefeuerlecollection.org\/en\/#website"},"datePublished":"2020-02-12T09:03:32+00:00","dateModified":"2023-04-25T11:54:17+00:00","breadcrumb":{"@id":"https:\/\/www.thefeuerlecollection.org\/en\/the-collection\/#breadcrumb"},"inLanguage":"en-US","potentialAction":[{"@type":"ReadAction","target":["https:\/\/www.thefeuerlecollection.org\/en\/the-collection\/"]}]},{"@type":"BreadcrumbList","@id":"https:\/\/www.thefeuerlecollection.org\/en\/the-collection\/#breadcrumb","itemListElement":[{"@type":"ListItem","position":1,"name":"Home","item":"https:\/\/www.thefeuerlecollection.org\/en\/"},{"@type":"ListItem","position":2,"name":"COLLECTION"}]},{"@type":"WebSite","@id":"https:\/\/www.thefeuerlecollection.org\/en\/#website","url":"https:\/\/www.thefeuerlecollection.org\/en\/","name":"The Feuerle Collection","description":"Visit our Collection","publisher":{"@id":"https:\/\/www.thefeuerlecollection.org\/en\/#organization"},"potentialAction":[{"@type":"SearchAction","target":{"@type":"EntryPoint","urlTemplate":"https:\/\/www.thefeuerlecollection.org\/en\/?s={search_term_string}"},"query-input":{"@type":"PropertyValueSpecification","valueRequired":true,"valueName":"search_term_string"}}],"inLanguage":"en-US"},{"@type":"Organization","@id":"https:\/\/www.thefeuerlecollection.org\/en\/#organization","name":"The Feuerle Collection","url":"https:\/\/www.thefeuerlecollection.org\/en\/","logo":{"@type":"ImageObject","inLanguage":"en-US","@id":"https:\/\/www.thefeuerlecollection.org\/en\/#\/schema\/logo\/image\/","url":"https:\/\/www.thefeuerlecollection.org\/wp-content\/uploads\/2020\/02\/the-feuerle-collection_logo_500x158.png","contentUrl":"https:\/\/www.thefeuerlecollection.org\/wp-content\/uploads\/2020\/02\/the-feuerle-collection_logo_500x158.png","width":500,"height":158,"caption":"The Feuerle Collection"},"image":{"@id":"https:\/\/www.thefeuerlecollection.org\/en\/#\/schema\/logo\/image\/"}}]}},"_links":{"self":[{"href":"https:\/\/www.thefeuerlecollection.org\/en\/wp-json\/wp\/v2\/pages\/52","targetHints":{"allow":["GET"]}}],"collection":[{"href":"https:\/\/www.thefeuerlecollection.org\/en\/wp-json\/wp\/v2\/pages"}],"about":[{"href":"https:\/\/www.thefeuerlecollection.org\/en\/wp-json\/wp\/v2\/types\/page"}],"author":[{"embeddable":true,"href":"https:\/\/www.thefeuerlecollection.org\/en\/wp-json\/wp\/v2\/users\/1"}],"replies":[{"embeddable":true,"href":"https:\/\/www.thefeuerlecollection.org\/en\/wp-json\/wp\/v2\/comments?post=52"}],"version-history":[{"count":130,"href":"https:\/\/www.thefeuerlecollection.org\/en\/wp-json\/wp\/v2\/pages\/52\/revisions"}],"predecessor-version":[{"id":18670,"href":"https:\/\/www.thefeuerlecollection.org\/en\/wp-json\/wp\/v2\/pages\/52\/revisions\/18670"}],"wp:attachment":[{"href":"https:\/\/www.thefeuerlecollection.org\/en\/wp-json\/wp\/v2\/media?parent=52"}],"curies":[{"name":"wp","href":"https:\/\/api.w.org\/{rel}","templated":true}]}}