{"id":4554,"date":"2020-03-30T21:26:21","date_gmt":"2020-03-30T19:26:21","guid":{"rendered":"https:\/\/fc.imagox.com\/?page_id=4554"},"modified":"2020-11-17T19:34:30","modified_gmt":"2020-11-17T17:34:30","slug":"data-privacy-policy","status":"publish","type":"page","link":"https:\/\/www.thefeuerlecollection.org\/en\/data-privacy-policy\/","title":{"rendered":"DATA PRIVACY POLICY"},"content":{"rendered":"<div class=\"wpb-content-wrapper\">[vc_row ct_row_stretch=&#8221;stretch_row&#8221; full_height=&#8221;yes&#8221; columns_placement=&#8221;top&#8221; content_placement=&#8221;top&#8221; ct_bg_image=&#8221;60&#8243; ct_bg_repeat=&#8221;no-repeat&#8221; ct_bg_size=&#8221;contain&#8221; ct_bg_position=&#8221;center right&#8221; ct_bg_parallax=&#8221;fixed&#8221;][vc_column width=&#8221;1\/2&#8243;]<div class=\"ult-spacer spacer-69e0887b293f3\" data-id=\"69e0887b293f3\" data-height=\"133\" data-height-mobile=\"133\" data-height-tab=\"133\" data-height-tab-portrait=\"\" data-height-mobile-landscape=\"\" style=\"clear:both;display:block;\"><\/div>[vc_custom_heading text=&#8221;DATENSCHUTZERKL\u00c4RUNG&#8221; font_container=&#8221;tag:h1|text_align:left&#8221; use_theme_fonts=&#8221;yes&#8221;]<div class=\"ult-spacer spacer-69e0887b29446\" data-id=\"69e0887b29446\" data-height=\"18\" data-height-mobile=\"18\" data-height-tab=\"18\" data-height-tab-portrait=\"\" data-height-mobile-landscape=\"\" style=\"clear:both;display:block;\"><\/div>[vc_column_text]Die nachfolgenden Hinweise geben einen \u00dcberblick \u00fcber die Verarbeitung Ihrer Daten durch die Feuerle Collection.<\/p>\n<p>Verantwortliche Stelle im Sinne der Datenschutzgesetze ist die OSO Investments SL, Hallesches Ufer 70, 10963 Berlin, Telefon +49 (0) 30 25792320, dm@thefeuerlecollection.org.[\/vc_column_text]<div class=\"ult-spacer spacer-69e0887b29473\" data-id=\"69e0887b29473\" data-height=\"18\" data-height-mobile=\"18\" data-height-tab=\"18\" data-height-tab-portrait=\"\" data-height-mobile-landscape=\"\" style=\"clear:both;display:block;\"><\/div>[vc_column_text]Ihre Daten[\/vc_column_text]<div class=\"ult-spacer spacer-69e0887b29495\" data-id=\"69e0887b29495\" data-height=\"18\" data-height-mobile=\"18\" data-height-tab=\"18\" data-height-tab-portrait=\"\" data-height-mobile-landscape=\"\" style=\"clear:both;display:block;\"><\/div>[vc_column_text]Sie k\u00f6nnen unsere Internetseite besuchen, ohne Angaben zu Ihrer Person zu machen. Wir verarbeiten Ihre personenbezogenen Daten nur mit Ihrer Einwilligung oder wenn eine Rechtsvorschrift dies erlaubt oder erfordert.<\/p>\n<p>Wir verarbeiten Ihre personenbezogenen Daten insbesondere dann, wenn Sie mit uns in Kontakt treten oder Tickets f\u00fcr den Besuch der Feuerle Collection oder f\u00fcr die Incense Ceremony buchen oder zur Bearbeitung Ihrer Spenden bzw. Mitgliedsbeitr\u00e4ge sowie zur Ausstellung der Spendenbescheinigungen. Je nach Art der Anfrage verarbeiten wir Daten wie Namen, Adressen, Telefonnummern, E-Mail-Adressen, Bankdaten und weitere zur Erf\u00fcllung unserer Aufgaben notwendige oder freiwillig gemachte Angaben, wenn diese zur Bearbeitung Ihres Anliegens notwendig sind.[\/vc_column_text]<div class=\"ult-spacer spacer-69e0887b294b6\" data-id=\"69e0887b294b6\" data-height=\"18\" data-height-mobile=\"18\" data-height-tab=\"18\" data-height-tab-portrait=\"\" data-height-mobile-landscape=\"\" style=\"clear:both;display:block;\"><\/div>[vc_column_text]Spenden und Beitr\u00e4ge[\/vc_column_text]<div class=\"ult-spacer spacer-69e0887b294d4\" data-id=\"69e0887b294d4\" data-height=\"18\" data-height-mobile=\"18\" data-height-tab=\"18\" data-height-tab-portrait=\"\" data-height-mobile-landscape=\"\" style=\"clear:both;display:block;\"><\/div>[vc_column_text]Im Rahmen der Verarbeitung der Spenden oder Mitgliedsbeitr\u00e4gen (\u201eFriends\u201c) werden die Daten, welche im Spendenformular angegeben wurden, von uns verarbeitet. Hierbei k\u00f6nnen Ihre Daten an Dritte, insbesondere an Dienstleister, Payment-Provider (wie z.B. PayPal) sowie staatliche Beh\u00f6rden (z.B. das Finanzamt bei steuerrelevanten Informationen) weitergegeben werden. Diese Daten werden nur so lange aufbewahrt, wie es f\u00fcr die Abwicklung der Spende und die Ausstellung der Spendenbescheinigung erforderlich ist. Aufgrund rechtlicher Vorgaben sind wir dazu verpflichtet, diese Daten mindestens 10 Jahre nach dem T\u00e4tigen der letzten Spende aufzubewahren. Es k\u00f6nnen sich l\u00e4ngere Aufbewahrungsfristen ergeben, falls eine dauerhafte Dokumentation sinnvoll erscheint.[\/vc_column_text]<div class=\"ult-spacer spacer-69e0887b294f8\" data-id=\"69e0887b294f8\" data-height=\"18\" data-height-mobile=\"18\" data-height-tab=\"18\" data-height-tab-portrait=\"\" data-height-mobile-landscape=\"\" style=\"clear:both;display:block;\"><\/div>[vc_column_text]Ihre Rechte[\/vc_column_text]<div class=\"ult-spacer spacer-69e0887b29518\" data-id=\"69e0887b29518\" data-height=\"18\" data-height-mobile=\"18\" data-height-tab=\"18\" data-height-tab-portrait=\"\" data-height-mobile-landscape=\"\" style=\"clear:both;display:block;\"><\/div>[vc_column_text]Sie haben jederzeit das Recht auf unentgeltliche Auskunft \u00fcber die zu Ihnen gespeicherten personenbezogenen Daten, deren Herkunft und Empf\u00e4nger und den Zweck der Datenverarbeitung. Sie haben ein Recht auf L\u00f6schung oder Sperrung, wenn Sie w\u00fcnschen, dass wir Ihre Daten nicht mehr speichern und ein Recht auf Berichtigung Ihrer personenbezogenen Daten, wenn wir diese unrichtig gespeichert haben. Sie haben das Recht, die Sie betreffenden personenbezogenen Daten, die Sie uns bereitgestellt haben, in einem strukturierten, g\u00e4ngigen und maschinenlesbaren Format zu erhalten, und das Recht, diese Daten einem anderen Verantwortlichen zu \u00fcbermitteln.<\/p>\n<p>Ferner k\u00f6nnen Sie Ihre Einwilligung zur Verarbeitung Ihrer Daten jederzeit ohne Angabe von Gr\u00fcnden mit Wirkung f\u00fcr die Zukunft widerrufen<strong>. <\/strong><\/p>\n<p>Wenn Sie eines Ihrer Rechte aus\u00fcben m\u00f6chten oder annehmen, bei der Erhebung, Verarbeitung oder Nutzung Ihrer pers\u00f6nlichen Daten in Ihren Rechten verletzt worden zu sein, wenden Sie sich bitte per E-Mail an uns unter dm@thefeuerlecollection.org.<\/p>\n<p>Ferner steht Ihnen das Recht zu, sich mit einer Beschwerde an eine zust\u00e4ndige Datenschutzbeh\u00f6rde zu wenden, zum Beispiel die Berliner Beauftragte f\u00fcr Datenschutz, Friedrichstra\u00dfe 219, 10969 Berlin, mailbox@datenschutz-berlin.de.[\/vc_column_text]<div class=\"ult-spacer spacer-69e0887b29536\" data-id=\"69e0887b29536\" data-height=\"18\" data-height-mobile=\"18\" data-height-tab=\"18\" data-height-tab-portrait=\"\" data-height-mobile-landscape=\"\" style=\"clear:both;display:block;\"><\/div>[vc_column_text]Verlinkung auf andere Internetseiten[\/vc_column_text]<div class=\"ult-spacer spacer-69e0887b29552\" data-id=\"69e0887b29552\" data-height=\"18\" data-height-mobile=\"18\" data-height-tab=\"18\" data-height-tab-portrait=\"\" data-height-mobile-landscape=\"\" style=\"clear:both;display:block;\"><\/div>[vc_column_text]Es kann vorkommen, dass wir auf unserer Internetpr\u00e4senz auf andere Internetseiten verlinken. Unsere Datenschutzerkl\u00e4rung erstreckt sich nicht auf diese Internetseiten und wir sind f\u00fcr deren Inhalt nicht verantwortlich.[\/vc_column_text]<div class=\"ult-spacer spacer-69e0887b29572\" data-id=\"69e0887b29572\" data-height=\"18\" data-height-mobile=\"18\" data-height-tab=\"18\" data-height-tab-portrait=\"\" data-height-mobile-landscape=\"\" style=\"clear:both;display:block;\"><\/div>[vc_column_text]Online Ticketshop Visitate[\/vc_column_text]<div class=\"ult-spacer spacer-69e0887b29590\" data-id=\"69e0887b29590\" data-height=\"18\" data-height-mobile=\"18\" data-height-tab=\"18\" data-height-tab-portrait=\"\" data-height-mobile-landscape=\"\" style=\"clear:both;display:block;\"><\/div>[vc_column_text]Sie haben auf unserer Internetpr\u00e4senz die M\u00f6glichkeit, Tickets f\u00fcr den Besuch der Feuerle Collection, f\u00fcr die Incense Ceremony oder andere Aktivit\u00e4ten zu buchen. Zur Vertragserf\u00fcllung wickeln wir Ihre Ticketbestellung \u00fcber einen Service der Visitate GmbH &amp; Co. KG mit Sitz in Berlin ab. Bei Ihrer Bestellung werden die von Ihnen angegebenen Daten zum Abschluss, zur Ab- und R\u00fcckabwicklung des Kaufvertrages von uns sowie von der Visitate GmbH &amp; Co. KG im Rahmen der gesetzlichen Bestimmungen verarbeitet.<\/p>\n<p>Wir weisen darauf hin, dass wir keinen Einfluss auf die Datenverarbeitung bei der Visitate GmbH Co. KG haben. Deren Datenschutzerkl\u00e4rung k\u00f6nnen Sie unter https:\/\/www.visitate.de\/header\/datenschutz.html einsehen.[\/vc_column_text]<div class=\"ult-spacer spacer-69e0887b295ac\" data-id=\"69e0887b295ac\" data-height=\"18\" data-height-mobile=\"18\" data-height-tab=\"18\" data-height-tab-portrait=\"\" data-height-mobile-landscape=\"\" style=\"clear:both;display:block;\"><\/div>[vc_column_text]Soziale Medien[\/vc_column_text]<div class=\"ult-spacer spacer-69e0887b295e6\" data-id=\"69e0887b295e6\" data-height=\"18\" data-height-mobile=\"18\" data-height-tab=\"18\" data-height-tab-portrait=\"\" data-height-mobile-landscape=\"\" style=\"clear:both;display:block;\"><\/div>[vc_column_text]Wir sind in den sozialen Netzwerken Facebook und Instagram von Facebook Inc. jeweils mit Sitz in den USA, pr\u00e4sent. Die Nutzung von Facebook und Instagram erfolgt auf der Grundlage unserer berechtigten Interessen gem\u00e4\u00df Art. 6 Abs. 1 lit. f. DSGVO, um direkt mit Ihnen kommunizieren zu k\u00f6nnen, im Interesse einer umfassenden Information \u00fcber unsere Aktivit\u00e4ten und unsere Veranstaltungen und einer ansprechenden Darstellung unserer Internetseite.<\/p>\n<p>Bitte beachten Sie, dass wir keinerlei Kenntnis vom Inhalt der \u00fcbermittelten Daten und deren Nutzung durch die sozialen Netzwerke und Dienstleister haben und diese auch nicht kontrollieren k\u00f6nnen. Wir betreiben unsere Angebote auf Facebook und Instagram unter den Datenschutzbestimmungen der jeweiligen Plattformbetreiber und tragen f\u00fcr deren Datenverarbeitung keine direkte Verantwortung.<\/p>\n<p>Facebook Inc. besitzt eine g\u00fcltige EU-Privacy-Shield-Zertifizierung und sichert somit Ma\u00dfnahmen und Standards zu, mit denen das Datenschutzniveau in den USA gespeicherter, personenbezogener Daten auf ein EU-Standards entsprechendes Niveau angehoben wird. Die Zertifizierung von Facebook Inc. kann auf der Internetseite <a href=\"http:\/\/www.privacyshield.org\/\">www.privacyshield.org<\/a>abgerufen werden.[\/vc_column_text]<div class=\"ult-spacer spacer-69e0887b29605\" data-id=\"69e0887b29605\" data-height=\"18\" data-height-mobile=\"18\" data-height-tab=\"18\" data-height-tab-portrait=\"\" data-height-mobile-landscape=\"\" style=\"clear:both;display:block;\"><\/div>[vc_column_text]Vimeo[\/vc_column_text]<div class=\"ult-spacer spacer-69e0887b29622\" data-id=\"69e0887b29622\" data-height=\"18\" data-height-mobile=\"18\" data-height-tab=\"18\" data-height-tab-portrait=\"\" data-height-mobile-landscape=\"\" style=\"clear:both;display:block;\"><\/div>[vc_column_text]Wir verwenden Videos und nutzen daf\u00fcr den Dienst Vimeo, Anbieter ist die Vimeo LLC mit Sitz in den USA. Durch die Einbindung der Videos und die M\u00f6glichkeit, unser Video zu liken oder zu teilen wird eine Verbindung zu den Servern von Vimeo hergestellt und dem Server wird mitgeteilt, welche unserer Seiten Sie besucht haben. Zudem erlangt Vimeo Ihre IP-Adresse. Dies gilt auch dann, wenn Sie nicht bei Vimeo eingeloggt sind oder keinen Account bei Vimeo besitzen. Diese Informationen werden in der Regel an einen Server von Vimeo in den USA \u00fcbertragen und dort verarbeitet. Wenn Sie in Ihrem Vimeo-Account eingeloggt sind, erm\u00f6glichen Sie Vimeo, Ihr Surfverhalten direkt Ihrem pers\u00f6nlichen Profil zuzuordnen. Dies k\u00f6nnen Sie verhindern, indem Sie sich aus Ihrem Vimeo-Account ausloggen.<\/p>\n<p>Wir weisen darauf hin, dass wir keinen Einfluss auf die Daten\u00fcbertragung und die Datenverarbeitung bei Vimeo haben.<\/p>\n<p>Die Nutzung von Vimeo erfolgt auf der Grundlage unserer berechtigten Interessen gem\u00e4\u00df Art. 6 Abs. 1 lit. f. DSGVO, um unsere Internetpr\u00e4senz und unser Angebot f\u00fcr Sie zu optimieren und im Interesse einer umfassenden Information \u00fcber unsere Aktivit\u00e4ten und unsere Veranstaltungen.<\/p>\n<p>Mehr Informationen zum Umgang mit Nutzerdaten finden Sie in der Datenschutzerkl\u00e4rung von Vimeo (Link zur Datenschutzerkl\u00e4rung einf\u00fcgen).[\/vc_column_text]<div class=\"ult-spacer spacer-69e0887b2963d\" data-id=\"69e0887b2963d\" data-height=\"18\" data-height-mobile=\"18\" data-height-tab=\"18\" data-height-tab-portrait=\"\" data-height-mobile-landscape=\"\" style=\"clear:both;display:block;\"><\/div>[vc_column_text]Widerspruch gegen Werbe-E-Mails[\/vc_column_text]<div class=\"ult-spacer spacer-69e0887b29656\" data-id=\"69e0887b29656\" data-height=\"18\" data-height-mobile=\"18\" data-height-tab=\"18\" data-height-tab-portrait=\"\" data-height-mobile-landscape=\"\" style=\"clear:both;display:block;\"><\/div>[vc_column_text]Wir widersprechen der Nutzung von im Rahmen der Impressumspflicht ver\u00f6ffentlichten Kontaktdaten zur \u00dcbersendung von nicht ausdr\u00fccklich angeforderter Werbung und Informationsmaterialien.[\/vc_column_text]<div class=\"ult-spacer spacer-69e0887b2966f\" data-id=\"69e0887b2966f\" data-height=\"18\" data-height-mobile=\"18\" data-height-tab=\"18\" data-height-tab-portrait=\"\" data-height-mobile-landscape=\"\" style=\"clear:both;display:block;\"><\/div>[vc_column_text]Kontakt[\/vc_column_text]<div class=\"ult-spacer spacer-69e0887b29688\" data-id=\"69e0887b29688\" data-height=\"18\" data-height-mobile=\"18\" data-height-tab=\"18\" data-height-tab-portrait=\"\" data-height-mobile-landscape=\"\" style=\"clear:both;display:block;\"><\/div>[vc_column_text]Im Zuge der Weiterentwicklung unserer Internetseite und der Rechtsprechung und Gesetze k\u00f6nnen \u00c4nderungen dieser Datenschutzerkl\u00e4rung erforderlich werden. Daher wird empfohlen, sich diese Datenschutzerkl\u00e4rung ab und zu erneut durchzulesen.<\/p>\n<p>Bei all Ihren Fragen und Anliegen zum Datenschutz in unserem Unternehmen wenden Sie sich bitte an \u00a0dm@thefeuerlecollection.org.<\/p>\n<p>&nbsp;<\/p>\n<p>&nbsp;<\/p>\n<p>Datum: 26. November 2018[\/vc_column_text]<div class=\"ult-spacer spacer-69e0887b296a4\" data-id=\"69e0887b296a4\" data-height=\"50\" data-height-mobile=\"50\" data-height-tab=\"50\" data-height-tab-portrait=\"\" data-height-mobile-landscape=\"\" style=\"clear:both;display:block;\"><\/div>[\/vc_column][vc_column width=&#8221;1\/2&#8243; css=&#8221;.vc_custom_1584729890404{background-image: url(https:\/\/fc.imagox.com\/wp-content\/uploads\/2020\/02\/COLLECTION_v04.png?id=60) !important;}&#8221;][\/vc_column][\/vc_row][vc_row ct_row_stretch=&#8221;&#8221;][vc_column][vc_column_text el_class=&#8221;fc-credit-text&#8221;]\n<div class=\"page\" title=\"Page 31\">\n<div class=\"section\">\n<div class=\"layoutArea\">\n<div class=\"column\">\n<p>Head of Avalokiteshvara, Khmer,\u00a0Bayon, 12-13<sup>th<\/sup>C, stone<\/p>\n<\/div>\n<\/div>\n<\/div>\n<\/div>\n[\/vc_column_text]<div class=\"ult-spacer spacer-69e0887b296be\" data-id=\"69e0887b296be\" data-height=\"10\" data-height-mobile=\"10\" data-height-tab=\"10\" data-height-tab-portrait=\"\" data-height-mobile-landscape=\"\" style=\"clear:both;display:block;\"><\/div>[\/vc_column][\/vc_row]\n<\/div>","protected":false},"excerpt":{"rendered":"<p>[vc_row ct_row_stretch=&#8221;stretch_row&#8221; full_height=&#8221;yes&#8221; columns_placement=&#8221;top&#8221; content_placement=&#8221;top&#8221; ct_bg_image=&#8221;60&#8243; ct_bg_repeat=&#8221;no-repeat&#8221; ct_bg_size=&#8221;contain&#8221; ct_bg_position=&#8221;center right&#8221; ct_bg_parallax=&#8221;fixed&#8221;][vc_column width=&#8221;1\/2&#8243;][vc_custom_heading text=&#8221;DATENSCHUTZERKL\u00c4RUNG&#8221; font_container=&#8221;tag:h1|text_align:left&#8221; use_theme_fonts=&#8221;yes&#8221;][vc_column_text]Die nachfolgenden Hinweise geben einen \u00dcberblick \u00fcber die Verarbeitung Ihrer Daten durch die Feuerle Collection. Verantwortliche Stelle im Sinne der Datenschutzgesetze ist die OSO Investments SL, Hallesches Ufer 70, 10963 Berlin, Telefon +49 (0) 30 25792320, dm@thefeuerlecollection.org.[\/vc_column_text][vc_column_text]Ihre Daten[\/vc_column_text][vc_column_text]Sie k\u00f6nnen unsere Internetseite &#8230;<\/p>\n","protected":false},"author":4,"featured_media":0,"parent":0,"menu_order":1,"comment_status":"closed","ping_status":"closed","template":"","meta":{"inline_featured_image":false,"footnotes":""},"class_list":["post-4554","page","type-page","status-publish","hentry"],"yoast_head":"<!-- This site is optimized with the Yoast SEO plugin v27.3 - https:\/\/yoast.com\/product\/yoast-seo-wordpress\/ -->\n<title>DATA PRIVACY POLICY - The Feuerle Collection<\/title>\n<meta name=\"robots\" content=\"index, follow, max-snippet:-1, max-image-preview:large, max-video-preview:-1\" \/>\n<link rel=\"canonical\" href=\"https:\/\/www.thefeuerlecollection.org\/en\/data-privacy-policy\/\" \/>\n<meta property=\"og:locale\" content=\"en_US\" \/>\n<meta property=\"og:type\" content=\"article\" \/>\n<meta property=\"og:title\" content=\"DATA PRIVACY POLICY - The Feuerle Collection\" \/>\n<meta property=\"og:description\" content=\"[vc_row ct_row_stretch=&#8221;stretch_row&#8221; full_height=&#8221;yes&#8221; columns_placement=&#8221;top&#8221; content_placement=&#8221;top&#8221; ct_bg_image=&#8221;60&#8243; ct_bg_repeat=&#8221;no-repeat&#8221; ct_bg_size=&#8221;contain&#8221; ct_bg_position=&#8221;center right&#8221; ct_bg_parallax=&#8221;fixed&#8221;][vc_column width=&#8221;1\/2&#8243;][vc_custom_heading text=&#8221;DATENSCHUTZERKL\u00c4RUNG&#8221; font_container=&#8221;tag:h1|text_align:left&#8221; use_theme_fonts=&#8221;yes&#8221;][vc_column_text]Die nachfolgenden Hinweise geben einen \u00dcberblick \u00fcber die Verarbeitung Ihrer Daten durch die Feuerle Collection. Verantwortliche Stelle im Sinne der Datenschutzgesetze ist die OSO Investments SL, Hallesches Ufer 70, 10963 Berlin, Telefon +49 (0) 30 25792320, dm@thefeuerlecollection.org.[\/vc_column_text][vc_column_text]Ihre Daten[\/vc_column_text][vc_column_text]Sie k\u00f6nnen unsere Internetseite ...\" \/>\n<meta property=\"og:url\" content=\"https:\/\/www.thefeuerlecollection.org\/en\/data-privacy-policy\/\" \/>\n<meta property=\"og:site_name\" content=\"The Feuerle Collection\" \/>\n<meta property=\"article:modified_time\" content=\"2020-11-17T17:34:30+00:00\" \/>\n<meta name=\"twitter:card\" content=\"summary_large_image\" \/>\n<meta name=\"twitter:label1\" content=\"Est. reading time\" \/>\n\t<meta name=\"twitter:data1\" content=\"7 minutes\" \/>\n<script type=\"application\/ld+json\" class=\"yoast-schema-graph\">{\"@context\":\"https:\\\/\\\/schema.org\",\"@graph\":[{\"@type\":\"WebPage\",\"@id\":\"https:\\\/\\\/www.thefeuerlecollection.org\\\/en\\\/data-privacy-policy\\\/\",\"url\":\"https:\\\/\\\/www.thefeuerlecollection.org\\\/en\\\/data-privacy-policy\\\/\",\"name\":\"DATA PRIVACY POLICY - The Feuerle Collection\",\"isPartOf\":{\"@id\":\"https:\\\/\\\/www.thefeuerlecollection.org\\\/en\\\/#website\"},\"datePublished\":\"2020-03-30T19:26:21+00:00\",\"dateModified\":\"2020-11-17T17:34:30+00:00\",\"breadcrumb\":{\"@id\":\"https:\\\/\\\/www.thefeuerlecollection.org\\\/en\\\/data-privacy-policy\\\/#breadcrumb\"},\"inLanguage\":\"en-US\",\"potentialAction\":[{\"@type\":\"ReadAction\",\"target\":[\"https:\\\/\\\/www.thefeuerlecollection.org\\\/en\\\/data-privacy-policy\\\/\"]}]},{\"@type\":\"BreadcrumbList\",\"@id\":\"https:\\\/\\\/www.thefeuerlecollection.org\\\/en\\\/data-privacy-policy\\\/#breadcrumb\",\"itemListElement\":[{\"@type\":\"ListItem\",\"position\":1,\"name\":\"Home\",\"item\":\"https:\\\/\\\/www.thefeuerlecollection.org\\\/en\\\/\"},{\"@type\":\"ListItem\",\"position\":2,\"name\":\"DATA PRIVACY POLICY\"}]},{\"@type\":\"WebSite\",\"@id\":\"https:\\\/\\\/www.thefeuerlecollection.org\\\/en\\\/#website\",\"url\":\"https:\\\/\\\/www.thefeuerlecollection.org\\\/en\\\/\",\"name\":\"The Feuerle Collection\",\"description\":\"Visit our Collection\",\"publisher\":{\"@id\":\"https:\\\/\\\/www.thefeuerlecollection.org\\\/en\\\/#organization\"},\"potentialAction\":[{\"@type\":\"SearchAction\",\"target\":{\"@type\":\"EntryPoint\",\"urlTemplate\":\"https:\\\/\\\/www.thefeuerlecollection.org\\\/en\\\/?s={search_term_string}\"},\"query-input\":{\"@type\":\"PropertyValueSpecification\",\"valueRequired\":true,\"valueName\":\"search_term_string\"}}],\"inLanguage\":\"en-US\"},{\"@type\":\"Organization\",\"@id\":\"https:\\\/\\\/www.thefeuerlecollection.org\\\/en\\\/#organization\",\"name\":\"The Feuerle Collection\",\"url\":\"https:\\\/\\\/www.thefeuerlecollection.org\\\/en\\\/\",\"logo\":{\"@type\":\"ImageObject\",\"inLanguage\":\"en-US\",\"@id\":\"https:\\\/\\\/www.thefeuerlecollection.org\\\/en\\\/#\\\/schema\\\/logo\\\/image\\\/\",\"url\":\"https:\\\/\\\/www.thefeuerlecollection.org\\\/wp-content\\\/uploads\\\/2020\\\/02\\\/the-feuerle-collection_logo_500x158.png\",\"contentUrl\":\"https:\\\/\\\/www.thefeuerlecollection.org\\\/wp-content\\\/uploads\\\/2020\\\/02\\\/the-feuerle-collection_logo_500x158.png\",\"width\":500,\"height\":158,\"caption\":\"The Feuerle Collection\"},\"image\":{\"@id\":\"https:\\\/\\\/www.thefeuerlecollection.org\\\/en\\\/#\\\/schema\\\/logo\\\/image\\\/\"}}]}<\/script>\n<!-- \/ Yoast SEO plugin. -->","yoast_head_json":{"title":"DATA PRIVACY POLICY - The Feuerle Collection","robots":{"index":"index","follow":"follow","max-snippet":"max-snippet:-1","max-image-preview":"max-image-preview:large","max-video-preview":"max-video-preview:-1"},"canonical":"https:\/\/www.thefeuerlecollection.org\/en\/data-privacy-policy\/","og_locale":"en_US","og_type":"article","og_title":"DATA PRIVACY POLICY - The Feuerle Collection","og_description":"[vc_row ct_row_stretch=&#8221;stretch_row&#8221; full_height=&#8221;yes&#8221; columns_placement=&#8221;top&#8221; content_placement=&#8221;top&#8221; ct_bg_image=&#8221;60&#8243; ct_bg_repeat=&#8221;no-repeat&#8221; ct_bg_size=&#8221;contain&#8221; ct_bg_position=&#8221;center right&#8221; ct_bg_parallax=&#8221;fixed&#8221;][vc_column width=&#8221;1\/2&#8243;][vc_custom_heading text=&#8221;DATENSCHUTZERKL\u00c4RUNG&#8221; font_container=&#8221;tag:h1|text_align:left&#8221; use_theme_fonts=&#8221;yes&#8221;][vc_column_text]Die nachfolgenden Hinweise geben einen \u00dcberblick \u00fcber die Verarbeitung Ihrer Daten durch die Feuerle Collection. Verantwortliche Stelle im Sinne der Datenschutzgesetze ist die OSO Investments SL, Hallesches Ufer 70, 10963 Berlin, Telefon +49 (0) 30 25792320, dm@thefeuerlecollection.org.[\/vc_column_text][vc_column_text]Ihre Daten[\/vc_column_text][vc_column_text]Sie k\u00f6nnen unsere Internetseite ...","og_url":"https:\/\/www.thefeuerlecollection.org\/en\/data-privacy-policy\/","og_site_name":"The Feuerle Collection","article_modified_time":"2020-11-17T17:34:30+00:00","twitter_card":"summary_large_image","twitter_misc":{"Est. reading time":"7 minutes"},"schema":{"@context":"https:\/\/schema.org","@graph":[{"@type":"WebPage","@id":"https:\/\/www.thefeuerlecollection.org\/en\/data-privacy-policy\/","url":"https:\/\/www.thefeuerlecollection.org\/en\/data-privacy-policy\/","name":"DATA PRIVACY POLICY - The Feuerle Collection","isPartOf":{"@id":"https:\/\/www.thefeuerlecollection.org\/en\/#website"},"datePublished":"2020-03-30T19:26:21+00:00","dateModified":"2020-11-17T17:34:30+00:00","breadcrumb":{"@id":"https:\/\/www.thefeuerlecollection.org\/en\/data-privacy-policy\/#breadcrumb"},"inLanguage":"en-US","potentialAction":[{"@type":"ReadAction","target":["https:\/\/www.thefeuerlecollection.org\/en\/data-privacy-policy\/"]}]},{"@type":"BreadcrumbList","@id":"https:\/\/www.thefeuerlecollection.org\/en\/data-privacy-policy\/#breadcrumb","itemListElement":[{"@type":"ListItem","position":1,"name":"Home","item":"https:\/\/www.thefeuerlecollection.org\/en\/"},{"@type":"ListItem","position":2,"name":"DATA PRIVACY POLICY"}]},{"@type":"WebSite","@id":"https:\/\/www.thefeuerlecollection.org\/en\/#website","url":"https:\/\/www.thefeuerlecollection.org\/en\/","name":"The Feuerle Collection","description":"Visit our Collection","publisher":{"@id":"https:\/\/www.thefeuerlecollection.org\/en\/#organization"},"potentialAction":[{"@type":"SearchAction","target":{"@type":"EntryPoint","urlTemplate":"https:\/\/www.thefeuerlecollection.org\/en\/?s={search_term_string}"},"query-input":{"@type":"PropertyValueSpecification","valueRequired":true,"valueName":"search_term_string"}}],"inLanguage":"en-US"},{"@type":"Organization","@id":"https:\/\/www.thefeuerlecollection.org\/en\/#organization","name":"The Feuerle Collection","url":"https:\/\/www.thefeuerlecollection.org\/en\/","logo":{"@type":"ImageObject","inLanguage":"en-US","@id":"https:\/\/www.thefeuerlecollection.org\/en\/#\/schema\/logo\/image\/","url":"https:\/\/www.thefeuerlecollection.org\/wp-content\/uploads\/2020\/02\/the-feuerle-collection_logo_500x158.png","contentUrl":"https:\/\/www.thefeuerlecollection.org\/wp-content\/uploads\/2020\/02\/the-feuerle-collection_logo_500x158.png","width":500,"height":158,"caption":"The Feuerle Collection"},"image":{"@id":"https:\/\/www.thefeuerlecollection.org\/en\/#\/schema\/logo\/image\/"}}]}},"_links":{"self":[{"href":"https:\/\/www.thefeuerlecollection.org\/en\/wp-json\/wp\/v2\/pages\/4554","targetHints":{"allow":["GET"]}}],"collection":[{"href":"https:\/\/www.thefeuerlecollection.org\/en\/wp-json\/wp\/v2\/pages"}],"about":[{"href":"https:\/\/www.thefeuerlecollection.org\/en\/wp-json\/wp\/v2\/types\/page"}],"author":[{"embeddable":true,"href":"https:\/\/www.thefeuerlecollection.org\/en\/wp-json\/wp\/v2\/users\/4"}],"replies":[{"embeddable":true,"href":"https:\/\/www.thefeuerlecollection.org\/en\/wp-json\/wp\/v2\/comments?post=4554"}],"version-history":[{"count":9,"href":"https:\/\/www.thefeuerlecollection.org\/en\/wp-json\/wp\/v2\/pages\/4554\/revisions"}],"predecessor-version":[{"id":11408,"href":"https:\/\/www.thefeuerlecollection.org\/en\/wp-json\/wp\/v2\/pages\/4554\/revisions\/11408"}],"wp:attachment":[{"href":"https:\/\/www.thefeuerlecollection.org\/en\/wp-json\/wp\/v2\/media?parent=4554"}],"curies":[{"name":"wp","href":"https:\/\/api.w.org\/{rel}","templated":true}]}}