{"id":282,"date":"2020-03-12T04:24:24","date_gmt":"2020-03-12T02:24:24","guid":{"rendered":"https:\/\/fc.imagox.com\/?page_id=282"},"modified":"2020-06-12T14:35:08","modified_gmt":"2020-06-12T12:35:08","slug":"international-ambassadors","status":"publish","type":"page","link":"https:\/\/www.thefeuerlecollection.org\/en\/international-ambassadors\/","title":{"rendered":"INTERNATIONAL AMBASSADORS"},"content":{"rendered":"<div class=\"wpb-content-wrapper\">[vc_row ct_row_stretch=&#8221;stretch_row&#8221; full_height=&#8221;yes&#8221; columns_placement=&#8221;top&#8221; content_placement=&#8221;top&#8221;][vc_column width=&#8221;1\/12&#8243;][\/vc_column][vc_column width=&#8221;7\/12&#8243;]<div class=\"ult-spacer spacer-69e88c85edecf\" data-id=\"69e88c85edecf\" data-height=\"133\" data-height-mobile=\"133\" data-height-tab=\"133\" data-height-tab-portrait=\"\" data-height-mobile-landscape=\"\" style=\"clear:both;display:block;\"><\/div>[vc_custom_heading text=&#8221;INTERNATIONAL AMBASSADORS<br \/>\nOF THE FEUERLE COLLECTION&#8221; font_container=&#8221;tag:h1|text_align:left&#8221; use_theme_fonts=&#8221;yes&#8221;]<div class=\"ult-spacer spacer-69e88c85edf26\" data-id=\"69e88c85edf26\" data-height=\"35\" data-height-mobile=\"35\" data-height-tab=\"35\" data-height-tab-portrait=\"\" data-height-mobile-landscape=\"\" style=\"clear:both;display:block;\"><\/div>[vc_column_text css=&#8221;.vc_custom_1585851000215{padding-left: 20px !important;}&#8221;]\n<p class=\"p1\">Nicolas Berggruen<br \/>\nPaloma Bot\u00edn O&#8217;Shea<br \/>\nJerry Jen-I Chen<br \/>\nZeng Fanzhi<br \/>\nNorman and Elena Foster<br \/>\nCarolina Herrera<br \/>\nCristina Iglesias<br \/>\nAnish Kapoor<br \/>\n\u00d6mer M. Ko\u00e7<br \/>\nAlicia Koplowitz<br \/>\nPhilippe de Montebello<br \/>\nArend und Brigitte Oetker<br \/>\nJohn Pawson<br \/>\nPiergiorgio Pelassa<br \/>\nPatricia Phelps de Cisneros<br \/>\nMarc Puig<br \/>\nJoan Punyet-Mir\u00f3<br \/>\nRobert Rademacher<br \/>\nPeter Raue<br \/>\nMiquel Roca Junyent<br \/>\nSevil Sabanci<br \/>\nUli Sigg<\/p>\n[\/vc_column_text]<div class=\"ult-spacer spacer-69e88c85edf50\" data-id=\"69e88c85edf50\" data-height=\"100\" data-height-mobile=\"100\" data-height-tab=\"\" data-height-tab-portrait=\"\" data-height-mobile-landscape=\"100\" style=\"clear:both;display:block;\"><\/div>[\/vc_column][vc_column width=&#8221;4\/12&#8243;][\/vc_column][\/vc_row]\n<\/div>","protected":false},"excerpt":{"rendered":"<p>[vc_row ct_row_stretch=&#8221;stretch_row&#8221; full_height=&#8221;yes&#8221; columns_placement=&#8221;top&#8221; content_placement=&#8221;top&#8221;][vc_column width=&#8221;1\/12&#8243;][\/vc_column][vc_column width=&#8221;7\/12&#8243;][vc_custom_heading text=&#8221;INTERNATIONAL AMBASSADORS OF THE FEUERLE COLLECTION&#8221; font_container=&#8221;tag:h1|text_align:left&#8221; use_theme_fonts=&#8221;yes&#8221;][vc_column_text css=&#8221;.vc_custom_1585851000215{padding-left: 20px !important;}&#8221;] Nicolas Berggruen Paloma Bot\u00edn O&#8217;Shea Jerry Jen-I Chen Zeng Fanzhi Norman and Elena Foster Carolina Herrera Cristina Iglesias Anish Kapoor \u00d6mer M. Ko\u00e7 Alicia Koplowitz Philippe de Montebello Arend und Brigitte Oetker John Pawson Piergiorgio Pelassa Patricia &#8230;<\/p>\n","protected":false},"author":1,"featured_media":0,"parent":0,"menu_order":1,"comment_status":"closed","ping_status":"closed","template":"","meta":{"inline_featured_image":false,"footnotes":""},"class_list":["post-282","page","type-page","status-publish","hentry"],"yoast_head":"<!-- This site is optimized with the Yoast SEO plugin v27.3 - https:\/\/yoast.com\/product\/yoast-seo-wordpress\/ -->\n<title>INTERNATIONAL AMBASSADORS - The Feuerle Collection<\/title>\n<meta name=\"robots\" content=\"index, follow, max-snippet:-1, max-image-preview:large, max-video-preview:-1\" \/>\n<link rel=\"canonical\" href=\"https:\/\/www.thefeuerlecollection.org\/en\/international-ambassadors\/\" \/>\n<meta property=\"og:locale\" content=\"en_US\" \/>\n<meta property=\"og:type\" content=\"article\" \/>\n<meta property=\"og:title\" content=\"INTERNATIONAL AMBASSADORS - The Feuerle Collection\" \/>\n<meta property=\"og:description\" content=\"[vc_row ct_row_stretch=&#8221;stretch_row&#8221; full_height=&#8221;yes&#8221; columns_placement=&#8221;top&#8221; content_placement=&#8221;top&#8221;][vc_column width=&#8221;1\/12&#8243;][\/vc_column][vc_column width=&#8221;7\/12&#8243;][vc_custom_heading text=&#8221;INTERNATIONAL AMBASSADORS OF THE FEUERLE COLLECTION&#8221; font_container=&#8221;tag:h1|text_align:left&#8221; use_theme_fonts=&#8221;yes&#8221;][vc_column_text css=&#8221;.vc_custom_1585851000215{padding-left: 20px !important;}&#8221;] Nicolas Berggruen Paloma Bot\u00edn O&#8217;Shea Jerry Jen-I Chen Zeng Fanzhi Norman and Elena Foster Carolina Herrera Cristina Iglesias Anish Kapoor \u00d6mer M. Ko\u00e7 Alicia Koplowitz Philippe de Montebello Arend und Brigitte Oetker John Pawson Piergiorgio Pelassa Patricia ...\" \/>\n<meta property=\"og:url\" content=\"https:\/\/www.thefeuerlecollection.org\/en\/international-ambassadors\/\" \/>\n<meta property=\"og:site_name\" content=\"The Feuerle Collection\" \/>\n<meta property=\"article:modified_time\" content=\"2020-06-12T12:35:08+00:00\" \/>\n<meta name=\"twitter:card\" content=\"summary_large_image\" \/>\n<meta name=\"twitter:label1\" content=\"Est. reading time\" \/>\n\t<meta name=\"twitter:data1\" content=\"1 minute\" \/>\n<script type=\"application\/ld+json\" class=\"yoast-schema-graph\">{\"@context\":\"https:\\\/\\\/schema.org\",\"@graph\":[{\"@type\":\"WebPage\",\"@id\":\"https:\\\/\\\/www.thefeuerlecollection.org\\\/en\\\/international-ambassadors\\\/\",\"url\":\"https:\\\/\\\/www.thefeuerlecollection.org\\\/en\\\/international-ambassadors\\\/\",\"name\":\"INTERNATIONAL AMBASSADORS - The Feuerle Collection\",\"isPartOf\":{\"@id\":\"https:\\\/\\\/www.thefeuerlecollection.org\\\/en\\\/#website\"},\"datePublished\":\"2020-03-12T02:24:24+00:00\",\"dateModified\":\"2020-06-12T12:35:08+00:00\",\"breadcrumb\":{\"@id\":\"https:\\\/\\\/www.thefeuerlecollection.org\\\/en\\\/international-ambassadors\\\/#breadcrumb\"},\"inLanguage\":\"en-US\",\"potentialAction\":[{\"@type\":\"ReadAction\",\"target\":[\"https:\\\/\\\/www.thefeuerlecollection.org\\\/en\\\/international-ambassadors\\\/\"]}]},{\"@type\":\"BreadcrumbList\",\"@id\":\"https:\\\/\\\/www.thefeuerlecollection.org\\\/en\\\/international-ambassadors\\\/#breadcrumb\",\"itemListElement\":[{\"@type\":\"ListItem\",\"position\":1,\"name\":\"Home\",\"item\":\"https:\\\/\\\/www.thefeuerlecollection.org\\\/en\\\/\"},{\"@type\":\"ListItem\",\"position\":2,\"name\":\"INTERNATIONAL AMBASSADORS\"}]},{\"@type\":\"WebSite\",\"@id\":\"https:\\\/\\\/www.thefeuerlecollection.org\\\/en\\\/#website\",\"url\":\"https:\\\/\\\/www.thefeuerlecollection.org\\\/en\\\/\",\"name\":\"The Feuerle Collection\",\"description\":\"Visit our Collection\",\"publisher\":{\"@id\":\"https:\\\/\\\/www.thefeuerlecollection.org\\\/en\\\/#organization\"},\"potentialAction\":[{\"@type\":\"SearchAction\",\"target\":{\"@type\":\"EntryPoint\",\"urlTemplate\":\"https:\\\/\\\/www.thefeuerlecollection.org\\\/en\\\/?s={search_term_string}\"},\"query-input\":{\"@type\":\"PropertyValueSpecification\",\"valueRequired\":true,\"valueName\":\"search_term_string\"}}],\"inLanguage\":\"en-US\"},{\"@type\":\"Organization\",\"@id\":\"https:\\\/\\\/www.thefeuerlecollection.org\\\/en\\\/#organization\",\"name\":\"The Feuerle Collection\",\"url\":\"https:\\\/\\\/www.thefeuerlecollection.org\\\/en\\\/\",\"logo\":{\"@type\":\"ImageObject\",\"inLanguage\":\"en-US\",\"@id\":\"https:\\\/\\\/www.thefeuerlecollection.org\\\/en\\\/#\\\/schema\\\/logo\\\/image\\\/\",\"url\":\"https:\\\/\\\/www.thefeuerlecollection.org\\\/wp-content\\\/uploads\\\/2020\\\/02\\\/the-feuerle-collection_logo_500x158.png\",\"contentUrl\":\"https:\\\/\\\/www.thefeuerlecollection.org\\\/wp-content\\\/uploads\\\/2020\\\/02\\\/the-feuerle-collection_logo_500x158.png\",\"width\":500,\"height\":158,\"caption\":\"The Feuerle Collection\"},\"image\":{\"@id\":\"https:\\\/\\\/www.thefeuerlecollection.org\\\/en\\\/#\\\/schema\\\/logo\\\/image\\\/\"}}]}<\/script>\n<!-- \/ Yoast SEO plugin. -->","yoast_head_json":{"title":"INTERNATIONAL AMBASSADORS - The Feuerle Collection","robots":{"index":"index","follow":"follow","max-snippet":"max-snippet:-1","max-image-preview":"max-image-preview:large","max-video-preview":"max-video-preview:-1"},"canonical":"https:\/\/www.thefeuerlecollection.org\/en\/international-ambassadors\/","og_locale":"en_US","og_type":"article","og_title":"INTERNATIONAL AMBASSADORS - The Feuerle Collection","og_description":"[vc_row ct_row_stretch=&#8221;stretch_row&#8221; full_height=&#8221;yes&#8221; columns_placement=&#8221;top&#8221; content_placement=&#8221;top&#8221;][vc_column width=&#8221;1\/12&#8243;][\/vc_column][vc_column width=&#8221;7\/12&#8243;][vc_custom_heading text=&#8221;INTERNATIONAL AMBASSADORS OF THE FEUERLE COLLECTION&#8221; font_container=&#8221;tag:h1|text_align:left&#8221; use_theme_fonts=&#8221;yes&#8221;][vc_column_text css=&#8221;.vc_custom_1585851000215{padding-left: 20px !important;}&#8221;] Nicolas Berggruen Paloma Bot\u00edn O&#8217;Shea Jerry Jen-I Chen Zeng Fanzhi Norman and Elena Foster Carolina Herrera Cristina Iglesias Anish Kapoor \u00d6mer M. Ko\u00e7 Alicia Koplowitz Philippe de Montebello Arend und Brigitte Oetker John Pawson Piergiorgio Pelassa Patricia ...","og_url":"https:\/\/www.thefeuerlecollection.org\/en\/international-ambassadors\/","og_site_name":"The Feuerle Collection","article_modified_time":"2020-06-12T12:35:08+00:00","twitter_card":"summary_large_image","twitter_misc":{"Est. reading time":"1 minute"},"schema":{"@context":"https:\/\/schema.org","@graph":[{"@type":"WebPage","@id":"https:\/\/www.thefeuerlecollection.org\/en\/international-ambassadors\/","url":"https:\/\/www.thefeuerlecollection.org\/en\/international-ambassadors\/","name":"INTERNATIONAL AMBASSADORS - The Feuerle Collection","isPartOf":{"@id":"https:\/\/www.thefeuerlecollection.org\/en\/#website"},"datePublished":"2020-03-12T02:24:24+00:00","dateModified":"2020-06-12T12:35:08+00:00","breadcrumb":{"@id":"https:\/\/www.thefeuerlecollection.org\/en\/international-ambassadors\/#breadcrumb"},"inLanguage":"en-US","potentialAction":[{"@type":"ReadAction","target":["https:\/\/www.thefeuerlecollection.org\/en\/international-ambassadors\/"]}]},{"@type":"BreadcrumbList","@id":"https:\/\/www.thefeuerlecollection.org\/en\/international-ambassadors\/#breadcrumb","itemListElement":[{"@type":"ListItem","position":1,"name":"Home","item":"https:\/\/www.thefeuerlecollection.org\/en\/"},{"@type":"ListItem","position":2,"name":"INTERNATIONAL AMBASSADORS"}]},{"@type":"WebSite","@id":"https:\/\/www.thefeuerlecollection.org\/en\/#website","url":"https:\/\/www.thefeuerlecollection.org\/en\/","name":"The Feuerle Collection","description":"Visit our Collection","publisher":{"@id":"https:\/\/www.thefeuerlecollection.org\/en\/#organization"},"potentialAction":[{"@type":"SearchAction","target":{"@type":"EntryPoint","urlTemplate":"https:\/\/www.thefeuerlecollection.org\/en\/?s={search_term_string}"},"query-input":{"@type":"PropertyValueSpecification","valueRequired":true,"valueName":"search_term_string"}}],"inLanguage":"en-US"},{"@type":"Organization","@id":"https:\/\/www.thefeuerlecollection.org\/en\/#organization","name":"The Feuerle Collection","url":"https:\/\/www.thefeuerlecollection.org\/en\/","logo":{"@type":"ImageObject","inLanguage":"en-US","@id":"https:\/\/www.thefeuerlecollection.org\/en\/#\/schema\/logo\/image\/","url":"https:\/\/www.thefeuerlecollection.org\/wp-content\/uploads\/2020\/02\/the-feuerle-collection_logo_500x158.png","contentUrl":"https:\/\/www.thefeuerlecollection.org\/wp-content\/uploads\/2020\/02\/the-feuerle-collection_logo_500x158.png","width":500,"height":158,"caption":"The Feuerle Collection"},"image":{"@id":"https:\/\/www.thefeuerlecollection.org\/en\/#\/schema\/logo\/image\/"}}]}},"_links":{"self":[{"href":"https:\/\/www.thefeuerlecollection.org\/en\/wp-json\/wp\/v2\/pages\/282","targetHints":{"allow":["GET"]}}],"collection":[{"href":"https:\/\/www.thefeuerlecollection.org\/en\/wp-json\/wp\/v2\/pages"}],"about":[{"href":"https:\/\/www.thefeuerlecollection.org\/en\/wp-json\/wp\/v2\/types\/page"}],"author":[{"embeddable":true,"href":"https:\/\/www.thefeuerlecollection.org\/en\/wp-json\/wp\/v2\/users\/1"}],"replies":[{"embeddable":true,"href":"https:\/\/www.thefeuerlecollection.org\/en\/wp-json\/wp\/v2\/comments?post=282"}],"version-history":[{"count":24,"href":"https:\/\/www.thefeuerlecollection.org\/en\/wp-json\/wp\/v2\/pages\/282\/revisions"}],"predecessor-version":[{"id":10612,"href":"https:\/\/www.thefeuerlecollection.org\/en\/wp-json\/wp\/v2\/pages\/282\/revisions\/10612"}],"wp:attachment":[{"href":"https:\/\/www.thefeuerlecollection.org\/en\/wp-json\/wp\/v2\/media?parent=282"}],"curies":[{"name":"wp","href":"https:\/\/api.w.org\/{rel}","templated":true}]}}