{"id":23949,"date":"2026-04-22T10:49:13","date_gmt":"2026-04-22T08:49:13","guid":{"rendered":"https:\/\/www.thefeuerlecollection.org\/?page_id=23949"},"modified":"2026-04-22T10:55:30","modified_gmt":"2026-04-22T08:55:30","slug":"adam-fuss-and-a-renaissance-drawing-attributed-to-leonardo-da-vinci-anniversary-exhibition-curated-by-desire-feuerle","status":"publish","type":"page","link":"https:\/\/www.thefeuerlecollection.org\/en\/adam-fuss-and-a-renaissance-drawing-attributed-to-leonardo-da-vinci-anniversary-exhibition-curated-by-desire-feuerle\/","title":{"rendered":"Adam Fuss and a Renaissance Drawing attributed to Leonardo da Vinci. Anniversary Exhibition, curated by D\u00e9sir\u00e9 Feuerle"},"content":{"rendered":"<div class=\"wpb-content-wrapper\">[vc_row ct_row_stretch=&#8221;stretch_row&#8221; full_height=&#8221;yes&#8221; columns_placement=&#8221;top&#8221; content_placement=&#8221;top&#8221;][vc_column width=&#8221;1\/2&#8243;]<div class=\"ult-spacer spacer-69e8b4ebda8e5\" data-id=\"69e8b4ebda8e5\" data-height=\"80\" data-height-mobile=\"50\" data-height-tab=\"\" data-height-tab-portrait=\"\" data-height-mobile-landscape=\"\" style=\"clear:both;display:block;\"><\/div>[vc_custom_heading text=&#8221;Adam Fuss and a Renaissance Drawing attributed to Leonardo da Vinci. Anniversary Exhibition, curated by D\u00e9sir\u00e9 Feuerle&#8221; font_container=&#8221;tag:h1|text_align:left&#8221; use_theme_fonts=&#8221;yes&#8221; css=&#8221;&#8221;]<div class=\"ult-spacer spacer-69e8b4ebda93a\" data-id=\"69e8b4ebda93a\" data-height=\"18\" data-height-mobile=\"18\" data-height-tab=\"18\" data-height-tab-portrait=\"\" data-height-mobile-landscape=\"\" style=\"clear:both;display:block;\"><\/div>[vc_row_inner][vc_column_inner offset=&#8221;vc_hidden-lg&#8221;][vc_single_image image=&#8221;23937&#8243; img_size=&#8221;full&#8221; onclick=&#8221;custom_link&#8221; css=&#8221;&#8221; link=&#8221;https:\/\/www.thefeuerlecollection.org\/en\/book-a-prelude-to-mountain-ghost\/&#8221;][\/vc_column_inner][\/vc_row_inner]<div class=\"ult-spacer spacer-69e8b4ebda969\" data-id=\"69e8b4ebda969\" data-height=\"18\" data-height-mobile=\"18\" data-height-tab=\"18\" data-height-tab-portrait=\"\" data-height-mobile-landscape=\"\" style=\"clear:both;display:block;\"><\/div>[vc_column_text css=&#8221;&#8221;]The Feuerle Collection is pleased to announce the opening of the exhibition Adam Fuss and a Renaissance Drawing attributed to Leonardo da Vinci, curated by D\u00e9sir\u00e9 Feuerle, on April 30, 2026 from 6:00-8.00 pm. This event marks the 10th anniversary of the institution founded by D\u00e9sir\u00e9 Feuerle and Sara Puig, which opened in 2016, also during Gallery Weekend Berlin.<\/p>\n<p>The exhibition presents a selection of recent pieces by British artist Adam Fuss, whose work has been part of the permanent exhibition since its opening in 2016. For this occasion, D\u00e9sir\u00e9 Feuerle juxtaposes photograms and a daguerreotype by the artist with an Italian Renaissance drawing attributed to Leonardo da Vinci.<\/p>\n<p>The anniversary also marks a new phase of the institution. From May 1, 2026, it will continue under the name Feuerle Puig House, while The Feuerle Collection remains as a permanent installation within this broader framework. The new name reflects the multidisciplinary development of the institution\u2019s cultural program over the past ten years, including incense, film, performance, music, meditation, tea, environmental education, and fashion design, and acknowledges the central role of Sara Puig as co-founder.<\/p>\n<p>We would be pleased to welcome you to the public opening. Please confirm your participation with the button below.[\/vc_column_text]<div class=\"ult-spacer spacer-69e8b4ebda9ae\" data-id=\"69e8b4ebda9ae\" data-height=\"30\" data-height-mobile=\"30\" data-height-tab=\"30\" data-height-tab-portrait=\"\" data-height-mobile-landscape=\"\" style=\"clear:both;display:block;\"><\/div>[vc_btn title=&#8221;RSVP HERE&#8221; style=&#8221;flat&#8221; shape=&#8221;square&#8221; size=&#8221;sm&#8221; align=&#8221;left&#8221; css_animation=&#8221;none&#8221; css=&#8221;&#8221; link=&#8221;url:https%3A%2F%2Fdocs.google.com%2Fforms%2Fd%2Fe%2F1FAIpQLScrt7RI_5-fKJuSotYGOv0x-kT2soTCdUyZO8a9LbAKzFPFKA%2Fviewform%3Fusp%3Dheader|target:_blank&#8221; el_class=&#8221;fc-button&#8221;]<div class=\"ult-spacer spacer-69e8b4ebda9eb\" data-id=\"69e8b4ebda9eb\" data-height=\"50\" data-height-mobile=\"50\" data-height-tab=\"50\" data-height-tab-portrait=\"\" data-height-mobile-landscape=\"\" style=\"clear:both;display:block;\"><\/div>[vc_column_text css=&#8221;&#8221;][\/vc_column_text][\/vc_column][vc_column width=&#8221;1\/2&#8243;]<div class=\"ult-spacer spacer-69e8b4ebdaa2f\" data-id=\"69e8b4ebdaa2f\" data-height=\"80\" data-height-mobile=\"10\" data-height-tab=\"\" data-height-tab-portrait=\"\" data-height-mobile-landscape=\"\" style=\"clear:both;display:block;\"><\/div>[vc_row_inner][vc_column_inner offset=&#8221;vc_hidden-xs&#8221;][vc_single_image image=&#8221;23937&#8243; img_size=&#8221;full&#8221; alignment=&#8221;right&#8221; onclick=&#8221;custom_link&#8221; css=&#8221;&#8221; link=&#8221;https:\/\/www.thefeuerlecollection.org\/en\/book-a-prelude-to-mountain-ghost\/&#8221;][\/vc_column_inner][\/vc_row_inner]<div class=\"ult-spacer spacer-69e8b4ebdaa71\" data-id=\"69e8b4ebdaa71\" data-height=\"18\" data-height-mobile=\"18\" data-height-tab=\"18\" data-height-tab-portrait=\"\" data-height-mobile-landscape=\"\" style=\"clear:both;display:block;\"><\/div>[\/vc_column][vc_column][\/vc_column][\/vc_row][vc_row ct_row_stretch=&#8221;&#8221;][vc_column width=&#8221;1\/2&#8243;]<div class=\"ult-spacer spacer-69e8b4ebdaa99\" data-id=\"69e8b4ebdaa99\" data-height=\"10\" data-height-mobile=\"10\" data-height-tab=\"10\" data-height-tab-portrait=\"\" data-height-mobile-landscape=\"\" style=\"clear:both;display:block;\"><\/div>[\/vc_column][vc_column width=&#8221;1\/2&#8243;][\/vc_column][\/vc_row]\n<\/div>","protected":false},"excerpt":{"rendered":"<p>[vc_row ct_row_stretch=&#8221;stretch_row&#8221; full_height=&#8221;yes&#8221; columns_placement=&#8221;top&#8221; content_placement=&#8221;top&#8221;][vc_column width=&#8221;1\/2&#8243;][vc_custom_heading text=&#8221;Adam Fuss and a Renaissance Drawing attributed to Leonardo da Vinci. Anniversary Exhibition, curated by D\u00e9sir\u00e9 Feuerle&#8221; font_container=&#8221;tag:h1|text_align:left&#8221; use_theme_fonts=&#8221;yes&#8221; css=&#8221;&#8221;][vc_row_inner][vc_column_inner offset=&#8221;vc_hidden-lg&#8221;][vc_single_image image=&#8221;23937&#8243; img_size=&#8221;full&#8221; onclick=&#8221;custom_link&#8221; css=&#8221;&#8221; link=&#8221;https:\/\/www.thefeuerlecollection.org\/en\/book-a-prelude-to-mountain-ghost\/&#8221;][\/vc_column_inner][\/vc_row_inner][vc_column_text css=&#8221;&#8221;]The Feuerle Collection is pleased to announce the opening of the exhibition Adam Fuss and a Renaissance Drawing attributed to Leonardo da Vinci, &#8230;<\/p>\n","protected":false},"author":4,"featured_media":0,"parent":0,"menu_order":1,"comment_status":"closed","ping_status":"closed","template":"","meta":{"inline_featured_image":false,"footnotes":""},"class_list":["post-23949","page","type-page","status-publish","hentry"],"yoast_head":"<!-- This site is optimized with the Yoast SEO plugin v27.3 - https:\/\/yoast.com\/product\/yoast-seo-wordpress\/ -->\n<title>Adam Fuss and a Renaissance Drawing attributed to Leonardo da Vinci. Anniversary Exhibition, curated by D\u00e9sir\u00e9 Feuerle - The Feuerle Collection<\/title>\n<meta name=\"robots\" content=\"index, follow, max-snippet:-1, max-image-preview:large, max-video-preview:-1\" \/>\n<link rel=\"canonical\" href=\"https:\/\/www.thefeuerlecollection.org\/en\/adam-fuss-and-a-renaissance-drawing-attributed-to-leonardo-da-vinci-anniversary-exhibition-curated-by-desire-feuerle\/\" \/>\n<meta property=\"og:locale\" content=\"en_US\" \/>\n<meta property=\"og:type\" content=\"article\" \/>\n<meta property=\"og:title\" content=\"Adam Fuss and a Renaissance Drawing attributed to Leonardo da Vinci. Anniversary Exhibition, curated by D\u00e9sir\u00e9 Feuerle - The Feuerle Collection\" \/>\n<meta property=\"og:description\" content=\"[vc_row ct_row_stretch=&#8221;stretch_row&#8221; full_height=&#8221;yes&#8221; columns_placement=&#8221;top&#8221; content_placement=&#8221;top&#8221;][vc_column width=&#8221;1\/2&#8243;][vc_custom_heading text=&#8221;Adam Fuss and a Renaissance Drawing attributed to Leonardo da Vinci. Anniversary Exhibition, curated by D\u00e9sir\u00e9 Feuerle&#8221; font_container=&#8221;tag:h1|text_align:left&#8221; use_theme_fonts=&#8221;yes&#8221; css=&#8221;&#8221;][vc_row_inner][vc_column_inner offset=&#8221;vc_hidden-lg&#8221;][vc_single_image image=&#8221;23937&#8243; img_size=&#8221;full&#8221; onclick=&#8221;custom_link&#8221; css=&#8221;&#8221; link=&#8221;https:\/\/www.thefeuerlecollection.org\/en\/book-a-prelude-to-mountain-ghost\/&#8221;][\/vc_column_inner][\/vc_row_inner][vc_column_text css=&#8221;&#8221;]The Feuerle Collection is pleased to announce the opening of the exhibition Adam Fuss and a Renaissance Drawing attributed to Leonardo da Vinci, ...\" \/>\n<meta property=\"og:url\" content=\"https:\/\/www.thefeuerlecollection.org\/en\/adam-fuss-and-a-renaissance-drawing-attributed-to-leonardo-da-vinci-anniversary-exhibition-curated-by-desire-feuerle\/\" \/>\n<meta property=\"og:site_name\" content=\"The Feuerle Collection\" \/>\n<meta property=\"article:modified_time\" content=\"2026-04-22T08:55:30+00:00\" \/>\n<meta name=\"twitter:card\" content=\"summary_large_image\" \/>\n<meta name=\"twitter:label1\" content=\"Est. reading time\" \/>\n\t<meta name=\"twitter:data1\" content=\"2 minutes\" \/>\n<script type=\"application\/ld+json\" class=\"yoast-schema-graph\">{\"@context\":\"https:\\\/\\\/schema.org\",\"@graph\":[{\"@type\":\"WebPage\",\"@id\":\"https:\\\/\\\/www.thefeuerlecollection.org\\\/en\\\/adam-fuss-and-a-renaissance-drawing-attributed-to-leonardo-da-vinci-anniversary-exhibition-curated-by-desire-feuerle\\\/\",\"url\":\"https:\\\/\\\/www.thefeuerlecollection.org\\\/en\\\/adam-fuss-and-a-renaissance-drawing-attributed-to-leonardo-da-vinci-anniversary-exhibition-curated-by-desire-feuerle\\\/\",\"name\":\"Adam Fuss and a Renaissance Drawing attributed to Leonardo da Vinci. Anniversary Exhibition, curated by D\u00e9sir\u00e9 Feuerle - The Feuerle Collection\",\"isPartOf\":{\"@id\":\"https:\\\/\\\/www.thefeuerlecollection.org\\\/en\\\/#website\"},\"datePublished\":\"2026-04-22T08:49:13+00:00\",\"dateModified\":\"2026-04-22T08:55:30+00:00\",\"breadcrumb\":{\"@id\":\"https:\\\/\\\/www.thefeuerlecollection.org\\\/en\\\/adam-fuss-and-a-renaissance-drawing-attributed-to-leonardo-da-vinci-anniversary-exhibition-curated-by-desire-feuerle\\\/#breadcrumb\"},\"inLanguage\":\"en-US\",\"potentialAction\":[{\"@type\":\"ReadAction\",\"target\":[\"https:\\\/\\\/www.thefeuerlecollection.org\\\/en\\\/adam-fuss-and-a-renaissance-drawing-attributed-to-leonardo-da-vinci-anniversary-exhibition-curated-by-desire-feuerle\\\/\"]}]},{\"@type\":\"BreadcrumbList\",\"@id\":\"https:\\\/\\\/www.thefeuerlecollection.org\\\/en\\\/adam-fuss-and-a-renaissance-drawing-attributed-to-leonardo-da-vinci-anniversary-exhibition-curated-by-desire-feuerle\\\/#breadcrumb\",\"itemListElement\":[{\"@type\":\"ListItem\",\"position\":1,\"name\":\"Home\",\"item\":\"https:\\\/\\\/www.thefeuerlecollection.org\\\/en\\\/\"},{\"@type\":\"ListItem\",\"position\":2,\"name\":\"Adam Fuss and a Renaissance Drawing attributed to Leonardo da Vinci. Anniversary Exhibition, curated by D\u00e9sir\u00e9 Feuerle\"}]},{\"@type\":\"WebSite\",\"@id\":\"https:\\\/\\\/www.thefeuerlecollection.org\\\/en\\\/#website\",\"url\":\"https:\\\/\\\/www.thefeuerlecollection.org\\\/en\\\/\",\"name\":\"The Feuerle Collection\",\"description\":\"Visit our Collection\",\"publisher\":{\"@id\":\"https:\\\/\\\/www.thefeuerlecollection.org\\\/en\\\/#organization\"},\"potentialAction\":[{\"@type\":\"SearchAction\",\"target\":{\"@type\":\"EntryPoint\",\"urlTemplate\":\"https:\\\/\\\/www.thefeuerlecollection.org\\\/en\\\/?s={search_term_string}\"},\"query-input\":{\"@type\":\"PropertyValueSpecification\",\"valueRequired\":true,\"valueName\":\"search_term_string\"}}],\"inLanguage\":\"en-US\"},{\"@type\":\"Organization\",\"@id\":\"https:\\\/\\\/www.thefeuerlecollection.org\\\/en\\\/#organization\",\"name\":\"The Feuerle Collection\",\"url\":\"https:\\\/\\\/www.thefeuerlecollection.org\\\/en\\\/\",\"logo\":{\"@type\":\"ImageObject\",\"inLanguage\":\"en-US\",\"@id\":\"https:\\\/\\\/www.thefeuerlecollection.org\\\/en\\\/#\\\/schema\\\/logo\\\/image\\\/\",\"url\":\"https:\\\/\\\/www.thefeuerlecollection.org\\\/wp-content\\\/uploads\\\/2020\\\/02\\\/the-feuerle-collection_logo_500x158.png\",\"contentUrl\":\"https:\\\/\\\/www.thefeuerlecollection.org\\\/wp-content\\\/uploads\\\/2020\\\/02\\\/the-feuerle-collection_logo_500x158.png\",\"width\":500,\"height\":158,\"caption\":\"The Feuerle Collection\"},\"image\":{\"@id\":\"https:\\\/\\\/www.thefeuerlecollection.org\\\/en\\\/#\\\/schema\\\/logo\\\/image\\\/\"}}]}<\/script>\n<!-- \/ Yoast SEO plugin. -->","yoast_head_json":{"title":"Adam Fuss and a Renaissance Drawing attributed to Leonardo da Vinci. Anniversary Exhibition, curated by D\u00e9sir\u00e9 Feuerle - The Feuerle Collection","robots":{"index":"index","follow":"follow","max-snippet":"max-snippet:-1","max-image-preview":"max-image-preview:large","max-video-preview":"max-video-preview:-1"},"canonical":"https:\/\/www.thefeuerlecollection.org\/en\/adam-fuss-and-a-renaissance-drawing-attributed-to-leonardo-da-vinci-anniversary-exhibition-curated-by-desire-feuerle\/","og_locale":"en_US","og_type":"article","og_title":"Adam Fuss and a Renaissance Drawing attributed to Leonardo da Vinci. Anniversary Exhibition, curated by D\u00e9sir\u00e9 Feuerle - The Feuerle Collection","og_description":"[vc_row ct_row_stretch=&#8221;stretch_row&#8221; full_height=&#8221;yes&#8221; columns_placement=&#8221;top&#8221; content_placement=&#8221;top&#8221;][vc_column width=&#8221;1\/2&#8243;][vc_custom_heading text=&#8221;Adam Fuss and a Renaissance Drawing attributed to Leonardo da Vinci. Anniversary Exhibition, curated by D\u00e9sir\u00e9 Feuerle&#8221; font_container=&#8221;tag:h1|text_align:left&#8221; use_theme_fonts=&#8221;yes&#8221; css=&#8221;&#8221;][vc_row_inner][vc_column_inner offset=&#8221;vc_hidden-lg&#8221;][vc_single_image image=&#8221;23937&#8243; img_size=&#8221;full&#8221; onclick=&#8221;custom_link&#8221; css=&#8221;&#8221; link=&#8221;https:\/\/www.thefeuerlecollection.org\/en\/book-a-prelude-to-mountain-ghost\/&#8221;][\/vc_column_inner][\/vc_row_inner][vc_column_text css=&#8221;&#8221;]The Feuerle Collection is pleased to announce the opening of the exhibition Adam Fuss and a Renaissance Drawing attributed to Leonardo da Vinci, ...","og_url":"https:\/\/www.thefeuerlecollection.org\/en\/adam-fuss-and-a-renaissance-drawing-attributed-to-leonardo-da-vinci-anniversary-exhibition-curated-by-desire-feuerle\/","og_site_name":"The Feuerle Collection","article_modified_time":"2026-04-22T08:55:30+00:00","twitter_card":"summary_large_image","twitter_misc":{"Est. reading time":"2 minutes"},"schema":{"@context":"https:\/\/schema.org","@graph":[{"@type":"WebPage","@id":"https:\/\/www.thefeuerlecollection.org\/en\/adam-fuss-and-a-renaissance-drawing-attributed-to-leonardo-da-vinci-anniversary-exhibition-curated-by-desire-feuerle\/","url":"https:\/\/www.thefeuerlecollection.org\/en\/adam-fuss-and-a-renaissance-drawing-attributed-to-leonardo-da-vinci-anniversary-exhibition-curated-by-desire-feuerle\/","name":"Adam Fuss and a Renaissance Drawing attributed to Leonardo da Vinci. Anniversary Exhibition, curated by D\u00e9sir\u00e9 Feuerle - The Feuerle Collection","isPartOf":{"@id":"https:\/\/www.thefeuerlecollection.org\/en\/#website"},"datePublished":"2026-04-22T08:49:13+00:00","dateModified":"2026-04-22T08:55:30+00:00","breadcrumb":{"@id":"https:\/\/www.thefeuerlecollection.org\/en\/adam-fuss-and-a-renaissance-drawing-attributed-to-leonardo-da-vinci-anniversary-exhibition-curated-by-desire-feuerle\/#breadcrumb"},"inLanguage":"en-US","potentialAction":[{"@type":"ReadAction","target":["https:\/\/www.thefeuerlecollection.org\/en\/adam-fuss-and-a-renaissance-drawing-attributed-to-leonardo-da-vinci-anniversary-exhibition-curated-by-desire-feuerle\/"]}]},{"@type":"BreadcrumbList","@id":"https:\/\/www.thefeuerlecollection.org\/en\/adam-fuss-and-a-renaissance-drawing-attributed-to-leonardo-da-vinci-anniversary-exhibition-curated-by-desire-feuerle\/#breadcrumb","itemListElement":[{"@type":"ListItem","position":1,"name":"Home","item":"https:\/\/www.thefeuerlecollection.org\/en\/"},{"@type":"ListItem","position":2,"name":"Adam Fuss and a Renaissance Drawing attributed to Leonardo da Vinci. Anniversary Exhibition, curated by D\u00e9sir\u00e9 Feuerle"}]},{"@type":"WebSite","@id":"https:\/\/www.thefeuerlecollection.org\/en\/#website","url":"https:\/\/www.thefeuerlecollection.org\/en\/","name":"The Feuerle Collection","description":"Visit our Collection","publisher":{"@id":"https:\/\/www.thefeuerlecollection.org\/en\/#organization"},"potentialAction":[{"@type":"SearchAction","target":{"@type":"EntryPoint","urlTemplate":"https:\/\/www.thefeuerlecollection.org\/en\/?s={search_term_string}"},"query-input":{"@type":"PropertyValueSpecification","valueRequired":true,"valueName":"search_term_string"}}],"inLanguage":"en-US"},{"@type":"Organization","@id":"https:\/\/www.thefeuerlecollection.org\/en\/#organization","name":"The Feuerle Collection","url":"https:\/\/www.thefeuerlecollection.org\/en\/","logo":{"@type":"ImageObject","inLanguage":"en-US","@id":"https:\/\/www.thefeuerlecollection.org\/en\/#\/schema\/logo\/image\/","url":"https:\/\/www.thefeuerlecollection.org\/wp-content\/uploads\/2020\/02\/the-feuerle-collection_logo_500x158.png","contentUrl":"https:\/\/www.thefeuerlecollection.org\/wp-content\/uploads\/2020\/02\/the-feuerle-collection_logo_500x158.png","width":500,"height":158,"caption":"The Feuerle Collection"},"image":{"@id":"https:\/\/www.thefeuerlecollection.org\/en\/#\/schema\/logo\/image\/"}}]}},"_links":{"self":[{"href":"https:\/\/www.thefeuerlecollection.org\/en\/wp-json\/wp\/v2\/pages\/23949","targetHints":{"allow":["GET"]}}],"collection":[{"href":"https:\/\/www.thefeuerlecollection.org\/en\/wp-json\/wp\/v2\/pages"}],"about":[{"href":"https:\/\/www.thefeuerlecollection.org\/en\/wp-json\/wp\/v2\/types\/page"}],"author":[{"embeddable":true,"href":"https:\/\/www.thefeuerlecollection.org\/en\/wp-json\/wp\/v2\/users\/4"}],"replies":[{"embeddable":true,"href":"https:\/\/www.thefeuerlecollection.org\/en\/wp-json\/wp\/v2\/comments?post=23949"}],"version-history":[{"count":1,"href":"https:\/\/www.thefeuerlecollection.org\/en\/wp-json\/wp\/v2\/pages\/23949\/revisions"}],"predecessor-version":[{"id":23966,"href":"https:\/\/www.thefeuerlecollection.org\/en\/wp-json\/wp\/v2\/pages\/23949\/revisions\/23966"}],"wp:attachment":[{"href":"https:\/\/www.thefeuerlecollection.org\/en\/wp-json\/wp\/v2\/media?parent=23949"}],"curies":[{"name":"wp","href":"https:\/\/api.w.org\/{rel}","templated":true}]}}