{"id":7514,"date":"2020-04-06T10:08:45","date_gmt":"2020-04-06T08:08:45","guid":{"rendered":"https:\/\/fc.imagox.com\/the-sara-puig-institute-for-the-arts\/"},"modified":"2020-06-12T14:46:59","modified_gmt":"2020-06-12T12:46:59","slug":"the-sara-puig-institute-for-the-arts","status":"publish","type":"page","link":"https:\/\/www.thefeuerlecollection.org\/de\/the-sara-puig-institute-for-the-arts\/","title":{"rendered":"THE SARA PUIG INSTITUTE FOR THE ARTS"},"content":{"rendered":"<div class=\"wpb-content-wrapper\">[vc_row ct_row_stretch=&#8220;stretch_row&#8220; full_height=&#8220;yes&#8220; columns_placement=&#8220;top&#8220; ct_bg_image=&#8220;62&#8243; ct_bg_repeat=&#8220;no-repeat&#8220; ct_bg_size=&#8220;contain&#8220; ct_bg_position=&#8220;center right&#8220;][vc_column width=&#8220;1\/2&#8243;]<div class=\"ult-spacer spacer-69deada393478\" data-id=\"69deada393478\" data-height=\"133\" data-height-mobile=\"133\" data-height-tab=\"133\" data-height-tab-portrait=\"\" data-height-mobile-landscape=\"\" style=\"clear:both;display:block;\"><\/div>[vc_custom_heading text=&#8220;THE SARA PUIG INSTITUTE FOR THE ARTS&#8220; font_container=&#8220;tag:h1|text_align:left&#8220; use_theme_fonts=&#8220;yes&#8220;]<div class=\"ult-spacer spacer-69deada3934bf\" data-id=\"69deada3934bf\" data-height=\"18\" data-height-mobile=\"18\" data-height-tab=\"18\" data-height-tab-portrait=\"\" data-height-mobile-landscape=\"\" style=\"clear:both;display:block;\"><\/div>[vc_column_text]Das Sara Puig Institute for The Arts wurde mit dem Ziel gegr\u00fcndet, die permanente Ausstellung der Feuerle Collection, inklusive des Feuerle Incense Room zu zeigen, sowie neue tempor\u00e4re Projekte, die von D\u00e9sir\u00e9 Feuerle kuratiert werden. Au\u00dferdem wird das Institute einen regen interinstitutionellen Austausch um das Feuerle-Konzept f\u00f6rdern und als Location f\u00fcr Sonderveranstaltungen dienen.<\/p>\n<p>Das Sara Puig Institute for The Arts hat seinen offiziellen Sitz am Halleschen Ufer 70, Berlin Kreuzberg, im ehemaligen Telekommunikationsbunker, der von John Pawson renoviert wurde. Dieser hat seine T\u00fcren ge\u00f6ffnet, um der Welt die Gelegenheit zu bieten, an D\u00e9sir\u00e9 Feuerles Privatsammlung sowie bahnbrechendem Verst\u00e4ndnis der Kunst und kuratorischer Vision teilzuhaben.<\/p>\n<p>Sara Puig ist Gr\u00fcnderin des Sara Puig Institute for The Arts und aktuelle Pr\u00e4sidentin der Fundaci\u00f3 Joan Mir\u00f3 in Barcelona, in der sie seit 2014 als Trustee diente. Von 1998 bis 2013 war sie Direktorin der Fundaci\u00f3n Francisco Godia in Barcelona, Spanien.<\/p>\n<p>F\u00fcr mehr Informationen kontaktieren Sie uns bitte unter <a href=\"mailto:info@thefeuerlecollection.org\">info@thefeuerlecollection.org.<\/a>[\/vc_column_text]<div class=\"ult-spacer spacer-69deada3934ea\" data-id=\"69deada3934ea\" data-height=\"\" data-height-mobile=\"100\" data-height-tab=\"\" data-height-tab-portrait=\"\" data-height-mobile-landscape=\"100\" style=\"clear:both;display:block;\"><\/div>[\/vc_column][vc_column width=&#8220;1\/2&#8243;][\/vc_column][\/vc_row][vc_row ct_row_stretch=&#8220;&#8220;][vc_column][vc_column_text el_class=&#8220;fc-credit-text&#8220;]Kopf von Avalokiteshvara, Khmer,\u00a0Bayon-Stil, 12.-13. Jahrhundert, Stein[\/vc_column_text]<div class=\"ult-spacer spacer-69deada393519\" data-id=\"69deada393519\" data-height=\"10\" data-height-mobile=\"10\" data-height-tab=\"10\" data-height-tab-portrait=\"\" data-height-mobile-landscape=\"\" style=\"clear:both;display:block;\"><\/div>[\/vc_column][\/vc_row]\n<\/div>","protected":false},"excerpt":{"rendered":"<p>[vc_row ct_row_stretch=&#8220;stretch_row&#8220; full_height=&#8220;yes&#8220; columns_placement=&#8220;top&#8220; ct_bg_image=&#8220;62&#8243; ct_bg_repeat=&#8220;no-repeat&#8220; ct_bg_size=&#8220;contain&#8220; ct_bg_position=&#8220;center right&#8220;][vc_column width=&#8220;1\/2&#8243;][vc_custom_heading text=&#8220;THE SARA PUIG INSTITUTE FOR THE ARTS&#8220; font_container=&#8220;tag:h1|text_align:left&#8220; use_theme_fonts=&#8220;yes&#8220;][vc_column_text]Das Sara Puig Institute for The Arts wurde mit dem Ziel gegr\u00fcndet, die permanente Ausstellung der Feuerle Collection, inklusive des Feuerle Incense Room zu zeigen, sowie neue tempor\u00e4re Projekte, die von D\u00e9sir\u00e9 Feuerle kuratiert werden. Au\u00dferdem wird &#8230;<\/p>\n","protected":false},"author":4,"featured_media":0,"parent":0,"menu_order":0,"comment_status":"closed","ping_status":"closed","template":"","meta":{"inline_featured_image":false,"footnotes":""},"class_list":["post-7514","page","type-page","status-publish","hentry"],"yoast_head":"<!-- This site is optimized with the Yoast SEO plugin v27.3 - https:\/\/yoast.com\/product\/yoast-seo-wordpress\/ -->\n<title>THE SARA PUIG INSTITUTE FOR THE ARTS - The Feuerle Collection<\/title>\n<meta name=\"robots\" content=\"index, follow, max-snippet:-1, max-image-preview:large, max-video-preview:-1\" \/>\n<link rel=\"canonical\" href=\"https:\/\/www.thefeuerlecollection.org\/de\/the-sara-puig-institute-for-the-arts\/\" \/>\n<meta property=\"og:locale\" content=\"de_DE\" \/>\n<meta property=\"og:type\" content=\"article\" \/>\n<meta property=\"og:title\" content=\"THE SARA PUIG INSTITUTE FOR THE ARTS - The Feuerle Collection\" \/>\n<meta property=\"og:description\" content=\"[vc_row ct_row_stretch=&#8220;stretch_row&#8220; full_height=&#8220;yes&#8220; columns_placement=&#8220;top&#8220; ct_bg_image=&#8220;62&#8243; ct_bg_repeat=&#8220;no-repeat&#8220; ct_bg_size=&#8220;contain&#8220; ct_bg_position=&#8220;center right&#8220;][vc_column width=&#8220;1\/2&#8243;][vc_custom_heading text=&#8220;THE SARA PUIG INSTITUTE FOR THE ARTS&#8220; font_container=&#8220;tag:h1|text_align:left&#8220; use_theme_fonts=&#8220;yes&#8220;][vc_column_text]Das Sara Puig Institute for The Arts wurde mit dem Ziel gegr\u00fcndet, die permanente Ausstellung der Feuerle Collection, inklusive des Feuerle Incense Room zu zeigen, sowie neue tempor\u00e4re Projekte, die von D\u00e9sir\u00e9 Feuerle kuratiert werden. Au\u00dferdem wird ...\" \/>\n<meta property=\"og:url\" content=\"https:\/\/www.thefeuerlecollection.org\/de\/the-sara-puig-institute-for-the-arts\/\" \/>\n<meta property=\"og:site_name\" content=\"The Feuerle Collection\" \/>\n<meta property=\"article:modified_time\" content=\"2020-06-12T12:46:59+00:00\" \/>\n<meta name=\"twitter:card\" content=\"summary_large_image\" \/>\n<meta name=\"twitter:label1\" content=\"Gesch\u00e4tzte Lesezeit\" \/>\n\t<meta name=\"twitter:data1\" content=\"1\u00a0Minute\" \/>\n<script type=\"application\/ld+json\" class=\"yoast-schema-graph\">{\"@context\":\"https:\\\/\\\/schema.org\",\"@graph\":[{\"@type\":\"WebPage\",\"@id\":\"https:\\\/\\\/www.thefeuerlecollection.org\\\/de\\\/the-sara-puig-institute-for-the-arts\\\/\",\"url\":\"https:\\\/\\\/www.thefeuerlecollection.org\\\/de\\\/the-sara-puig-institute-for-the-arts\\\/\",\"name\":\"THE SARA PUIG INSTITUTE FOR THE ARTS - The Feuerle Collection\",\"isPartOf\":{\"@id\":\"https:\\\/\\\/www.thefeuerlecollection.org\\\/de\\\/#website\"},\"datePublished\":\"2020-04-06T08:08:45+00:00\",\"dateModified\":\"2020-06-12T12:46:59+00:00\",\"breadcrumb\":{\"@id\":\"https:\\\/\\\/www.thefeuerlecollection.org\\\/de\\\/the-sara-puig-institute-for-the-arts\\\/#breadcrumb\"},\"inLanguage\":\"de\",\"potentialAction\":[{\"@type\":\"ReadAction\",\"target\":[\"https:\\\/\\\/www.thefeuerlecollection.org\\\/de\\\/the-sara-puig-institute-for-the-arts\\\/\"]}]},{\"@type\":\"BreadcrumbList\",\"@id\":\"https:\\\/\\\/www.thefeuerlecollection.org\\\/de\\\/the-sara-puig-institute-for-the-arts\\\/#breadcrumb\",\"itemListElement\":[{\"@type\":\"ListItem\",\"position\":1,\"name\":\"Home\",\"item\":\"https:\\\/\\\/www.thefeuerlecollection.org\\\/de\\\/\"},{\"@type\":\"ListItem\",\"position\":2,\"name\":\"THE SARA PUIG INSTITUTE FOR THE ARTS\"}]},{\"@type\":\"WebSite\",\"@id\":\"https:\\\/\\\/www.thefeuerlecollection.org\\\/de\\\/#website\",\"url\":\"https:\\\/\\\/www.thefeuerlecollection.org\\\/de\\\/\",\"name\":\"The Feuerle Collection\",\"description\":\"Visit our Collection\",\"publisher\":{\"@id\":\"https:\\\/\\\/www.thefeuerlecollection.org\\\/de\\\/#organization\"},\"potentialAction\":[{\"@type\":\"SearchAction\",\"target\":{\"@type\":\"EntryPoint\",\"urlTemplate\":\"https:\\\/\\\/www.thefeuerlecollection.org\\\/de\\\/?s={search_term_string}\"},\"query-input\":{\"@type\":\"PropertyValueSpecification\",\"valueRequired\":true,\"valueName\":\"search_term_string\"}}],\"inLanguage\":\"de\"},{\"@type\":\"Organization\",\"@id\":\"https:\\\/\\\/www.thefeuerlecollection.org\\\/de\\\/#organization\",\"name\":\"The Feuerle Collection\",\"url\":\"https:\\\/\\\/www.thefeuerlecollection.org\\\/de\\\/\",\"logo\":{\"@type\":\"ImageObject\",\"inLanguage\":\"de\",\"@id\":\"https:\\\/\\\/www.thefeuerlecollection.org\\\/de\\\/#\\\/schema\\\/logo\\\/image\\\/\",\"url\":\"https:\\\/\\\/www.thefeuerlecollection.org\\\/wp-content\\\/uploads\\\/2020\\\/02\\\/the-feuerle-collection_logo_500x158.png\",\"contentUrl\":\"https:\\\/\\\/www.thefeuerlecollection.org\\\/wp-content\\\/uploads\\\/2020\\\/02\\\/the-feuerle-collection_logo_500x158.png\",\"width\":500,\"height\":158,\"caption\":\"The Feuerle Collection\"},\"image\":{\"@id\":\"https:\\\/\\\/www.thefeuerlecollection.org\\\/de\\\/#\\\/schema\\\/logo\\\/image\\\/\"}}]}<\/script>\n<!-- \/ Yoast SEO plugin. -->","yoast_head_json":{"title":"THE SARA PUIG INSTITUTE FOR THE ARTS - The Feuerle Collection","robots":{"index":"index","follow":"follow","max-snippet":"max-snippet:-1","max-image-preview":"max-image-preview:large","max-video-preview":"max-video-preview:-1"},"canonical":"https:\/\/www.thefeuerlecollection.org\/de\/the-sara-puig-institute-for-the-arts\/","og_locale":"de_DE","og_type":"article","og_title":"THE SARA PUIG INSTITUTE FOR THE ARTS - The Feuerle Collection","og_description":"[vc_row ct_row_stretch=&#8220;stretch_row&#8220; full_height=&#8220;yes&#8220; columns_placement=&#8220;top&#8220; ct_bg_image=&#8220;62&#8243; ct_bg_repeat=&#8220;no-repeat&#8220; ct_bg_size=&#8220;contain&#8220; ct_bg_position=&#8220;center right&#8220;][vc_column width=&#8220;1\/2&#8243;][vc_custom_heading text=&#8220;THE SARA PUIG INSTITUTE FOR THE ARTS&#8220; font_container=&#8220;tag:h1|text_align:left&#8220; use_theme_fonts=&#8220;yes&#8220;][vc_column_text]Das Sara Puig Institute for The Arts wurde mit dem Ziel gegr\u00fcndet, die permanente Ausstellung der Feuerle Collection, inklusive des Feuerle Incense Room zu zeigen, sowie neue tempor\u00e4re Projekte, die von D\u00e9sir\u00e9 Feuerle kuratiert werden. Au\u00dferdem wird ...","og_url":"https:\/\/www.thefeuerlecollection.org\/de\/the-sara-puig-institute-for-the-arts\/","og_site_name":"The Feuerle Collection","article_modified_time":"2020-06-12T12:46:59+00:00","twitter_card":"summary_large_image","twitter_misc":{"Gesch\u00e4tzte Lesezeit":"1\u00a0Minute"},"schema":{"@context":"https:\/\/schema.org","@graph":[{"@type":"WebPage","@id":"https:\/\/www.thefeuerlecollection.org\/de\/the-sara-puig-institute-for-the-arts\/","url":"https:\/\/www.thefeuerlecollection.org\/de\/the-sara-puig-institute-for-the-arts\/","name":"THE SARA PUIG INSTITUTE FOR THE ARTS - The Feuerle Collection","isPartOf":{"@id":"https:\/\/www.thefeuerlecollection.org\/de\/#website"},"datePublished":"2020-04-06T08:08:45+00:00","dateModified":"2020-06-12T12:46:59+00:00","breadcrumb":{"@id":"https:\/\/www.thefeuerlecollection.org\/de\/the-sara-puig-institute-for-the-arts\/#breadcrumb"},"inLanguage":"de","potentialAction":[{"@type":"ReadAction","target":["https:\/\/www.thefeuerlecollection.org\/de\/the-sara-puig-institute-for-the-arts\/"]}]},{"@type":"BreadcrumbList","@id":"https:\/\/www.thefeuerlecollection.org\/de\/the-sara-puig-institute-for-the-arts\/#breadcrumb","itemListElement":[{"@type":"ListItem","position":1,"name":"Home","item":"https:\/\/www.thefeuerlecollection.org\/de\/"},{"@type":"ListItem","position":2,"name":"THE SARA PUIG INSTITUTE FOR THE ARTS"}]},{"@type":"WebSite","@id":"https:\/\/www.thefeuerlecollection.org\/de\/#website","url":"https:\/\/www.thefeuerlecollection.org\/de\/","name":"The Feuerle Collection","description":"Visit our Collection","publisher":{"@id":"https:\/\/www.thefeuerlecollection.org\/de\/#organization"},"potentialAction":[{"@type":"SearchAction","target":{"@type":"EntryPoint","urlTemplate":"https:\/\/www.thefeuerlecollection.org\/de\/?s={search_term_string}"},"query-input":{"@type":"PropertyValueSpecification","valueRequired":true,"valueName":"search_term_string"}}],"inLanguage":"de"},{"@type":"Organization","@id":"https:\/\/www.thefeuerlecollection.org\/de\/#organization","name":"The Feuerle Collection","url":"https:\/\/www.thefeuerlecollection.org\/de\/","logo":{"@type":"ImageObject","inLanguage":"de","@id":"https:\/\/www.thefeuerlecollection.org\/de\/#\/schema\/logo\/image\/","url":"https:\/\/www.thefeuerlecollection.org\/wp-content\/uploads\/2020\/02\/the-feuerle-collection_logo_500x158.png","contentUrl":"https:\/\/www.thefeuerlecollection.org\/wp-content\/uploads\/2020\/02\/the-feuerle-collection_logo_500x158.png","width":500,"height":158,"caption":"The Feuerle Collection"},"image":{"@id":"https:\/\/www.thefeuerlecollection.org\/de\/#\/schema\/logo\/image\/"}}]}},"_links":{"self":[{"href":"https:\/\/www.thefeuerlecollection.org\/de\/wp-json\/wp\/v2\/pages\/7514","targetHints":{"allow":["GET"]}}],"collection":[{"href":"https:\/\/www.thefeuerlecollection.org\/de\/wp-json\/wp\/v2\/pages"}],"about":[{"href":"https:\/\/www.thefeuerlecollection.org\/de\/wp-json\/wp\/v2\/types\/page"}],"author":[{"embeddable":true,"href":"https:\/\/www.thefeuerlecollection.org\/de\/wp-json\/wp\/v2\/users\/4"}],"replies":[{"embeddable":true,"href":"https:\/\/www.thefeuerlecollection.org\/de\/wp-json\/wp\/v2\/comments?post=7514"}],"version-history":[{"count":17,"href":"https:\/\/www.thefeuerlecollection.org\/de\/wp-json\/wp\/v2\/pages\/7514\/revisions"}],"predecessor-version":[{"id":10663,"href":"https:\/\/www.thefeuerlecollection.org\/de\/wp-json\/wp\/v2\/pages\/7514\/revisions\/10663"}],"wp:attachment":[{"href":"https:\/\/www.thefeuerlecollection.org\/de\/wp-json\/wp\/v2\/media?parent=7514"}],"curies":[{"name":"wp","href":"https:\/\/api.w.org\/{rel}","templated":true}]}}