{"id":7511,"date":"2020-04-06T09:58:14","date_gmt":"2020-04-06T07:58:14","guid":{"rendered":"https:\/\/fc.imagox.com\/?page_id=7511"},"modified":"2020-06-12T14:45:27","modified_gmt":"2020-06-12T12:45:27","slug":"history-of-incense","status":"publish","type":"page","link":"https:\/\/www.thefeuerlecollection.org\/de\/history-of-incense\/","title":{"rendered":"GESCHICHTE DER INCENSE-KULTUR IN CHINA"},"content":{"rendered":"<div class=\"wpb-content-wrapper\">[vc_row ct_row_stretch=&#8220;&#8220;][vc_column width=&#8220;1\/2&#8243;]<div class=\"ult-spacer spacer-69ec4807df85e\" data-id=\"69ec4807df85e\" data-height=\"133\" data-height-mobile=\"133\" data-height-tab=\"133\" data-height-tab-portrait=\"\" data-height-mobile-landscape=\"\" style=\"clear:both;display:block;\"><\/div>[vc_custom_heading text=&#8220;EINE KURZE GESCHICHTE DER INCENSE-KULTUR IN CHINA&#8220; font_container=&#8220;tag:h1|text_align:left&#8220; use_theme_fonts=&#8220;yes&#8220;]<div class=\"ult-spacer spacer-69ec4807df8c3\" data-id=\"69ec4807df8c3\" data-height=\"18\" data-height-mobile=\"18\" data-height-tab=\"18\" data-height-tab-portrait=\"\" data-height-mobile-landscape=\"\" style=\"clear:both;display:block;\"><\/div>[vc_column_text]\n<div class=\"page\" title=\"Page 2\">\n<div class=\"layoutArea\">\n<div class=\"column\">\n<p>Die chinesische Incense-Kultur l\u00e4sst sich \u00fcber Tausende von Jahren bis in die Han-Dynastie (206 v. Chr.\u2013220 n. Chr.) zur\u00fcckverfolgen. Incense diente zur Aromatisierung von R\u00e4umen und Kleidung, als fester Bestandteil der buddhis-tischen Praxis und als Freizeitbesch\u00e4ftigung f\u00fcr Gelehrte und W\u00fcrdentr\u00e4ger. Es findet in den buddhistischen Schriften Erw\u00e4hnung und spielt bei buddhistischen Zeremonien eine wichtige Rolle. Durch den Buddhismus fand die Verwendung von Incense denn auch den Weg von China nach Japan.<\/p>\n<p>Die f\u00fcr die komplexe Incense-Zeremonie ben\u00f6tigten Hilfsmittel wurden eigens zu diesem Zweck hergestellt und ver\u00e4nderten sich im Lauf der Zeit, von solchen aus Porzellan w\u00e4hrend der Song- Dynastie (960\u20131279) \u00fcber Xuande-Kupferst\u00f6vchen in der Ming-Dynastie (1368\u20131644) bis zu verschiedenen Ger\u00e4tschaften in der Qing-Dynastie (1644\u20131912).<\/p>\n<p>Einen deutlichen Aufschwung erlebte die Incense-Kultur in China w\u00e4hrend der Tang-Dynastie (618\u2013907), beg\u00fcnstigt durch intensive Handelst\u00e4tigkeit, die Verbreitung des buddhistischen Glaubens und regen Austausch mit anderen L\u00e4ndern, nicht zuletzt \u00fcber die ber\u00fchmte Seidenstra\u00dfe. F\u00fcr Incense-Zeremonien wurden zu jener Zeit vor allem Agarholz, Kampfer, das Harz des Storaxbaums (<em>Styrax officinalis<\/em>), Gew\u00fcrznelken und Fl\u00fcgelfruchtgew\u00e4chse verwendet. Als edelster Aromastoff galt dabei das Agarholz, von dem insbesondere die herrschende Klasse kaum genug bekommen konnte.<\/p>\n<p>Ihren H\u00f6hepunkt erreichte die Verwendung von Incense in China w\u00e4hrend der Song-Dynastie. Unter Edelleuten waren Incense-Zeremonien in eigens daf\u00fcr errichteten R\u00e4umen ein beliebter Zeitvertreib, der kaiserliche Hof gr\u00fcndete eine \u201eKammer f\u00fcr Incense und Heilmittel\u201c, die die Einfuhr von Agarholz und anderen Aromastoffen \u00fcberwachte, und Gelehrte und Aristokraten verwendeten D\u00fcfte als Inspiration f\u00fcr Gedichte, beim Musizieren, zur atmosph\u00e4rischen Untermalung von Banketten oder w\u00e4hrend der Meditation. Auch in der Ming- und der Qing- Dynastie blieb Incense sehr beliebt, sei es bei gesellschaftlichen Anl\u00e4ssen oder als allt\u00e4gliches Freizeitvergn\u00fcgen.<\/p>\n<p>In der Song-Dynastie soll der Wert von Agarholz seinem Gewicht in Gold entsprochen haben, und auch heute noch gilt Agarholz der h\u00f6chsten G\u00fcteklasse als einer der teuersten nat\u00fcrlichen Rohstoffe der Welt. Es entsteht im Kernholz des Adlerholzbaums, wenn dieses verletzt wird, etwa durch Kratzer von Tieren, Insektenbefall, St\u00fcrme oder Blitzeinschl\u00e4ge, und die Holzfasern von Pilzen infiziert werden. In der Folge produziert der Baum ein Harz, das die Wunden verschlie\u00dft \u2013 ein Vorgang, der Dutzende, Hunderte oder gar Tausende von Jahren dauern kann, bis das verharzte Holz die gew\u00fcnschten nat\u00fcrlichen Duft-Eigenschaften aufweist.<\/p><\/div>\n<\/div>\n<\/div>\n[\/vc_column_text]<div class=\"ult-spacer spacer-69ec4807df904\" data-id=\"69ec4807df904\" data-height=\"80\" data-height-mobile=\"130\" data-height-tab=\"\" data-height-tab-portrait=\"\" data-height-mobile-landscape=\"130\" style=\"clear:both;display:block;\"><\/div>[\/vc_column][vc_column width=&#8220;1\/2&#8243;][\/vc_column][\/vc_row]\n<\/div>","protected":false},"excerpt":{"rendered":"<p>[vc_row ct_row_stretch=&#8220;&#8220;][vc_column width=&#8220;1\/2&#8243;][vc_custom_heading text=&#8220;EINE KURZE GESCHICHTE DER INCENSE-KULTUR IN CHINA&#8220; font_container=&#8220;tag:h1|text_align:left&#8220; use_theme_fonts=&#8220;yes&#8220;][vc_column_text] Die chinesische Incense-Kultur l\u00e4sst sich \u00fcber Tausende von Jahren bis in die Han-Dynastie (206 v. Chr.\u2013220 n. Chr.) zur\u00fcckverfolgen. Incense diente zur Aromatisierung von R\u00e4umen und Kleidung, als fester Bestandteil der buddhis-tischen Praxis und als Freizeitbesch\u00e4ftigung f\u00fcr Gelehrte und W\u00fcrdentr\u00e4ger. Es findet in &#8230;<\/p>\n","protected":false},"author":4,"featured_media":0,"parent":0,"menu_order":0,"comment_status":"closed","ping_status":"closed","template":"","meta":{"inline_featured_image":false,"footnotes":""},"class_list":["post-7511","page","type-page","status-publish","hentry"],"yoast_head":"<!-- This site is optimized with the Yoast SEO plugin v27.3 - https:\/\/yoast.com\/product\/yoast-seo-wordpress\/ -->\n<title>GESCHICHTE DER INCENSE-KULTUR IN CHINA - The Feuerle Collection<\/title>\n<meta name=\"robots\" content=\"index, follow, max-snippet:-1, max-image-preview:large, max-video-preview:-1\" \/>\n<link rel=\"canonical\" href=\"https:\/\/www.thefeuerlecollection.org\/de\/history-of-incense\/\" \/>\n<meta property=\"og:locale\" content=\"de_DE\" \/>\n<meta property=\"og:type\" content=\"article\" \/>\n<meta property=\"og:title\" content=\"GESCHICHTE DER INCENSE-KULTUR IN CHINA - The Feuerle Collection\" \/>\n<meta property=\"og:description\" content=\"[vc_row ct_row_stretch=&#8220;&#8220;][vc_column width=&#8220;1\/2&#8243;][vc_custom_heading text=&#8220;EINE KURZE GESCHICHTE DER INCENSE-KULTUR IN CHINA&#8220; font_container=&#8220;tag:h1|text_align:left&#8220; use_theme_fonts=&#8220;yes&#8220;][vc_column_text] Die chinesische Incense-Kultur l\u00e4sst sich \u00fcber Tausende von Jahren bis in die Han-Dynastie (206 v. Chr.\u2013220 n. Chr.) zur\u00fcckverfolgen. Incense diente zur Aromatisierung von R\u00e4umen und Kleidung, als fester Bestandteil der buddhis-tischen Praxis und als Freizeitbesch\u00e4ftigung f\u00fcr Gelehrte und W\u00fcrdentr\u00e4ger. Es findet in ...\" \/>\n<meta property=\"og:url\" content=\"https:\/\/www.thefeuerlecollection.org\/de\/history-of-incense\/\" \/>\n<meta property=\"og:site_name\" content=\"The Feuerle Collection\" \/>\n<meta property=\"article:modified_time\" content=\"2020-06-12T12:45:27+00:00\" \/>\n<meta name=\"twitter:card\" content=\"summary_large_image\" \/>\n<meta name=\"twitter:label1\" content=\"Gesch\u00e4tzte Lesezeit\" \/>\n\t<meta name=\"twitter:data1\" content=\"2\u00a0Minuten\" \/>\n<script type=\"application\/ld+json\" class=\"yoast-schema-graph\">{\"@context\":\"https:\\\/\\\/schema.org\",\"@graph\":[{\"@type\":\"WebPage\",\"@id\":\"https:\\\/\\\/www.thefeuerlecollection.org\\\/de\\\/history-of-incense\\\/\",\"url\":\"https:\\\/\\\/www.thefeuerlecollection.org\\\/de\\\/history-of-incense\\\/\",\"name\":\"GESCHICHTE DER INCENSE-KULTUR IN CHINA - The Feuerle Collection\",\"isPartOf\":{\"@id\":\"https:\\\/\\\/www.thefeuerlecollection.org\\\/de\\\/#website\"},\"datePublished\":\"2020-04-06T07:58:14+00:00\",\"dateModified\":\"2020-06-12T12:45:27+00:00\",\"breadcrumb\":{\"@id\":\"https:\\\/\\\/www.thefeuerlecollection.org\\\/de\\\/history-of-incense\\\/#breadcrumb\"},\"inLanguage\":\"de\",\"potentialAction\":[{\"@type\":\"ReadAction\",\"target\":[\"https:\\\/\\\/www.thefeuerlecollection.org\\\/de\\\/history-of-incense\\\/\"]}]},{\"@type\":\"BreadcrumbList\",\"@id\":\"https:\\\/\\\/www.thefeuerlecollection.org\\\/de\\\/history-of-incense\\\/#breadcrumb\",\"itemListElement\":[{\"@type\":\"ListItem\",\"position\":1,\"name\":\"Home\",\"item\":\"https:\\\/\\\/www.thefeuerlecollection.org\\\/de\\\/\"},{\"@type\":\"ListItem\",\"position\":2,\"name\":\"GESCHICHTE DER INCENSE-KULTUR IN CHINA\"}]},{\"@type\":\"WebSite\",\"@id\":\"https:\\\/\\\/www.thefeuerlecollection.org\\\/de\\\/#website\",\"url\":\"https:\\\/\\\/www.thefeuerlecollection.org\\\/de\\\/\",\"name\":\"The Feuerle Collection\",\"description\":\"Visit our Collection\",\"publisher\":{\"@id\":\"https:\\\/\\\/www.thefeuerlecollection.org\\\/de\\\/#organization\"},\"potentialAction\":[{\"@type\":\"SearchAction\",\"target\":{\"@type\":\"EntryPoint\",\"urlTemplate\":\"https:\\\/\\\/www.thefeuerlecollection.org\\\/de\\\/?s={search_term_string}\"},\"query-input\":{\"@type\":\"PropertyValueSpecification\",\"valueRequired\":true,\"valueName\":\"search_term_string\"}}],\"inLanguage\":\"de\"},{\"@type\":\"Organization\",\"@id\":\"https:\\\/\\\/www.thefeuerlecollection.org\\\/de\\\/#organization\",\"name\":\"The Feuerle Collection\",\"url\":\"https:\\\/\\\/www.thefeuerlecollection.org\\\/de\\\/\",\"logo\":{\"@type\":\"ImageObject\",\"inLanguage\":\"de\",\"@id\":\"https:\\\/\\\/www.thefeuerlecollection.org\\\/de\\\/#\\\/schema\\\/logo\\\/image\\\/\",\"url\":\"https:\\\/\\\/www.thefeuerlecollection.org\\\/wp-content\\\/uploads\\\/2020\\\/02\\\/the-feuerle-collection_logo_500x158.png\",\"contentUrl\":\"https:\\\/\\\/www.thefeuerlecollection.org\\\/wp-content\\\/uploads\\\/2020\\\/02\\\/the-feuerle-collection_logo_500x158.png\",\"width\":500,\"height\":158,\"caption\":\"The Feuerle Collection\"},\"image\":{\"@id\":\"https:\\\/\\\/www.thefeuerlecollection.org\\\/de\\\/#\\\/schema\\\/logo\\\/image\\\/\"}}]}<\/script>\n<!-- \/ Yoast SEO plugin. -->","yoast_head_json":{"title":"GESCHICHTE DER INCENSE-KULTUR IN CHINA - The Feuerle Collection","robots":{"index":"index","follow":"follow","max-snippet":"max-snippet:-1","max-image-preview":"max-image-preview:large","max-video-preview":"max-video-preview:-1"},"canonical":"https:\/\/www.thefeuerlecollection.org\/de\/history-of-incense\/","og_locale":"de_DE","og_type":"article","og_title":"GESCHICHTE DER INCENSE-KULTUR IN CHINA - The Feuerle Collection","og_description":"[vc_row ct_row_stretch=&#8220;&#8220;][vc_column width=&#8220;1\/2&#8243;][vc_custom_heading text=&#8220;EINE KURZE GESCHICHTE DER INCENSE-KULTUR IN CHINA&#8220; font_container=&#8220;tag:h1|text_align:left&#8220; use_theme_fonts=&#8220;yes&#8220;][vc_column_text] Die chinesische Incense-Kultur l\u00e4sst sich \u00fcber Tausende von Jahren bis in die Han-Dynastie (206 v. Chr.\u2013220 n. Chr.) zur\u00fcckverfolgen. Incense diente zur Aromatisierung von R\u00e4umen und Kleidung, als fester Bestandteil der buddhis-tischen Praxis und als Freizeitbesch\u00e4ftigung f\u00fcr Gelehrte und W\u00fcrdentr\u00e4ger. Es findet in ...","og_url":"https:\/\/www.thefeuerlecollection.org\/de\/history-of-incense\/","og_site_name":"The Feuerle Collection","article_modified_time":"2020-06-12T12:45:27+00:00","twitter_card":"summary_large_image","twitter_misc":{"Gesch\u00e4tzte Lesezeit":"2\u00a0Minuten"},"schema":{"@context":"https:\/\/schema.org","@graph":[{"@type":"WebPage","@id":"https:\/\/www.thefeuerlecollection.org\/de\/history-of-incense\/","url":"https:\/\/www.thefeuerlecollection.org\/de\/history-of-incense\/","name":"GESCHICHTE DER INCENSE-KULTUR IN CHINA - The Feuerle Collection","isPartOf":{"@id":"https:\/\/www.thefeuerlecollection.org\/de\/#website"},"datePublished":"2020-04-06T07:58:14+00:00","dateModified":"2020-06-12T12:45:27+00:00","breadcrumb":{"@id":"https:\/\/www.thefeuerlecollection.org\/de\/history-of-incense\/#breadcrumb"},"inLanguage":"de","potentialAction":[{"@type":"ReadAction","target":["https:\/\/www.thefeuerlecollection.org\/de\/history-of-incense\/"]}]},{"@type":"BreadcrumbList","@id":"https:\/\/www.thefeuerlecollection.org\/de\/history-of-incense\/#breadcrumb","itemListElement":[{"@type":"ListItem","position":1,"name":"Home","item":"https:\/\/www.thefeuerlecollection.org\/de\/"},{"@type":"ListItem","position":2,"name":"GESCHICHTE DER INCENSE-KULTUR IN CHINA"}]},{"@type":"WebSite","@id":"https:\/\/www.thefeuerlecollection.org\/de\/#website","url":"https:\/\/www.thefeuerlecollection.org\/de\/","name":"The Feuerle Collection","description":"Visit our Collection","publisher":{"@id":"https:\/\/www.thefeuerlecollection.org\/de\/#organization"},"potentialAction":[{"@type":"SearchAction","target":{"@type":"EntryPoint","urlTemplate":"https:\/\/www.thefeuerlecollection.org\/de\/?s={search_term_string}"},"query-input":{"@type":"PropertyValueSpecification","valueRequired":true,"valueName":"search_term_string"}}],"inLanguage":"de"},{"@type":"Organization","@id":"https:\/\/www.thefeuerlecollection.org\/de\/#organization","name":"The Feuerle Collection","url":"https:\/\/www.thefeuerlecollection.org\/de\/","logo":{"@type":"ImageObject","inLanguage":"de","@id":"https:\/\/www.thefeuerlecollection.org\/de\/#\/schema\/logo\/image\/","url":"https:\/\/www.thefeuerlecollection.org\/wp-content\/uploads\/2020\/02\/the-feuerle-collection_logo_500x158.png","contentUrl":"https:\/\/www.thefeuerlecollection.org\/wp-content\/uploads\/2020\/02\/the-feuerle-collection_logo_500x158.png","width":500,"height":158,"caption":"The Feuerle Collection"},"image":{"@id":"https:\/\/www.thefeuerlecollection.org\/de\/#\/schema\/logo\/image\/"}}]}},"_links":{"self":[{"href":"https:\/\/www.thefeuerlecollection.org\/de\/wp-json\/wp\/v2\/pages\/7511","targetHints":{"allow":["GET"]}}],"collection":[{"href":"https:\/\/www.thefeuerlecollection.org\/de\/wp-json\/wp\/v2\/pages"}],"about":[{"href":"https:\/\/www.thefeuerlecollection.org\/de\/wp-json\/wp\/v2\/types\/page"}],"author":[{"embeddable":true,"href":"https:\/\/www.thefeuerlecollection.org\/de\/wp-json\/wp\/v2\/users\/4"}],"replies":[{"embeddable":true,"href":"https:\/\/www.thefeuerlecollection.org\/de\/wp-json\/wp\/v2\/comments?post=7511"}],"version-history":[{"count":6,"href":"https:\/\/www.thefeuerlecollection.org\/de\/wp-json\/wp\/v2\/pages\/7511\/revisions"}],"predecessor-version":[{"id":10660,"href":"https:\/\/www.thefeuerlecollection.org\/de\/wp-json\/wp\/v2\/pages\/7511\/revisions\/10660"}],"wp:attachment":[{"href":"https:\/\/www.thefeuerlecollection.org\/de\/wp-json\/wp\/v2\/media?parent=7511"}],"curies":[{"name":"wp","href":"https:\/\/api.w.org\/{rel}","templated":true}]}}