{"id":735,"date":"2020-04-06T10:51:30","date_gmt":"2020-04-06T08:51:30","guid":{"rendered":"https:\/\/fc.imagox.com\/?page_id=735"},"modified":"2021-07-13T17:12:05","modified_gmt":"2021-07-13T15:12:05","slug":"der-incense-club","status":"publish","type":"page","link":"https:\/\/www.thefeuerlecollection.org\/de\/der-incense-club\/","title":{"rendered":"DER INCENSE CLUB"},"content":{"rendered":"<div class=\"wpb-content-wrapper\">[vc_row ct_row_stretch=&#8220;stretch_row&#8220; equal_height=&#8220;yes&#8220; content_placement=&#8220;top&#8220; ct_bg_image=&#8220;8613&#8243; ct_bg_repeat=&#8220;no-repeat&#8220; ct_bg_size=&#8220;contain&#8220; ct_bg_position=&#8220;center right&#8220; ct_bg_parallax=&#8220;fixed&#8220;][vc_column width=&#8220;1\/2&#8243;]<div class=\"ult-spacer spacer-69f4986ae0200\" data-id=\"69f4986ae0200\" data-height=\"133\" data-height-mobile=\"133\" data-height-tab=\"133\" data-height-tab-portrait=\"\" data-height-mobile-landscape=\"\" style=\"clear:both;display:block;\"><\/div>[vc_custom_heading text=&#8220;FREUNDE WERDEN&#8220; font_container=&#8220;tag:h1|text_align:left&#8220; use_theme_fonts=&#8220;yes&#8220;]<div class=\"ult-spacer spacer-69f4986ae0263\" data-id=\"69f4986ae0263\" data-height=\"25\" data-height-mobile=\"25\" data-height-tab=\"25\" data-height-tab-portrait=\"\" data-height-mobile-landscape=\"\" style=\"clear:both;display:block;\"><\/div>[vc_wp_custommenu nav_menu=&#8220;41&#8243;][vc_row_inner][vc_column_inner offset=&#8220;vc_hidden-lg&#8220;][vc_single_image image=&#8220;4786&#8243; img_size=&#8220;large&#8220;][\/vc_column_inner][\/vc_row_inner]<div class=\"ult-spacer spacer-69f4986ae02c0\" data-id=\"69f4986ae02c0\" data-height=\"10\" data-height-mobile=\"20\" data-height-tab=\"\" data-height-tab-portrait=\"20\" data-height-mobile-landscape=\"20\" style=\"clear:both;display:block;\"><\/div>[vc_column_text el_class=&#8220;fc-article-title-red&#8220; css=&#8220;.vc_custom_1587128702740{margin-left: 40px !important;}&#8220;]\n<h2>DER INCENSE CLUB<\/h2>\n[\/vc_column_text]<div class=\"ult-spacer spacer-69f4986ae0300\" data-id=\"69f4986ae0300\" data-height=\"20\" data-height-mobile=\"20\" data-height-tab=\"20\" data-height-tab-portrait=\"\" data-height-mobile-landscape=\"\" style=\"clear:both;display:block;\"><\/div>[vc_column_text css=&#8220;.vc_custom_1586360605903{margin-left: 40px !important;}&#8220; el_class=&#8220;fc-article-title&#8220;]BENEFITS[\/vc_column_text][vc_column_text css=&#8220;.vc_custom_1607723683076{margin-top: 5px !important;margin-left: 40px !important;}&#8220;]\n<div class=\"page\" title=\"Page 21\">\n<div class=\"section\">\n<div class=\"layoutArea\">\n<div class=\"column\">\n<p>8 kostenlose Besuche f\u00fcr zwei Personen<br \/>\nw\u00e4hrend der regul\u00e4ren \u00d6ffnungszeiten<\/p>\n<div class=\"page\" title=\"Page 23\">\n<div class=\"section\">\n<div class=\"layoutArea\">\n<div class=\"column\">\n<p>Einladung zur privaten Preview<br \/>\nvon tempor\u00e4ren Ausstellungen<\/p>\n<p>Vorrangige Informationen\u00a0zu relevanten<br \/>\nEreignissen und Besuchen<\/p>\n<p>Einladung f\u00fcr zwei Personen zu einer<br \/>\nYoga-Sitzung mit dem Yoga-Meister<\/p>\n<p>Pers\u00f6nliche Einladung zur Incense<br \/>\nCeremony f\u00fcr das Mitglied + 3 G\u00e4ste<\/p>\n<p>Pers\u00f6nliche Einladung\u00a0zu einem privaten<br \/>\nAbendessen\u00a0in der Feuerle Collection<\/p>\n<p>Aufnahme des Namens auf der Webseite<\/p>\n<\/div>\n<\/div>\n<\/div>\n<\/div>\n<\/div>\n<\/div>\n<\/div>\n<\/div>\n[\/vc_column_text]<div class=\"ult-spacer spacer-69f4986ae033a\" data-id=\"69f4986ae033a\" data-height=\"25\" data-height-mobile=\"25\" data-height-tab=\"25\" data-height-tab-portrait=\"\" data-height-mobile-landscape=\"\" style=\"clear:both;display:block;\"><\/div>[vc_column_text css=&#8220;.vc_custom_1586360620052{margin-left: 40px !important;}&#8220; el_class=&#8220;fc-article-title&#8220;]MITGLIEDSCHAFT[\/vc_column_text][vc_column_text css=&#8220;.vc_custom_1586360625325{margin-left: 40px !important;}&#8220;]2.500 \u20ac pro Jahr[\/vc_column_text]<div class=\"ult-spacer spacer-69f4986ae036f\" data-id=\"69f4986ae036f\" data-height=\"27\" data-height-mobile=\"27\" data-height-tab=\"27\" data-height-tab-portrait=\"\" data-height-mobile-landscape=\"\" style=\"clear:both;display:block;\"><\/div>[vc_btn title=&#8220;FREUNDE WERDEN&#8220; style=&#8220;flat&#8220; shape=&#8220;square&#8220; size=&#8220;sm&#8220; align=&#8220;left&#8220; css_animation=&#8220;none&#8220; link=&#8220;url:https%3A%2F%2Fwww.paypal.com%2Fwebapps%2Fbilling%2Fplans%2Fsubscribe%3Fplan_id%3DP-6JG44133SJ997022UL7JGFVQ|target:_blank|&#8220; el_class=&#8220;fc-button&#8220; css=&#8220;.vc_custom_1626189050336{margin-left: 40px !important;}&#8220;]<div class=\"ult-spacer spacer-69f4986ae03a4\" data-id=\"69f4986ae03a4\" data-height=\"15\" data-height-mobile=\"15\" data-height-tab=\"15\" data-height-tab-portrait=\"\" data-height-mobile-landscape=\"\" style=\"clear:both;display:block;\"><\/div>[vc_column_text]\n<div class=\"page\" title=\"Page 21\">\n<div class=\"section\">\n<div class=\"layoutArea\">\n<div class=\"column\">\n<p>Indem Sie auf den Button \u201cFREUNDE WERDEN\u201d klicken, erkl\u00e4ren Sie sich mit den\u00a0<a href=\"https:\/\/www.thefeuerlecollection.org\/de\/mitgliedschaftsvereinbarung-clubbers\/\">Mitgliedschaftsbedingungen,<\/a> mit unseren\u00a0<a href=\"https:\/\/www.thefeuerlecollection.org\/de\/allgemeine-geschaeftsbedingungen-agb\/\">AGB<\/a> und den\u00a0<a href=\"https:\/\/www.thefeuerlecollection.org\/de\/datenschutzerklaerung\/\">Datenschutzbestimmungen<\/a> einverstanden. F\u00fcr weitere Informationen kontaktieren Sie bitte\u00a0<a href=\"mailto:supporters@thefeuerlecollection.org\">supporters@thefeuerlecollection.org<\/a><\/p>\n<\/div>\n<\/div>\n<\/div>\n<\/div>\n[\/vc_column_text]<div class=\"ult-spacer spacer-69f4986ae03c7\" data-id=\"69f4986ae03c7\" data-height=\"35\" data-height-mobile=\"35\" data-height-tab=\"35\" data-height-tab-portrait=\"\" data-height-mobile-landscape=\"\" style=\"clear:both;display:block;\"><\/div>[vc_column_text]\nF\u00fcr jede der angebotenen Kategorien bieten wir die M\u00f6glichkeit an, eine <strong>Corporate-Mitgliedschaft<\/strong> zu vereinbaren, mit dem zus\u00e4tzlichen Vorteil einer gesonderten Kurzpr\u00e4sentation Ihres Unternehmens auf unseren Social-Media-Kan\u00e4len. F\u00fcr weitere Informationen zu diesem Angebot wenden Sie sich bitte an<span class=\"apple-converted-space\">\u00a0<\/span><a href=\"mailto:supporters@thefeuerlecollection.org\">supporters@thefeuerlecollection.org<\/a>.<br \/>\n[\/vc_column_text]<div class=\"ult-spacer spacer-69f4986ae03e6\" data-id=\"69f4986ae03e6\" data-height=\"35\" data-height-mobile=\"35\" data-height-tab=\"35\" data-height-tab-portrait=\"\" data-height-mobile-landscape=\"\" style=\"clear:both;display:block;\"><\/div><div class=\"ult-spacer spacer-69f4986ae0403\" data-id=\"69f4986ae0403\" data-height=\"140\" data-height-mobile=\"100\" data-height-tab=\"\" data-height-tab-portrait=\"\" data-height-mobile-landscape=\"100\" style=\"clear:both;display:block;\"><\/div>[\/vc_column][vc_column width=&#8220;1\/2&#8243;]<div class=\"ult-spacer spacer-69f4986ae0420\" data-id=\"69f4986ae0420\" data-height=\"23\" data-height-mobile=\"23\" data-height-tab=\"23\" data-height-tab-portrait=\"\" data-height-mobile-landscape=\"\" style=\"clear:both;display:block;\"><\/div>[\/vc_column][\/vc_row][vc_row ct_row_stretch=&#8220;&#8220;][vc_column width=&#8220;1\/3&#8243;][vc_column_text el_class=&#8220;fc-credit-text&#8220;]\n<p class=\"Body\"><span lang=\"DE\">Bildnachweis: Der Meister bewegt den <\/span><i><span lang=\"DE\">Jin Feng Yin\u00a0<\/span><\/i><span lang=\"DE\">(<\/span><span lang=\"DE\">Anstifter des goldenen Windes<\/span><span lang=\"DE\">) sanft, <\/span><span lang=\"DE\">damit die TeilnehmerInnen<\/span><span lang=\"DE\">den Duft des <\/span><span lang=\"DE\">Incense-H<\/span><span lang=\"DE\">olzes <\/span><span lang=\"DE\">genie\u00dfen<\/span><span lang=\"DE\">.Der Jin Feng Yin besteht aus blau-gelben Ara<\/span><span lang=\"DE\">-F<\/span><span lang=\"DE\">edern, <\/span><span lang=\"DE\">und wurde<\/span><span lang=\"DE\">von D\u00e9sir\u00e9 Feuerle f\u00fcr die Feuerle-<\/span><span lang=\"DE\">Incense-Ceremony\u00a0<\/span><span lang=\"DE\">2017 in Auftrag gegeben.<br \/>\n<\/span>FOTO: DEF IMAGE \u00a9 DIE FEUERLE-COLLECTION<\/p>\n[\/vc_column_text]<div class=\"ult-spacer spacer-69f4986ae043a\" data-id=\"69f4986ae043a\" data-height=\"10\" data-height-mobile=\"10\" data-height-tab=\"10\" data-height-tab-portrait=\"\" data-height-mobile-landscape=\"\" style=\"clear:both;display:block;\"><\/div>[\/vc_column][vc_column width=&#8220;1\/3&#8243;][\/vc_column][vc_column width=&#8220;1\/3&#8243;][\/vc_column][\/vc_row]\n<\/div>","protected":false},"excerpt":{"rendered":"<p>[vc_row ct_row_stretch=&#8220;stretch_row&#8220; equal_height=&#8220;yes&#8220; content_placement=&#8220;top&#8220; ct_bg_image=&#8220;8613&#8243; ct_bg_repeat=&#8220;no-repeat&#8220; ct_bg_size=&#8220;contain&#8220; ct_bg_position=&#8220;center right&#8220; ct_bg_parallax=&#8220;fixed&#8220;][vc_column width=&#8220;1\/2&#8243;][vc_custom_heading text=&#8220;FREUNDE WERDEN&#8220; font_container=&#8220;tag:h1|text_align:left&#8220; use_theme_fonts=&#8220;yes&#8220;][vc_wp_custommenu nav_menu=&#8220;41&#8243;][vc_row_inner][vc_column_inner offset=&#8220;vc_hidden-lg&#8220;][vc_single_image image=&#8220;4786&#8243; img_size=&#8220;large&#8220;][\/vc_column_inner][\/vc_row_inner][vc_column_text el_class=&#8220;fc-article-title-red&#8220; css=&#8220;.vc_custom_1587128702740{margin-left: 40px !important;}&#8220;] DER INCENSE CLUB [\/vc_column_text][vc_column_text css=&#8220;.vc_custom_1586360605903{margin-left: 40px !important;}&#8220; el_class=&#8220;fc-article-title&#8220;]BENEFITS[\/vc_column_text][vc_column_text css=&#8220;.vc_custom_1607723683076{margin-top: 5px !important;margin-left: 40px !important;}&#8220;] 8 kostenlose Besuche f\u00fcr zwei Personen w\u00e4hrend der regul\u00e4ren \u00d6ffnungszeiten Einladung zur privaten Preview von tempor\u00e4ren Ausstellungen Vorrangige Informationen\u00a0zu &#8230;<\/p>\n","protected":false},"author":4,"featured_media":0,"parent":0,"menu_order":1,"comment_status":"closed","ping_status":"closed","template":"","meta":{"inline_featured_image":false,"footnotes":""},"class_list":["post-735","page","type-page","status-publish","hentry"],"yoast_head":"<!-- This site is optimized with the Yoast SEO plugin v27.3 - https:\/\/yoast.com\/product\/yoast-seo-wordpress\/ -->\n<title>DER INCENSE CLUB - The Feuerle Collection<\/title>\n<meta name=\"robots\" content=\"index, follow, max-snippet:-1, max-image-preview:large, max-video-preview:-1\" \/>\n<link rel=\"canonical\" href=\"https:\/\/www.thefeuerlecollection.org\/de\/der-incense-club\/\" \/>\n<meta property=\"og:locale\" content=\"de_DE\" \/>\n<meta property=\"og:type\" content=\"article\" \/>\n<meta property=\"og:title\" content=\"DER INCENSE CLUB - The Feuerle Collection\" \/>\n<meta property=\"og:description\" content=\"[vc_row ct_row_stretch=&#8220;stretch_row&#8220; equal_height=&#8220;yes&#8220; content_placement=&#8220;top&#8220; ct_bg_image=&#8220;8613&#8243; ct_bg_repeat=&#8220;no-repeat&#8220; ct_bg_size=&#8220;contain&#8220; ct_bg_position=&#8220;center right&#8220; ct_bg_parallax=&#8220;fixed&#8220;][vc_column width=&#8220;1\/2&#8243;][vc_custom_heading text=&#8220;FREUNDE WERDEN&#8220; font_container=&#8220;tag:h1|text_align:left&#8220; use_theme_fonts=&#8220;yes&#8220;][vc_wp_custommenu nav_menu=&#8220;41&#8243;][vc_row_inner][vc_column_inner offset=&#8220;vc_hidden-lg&#8220;][vc_single_image image=&#8220;4786&#8243; img_size=&#8220;large&#8220;][\/vc_column_inner][\/vc_row_inner][vc_column_text el_class=&#8220;fc-article-title-red&#8220; css=&#8220;.vc_custom_1587128702740{margin-left: 40px !important;}&#8220;] DER INCENSE CLUB [\/vc_column_text][vc_column_text css=&#8220;.vc_custom_1586360605903{margin-left: 40px !important;}&#8220; el_class=&#8220;fc-article-title&#8220;]BENEFITS[\/vc_column_text][vc_column_text css=&#8220;.vc_custom_1607723683076{margin-top: 5px !important;margin-left: 40px !important;}&#8220;] 8 kostenlose Besuche f\u00fcr zwei Personen w\u00e4hrend der regul\u00e4ren \u00d6ffnungszeiten Einladung zur privaten Preview von tempor\u00e4ren Ausstellungen Vorrangige Informationen\u00a0zu ...\" \/>\n<meta property=\"og:url\" content=\"https:\/\/www.thefeuerlecollection.org\/de\/der-incense-club\/\" \/>\n<meta property=\"og:site_name\" content=\"The Feuerle Collection\" \/>\n<meta property=\"article:modified_time\" content=\"2021-07-13T15:12:05+00:00\" \/>\n<meta name=\"twitter:card\" content=\"summary_large_image\" \/>\n<meta name=\"twitter:label1\" content=\"Gesch\u00e4tzte Lesezeit\" \/>\n\t<meta name=\"twitter:data1\" content=\"3\u00a0Minuten\" \/>\n<script type=\"application\/ld+json\" class=\"yoast-schema-graph\">{\"@context\":\"https:\\\/\\\/schema.org\",\"@graph\":[{\"@type\":\"WebPage\",\"@id\":\"https:\\\/\\\/www.thefeuerlecollection.org\\\/de\\\/der-incense-club\\\/\",\"url\":\"https:\\\/\\\/www.thefeuerlecollection.org\\\/de\\\/der-incense-club\\\/\",\"name\":\"DER INCENSE CLUB - The Feuerle Collection\",\"isPartOf\":{\"@id\":\"https:\\\/\\\/www.thefeuerlecollection.org\\\/de\\\/#website\"},\"datePublished\":\"2020-04-06T08:51:30+00:00\",\"dateModified\":\"2021-07-13T15:12:05+00:00\",\"breadcrumb\":{\"@id\":\"https:\\\/\\\/www.thefeuerlecollection.org\\\/de\\\/der-incense-club\\\/#breadcrumb\"},\"inLanguage\":\"de\",\"potentialAction\":[{\"@type\":\"ReadAction\",\"target\":[\"https:\\\/\\\/www.thefeuerlecollection.org\\\/de\\\/der-incense-club\\\/\"]}]},{\"@type\":\"BreadcrumbList\",\"@id\":\"https:\\\/\\\/www.thefeuerlecollection.org\\\/de\\\/der-incense-club\\\/#breadcrumb\",\"itemListElement\":[{\"@type\":\"ListItem\",\"position\":1,\"name\":\"Home\",\"item\":\"https:\\\/\\\/www.thefeuerlecollection.org\\\/de\\\/\"},{\"@type\":\"ListItem\",\"position\":2,\"name\":\"DER INCENSE CLUB\"}]},{\"@type\":\"WebSite\",\"@id\":\"https:\\\/\\\/www.thefeuerlecollection.org\\\/de\\\/#website\",\"url\":\"https:\\\/\\\/www.thefeuerlecollection.org\\\/de\\\/\",\"name\":\"The Feuerle Collection\",\"description\":\"Visit our Collection\",\"publisher\":{\"@id\":\"https:\\\/\\\/www.thefeuerlecollection.org\\\/de\\\/#organization\"},\"potentialAction\":[{\"@type\":\"SearchAction\",\"target\":{\"@type\":\"EntryPoint\",\"urlTemplate\":\"https:\\\/\\\/www.thefeuerlecollection.org\\\/de\\\/?s={search_term_string}\"},\"query-input\":{\"@type\":\"PropertyValueSpecification\",\"valueRequired\":true,\"valueName\":\"search_term_string\"}}],\"inLanguage\":\"de\"},{\"@type\":\"Organization\",\"@id\":\"https:\\\/\\\/www.thefeuerlecollection.org\\\/de\\\/#organization\",\"name\":\"The Feuerle Collection\",\"url\":\"https:\\\/\\\/www.thefeuerlecollection.org\\\/de\\\/\",\"logo\":{\"@type\":\"ImageObject\",\"inLanguage\":\"de\",\"@id\":\"https:\\\/\\\/www.thefeuerlecollection.org\\\/de\\\/#\\\/schema\\\/logo\\\/image\\\/\",\"url\":\"https:\\\/\\\/www.thefeuerlecollection.org\\\/wp-content\\\/uploads\\\/2020\\\/02\\\/the-feuerle-collection_logo_500x158.png\",\"contentUrl\":\"https:\\\/\\\/www.thefeuerlecollection.org\\\/wp-content\\\/uploads\\\/2020\\\/02\\\/the-feuerle-collection_logo_500x158.png\",\"width\":500,\"height\":158,\"caption\":\"The Feuerle Collection\"},\"image\":{\"@id\":\"https:\\\/\\\/www.thefeuerlecollection.org\\\/de\\\/#\\\/schema\\\/logo\\\/image\\\/\"}}]}<\/script>\n<!-- \/ Yoast SEO plugin. -->","yoast_head_json":{"title":"DER INCENSE CLUB - The Feuerle Collection","robots":{"index":"index","follow":"follow","max-snippet":"max-snippet:-1","max-image-preview":"max-image-preview:large","max-video-preview":"max-video-preview:-1"},"canonical":"https:\/\/www.thefeuerlecollection.org\/de\/der-incense-club\/","og_locale":"de_DE","og_type":"article","og_title":"DER INCENSE CLUB - The Feuerle Collection","og_description":"[vc_row ct_row_stretch=&#8220;stretch_row&#8220; equal_height=&#8220;yes&#8220; content_placement=&#8220;top&#8220; ct_bg_image=&#8220;8613&#8243; ct_bg_repeat=&#8220;no-repeat&#8220; ct_bg_size=&#8220;contain&#8220; ct_bg_position=&#8220;center right&#8220; ct_bg_parallax=&#8220;fixed&#8220;][vc_column width=&#8220;1\/2&#8243;][vc_custom_heading text=&#8220;FREUNDE WERDEN&#8220; font_container=&#8220;tag:h1|text_align:left&#8220; use_theme_fonts=&#8220;yes&#8220;][vc_wp_custommenu nav_menu=&#8220;41&#8243;][vc_row_inner][vc_column_inner offset=&#8220;vc_hidden-lg&#8220;][vc_single_image image=&#8220;4786&#8243; img_size=&#8220;large&#8220;][\/vc_column_inner][\/vc_row_inner][vc_column_text el_class=&#8220;fc-article-title-red&#8220; css=&#8220;.vc_custom_1587128702740{margin-left: 40px !important;}&#8220;] DER INCENSE CLUB [\/vc_column_text][vc_column_text css=&#8220;.vc_custom_1586360605903{margin-left: 40px !important;}&#8220; el_class=&#8220;fc-article-title&#8220;]BENEFITS[\/vc_column_text][vc_column_text css=&#8220;.vc_custom_1607723683076{margin-top: 5px !important;margin-left: 40px !important;}&#8220;] 8 kostenlose Besuche f\u00fcr zwei Personen w\u00e4hrend der regul\u00e4ren \u00d6ffnungszeiten Einladung zur privaten Preview von tempor\u00e4ren Ausstellungen Vorrangige Informationen\u00a0zu ...","og_url":"https:\/\/www.thefeuerlecollection.org\/de\/der-incense-club\/","og_site_name":"The Feuerle Collection","article_modified_time":"2021-07-13T15:12:05+00:00","twitter_card":"summary_large_image","twitter_misc":{"Gesch\u00e4tzte Lesezeit":"3\u00a0Minuten"},"schema":{"@context":"https:\/\/schema.org","@graph":[{"@type":"WebPage","@id":"https:\/\/www.thefeuerlecollection.org\/de\/der-incense-club\/","url":"https:\/\/www.thefeuerlecollection.org\/de\/der-incense-club\/","name":"DER INCENSE CLUB - The Feuerle Collection","isPartOf":{"@id":"https:\/\/www.thefeuerlecollection.org\/de\/#website"},"datePublished":"2020-04-06T08:51:30+00:00","dateModified":"2021-07-13T15:12:05+00:00","breadcrumb":{"@id":"https:\/\/www.thefeuerlecollection.org\/de\/der-incense-club\/#breadcrumb"},"inLanguage":"de","potentialAction":[{"@type":"ReadAction","target":["https:\/\/www.thefeuerlecollection.org\/de\/der-incense-club\/"]}]},{"@type":"BreadcrumbList","@id":"https:\/\/www.thefeuerlecollection.org\/de\/der-incense-club\/#breadcrumb","itemListElement":[{"@type":"ListItem","position":1,"name":"Home","item":"https:\/\/www.thefeuerlecollection.org\/de\/"},{"@type":"ListItem","position":2,"name":"DER INCENSE CLUB"}]},{"@type":"WebSite","@id":"https:\/\/www.thefeuerlecollection.org\/de\/#website","url":"https:\/\/www.thefeuerlecollection.org\/de\/","name":"The Feuerle Collection","description":"Visit our Collection","publisher":{"@id":"https:\/\/www.thefeuerlecollection.org\/de\/#organization"},"potentialAction":[{"@type":"SearchAction","target":{"@type":"EntryPoint","urlTemplate":"https:\/\/www.thefeuerlecollection.org\/de\/?s={search_term_string}"},"query-input":{"@type":"PropertyValueSpecification","valueRequired":true,"valueName":"search_term_string"}}],"inLanguage":"de"},{"@type":"Organization","@id":"https:\/\/www.thefeuerlecollection.org\/de\/#organization","name":"The Feuerle Collection","url":"https:\/\/www.thefeuerlecollection.org\/de\/","logo":{"@type":"ImageObject","inLanguage":"de","@id":"https:\/\/www.thefeuerlecollection.org\/de\/#\/schema\/logo\/image\/","url":"https:\/\/www.thefeuerlecollection.org\/wp-content\/uploads\/2020\/02\/the-feuerle-collection_logo_500x158.png","contentUrl":"https:\/\/www.thefeuerlecollection.org\/wp-content\/uploads\/2020\/02\/the-feuerle-collection_logo_500x158.png","width":500,"height":158,"caption":"The Feuerle Collection"},"image":{"@id":"https:\/\/www.thefeuerlecollection.org\/de\/#\/schema\/logo\/image\/"}}]}},"_links":{"self":[{"href":"https:\/\/www.thefeuerlecollection.org\/de\/wp-json\/wp\/v2\/pages\/735","targetHints":{"allow":["GET"]}}],"collection":[{"href":"https:\/\/www.thefeuerlecollection.org\/de\/wp-json\/wp\/v2\/pages"}],"about":[{"href":"https:\/\/www.thefeuerlecollection.org\/de\/wp-json\/wp\/v2\/types\/page"}],"author":[{"embeddable":true,"href":"https:\/\/www.thefeuerlecollection.org\/de\/wp-json\/wp\/v2\/users\/4"}],"replies":[{"embeddable":true,"href":"https:\/\/www.thefeuerlecollection.org\/de\/wp-json\/wp\/v2\/comments?post=735"}],"version-history":[{"count":67,"href":"https:\/\/www.thefeuerlecollection.org\/de\/wp-json\/wp\/v2\/pages\/735\/revisions"}],"predecessor-version":[{"id":13577,"href":"https:\/\/www.thefeuerlecollection.org\/de\/wp-json\/wp\/v2\/pages\/735\/revisions\/13577"}],"wp:attachment":[{"href":"https:\/\/www.thefeuerlecollection.org\/de\/wp-json\/wp\/v2\/media?parent=735"}],"curies":[{"name":"wp","href":"https:\/\/api.w.org\/{rel}","templated":true}]}}