{"id":395,"date":"2020-04-06T11:08:36","date_gmt":"2020-04-06T09:08:36","guid":{"rendered":"https:\/\/fc.imagox.com\/?page_id=395"},"modified":"2024-05-17T11:55:51","modified_gmt":"2024-05-17T09:55:51","slug":"freunde-werden","status":"publish","type":"page","link":"https:\/\/www.thefeuerlecollection.org\/de\/freunde-werden\/","title":{"rendered":"FREUNDE WERDEN"},"content":{"rendered":"<div class=\"wpb-content-wrapper\">[vc_row ct_row_stretch=&#8220;stretch_row&#8220; full_height=&#8220;yes&#8220; columns_placement=&#8220;top&#8220; content_placement=&#8220;top&#8220; ct_bg_image=&#8220;62&#8243; ct_bg_repeat=&#8220;no-repeat&#8220; ct_bg_size=&#8220;contain&#8220; ct_bg_position=&#8220;center right&#8220;][vc_column width=&#8220;3\/5&#8243;]<div class=\"ult-spacer spacer-69e0e9675cb5a\" data-id=\"69e0e9675cb5a\" data-height=\"133\" data-height-mobile=\"133\" data-height-tab=\"133\" data-height-tab-portrait=\"\" data-height-mobile-landscape=\"\" style=\"clear:both;display:block;\"><\/div>[vc_custom_heading text=&#8220;FREUNDE WERDEN&#8220; font_container=&#8220;tag:h1|text_align:left&#8220; use_theme_fonts=&#8220;yes&#8220;]<div class=\"ult-spacer spacer-69e0e9675cbb2\" data-id=\"69e0e9675cbb2\" data-height=\"18\" data-height-mobile=\"18\" data-height-tab=\"18\" data-height-tab-portrait=\"\" data-height-mobile-landscape=\"\" style=\"clear:both;display:block;\"><\/div>[vc_wp_custommenu nav_menu=&#8220;41&#8243;][vc_column_text css=&#8220;.vc_custom_1715939748932{margin-top: 5px !important;margin-left: 16px !important;}&#8220;]\n<div class=\"page\" title=\"Page 20\">\n<div class=\"section\">\n<div class=\"layoutArea\">\n<div class=\"column\">\n<div class=\"page\" title=\"Page 7\">\n<div class=\"layoutArea\">\n<div class=\"column\">\n<p>Kunst ist heutzutage wichtiger denn je als Antriebskraft f\u00fcr die Gesellschaft, die Menschen zusammenbringt und Kreativit\u00e4t, Inspiration und Weiterentwicklung f\u00f6rdert.<\/p>\n<p>Vertiefen Sie Ihre Beziehung zu unserer exklusiven Sammlung. Genie\u00dfen Sie privilegierte und private Previews, Vortr\u00e4ge von bedeutenden Pers\u00f6nlichkeiten der Kunstwelt, Universit\u00e4tsprofessorInnen und KuratorInnen. Die Feuerle Collection bietet erstaunliche M\u00f6glichkeiten, mit anderen Mitgliedern in Kontakt zu treten, Ihre Liebe zur Kunst zu teilen und Veranstaltungen zu faszinierenden Themen, K\u00fcnstlern oder Orten zu besuchen bzw. zu organisieren.<\/p>\n<p>Machen Sie mit bei unseren kontinuierlichen Bem\u00fchungen, eine erstklassige Kultur- und Bildungsplattform anzubieten, mit dem Ziel, Asien und den Westen zu verbinden und eine neue Perspektive auf die K\u00fcnste zu schaffen.<\/p>\n<p>Die Feuerle Collection wird auch dank der Unterst\u00fctzung unserer Freunde gedeihen, die alle auf verschiedene Weise zum Erfolg unseres Projekts und Programms beitragen, indem sie insbesondere unsere Vision unterst\u00fctzen und unsere internationale Pr\u00e4senz durch ihren Beistand st\u00e4rken.<\/p>\n<p>F\u00fcr jede der angebotenen Kategorien bieten wir die M\u00f6glichkeit an, eine Corporate-Mitgliedschaft zu vereinbaren, mit dem zus\u00e4tzlichen Vorteil einer gesonderten Kurzpr\u00e4sentation Ihres Unternehmens auf unseren Social-Media-Kan\u00e4len.<\/p>\n<\/div>\n<div class=\"column\">\n<p>F\u00fcr weitere Informationen kontaktieren Sie uns bitte unter <a href=\"mailto:info@thefeuerlecollection.org\">info@thefeuerlecollection.org<\/a><\/p>\n<\/div>\n<\/div>\n<\/div>\n<\/div>\n<\/div>\n<\/div>\n<\/div>\n[\/vc_column_text]<div class=\"ult-spacer spacer-69e0e9675cbf1\" data-id=\"69e0e9675cbf1\" data-height=\"100\" data-height-mobile=\"100\" data-height-tab=\"\" data-height-tab-portrait=\"\" data-height-mobile-landscape=\"100\" style=\"clear:both;display:block;\"><\/div>[\/vc_column][vc_column width=&#8220;2\/5&#8243;][\/vc_column][\/vc_row][vc_row ct_row_stretch=&#8220;&#8220;][vc_column][vc_column_text el_class=&#8220;fc-credit-text&#8220;]Kopf von Avalokiteshvara, Khmer, Bayon-Stil, 12.-13. Jahrhundert, Stein[\/vc_column_text]<div class=\"ult-spacer spacer-69e0e9675cc25\" data-id=\"69e0e9675cc25\" data-height=\"10\" data-height-mobile=\"10\" data-height-tab=\"10\" data-height-tab-portrait=\"\" data-height-mobile-landscape=\"\" style=\"clear:both;display:block;\"><\/div>[\/vc_column][\/vc_row]\n<\/div>","protected":false},"excerpt":{"rendered":"<p>[vc_row ct_row_stretch=&#8220;stretch_row&#8220; full_height=&#8220;yes&#8220; columns_placement=&#8220;top&#8220; content_placement=&#8220;top&#8220; ct_bg_image=&#8220;62&#8243; ct_bg_repeat=&#8220;no-repeat&#8220; ct_bg_size=&#8220;contain&#8220; ct_bg_position=&#8220;center right&#8220;][vc_column width=&#8220;3\/5&#8243;][vc_custom_heading text=&#8220;FREUNDE WERDEN&#8220; font_container=&#8220;tag:h1|text_align:left&#8220; use_theme_fonts=&#8220;yes&#8220;][vc_wp_custommenu nav_menu=&#8220;41&#8243;][vc_column_text css=&#8220;.vc_custom_1715939748932{margin-top: 5px !important;margin-left: 16px !important;}&#8220;] Kunst ist heutzutage wichtiger denn je als Antriebskraft f\u00fcr die Gesellschaft, die Menschen zusammenbringt und Kreativit\u00e4t, Inspiration und Weiterentwicklung f\u00f6rdert. Vertiefen Sie Ihre Beziehung zu unserer exklusiven Sammlung. Genie\u00dfen Sie privilegierte und private Previews, &#8230;<\/p>\n","protected":false},"author":4,"featured_media":0,"parent":0,"menu_order":1,"comment_status":"closed","ping_status":"closed","template":"","meta":{"inline_featured_image":false,"footnotes":""},"class_list":["post-395","page","type-page","status-publish","hentry"],"yoast_head":"<!-- This site is optimized with the Yoast SEO plugin v27.3 - https:\/\/yoast.com\/product\/yoast-seo-wordpress\/ -->\n<title>FREUNDE WERDEN - The Feuerle Collection<\/title>\n<meta name=\"robots\" content=\"index, follow, max-snippet:-1, max-image-preview:large, max-video-preview:-1\" \/>\n<link rel=\"canonical\" href=\"https:\/\/www.thefeuerlecollection.org\/de\/freunde-werden\/\" \/>\n<meta property=\"og:locale\" content=\"de_DE\" \/>\n<meta property=\"og:type\" content=\"article\" \/>\n<meta property=\"og:title\" content=\"FREUNDE WERDEN - The Feuerle Collection\" \/>\n<meta property=\"og:description\" content=\"[vc_row ct_row_stretch=&#8220;stretch_row&#8220; full_height=&#8220;yes&#8220; columns_placement=&#8220;top&#8220; content_placement=&#8220;top&#8220; ct_bg_image=&#8220;62&#8243; ct_bg_repeat=&#8220;no-repeat&#8220; ct_bg_size=&#8220;contain&#8220; ct_bg_position=&#8220;center right&#8220;][vc_column width=&#8220;3\/5&#8243;][vc_custom_heading text=&#8220;FREUNDE WERDEN&#8220; font_container=&#8220;tag:h1|text_align:left&#8220; use_theme_fonts=&#8220;yes&#8220;][vc_wp_custommenu nav_menu=&#8220;41&#8243;][vc_column_text css=&#8220;.vc_custom_1715939748932{margin-top: 5px !important;margin-left: 16px !important;}&#8220;] Kunst ist heutzutage wichtiger denn je als Antriebskraft f\u00fcr die Gesellschaft, die Menschen zusammenbringt und Kreativit\u00e4t, Inspiration und Weiterentwicklung f\u00f6rdert. Vertiefen Sie Ihre Beziehung zu unserer exklusiven Sammlung. Genie\u00dfen Sie privilegierte und private Previews, ...\" \/>\n<meta property=\"og:url\" content=\"https:\/\/www.thefeuerlecollection.org\/de\/freunde-werden\/\" \/>\n<meta property=\"og:site_name\" content=\"The Feuerle Collection\" \/>\n<meta property=\"article:modified_time\" content=\"2024-05-17T09:55:51+00:00\" \/>\n<meta name=\"twitter:card\" content=\"summary_large_image\" \/>\n<meta name=\"twitter:label1\" content=\"Gesch\u00e4tzte Lesezeit\" \/>\n\t<meta name=\"twitter:data1\" content=\"2\u00a0Minuten\" \/>\n<script type=\"application\/ld+json\" class=\"yoast-schema-graph\">{\"@context\":\"https:\\\/\\\/schema.org\",\"@graph\":[{\"@type\":\"WebPage\",\"@id\":\"https:\\\/\\\/www.thefeuerlecollection.org\\\/de\\\/freunde-werden\\\/\",\"url\":\"https:\\\/\\\/www.thefeuerlecollection.org\\\/de\\\/freunde-werden\\\/\",\"name\":\"FREUNDE WERDEN - The Feuerle Collection\",\"isPartOf\":{\"@id\":\"https:\\\/\\\/www.thefeuerlecollection.org\\\/de\\\/#website\"},\"datePublished\":\"2020-04-06T09:08:36+00:00\",\"dateModified\":\"2024-05-17T09:55:51+00:00\",\"breadcrumb\":{\"@id\":\"https:\\\/\\\/www.thefeuerlecollection.org\\\/de\\\/freunde-werden\\\/#breadcrumb\"},\"inLanguage\":\"de\",\"potentialAction\":[{\"@type\":\"ReadAction\",\"target\":[\"https:\\\/\\\/www.thefeuerlecollection.org\\\/de\\\/freunde-werden\\\/\"]}]},{\"@type\":\"BreadcrumbList\",\"@id\":\"https:\\\/\\\/www.thefeuerlecollection.org\\\/de\\\/freunde-werden\\\/#breadcrumb\",\"itemListElement\":[{\"@type\":\"ListItem\",\"position\":1,\"name\":\"Home\",\"item\":\"https:\\\/\\\/www.thefeuerlecollection.org\\\/de\\\/\"},{\"@type\":\"ListItem\",\"position\":2,\"name\":\"FREUNDE WERDEN\"}]},{\"@type\":\"WebSite\",\"@id\":\"https:\\\/\\\/www.thefeuerlecollection.org\\\/de\\\/#website\",\"url\":\"https:\\\/\\\/www.thefeuerlecollection.org\\\/de\\\/\",\"name\":\"The Feuerle Collection\",\"description\":\"Visit our Collection\",\"publisher\":{\"@id\":\"https:\\\/\\\/www.thefeuerlecollection.org\\\/de\\\/#organization\"},\"potentialAction\":[{\"@type\":\"SearchAction\",\"target\":{\"@type\":\"EntryPoint\",\"urlTemplate\":\"https:\\\/\\\/www.thefeuerlecollection.org\\\/de\\\/?s={search_term_string}\"},\"query-input\":{\"@type\":\"PropertyValueSpecification\",\"valueRequired\":true,\"valueName\":\"search_term_string\"}}],\"inLanguage\":\"de\"},{\"@type\":\"Organization\",\"@id\":\"https:\\\/\\\/www.thefeuerlecollection.org\\\/de\\\/#organization\",\"name\":\"The Feuerle Collection\",\"url\":\"https:\\\/\\\/www.thefeuerlecollection.org\\\/de\\\/\",\"logo\":{\"@type\":\"ImageObject\",\"inLanguage\":\"de\",\"@id\":\"https:\\\/\\\/www.thefeuerlecollection.org\\\/de\\\/#\\\/schema\\\/logo\\\/image\\\/\",\"url\":\"https:\\\/\\\/www.thefeuerlecollection.org\\\/wp-content\\\/uploads\\\/2020\\\/02\\\/the-feuerle-collection_logo_500x158.png\",\"contentUrl\":\"https:\\\/\\\/www.thefeuerlecollection.org\\\/wp-content\\\/uploads\\\/2020\\\/02\\\/the-feuerle-collection_logo_500x158.png\",\"width\":500,\"height\":158,\"caption\":\"The Feuerle Collection\"},\"image\":{\"@id\":\"https:\\\/\\\/www.thefeuerlecollection.org\\\/de\\\/#\\\/schema\\\/logo\\\/image\\\/\"}}]}<\/script>\n<!-- \/ Yoast SEO plugin. -->","yoast_head_json":{"title":"FREUNDE WERDEN - The Feuerle Collection","robots":{"index":"index","follow":"follow","max-snippet":"max-snippet:-1","max-image-preview":"max-image-preview:large","max-video-preview":"max-video-preview:-1"},"canonical":"https:\/\/www.thefeuerlecollection.org\/de\/freunde-werden\/","og_locale":"de_DE","og_type":"article","og_title":"FREUNDE WERDEN - The Feuerle Collection","og_description":"[vc_row ct_row_stretch=&#8220;stretch_row&#8220; full_height=&#8220;yes&#8220; columns_placement=&#8220;top&#8220; content_placement=&#8220;top&#8220; ct_bg_image=&#8220;62&#8243; ct_bg_repeat=&#8220;no-repeat&#8220; ct_bg_size=&#8220;contain&#8220; ct_bg_position=&#8220;center right&#8220;][vc_column width=&#8220;3\/5&#8243;][vc_custom_heading text=&#8220;FREUNDE WERDEN&#8220; font_container=&#8220;tag:h1|text_align:left&#8220; use_theme_fonts=&#8220;yes&#8220;][vc_wp_custommenu nav_menu=&#8220;41&#8243;][vc_column_text css=&#8220;.vc_custom_1715939748932{margin-top: 5px !important;margin-left: 16px !important;}&#8220;] Kunst ist heutzutage wichtiger denn je als Antriebskraft f\u00fcr die Gesellschaft, die Menschen zusammenbringt und Kreativit\u00e4t, Inspiration und Weiterentwicklung f\u00f6rdert. Vertiefen Sie Ihre Beziehung zu unserer exklusiven Sammlung. Genie\u00dfen Sie privilegierte und private Previews, ...","og_url":"https:\/\/www.thefeuerlecollection.org\/de\/freunde-werden\/","og_site_name":"The Feuerle Collection","article_modified_time":"2024-05-17T09:55:51+00:00","twitter_card":"summary_large_image","twitter_misc":{"Gesch\u00e4tzte Lesezeit":"2\u00a0Minuten"},"schema":{"@context":"https:\/\/schema.org","@graph":[{"@type":"WebPage","@id":"https:\/\/www.thefeuerlecollection.org\/de\/freunde-werden\/","url":"https:\/\/www.thefeuerlecollection.org\/de\/freunde-werden\/","name":"FREUNDE WERDEN - The Feuerle Collection","isPartOf":{"@id":"https:\/\/www.thefeuerlecollection.org\/de\/#website"},"datePublished":"2020-04-06T09:08:36+00:00","dateModified":"2024-05-17T09:55:51+00:00","breadcrumb":{"@id":"https:\/\/www.thefeuerlecollection.org\/de\/freunde-werden\/#breadcrumb"},"inLanguage":"de","potentialAction":[{"@type":"ReadAction","target":["https:\/\/www.thefeuerlecollection.org\/de\/freunde-werden\/"]}]},{"@type":"BreadcrumbList","@id":"https:\/\/www.thefeuerlecollection.org\/de\/freunde-werden\/#breadcrumb","itemListElement":[{"@type":"ListItem","position":1,"name":"Home","item":"https:\/\/www.thefeuerlecollection.org\/de\/"},{"@type":"ListItem","position":2,"name":"FREUNDE WERDEN"}]},{"@type":"WebSite","@id":"https:\/\/www.thefeuerlecollection.org\/de\/#website","url":"https:\/\/www.thefeuerlecollection.org\/de\/","name":"The Feuerle Collection","description":"Visit our Collection","publisher":{"@id":"https:\/\/www.thefeuerlecollection.org\/de\/#organization"},"potentialAction":[{"@type":"SearchAction","target":{"@type":"EntryPoint","urlTemplate":"https:\/\/www.thefeuerlecollection.org\/de\/?s={search_term_string}"},"query-input":{"@type":"PropertyValueSpecification","valueRequired":true,"valueName":"search_term_string"}}],"inLanguage":"de"},{"@type":"Organization","@id":"https:\/\/www.thefeuerlecollection.org\/de\/#organization","name":"The Feuerle Collection","url":"https:\/\/www.thefeuerlecollection.org\/de\/","logo":{"@type":"ImageObject","inLanguage":"de","@id":"https:\/\/www.thefeuerlecollection.org\/de\/#\/schema\/logo\/image\/","url":"https:\/\/www.thefeuerlecollection.org\/wp-content\/uploads\/2020\/02\/the-feuerle-collection_logo_500x158.png","contentUrl":"https:\/\/www.thefeuerlecollection.org\/wp-content\/uploads\/2020\/02\/the-feuerle-collection_logo_500x158.png","width":500,"height":158,"caption":"The Feuerle Collection"},"image":{"@id":"https:\/\/www.thefeuerlecollection.org\/de\/#\/schema\/logo\/image\/"}}]}},"_links":{"self":[{"href":"https:\/\/www.thefeuerlecollection.org\/de\/wp-json\/wp\/v2\/pages\/395","targetHints":{"allow":["GET"]}}],"collection":[{"href":"https:\/\/www.thefeuerlecollection.org\/de\/wp-json\/wp\/v2\/pages"}],"about":[{"href":"https:\/\/www.thefeuerlecollection.org\/de\/wp-json\/wp\/v2\/types\/page"}],"author":[{"embeddable":true,"href":"https:\/\/www.thefeuerlecollection.org\/de\/wp-json\/wp\/v2\/users\/4"}],"replies":[{"embeddable":true,"href":"https:\/\/www.thefeuerlecollection.org\/de\/wp-json\/wp\/v2\/comments?post=395"}],"version-history":[{"count":48,"href":"https:\/\/www.thefeuerlecollection.org\/de\/wp-json\/wp\/v2\/pages\/395\/revisions"}],"predecessor-version":[{"id":20879,"href":"https:\/\/www.thefeuerlecollection.org\/de\/wp-json\/wp\/v2\/pages\/395\/revisions\/20879"}],"wp:attachment":[{"href":"https:\/\/www.thefeuerlecollection.org\/de\/wp-json\/wp\/v2\/media?parent=395"}],"curies":[{"name":"wp","href":"https:\/\/api.w.org\/{rel}","templated":true}]}}