{"id":277,"date":"2020-04-06T09:58:49","date_gmt":"2020-04-06T07:58:49","guid":{"rendered":"https:\/\/fc.imagox.com\/?page_id=277"},"modified":"2024-11-01T18:38:39","modified_gmt":"2024-11-01T16:38:39","slug":"besuch-der-sammlung-2","status":"publish","type":"page","link":"https:\/\/www.thefeuerlecollection.org\/de\/besuch-der-sammlung-2\/","title":{"rendered":"BESUCH DER SAMMLUNG"},"content":{"rendered":"<div class=\"wpb-content-wrapper\">[vc_row ct_row_stretch=&#8220;stretch_row&#8220; full_height=&#8220;yes&#8220; columns_placement=&#8220;top&#8220; content_placement=&#8220;top&#8220; ct_bg_image=&#8220;60&#8243; ct_bg_repeat=&#8220;no-repeat&#8220; ct_bg_size=&#8220;contain&#8220; ct_bg_position=&#8220;center right&#8220;][vc_column width=&#8220;2\/3&#8243;]<div class=\"ult-spacer spacer-69fb5e3e4ee42\" data-id=\"69fb5e3e4ee42\" data-height=\"80\" data-height-mobile=\"80\" data-height-tab=\"80\" data-height-tab-portrait=\"\" data-height-mobile-landscape=\"\" style=\"clear:both;display:block;\"><\/div>[vc_custom_heading text=&#8220;BESUCH DER SAMMLUNG&#8220; font_container=&#8220;tag:h1|text_align:left&#8220; use_theme_fonts=&#8220;yes&#8220;]<div class=\"ult-spacer spacer-69fb5e3e4ee8f\" data-id=\"69fb5e3e4ee8f\" data-height=\"25\" data-height-mobile=\"25\" data-height-tab=\"25\" data-height-tab-portrait=\"\" data-height-mobile-landscape=\"\" style=\"clear:both;display:block;\"><\/div>[vc_btn title=&#8220;BUCHEN SIE HIER IHREN BESUCH&#8220; style=&#8220;classic&#8220; shape=&#8220;square&#8220; size=&#8220;sm&#8220; css_animation=&#8220;none&#8220; link=&#8220;url:https%3A%2F%2Fwww.thefeuerlecollection.org%2Fde%2Fbookingkit%2F&#8220; el_class=&#8220;fc-button&#8220;]<div class=\"ult-spacer spacer-69fb5e3e4eeb7\" data-id=\"69fb5e3e4eeb7\" data-height=\"21\" data-height-mobile=\"21\" data-height-tab=\"21\" data-height-tab-portrait=\"\" data-height-mobile-landscape=\"\" style=\"clear:both;display:block;\"><\/div>[vc_column_text]\n<div class=\"wpb_text_column wpb_content_element \">\n<div class=\"wpb_wrapper\">\n<p>Der Besuch der Feuerle Collection muss im Vorfeld gebucht werden. Bei Interesse folgen Sie bitte dem untenstehenden Link. Wir bieten Ihnen einen begleiteten Besuch zu jeder vollen Stunde freitags zwischen 14h und 19h und samstags\/sonntags zwischen 11h und 19h. Der Besuch dauert 45 Minuten.<\/p>\n<p><strong>Hiermit m\u00f6chten wir Sie au\u00dferdem darauf aufmerksam machen, dass der Besuch der Sammlung nur f\u00fcr Personen \u00fcber 16 Jahre geeignet ist, weswegen Babys und Kindern unter 16 Jahren der Zutritt grunds\u00e4tzlich verwehrt bleibt.<\/strong><\/p>\n<p>Eintritt: 22\u20ac<br \/>\nEintritt erm\u00e4\u00dfigt: 11\u20ac*<br \/>\nEintritt erm\u00e4\u00dfigt: 15\u20ac**<br \/>\n<strong>Entritt frei: ICOM card holder (Please send us an e-mail in advance.)<\/strong><\/p>\n<p>*Besucher (16-26 Jahre) mit g\u00fcltigem Ausweis<br \/>\n*Personen \u00fcber 65 Jahre, wohnhaft in Berlin (Ausweis)<br \/>\n*Bezieher von ALG II, Sozialhilfe, Grundsicherung oder Leistungen nach dem Asylbewerberleistungsgesetz (Ausweis\/Dokument)<br \/>\n*Personen mit\u00a0Schwerbehindertenausweis<\/p>\n<p>**Personen \u00fcber 65 Jahre, wohnhaft ausserhalb Berlins und Ausland (Ausweis\/Pass)<\/p>\n<p>***NUR in Verbindung mit dem\u00a0&#8218;Lucky Package!&#8216; GutscheinBitte hier klicken, um zum <strong><a href=\"https:\/\/www.thefeuerlecollection.org\/de\/bonusprogramm-fuer-wiederkehrende-besucher-der-feuerle-collection\/\">BONUSPROGRAMM<\/a><\/strong> zu gelangen.<\/p>\n<\/div>\n<\/div>\n[\/vc_column_text]<div class=\"ult-spacer spacer-69fb5e3e4eed8\" data-id=\"69fb5e3e4eed8\" data-height=\"53\" data-height-mobile=\"53\" data-height-tab=\"53\" data-height-tab-portrait=\"\" data-height-mobile-landscape=\"\" style=\"clear:both;display:block;\"><\/div>[vc_custom_heading text=&#8220;UNSERE HAUSREGELN&#8220; font_container=&#8220;tag:h1|text_align:left&#8220; use_theme_fonts=&#8220;yes&#8220;]<div class=\"ult-spacer spacer-69fb5e3e4eefa\" data-id=\"69fb5e3e4eefa\" data-height=\"18\" data-height-mobile=\"18\" data-height-tab=\"18\" data-height-tab-portrait=\"\" data-height-mobile-landscape=\"\" style=\"clear:both;display:block;\"><\/div>[vc_column_text]\nDie begleitete Tour f\u00e4ngt p\u00fcnktlich an. Bitte kommen Sie f\u00fcnf Minuten vor Ihrem gebuchten Termin.<\/p>\n<p>Der Besuch der Feuerle Collection ist nur in Begleitung von unserem Personal m\u00f6glich.<\/p>\n<p>Bitte fassen Sie die St\u00fccke der Sammlung nicht an.<\/p>\n<p>Bitte beachten Sie, dass das Betreten des Sockelbereichs streng untersagt ist.<\/p>\n<p>Fotografieren und Filmen sind in der Feuerle Collection grunds\u00e4tzlich nicht gestattet.<\/p>\n<p>Ihr Mobiltelefon muss auf lautlos gestellt werden.<br \/>\n(Au\u00dferdem schlagen wir vor, dass Sie Ihr Mobiltelefon in unseren Schlie\u00dff\u00e4chern einschlie\u00dfen, damit Sie w\u00e4hrend des Besuchs von keinerlei Vibrationen oder Alarmsignalen gest\u00f6rt werden.)<\/p>\n<p>Speisen und Getr\u00e4nke sind in der Ausstellung nicht erlaubt.<\/p>\n<p>Alle Besucher m\u00fcssen R\u00fccks\u00e4cke, gr\u00f6\u00dfere Handtaschen, Laptops und Regenschirme in den Schlie\u00dff\u00e4chern bzw. im Eingangsbereich zur\u00fccklassen, bevor sie die Ausstellungsr\u00e4ume betreten.<\/p>\n<p>Tiere sind nicht erlaubt.<br \/>\n[\/vc_column_text]<div class=\"ult-spacer spacer-69fb5e3e4ef17\" data-id=\"69fb5e3e4ef17\" data-height=\"53\" data-height-mobile=\"53\" data-height-tab=\"53\" data-height-tab-portrait=\"\" data-height-mobile-landscape=\"\" style=\"clear:both;display:block;\"><\/div>[vc_custom_heading text=&#8220;SPRACHE&#8220; font_container=&#8220;tag:h1|text_align:left&#8220; use_theme_fonts=&#8220;yes&#8220;]<div class=\"ult-spacer spacer-69fb5e3e4ef35\" data-id=\"69fb5e3e4ef35\" data-height=\"18\" data-height-mobile=\"18\" data-height-tab=\"18\" data-height-tab-portrait=\"\" data-height-mobile-landscape=\"\" style=\"clear:both;display:block;\"><\/div>[vc_column_text]Liebe Besucherinnen, Liebe Besucher,<\/p>\n<p>Im Einklang mit dem kuratorischen Ansatz der Feuerle Collection m\u00f6chten wir Sie hiermit informieren, dass wir grunds\u00e4tzlich keine aktiven F\u00fchrungen anbieten.<\/p>\n<p>Unsere Besuchsbegleiter*innen stehen Ihnen allerdings sehr gerne pers\u00f6nlich zur Verf\u00fcgung, falls Sie spezifische Fragen zu den jeweiligen Kunstwerken haben.<\/p>\n<p>Da unsere Besucher*innen meistens internationaler Herkunft sind, w\u00e4hlen wir oft Englisch als gemeinsame Sprache f\u00fcr die allgemeine Einf\u00fchrung, vor dem Beginn der Tour, wenn nicht alle Anwesenden eine Einleitung auf Deutsch verstehen w\u00fcrden.<\/p>\n<p>In diesem Falle, stehen wir Ihnen selbstverst\u00e4ndlich zur Verf\u00fcgung, wenn Sie eine \u00dcbersetzung der wesentlichen Inhalte auf Deutsch, Mandarin oder Japanisch ben\u00f6tigen.<\/p>\n<p>F\u00fcr Ihr Verst\u00e4ndnis sind wir Ihnen sehr dankbar. Wir w\u00fcnschen Ihnen einen wunderbaren Besuch![\/vc_column_text]<div class=\"ult-spacer spacer-69fb5e3e4ef4f\" data-id=\"69fb5e3e4ef4f\" data-height=\"38\" data-height-mobile=\"38\" data-height-tab=\"38\" data-height-tab-portrait=\"\" data-height-mobile-landscape=\"\" style=\"clear:both;display:block;\"><\/div>[vc_btn title=&#8220;BUCHEN SIE HIER IHREN BESUCH&#8220; style=&#8220;classic&#8220; shape=&#8220;square&#8220; size=&#8220;sm&#8220; css_animation=&#8220;none&#8220; link=&#8220;url:https%3A%2F%2Fwww.thefeuerlecollection.org%2Fde%2Fbookingkit%2F&#8220; el_class=&#8220;fc-button&#8220;]<div class=\"ult-spacer spacer-69fb5e3e4ef8a\" data-id=\"69fb5e3e4ef8a\" data-height=\"20\" data-height-mobile=\"22\" data-height-tab=\"\" data-height-tab-portrait=\"\" data-height-mobile-landscape=\"22\" style=\"clear:both;display:block;\"><\/div>[vc_column_text]The Feuerle Collection<br \/>\nHallesches Ufer 70<br \/>\n10963 Berlin[\/vc_column_text]<div class=\"ult-spacer spacer-69fb5e3e4efad\" data-id=\"69fb5e3e4efad\" data-height=\"28\" data-height-mobile=\"28\" data-height-tab=\"28\" data-height-tab-portrait=\"\" data-height-mobile-landscape=\"\" style=\"clear:both;display:block;\"><\/div>[vc_column_text el_class=&#8220;fc-job-description&#8220;]\n<p class=\"contact_head\">Direktor<\/p>\n[\/vc_column_text][vc_column_text]\n<p class=\"contact_head\"><span class=\"contact_text\">Daniele Maruca<\/span><\/p>\n[\/vc_column_text]<div class=\"ult-spacer spacer-69fb5e3e4efca\" data-id=\"69fb5e3e4efca\" data-height=\"100\" data-height-mobile=\"100\" data-height-tab=\"\" data-height-tab-portrait=\"\" data-height-mobile-landscape=\"100\" style=\"clear:both;display:block;\"><\/div>[\/vc_column][vc_column width=&#8220;1\/3&#8243;][\/vc_column][\/vc_row][vc_row ct_row_stretch=&#8220;&#8220;][vc_column][vc_row_inner][vc_column_inner][vc_column_text el_class=&#8220;fc-credit-text&#8220;]\n<div class=\"page\" title=\"Page 13\">\n<div class=\"section\">\n<div class=\"layoutArea\">\n<div class=\"column\">\n<p>Kopf von Avalokiteshvara, Khmer,<br \/>\nBayon-Stil, 12.-13. Jahrhundert, Stein<\/p>\n<\/div>\n<\/div>\n<\/div>\n<\/div>\n[\/vc_column_text]<div class=\"ult-spacer spacer-69fb5e3e4efe3\" data-id=\"69fb5e3e4efe3\" data-height=\"10\" data-height-mobile=\"10\" data-height-tab=\"10\" data-height-tab-portrait=\"\" data-height-mobile-landscape=\"\" style=\"clear:both;display:block;\"><\/div>[\/vc_column_inner][\/vc_row_inner][\/vc_column][\/vc_row]\n<\/div>","protected":false},"excerpt":{"rendered":"<p>[vc_row ct_row_stretch=&#8220;stretch_row&#8220; full_height=&#8220;yes&#8220; columns_placement=&#8220;top&#8220; content_placement=&#8220;top&#8220; ct_bg_image=&#8220;60&#8243; ct_bg_repeat=&#8220;no-repeat&#8220; ct_bg_size=&#8220;contain&#8220; ct_bg_position=&#8220;center right&#8220;][vc_column width=&#8220;2\/3&#8243;][vc_custom_heading text=&#8220;BESUCH DER SAMMLUNG&#8220; font_container=&#8220;tag:h1|text_align:left&#8220; use_theme_fonts=&#8220;yes&#8220;][vc_btn title=&#8220;BUCHEN SIE HIER IHREN BESUCH&#8220; style=&#8220;classic&#8220; shape=&#8220;square&#8220; size=&#8220;sm&#8220; css_animation=&#8220;none&#8220; link=&#8220;url:https%3A%2F%2Fwww.thefeuerlecollection.org%2Fde%2Fbookingkit%2F&#8220; el_class=&#8220;fc-button&#8220;][vc_column_text] Der Besuch der Feuerle Collection muss im Vorfeld gebucht werden. Bei Interesse folgen Sie bitte dem untenstehenden Link. Wir bieten Ihnen einen begleiteten Besuch zu jeder vollen Stunde &#8230;<\/p>\n","protected":false},"author":1,"featured_media":0,"parent":0,"menu_order":1,"comment_status":"closed","ping_status":"closed","template":"","meta":{"inline_featured_image":false,"footnotes":""},"class_list":["post-277","page","type-page","status-publish","hentry"],"yoast_head":"<!-- This site is optimized with the Yoast SEO plugin v27.3 - https:\/\/yoast.com\/product\/yoast-seo-wordpress\/ -->\n<title>BESUCH DER SAMMLUNG - The Feuerle Collection<\/title>\n<meta name=\"robots\" content=\"index, follow, max-snippet:-1, max-image-preview:large, max-video-preview:-1\" \/>\n<link rel=\"canonical\" href=\"https:\/\/www.thefeuerlecollection.org\/de\/besuch-der-sammlung-2\/\" \/>\n<meta property=\"og:locale\" content=\"de_DE\" \/>\n<meta property=\"og:type\" content=\"article\" \/>\n<meta property=\"og:title\" content=\"BESUCH DER SAMMLUNG - The Feuerle Collection\" \/>\n<meta property=\"og:description\" content=\"[vc_row ct_row_stretch=&#8220;stretch_row&#8220; full_height=&#8220;yes&#8220; columns_placement=&#8220;top&#8220; content_placement=&#8220;top&#8220; ct_bg_image=&#8220;60&#8243; ct_bg_repeat=&#8220;no-repeat&#8220; ct_bg_size=&#8220;contain&#8220; ct_bg_position=&#8220;center right&#8220;][vc_column width=&#8220;2\/3&#8243;][vc_custom_heading text=&#8220;BESUCH DER SAMMLUNG&#8220; font_container=&#8220;tag:h1|text_align:left&#8220; use_theme_fonts=&#8220;yes&#8220;][vc_btn title=&#8220;BUCHEN SIE HIER IHREN BESUCH&#8220; style=&#8220;classic&#8220; shape=&#8220;square&#8220; size=&#8220;sm&#8220; css_animation=&#8220;none&#8220; link=&#8220;url:https%3A%2F%2Fwww.thefeuerlecollection.org%2Fde%2Fbookingkit%2F&#8220; el_class=&#8220;fc-button&#8220;][vc_column_text] Der Besuch der Feuerle Collection muss im Vorfeld gebucht werden. Bei Interesse folgen Sie bitte dem untenstehenden Link. Wir bieten Ihnen einen begleiteten Besuch zu jeder vollen Stunde ...\" \/>\n<meta property=\"og:url\" content=\"https:\/\/www.thefeuerlecollection.org\/de\/besuch-der-sammlung-2\/\" \/>\n<meta property=\"og:site_name\" content=\"The Feuerle Collection\" \/>\n<meta property=\"article:modified_time\" content=\"2024-11-01T16:38:39+00:00\" \/>\n<meta name=\"twitter:card\" content=\"summary_large_image\" \/>\n<meta name=\"twitter:label1\" content=\"Gesch\u00e4tzte Lesezeit\" \/>\n\t<meta name=\"twitter:data1\" content=\"3\u00a0Minuten\" \/>\n<script type=\"application\/ld+json\" class=\"yoast-schema-graph\">{\"@context\":\"https:\\\/\\\/schema.org\",\"@graph\":[{\"@type\":\"WebPage\",\"@id\":\"https:\\\/\\\/www.thefeuerlecollection.org\\\/de\\\/besuch-der-sammlung-2\\\/\",\"url\":\"https:\\\/\\\/www.thefeuerlecollection.org\\\/de\\\/besuch-der-sammlung-2\\\/\",\"name\":\"BESUCH DER SAMMLUNG - The Feuerle Collection\",\"isPartOf\":{\"@id\":\"https:\\\/\\\/www.thefeuerlecollection.org\\\/de\\\/#website\"},\"datePublished\":\"2020-04-06T07:58:49+00:00\",\"dateModified\":\"2024-11-01T16:38:39+00:00\",\"breadcrumb\":{\"@id\":\"https:\\\/\\\/www.thefeuerlecollection.org\\\/de\\\/besuch-der-sammlung-2\\\/#breadcrumb\"},\"inLanguage\":\"de\",\"potentialAction\":[{\"@type\":\"ReadAction\",\"target\":[\"https:\\\/\\\/www.thefeuerlecollection.org\\\/de\\\/besuch-der-sammlung-2\\\/\"]}]},{\"@type\":\"BreadcrumbList\",\"@id\":\"https:\\\/\\\/www.thefeuerlecollection.org\\\/de\\\/besuch-der-sammlung-2\\\/#breadcrumb\",\"itemListElement\":[{\"@type\":\"ListItem\",\"position\":1,\"name\":\"Home\",\"item\":\"https:\\\/\\\/www.thefeuerlecollection.org\\\/de\\\/\"},{\"@type\":\"ListItem\",\"position\":2,\"name\":\"BESUCH DER SAMMLUNG\"}]},{\"@type\":\"WebSite\",\"@id\":\"https:\\\/\\\/www.thefeuerlecollection.org\\\/de\\\/#website\",\"url\":\"https:\\\/\\\/www.thefeuerlecollection.org\\\/de\\\/\",\"name\":\"The Feuerle Collection\",\"description\":\"Visit our Collection\",\"publisher\":{\"@id\":\"https:\\\/\\\/www.thefeuerlecollection.org\\\/de\\\/#organization\"},\"potentialAction\":[{\"@type\":\"SearchAction\",\"target\":{\"@type\":\"EntryPoint\",\"urlTemplate\":\"https:\\\/\\\/www.thefeuerlecollection.org\\\/de\\\/?s={search_term_string}\"},\"query-input\":{\"@type\":\"PropertyValueSpecification\",\"valueRequired\":true,\"valueName\":\"search_term_string\"}}],\"inLanguage\":\"de\"},{\"@type\":\"Organization\",\"@id\":\"https:\\\/\\\/www.thefeuerlecollection.org\\\/de\\\/#organization\",\"name\":\"The Feuerle Collection\",\"url\":\"https:\\\/\\\/www.thefeuerlecollection.org\\\/de\\\/\",\"logo\":{\"@type\":\"ImageObject\",\"inLanguage\":\"de\",\"@id\":\"https:\\\/\\\/www.thefeuerlecollection.org\\\/de\\\/#\\\/schema\\\/logo\\\/image\\\/\",\"url\":\"https:\\\/\\\/www.thefeuerlecollection.org\\\/wp-content\\\/uploads\\\/2020\\\/02\\\/the-feuerle-collection_logo_500x158.png\",\"contentUrl\":\"https:\\\/\\\/www.thefeuerlecollection.org\\\/wp-content\\\/uploads\\\/2020\\\/02\\\/the-feuerle-collection_logo_500x158.png\",\"width\":500,\"height\":158,\"caption\":\"The Feuerle Collection\"},\"image\":{\"@id\":\"https:\\\/\\\/www.thefeuerlecollection.org\\\/de\\\/#\\\/schema\\\/logo\\\/image\\\/\"}}]}<\/script>\n<!-- \/ Yoast SEO plugin. -->","yoast_head_json":{"title":"BESUCH DER SAMMLUNG - The Feuerle Collection","robots":{"index":"index","follow":"follow","max-snippet":"max-snippet:-1","max-image-preview":"max-image-preview:large","max-video-preview":"max-video-preview:-1"},"canonical":"https:\/\/www.thefeuerlecollection.org\/de\/besuch-der-sammlung-2\/","og_locale":"de_DE","og_type":"article","og_title":"BESUCH DER SAMMLUNG - The Feuerle Collection","og_description":"[vc_row ct_row_stretch=&#8220;stretch_row&#8220; full_height=&#8220;yes&#8220; columns_placement=&#8220;top&#8220; content_placement=&#8220;top&#8220; ct_bg_image=&#8220;60&#8243; ct_bg_repeat=&#8220;no-repeat&#8220; ct_bg_size=&#8220;contain&#8220; ct_bg_position=&#8220;center right&#8220;][vc_column width=&#8220;2\/3&#8243;][vc_custom_heading text=&#8220;BESUCH DER SAMMLUNG&#8220; font_container=&#8220;tag:h1|text_align:left&#8220; use_theme_fonts=&#8220;yes&#8220;][vc_btn title=&#8220;BUCHEN SIE HIER IHREN BESUCH&#8220; style=&#8220;classic&#8220; shape=&#8220;square&#8220; size=&#8220;sm&#8220; css_animation=&#8220;none&#8220; link=&#8220;url:https%3A%2F%2Fwww.thefeuerlecollection.org%2Fde%2Fbookingkit%2F&#8220; el_class=&#8220;fc-button&#8220;][vc_column_text] Der Besuch der Feuerle Collection muss im Vorfeld gebucht werden. Bei Interesse folgen Sie bitte dem untenstehenden Link. Wir bieten Ihnen einen begleiteten Besuch zu jeder vollen Stunde ...","og_url":"https:\/\/www.thefeuerlecollection.org\/de\/besuch-der-sammlung-2\/","og_site_name":"The Feuerle Collection","article_modified_time":"2024-11-01T16:38:39+00:00","twitter_card":"summary_large_image","twitter_misc":{"Gesch\u00e4tzte Lesezeit":"3\u00a0Minuten"},"schema":{"@context":"https:\/\/schema.org","@graph":[{"@type":"WebPage","@id":"https:\/\/www.thefeuerlecollection.org\/de\/besuch-der-sammlung-2\/","url":"https:\/\/www.thefeuerlecollection.org\/de\/besuch-der-sammlung-2\/","name":"BESUCH DER SAMMLUNG - The Feuerle Collection","isPartOf":{"@id":"https:\/\/www.thefeuerlecollection.org\/de\/#website"},"datePublished":"2020-04-06T07:58:49+00:00","dateModified":"2024-11-01T16:38:39+00:00","breadcrumb":{"@id":"https:\/\/www.thefeuerlecollection.org\/de\/besuch-der-sammlung-2\/#breadcrumb"},"inLanguage":"de","potentialAction":[{"@type":"ReadAction","target":["https:\/\/www.thefeuerlecollection.org\/de\/besuch-der-sammlung-2\/"]}]},{"@type":"BreadcrumbList","@id":"https:\/\/www.thefeuerlecollection.org\/de\/besuch-der-sammlung-2\/#breadcrumb","itemListElement":[{"@type":"ListItem","position":1,"name":"Home","item":"https:\/\/www.thefeuerlecollection.org\/de\/"},{"@type":"ListItem","position":2,"name":"BESUCH DER SAMMLUNG"}]},{"@type":"WebSite","@id":"https:\/\/www.thefeuerlecollection.org\/de\/#website","url":"https:\/\/www.thefeuerlecollection.org\/de\/","name":"The Feuerle Collection","description":"Visit our Collection","publisher":{"@id":"https:\/\/www.thefeuerlecollection.org\/de\/#organization"},"potentialAction":[{"@type":"SearchAction","target":{"@type":"EntryPoint","urlTemplate":"https:\/\/www.thefeuerlecollection.org\/de\/?s={search_term_string}"},"query-input":{"@type":"PropertyValueSpecification","valueRequired":true,"valueName":"search_term_string"}}],"inLanguage":"de"},{"@type":"Organization","@id":"https:\/\/www.thefeuerlecollection.org\/de\/#organization","name":"The Feuerle Collection","url":"https:\/\/www.thefeuerlecollection.org\/de\/","logo":{"@type":"ImageObject","inLanguage":"de","@id":"https:\/\/www.thefeuerlecollection.org\/de\/#\/schema\/logo\/image\/","url":"https:\/\/www.thefeuerlecollection.org\/wp-content\/uploads\/2020\/02\/the-feuerle-collection_logo_500x158.png","contentUrl":"https:\/\/www.thefeuerlecollection.org\/wp-content\/uploads\/2020\/02\/the-feuerle-collection_logo_500x158.png","width":500,"height":158,"caption":"The Feuerle Collection"},"image":{"@id":"https:\/\/www.thefeuerlecollection.org\/de\/#\/schema\/logo\/image\/"}}]}},"_links":{"self":[{"href":"https:\/\/www.thefeuerlecollection.org\/de\/wp-json\/wp\/v2\/pages\/277","targetHints":{"allow":["GET"]}}],"collection":[{"href":"https:\/\/www.thefeuerlecollection.org\/de\/wp-json\/wp\/v2\/pages"}],"about":[{"href":"https:\/\/www.thefeuerlecollection.org\/de\/wp-json\/wp\/v2\/types\/page"}],"author":[{"embeddable":true,"href":"https:\/\/www.thefeuerlecollection.org\/de\/wp-json\/wp\/v2\/users\/1"}],"replies":[{"embeddable":true,"href":"https:\/\/www.thefeuerlecollection.org\/de\/wp-json\/wp\/v2\/comments?post=277"}],"version-history":[{"count":70,"href":"https:\/\/www.thefeuerlecollection.org\/de\/wp-json\/wp\/v2\/pages\/277\/revisions"}],"predecessor-version":[{"id":22155,"href":"https:\/\/www.thefeuerlecollection.org\/de\/wp-json\/wp\/v2\/pages\/277\/revisions\/22155"}],"wp:attachment":[{"href":"https:\/\/www.thefeuerlecollection.org\/de\/wp-json\/wp\/v2\/media?parent=277"}],"curies":[{"name":"wp","href":"https:\/\/api.w.org\/{rel}","templated":true}]}}