{"id":205,"date":"2020-04-06T11:18:28","date_gmt":"2020-04-06T09:18:28","guid":{"rendered":"https:\/\/fc.imagox.com\/?page_id=205"},"modified":"2020-04-27T12:01:54","modified_gmt":"2020-04-27T10:01:54","slug":"kaiserlich-chinesisch","status":"publish","type":"page","link":"https:\/\/www.thefeuerlecollection.org\/de\/kaiserlich-chinesisch\/","title":{"rendered":"KAISERLICH-CHINESISCH"},"content":{"rendered":"<div class=\"wpb-content-wrapper\">[vc_row ct_row_stretch=&#8220;stretch_row&#8220; full_height=&#8220;yes&#8220; ct_bg_image=&#8220;209&#8243; ct_bg_repeat=&#8220;no-repeat&#8220; ct_bg_size=&#8220;contain&#8220; ct_bg_position=&#8220;center right&#8220;][vc_column][vc_row_inner][vc_column_inner width=&#8220;2\/12&#8243;][\/vc_column_inner][vc_column_inner width=&#8220;6\/12&#8243;]<div class=\"ult-spacer spacer-69e17fb9dce97\" data-id=\"69e17fb9dce97\" data-height=\"\" data-height-mobile=\"220\" data-height-tab=\"\" data-height-tab-portrait=\"\" data-height-mobile-landscape=\"\" style=\"clear:both;display:block;\"><\/div>[vc_column_text el_class=&#8220;fc-quote-text&#8220;]\n<p style=\"text-align: right;\"><em>F\u00fcr mich sind all diese M\u00f6belst\u00fccke Skulpturen.<br \/>\n<\/em><\/p>\n[\/vc_column_text]<div class=\"ult-spacer spacer-69e17fb9dcee8\" data-id=\"69e17fb9dcee8\" data-height=\"18\" data-height-mobile=\"18\" data-height-tab=\"18\" data-height-tab-portrait=\"\" data-height-mobile-landscape=\"\" style=\"clear:both;display:block;\"><\/div>[vc_column_text el_class=&#8220;fc-author-name&#8220;]\n<p style=\"text-align: right;\">D\u00e9sir\u00e9 Feuerle<\/p>\n[\/vc_column_text][\/vc_column_inner][vc_column_inner width=&#8220;4\/12&#8243;][\/vc_column_inner][\/vc_row_inner][\/vc_column][\/vc_row][vc_row ct_row_stretch=&#8220;&#8220;][vc_column]<div class=\"ult-spacer spacer-69e17fb9dcf21\" data-id=\"69e17fb9dcf21\" data-height=\"20\" data-height-mobile=\"20\" data-height-tab=\"20\" data-height-tab-portrait=\"\" data-height-mobile-landscape=\"\" style=\"clear:both;display:block;\"><\/div>[\/vc_column][\/vc_row][vc_row ct_row_stretch=&#8220;&#8220;][vc_column width=&#8220;1\/3&#8243;][vc_column_text el_class=&#8220;fc-credit-text&#8220;]Bildnachweis: Kaiserlich-chinesischer Stuhl,<br \/>\nGeschenk des Hofes an den Kaiser,<br \/>\nfr\u00fche Qing-Dynastie, 17. Jahrhundert[\/vc_column_text]<div class=\"ult-spacer spacer-69e17fb9dcf47\" data-id=\"69e17fb9dcf47\" data-height=\"10\" data-height-mobile=\"10\" data-height-tab=\"10\" data-height-tab-portrait=\"\" data-height-mobile-landscape=\"\" style=\"clear:both;display:block;\"><\/div>[\/vc_column][vc_column width=&#8220;1\/3&#8243;][\/vc_column][vc_column width=&#8220;1\/3&#8243;][\/vc_column][\/vc_row]\n<\/div>","protected":false},"excerpt":{"rendered":"<p>[vc_row ct_row_stretch=&#8220;stretch_row&#8220; full_height=&#8220;yes&#8220; ct_bg_image=&#8220;209&#8243; ct_bg_repeat=&#8220;no-repeat&#8220; ct_bg_size=&#8220;contain&#8220; ct_bg_position=&#8220;center right&#8220;][vc_column][vc_row_inner][vc_column_inner width=&#8220;2\/12&#8243;][\/vc_column_inner][vc_column_inner width=&#8220;6\/12&#8243;][vc_column_text el_class=&#8220;fc-quote-text&#8220;] F\u00fcr mich sind all diese M\u00f6belst\u00fccke Skulpturen. [\/vc_column_text][vc_column_text el_class=&#8220;fc-author-name&#8220;] D\u00e9sir\u00e9 Feuerle [\/vc_column_text][\/vc_column_inner][vc_column_inner width=&#8220;4\/12&#8243;][\/vc_column_inner][\/vc_row_inner][\/vc_column][\/vc_row][vc_row ct_row_stretch=&#8220;&#8220;][vc_column][\/vc_column][\/vc_row][vc_row ct_row_stretch=&#8220;&#8220;][vc_column width=&#8220;1\/3&#8243;][vc_column_text el_class=&#8220;fc-credit-text&#8220;]Bildnachweis: Kaiserlich-chinesischer Stuhl, Geschenk des Hofes an den Kaiser, fr\u00fche Qing-Dynastie, 17. Jahrhundert[\/vc_column_text][\/vc_column][vc_column width=&#8220;1\/3&#8243;][\/vc_column][vc_column width=&#8220;1\/3&#8243;][\/vc_column][\/vc_row]<\/p>\n","protected":false},"author":1,"featured_media":0,"parent":0,"menu_order":1,"comment_status":"closed","ping_status":"closed","template":"","meta":{"inline_featured_image":false,"footnotes":""},"class_list":["post-205","page","type-page","status-publish","hentry"],"yoast_head":"<!-- This site is optimized with the Yoast SEO plugin v27.3 - https:\/\/yoast.com\/product\/yoast-seo-wordpress\/ -->\n<title>KAISERLICH-CHINESISCH - The Feuerle Collection<\/title>\n<meta name=\"robots\" content=\"index, follow, max-snippet:-1, max-image-preview:large, max-video-preview:-1\" \/>\n<link rel=\"canonical\" href=\"https:\/\/www.thefeuerlecollection.org\/de\/kaiserlich-chinesisch\/\" \/>\n<meta property=\"og:locale\" content=\"de_DE\" \/>\n<meta property=\"og:type\" content=\"article\" \/>\n<meta property=\"og:title\" content=\"KAISERLICH-CHINESISCH - The Feuerle Collection\" \/>\n<meta property=\"og:description\" content=\"[vc_row ct_row_stretch=&#8220;stretch_row&#8220; full_height=&#8220;yes&#8220; ct_bg_image=&#8220;209&#8243; ct_bg_repeat=&#8220;no-repeat&#8220; ct_bg_size=&#8220;contain&#8220; ct_bg_position=&#8220;center right&#8220;][vc_column][vc_row_inner][vc_column_inner width=&#8220;2\/12&#8243;][\/vc_column_inner][vc_column_inner width=&#8220;6\/12&#8243;][vc_column_text el_class=&#8220;fc-quote-text&#8220;] F\u00fcr mich sind all diese M\u00f6belst\u00fccke Skulpturen. [\/vc_column_text][vc_column_text el_class=&#8220;fc-author-name&#8220;] D\u00e9sir\u00e9 Feuerle [\/vc_column_text][\/vc_column_inner][vc_column_inner width=&#8220;4\/12&#8243;][\/vc_column_inner][\/vc_row_inner][\/vc_column][\/vc_row][vc_row ct_row_stretch=&#8220;&#8220;][vc_column][\/vc_column][\/vc_row][vc_row ct_row_stretch=&#8220;&#8220;][vc_column width=&#8220;1\/3&#8243;][vc_column_text el_class=&#8220;fc-credit-text&#8220;]Bildnachweis: Kaiserlich-chinesischer Stuhl, Geschenk des Hofes an den Kaiser, fr\u00fche Qing-Dynastie, 17. Jahrhundert[\/vc_column_text][\/vc_column][vc_column width=&#8220;1\/3&#8243;][\/vc_column][vc_column width=&#8220;1\/3&#8243;][\/vc_column][\/vc_row]\" \/>\n<meta property=\"og:url\" content=\"https:\/\/www.thefeuerlecollection.org\/de\/kaiserlich-chinesisch\/\" \/>\n<meta property=\"og:site_name\" content=\"The Feuerle Collection\" \/>\n<meta property=\"article:modified_time\" content=\"2020-04-27T10:01:54+00:00\" \/>\n<meta name=\"twitter:card\" content=\"summary_large_image\" \/>\n<meta name=\"twitter:label1\" content=\"Gesch\u00e4tzte Lesezeit\" \/>\n\t<meta name=\"twitter:data1\" content=\"1\u00a0Minute\" \/>\n<script type=\"application\/ld+json\" class=\"yoast-schema-graph\">{\"@context\":\"https:\\\/\\\/schema.org\",\"@graph\":[{\"@type\":\"WebPage\",\"@id\":\"https:\\\/\\\/www.thefeuerlecollection.org\\\/de\\\/kaiserlich-chinesisch\\\/\",\"url\":\"https:\\\/\\\/www.thefeuerlecollection.org\\\/de\\\/kaiserlich-chinesisch\\\/\",\"name\":\"KAISERLICH-CHINESISCH - The Feuerle Collection\",\"isPartOf\":{\"@id\":\"https:\\\/\\\/www.thefeuerlecollection.org\\\/de\\\/#website\"},\"datePublished\":\"2020-04-06T09:18:28+00:00\",\"dateModified\":\"2020-04-27T10:01:54+00:00\",\"breadcrumb\":{\"@id\":\"https:\\\/\\\/www.thefeuerlecollection.org\\\/de\\\/kaiserlich-chinesisch\\\/#breadcrumb\"},\"inLanguage\":\"de\",\"potentialAction\":[{\"@type\":\"ReadAction\",\"target\":[\"https:\\\/\\\/www.thefeuerlecollection.org\\\/de\\\/kaiserlich-chinesisch\\\/\"]}]},{\"@type\":\"BreadcrumbList\",\"@id\":\"https:\\\/\\\/www.thefeuerlecollection.org\\\/de\\\/kaiserlich-chinesisch\\\/#breadcrumb\",\"itemListElement\":[{\"@type\":\"ListItem\",\"position\":1,\"name\":\"Home\",\"item\":\"https:\\\/\\\/www.thefeuerlecollection.org\\\/de\\\/\"},{\"@type\":\"ListItem\",\"position\":2,\"name\":\"KAISERLICH-CHINESISCH\"}]},{\"@type\":\"WebSite\",\"@id\":\"https:\\\/\\\/www.thefeuerlecollection.org\\\/de\\\/#website\",\"url\":\"https:\\\/\\\/www.thefeuerlecollection.org\\\/de\\\/\",\"name\":\"The Feuerle Collection\",\"description\":\"Visit our Collection\",\"publisher\":{\"@id\":\"https:\\\/\\\/www.thefeuerlecollection.org\\\/de\\\/#organization\"},\"potentialAction\":[{\"@type\":\"SearchAction\",\"target\":{\"@type\":\"EntryPoint\",\"urlTemplate\":\"https:\\\/\\\/www.thefeuerlecollection.org\\\/de\\\/?s={search_term_string}\"},\"query-input\":{\"@type\":\"PropertyValueSpecification\",\"valueRequired\":true,\"valueName\":\"search_term_string\"}}],\"inLanguage\":\"de\"},{\"@type\":\"Organization\",\"@id\":\"https:\\\/\\\/www.thefeuerlecollection.org\\\/de\\\/#organization\",\"name\":\"The Feuerle Collection\",\"url\":\"https:\\\/\\\/www.thefeuerlecollection.org\\\/de\\\/\",\"logo\":{\"@type\":\"ImageObject\",\"inLanguage\":\"de\",\"@id\":\"https:\\\/\\\/www.thefeuerlecollection.org\\\/de\\\/#\\\/schema\\\/logo\\\/image\\\/\",\"url\":\"https:\\\/\\\/www.thefeuerlecollection.org\\\/wp-content\\\/uploads\\\/2020\\\/02\\\/the-feuerle-collection_logo_500x158.png\",\"contentUrl\":\"https:\\\/\\\/www.thefeuerlecollection.org\\\/wp-content\\\/uploads\\\/2020\\\/02\\\/the-feuerle-collection_logo_500x158.png\",\"width\":500,\"height\":158,\"caption\":\"The Feuerle Collection\"},\"image\":{\"@id\":\"https:\\\/\\\/www.thefeuerlecollection.org\\\/de\\\/#\\\/schema\\\/logo\\\/image\\\/\"}}]}<\/script>\n<!-- \/ Yoast SEO plugin. -->","yoast_head_json":{"title":"KAISERLICH-CHINESISCH - The Feuerle Collection","robots":{"index":"index","follow":"follow","max-snippet":"max-snippet:-1","max-image-preview":"max-image-preview:large","max-video-preview":"max-video-preview:-1"},"canonical":"https:\/\/www.thefeuerlecollection.org\/de\/kaiserlich-chinesisch\/","og_locale":"de_DE","og_type":"article","og_title":"KAISERLICH-CHINESISCH - The Feuerle Collection","og_description":"[vc_row ct_row_stretch=&#8220;stretch_row&#8220; full_height=&#8220;yes&#8220; ct_bg_image=&#8220;209&#8243; ct_bg_repeat=&#8220;no-repeat&#8220; ct_bg_size=&#8220;contain&#8220; ct_bg_position=&#8220;center right&#8220;][vc_column][vc_row_inner][vc_column_inner width=&#8220;2\/12&#8243;][\/vc_column_inner][vc_column_inner width=&#8220;6\/12&#8243;][vc_column_text el_class=&#8220;fc-quote-text&#8220;] F\u00fcr mich sind all diese M\u00f6belst\u00fccke Skulpturen. [\/vc_column_text][vc_column_text el_class=&#8220;fc-author-name&#8220;] D\u00e9sir\u00e9 Feuerle [\/vc_column_text][\/vc_column_inner][vc_column_inner width=&#8220;4\/12&#8243;][\/vc_column_inner][\/vc_row_inner][\/vc_column][\/vc_row][vc_row ct_row_stretch=&#8220;&#8220;][vc_column][\/vc_column][\/vc_row][vc_row ct_row_stretch=&#8220;&#8220;][vc_column width=&#8220;1\/3&#8243;][vc_column_text el_class=&#8220;fc-credit-text&#8220;]Bildnachweis: Kaiserlich-chinesischer Stuhl, Geschenk des Hofes an den Kaiser, fr\u00fche Qing-Dynastie, 17. Jahrhundert[\/vc_column_text][\/vc_column][vc_column width=&#8220;1\/3&#8243;][\/vc_column][vc_column width=&#8220;1\/3&#8243;][\/vc_column][\/vc_row]","og_url":"https:\/\/www.thefeuerlecollection.org\/de\/kaiserlich-chinesisch\/","og_site_name":"The Feuerle Collection","article_modified_time":"2020-04-27T10:01:54+00:00","twitter_card":"summary_large_image","twitter_misc":{"Gesch\u00e4tzte Lesezeit":"1\u00a0Minute"},"schema":{"@context":"https:\/\/schema.org","@graph":[{"@type":"WebPage","@id":"https:\/\/www.thefeuerlecollection.org\/de\/kaiserlich-chinesisch\/","url":"https:\/\/www.thefeuerlecollection.org\/de\/kaiserlich-chinesisch\/","name":"KAISERLICH-CHINESISCH - The Feuerle Collection","isPartOf":{"@id":"https:\/\/www.thefeuerlecollection.org\/de\/#website"},"datePublished":"2020-04-06T09:18:28+00:00","dateModified":"2020-04-27T10:01:54+00:00","breadcrumb":{"@id":"https:\/\/www.thefeuerlecollection.org\/de\/kaiserlich-chinesisch\/#breadcrumb"},"inLanguage":"de","potentialAction":[{"@type":"ReadAction","target":["https:\/\/www.thefeuerlecollection.org\/de\/kaiserlich-chinesisch\/"]}]},{"@type":"BreadcrumbList","@id":"https:\/\/www.thefeuerlecollection.org\/de\/kaiserlich-chinesisch\/#breadcrumb","itemListElement":[{"@type":"ListItem","position":1,"name":"Home","item":"https:\/\/www.thefeuerlecollection.org\/de\/"},{"@type":"ListItem","position":2,"name":"KAISERLICH-CHINESISCH"}]},{"@type":"WebSite","@id":"https:\/\/www.thefeuerlecollection.org\/de\/#website","url":"https:\/\/www.thefeuerlecollection.org\/de\/","name":"The Feuerle Collection","description":"Visit our Collection","publisher":{"@id":"https:\/\/www.thefeuerlecollection.org\/de\/#organization"},"potentialAction":[{"@type":"SearchAction","target":{"@type":"EntryPoint","urlTemplate":"https:\/\/www.thefeuerlecollection.org\/de\/?s={search_term_string}"},"query-input":{"@type":"PropertyValueSpecification","valueRequired":true,"valueName":"search_term_string"}}],"inLanguage":"de"},{"@type":"Organization","@id":"https:\/\/www.thefeuerlecollection.org\/de\/#organization","name":"The Feuerle Collection","url":"https:\/\/www.thefeuerlecollection.org\/de\/","logo":{"@type":"ImageObject","inLanguage":"de","@id":"https:\/\/www.thefeuerlecollection.org\/de\/#\/schema\/logo\/image\/","url":"https:\/\/www.thefeuerlecollection.org\/wp-content\/uploads\/2020\/02\/the-feuerle-collection_logo_500x158.png","contentUrl":"https:\/\/www.thefeuerlecollection.org\/wp-content\/uploads\/2020\/02\/the-feuerle-collection_logo_500x158.png","width":500,"height":158,"caption":"The Feuerle Collection"},"image":{"@id":"https:\/\/www.thefeuerlecollection.org\/de\/#\/schema\/logo\/image\/"}}]}},"_links":{"self":[{"href":"https:\/\/www.thefeuerlecollection.org\/de\/wp-json\/wp\/v2\/pages\/205","targetHints":{"allow":["GET"]}}],"collection":[{"href":"https:\/\/www.thefeuerlecollection.org\/de\/wp-json\/wp\/v2\/pages"}],"about":[{"href":"https:\/\/www.thefeuerlecollection.org\/de\/wp-json\/wp\/v2\/types\/page"}],"author":[{"embeddable":true,"href":"https:\/\/www.thefeuerlecollection.org\/de\/wp-json\/wp\/v2\/users\/1"}],"replies":[{"embeddable":true,"href":"https:\/\/www.thefeuerlecollection.org\/de\/wp-json\/wp\/v2\/comments?post=205"}],"version-history":[{"count":34,"href":"https:\/\/www.thefeuerlecollection.org\/de\/wp-json\/wp\/v2\/pages\/205\/revisions"}],"predecessor-version":[{"id":10080,"href":"https:\/\/www.thefeuerlecollection.org\/de\/wp-json\/wp\/v2\/pages\/205\/revisions\/10080"}],"wp:attachment":[{"href":"https:\/\/www.thefeuerlecollection.org\/de\/wp-json\/wp\/v2\/media?parent=205"}],"curies":[{"name":"wp","href":"https:\/\/api.w.org\/{rel}","templated":true}]}}