{"id":17076,"date":"2022-11-25T19:51:08","date_gmt":"2022-11-25T17:51:08","guid":{"rendered":"https:\/\/www.thefeuerlecollection.org\/?page_id=17076"},"modified":"2024-10-18T14:09:17","modified_gmt":"2024-10-18T12:09:17","slug":"imperial-friends","status":"publish","type":"page","link":"https:\/\/www.thefeuerlecollection.org\/de\/imperial-friends\/","title":{"rendered":"IMPERIAL FRIENDS"},"content":{"rendered":"<div class=\"wpb-content-wrapper\">[vc_row ct_row_stretch=&#8220;stretch_row&#8220; equal_height=&#8220;yes&#8220; content_placement=&#8220;top&#8220; ct_bg_image=&#8220;8608&#8243; ct_bg_repeat=&#8220;no-repeat&#8220; ct_bg_size=&#8220;contain&#8220; ct_bg_position=&#8220;center right&#8220; ct_bg_parallax=&#8220;fixed&#8220;][vc_column width=&#8220;1\/2&#8243;]<div class=\"ult-spacer spacer-69f39cdbbbafd\" data-id=\"69f39cdbbbafd\" data-height=\"133\" data-height-mobile=\"133\" data-height-tab=\"133\" data-height-tab-portrait=\"\" data-height-mobile-landscape=\"\" style=\"clear:both;display:block;\"><\/div>[vc_custom_heading text=&#8220;BECOME A FRIEND&#8220; font_container=&#8220;tag:h1|text_align:left&#8220; use_theme_fonts=&#8220;yes&#8220;]<div class=\"ult-spacer spacer-69f39cdbbbb4c\" data-id=\"69f39cdbbbb4c\" data-height=\"25\" data-height-mobile=\"25\" data-height-tab=\"25\" data-height-tab-portrait=\"\" data-height-mobile-landscape=\"\" style=\"clear:both;display:block;\"><\/div>[vc_wp_custommenu nav_menu=&#8220;41&#8243;][vc_row_inner][vc_column_inner offset=&#8220;vc_hidden-lg&#8220;][vc_single_image image=&#8220;8611&#8243; img_size=&#8220;large&#8220;][\/vc_column_inner][\/vc_row_inner]<div class=\"ult-spacer spacer-69f39cdbbbb7b\" data-id=\"69f39cdbbbb7b\" data-height=\"10\" data-height-mobile=\"20\" data-height-tab=\"\" data-height-tab-portrait=\"20\" data-height-mobile-landscape=\"20\" style=\"clear:both;display:block;\"><\/div>[vc_column_text el_class=&#8220;fc-article-title-red&#8220; css=&#8220;.vc_custom_1669125172851{margin-left: 40px !important;}&#8220;]IMPERIAL FRIENDS[\/vc_column_text]<div class=\"ult-spacer spacer-69f39cdbbbba0\" data-id=\"69f39cdbbbba0\" data-height=\"20\" data-height-mobile=\"20\" data-height-tab=\"20\" data-height-tab-portrait=\"\" data-height-mobile-landscape=\"\" style=\"clear:both;display:block;\"><\/div>[vc_column_text css=&#8220;.vc_custom_1669713198380{margin-top: 5px !important;margin-left: 40px !important;}&#8220;]\n<div>\n<p><span lang=\"DE\">Keine Altersgrenze<\/span><\/p>\n<\/div>\n[\/vc_column_text]<div class=\"ult-spacer spacer-69f39cdbbbbc1\" data-id=\"69f39cdbbbbc1\" data-height=\"20\" data-height-mobile=\"20\" data-height-tab=\"20\" data-height-tab-portrait=\"\" data-height-mobile-landscape=\"\" style=\"clear:both;display:block;\"><\/div>[vc_column_text css=&#8220;.vc_custom_1586355971642{margin-left: 40px !important;}&#8220; el_class=&#8220;fc-article-title&#8220;]BENEFITS[\/vc_column_text][vc_column_text css=&#8220;.vc_custom_1729253352136{margin-top: 5px !important;margin-left: 40px !important;}&#8220;]<span lang=\"DE\">Sie und eine Begleitung erhalten freien Zugang zu allen Aktivit\u00e4ten und Veranstaltungen, au\u00dfer der Incense\/Tea Ceremony<\/span><\/p>\n<p>Zugangsgarantie<span lang=\"DE\"> auf alle Veranstaltungen f\u00fcr Sie und eine Begleitperson<\/span><\/p>\n<p><span lang=\"DE\">Sie und eine Begleitung werden pers\u00f6nlich zu Ausstellungen und K\u00fcnstlergespr\u00e4chen eingeladen<\/span><\/p>\n<p><span lang=\"DE\">Sie und zwei Begleitpersonen haben unbegrenzten Zugang zur Feuerle Collection, w\u00e4hrend der regul\u00e4ren \u00d6ffnungszeiten<\/span><\/p>\n<p><span lang=\"DE\">Sie und eine Begleitung werden zum j\u00e4hrlichen Treffen der Friends eingeladen<\/span><\/p>\n<p>Sie erhalten 50% Rabatt auf die Incense\/Tea Ceremony<\/p>\n<p>Sie erhalten 10% Erm\u00e4\u00dfigung auf die Mietpreise f\u00fcr Ihre privaten Veranstaltungen in der Feuerle Collection<\/p>\n<p><span lang=\"DE\">Sie k\u00f6nnen als <\/span><span lang=\"DE\">Imperial Friend auf unserer Webseite namentlich erw\u00e4hnt werden<\/span><\/p>\n<p>You are invited to the Director&#8217;s tour<\/p>\n<p>Sie werden zum j\u00e4hrlichen Treffen der Friends eingeladen<\/p>\n<p>Der Spendenanteil Ihrer Mitgliedschaft kann steuerlich geltend gemacht werden[\/vc_column_text]<div class=\"ult-spacer spacer-69f39cdbbbbe0\" data-id=\"69f39cdbbbbe0\" data-height=\"25\" data-height-mobile=\"25\" data-height-tab=\"25\" data-height-tab-portrait=\"\" data-height-mobile-landscape=\"\" style=\"clear:both;display:block;\"><\/div>[vc_column_text css=&#8220;.vc_custom_1586355988563{margin-left: 40px !important;}&#8220; el_class=&#8220;fc-article-title&#8220;]MITGLIEDSCHAFT[\/vc_column_text][vc_column_text css=&#8220;.vc_custom_1669713265771{margin-left: 40px !important;}&#8220;]1.000 \u20ac pro Jahr[\/vc_column_text]<div class=\"ult-spacer spacer-69f39cdbbbc04\" data-id=\"69f39cdbbbc04\" data-height=\"27\" data-height-mobile=\"27\" data-height-tab=\"27\" data-height-tab-portrait=\"\" data-height-mobile-landscape=\"\" style=\"clear:both;display:block;\"><\/div>[vc_column_text css=&#8220;.vc_custom_1669397746442{margin-top: 5px !important;margin-left: 40px !important;}&#8220;]\n<div>\n<p>Bitte schreiben Sie an<span class=\"apple-converted-space\">\u00a0<\/span><a href=\"mailto:info@thefeuerlecollection.org\">info@thefeuerlecollection.org<\/a>, um IMPERIAL FRIEND zu werden bzw. um eine Mitgliedschaft zu verschenken oder falls Sie Fragen haben.<\/p>\n<\/div>\n[\/vc_column_text]<div class=\"ult-spacer spacer-69f39cdbbbc24\" data-id=\"69f39cdbbbc24\" data-height=\"15\" data-height-mobile=\"15\" data-height-tab=\"15\" data-height-tab-portrait=\"\" data-height-mobile-landscape=\"\" style=\"clear:both;display:block;\"><\/div><div class=\"ult-spacer spacer-69f39cdbbbc42\" data-id=\"69f39cdbbbc42\" data-height=\"140\" data-height-mobile=\"100\" data-height-tab=\"\" data-height-tab-portrait=\"\" data-height-mobile-landscape=\"100\" style=\"clear:both;display:block;\"><\/div>[vc_row_inner][vc_column_inner offset=&#8220;vc_hidden-lg vc_hidden-md vc_hidden-sm vc_hidden-xs&#8220;][vc_btn title=&#8220;BECOME AN IMPERIAL FRIEND&#8220; style=&#8220;flat&#8220; shape=&#8220;square&#8220; size=&#8220;sm&#8220; align=&#8220;left&#8220; css_animation=&#8220;none&#8220; link=&#8220;url:%20https%3A%2F%2Fwww.thefeuerlecollection.org%2Fen%2Fclub-setup%2F%3Fsubscription_plan%3D4|target:_blank|&#8220; el_class=&#8220;fc-button&#8220; css=&#8220;.vc_custom_1669125523287{margin-left: 40px !important;}&#8220;][vc_column_text]\n<div class=\"page\" title=\"Page 21\">\n<div class=\"section\">\n<div class=\"layoutArea\">\n<div class=\"column\">\n<p>Indem Sie auf den Button \u201cFREUNDE WERDEN\u201d klicken, erkl\u00e4ren Sie sich mit den\u00a0<a href=\"https:\/\/www.thefeuerlecollection.org\/de\/mitgliedschaftsvereinbarung-clubbers\/\">Mitgliedschaftsbedingungen,<\/a> mit unseren\u00a0<a href=\"https:\/\/www.thefeuerlecollection.org\/de\/allgemeine-geschaeftsbedingungen-agb\/\">AGB<\/a> und den\u00a0<a href=\"https:\/\/www.thefeuerlecollection.org\/de\/datenschutzerklaerung\/\">Datenschutzbestimmungen<\/a> einverstanden. F\u00fcr weitere Informationen kontaktieren Sie bitte\u00a0<a href=\"mailto:supporters@thefeuerlecollection.org\">supporters@thefeuerlecollection.org<\/a><\/p>\n<\/div>\n<\/div>\n<\/div>\n<\/div>\n[\/vc_column_text]<div class=\"ult-spacer spacer-69f39cdbbbc5d\" data-id=\"69f39cdbbbc5d\" data-height=\"35\" data-height-mobile=\"35\" data-height-tab=\"35\" data-height-tab-portrait=\"\" data-height-mobile-landscape=\"\" style=\"clear:both;display:block;\"><\/div>[\/vc_column_inner][\/vc_row_inner][\/vc_column][vc_column width=&#8220;1\/2&#8243;]<div class=\"ult-spacer spacer-69f39cdbbbc77\" data-id=\"69f39cdbbbc77\" data-height=\"23\" data-height-mobile=\"23\" data-height-tab=\"23\" data-height-tab-portrait=\"\" data-height-mobile-landscape=\"\" style=\"clear:both;display:block;\"><\/div>[\/vc_column][\/vc_row][vc_row ct_row_stretch=&#8220;&#8220;][vc_column width=&#8220;1\/3&#8243;][vc_column_text el_class=&#8220;fc-credit-text&#8220;]\n<div class=\"page\" title=\"Page 4\">\n<div class=\"section\">\n<div class=\"layoutArea\">\n<div class=\"column\">\n<p>Imperial Chinese Carved Chair with Lingzhi Motifs, Early Qing\u00a0Dynasty, China,\u00a017thC, red and black lacquered wood with gold\u00a0painting. PHOTO: DEF IMAGE \u00a9 THE FEUERLE COLLECTION<\/p>\n<\/div>\n<\/div>\n<\/div>\n<\/div>\n[\/vc_column_text]<div class=\"ult-spacer spacer-69f39cdbbbc90\" data-id=\"69f39cdbbbc90\" data-height=\"10\" data-height-mobile=\"10\" data-height-tab=\"10\" data-height-tab-portrait=\"\" data-height-mobile-landscape=\"\" style=\"clear:both;display:block;\"><\/div>[\/vc_column][vc_column width=&#8220;1\/3&#8243;][\/vc_column][vc_column width=&#8220;1\/3&#8243;][\/vc_column][\/vc_row]\n<\/div>","protected":false},"excerpt":{"rendered":"<p>[vc_row ct_row_stretch=&#8220;stretch_row&#8220; equal_height=&#8220;yes&#8220; content_placement=&#8220;top&#8220; ct_bg_image=&#8220;8608&#8243; ct_bg_repeat=&#8220;no-repeat&#8220; ct_bg_size=&#8220;contain&#8220; ct_bg_position=&#8220;center right&#8220; ct_bg_parallax=&#8220;fixed&#8220;][vc_column width=&#8220;1\/2&#8243;][vc_custom_heading text=&#8220;BECOME A FRIEND&#8220; font_container=&#8220;tag:h1|text_align:left&#8220; use_theme_fonts=&#8220;yes&#8220;][vc_wp_custommenu nav_menu=&#8220;41&#8243;][vc_row_inner][vc_column_inner offset=&#8220;vc_hidden-lg&#8220;][vc_single_image image=&#8220;8611&#8243; img_size=&#8220;large&#8220;][\/vc_column_inner][\/vc_row_inner][vc_column_text el_class=&#8220;fc-article-title-red&#8220; css=&#8220;.vc_custom_1669125172851{margin-left: 40px !important;}&#8220;]IMPERIAL FRIENDS[\/vc_column_text][vc_column_text css=&#8220;.vc_custom_1669713198380{margin-top: 5px !important;margin-left: 40px !important;}&#8220;] Keine Altersgrenze [\/vc_column_text][vc_column_text css=&#8220;.vc_custom_1586355971642{margin-left: 40px !important;}&#8220; el_class=&#8220;fc-article-title&#8220;]BENEFITS[\/vc_column_text][vc_column_text css=&#8220;.vc_custom_1729253352136{margin-top: 5px !important;margin-left: 40px !important;}&#8220;]Sie und eine Begleitung erhalten freien Zugang zu allen Aktivit\u00e4ten und Veranstaltungen, au\u00dfer der &#8230;<\/p>\n","protected":false},"author":4,"featured_media":0,"parent":0,"menu_order":1,"comment_status":"closed","ping_status":"closed","template":"","meta":{"inline_featured_image":false,"footnotes":""},"class_list":["post-17076","page","type-page","status-publish","hentry"],"yoast_head":"<!-- This site is optimized with the Yoast SEO plugin v27.3 - https:\/\/yoast.com\/product\/yoast-seo-wordpress\/ -->\n<title>IMPERIAL FRIENDS - The Feuerle Collection<\/title>\n<meta name=\"robots\" content=\"index, follow, max-snippet:-1, max-image-preview:large, max-video-preview:-1\" \/>\n<link rel=\"canonical\" href=\"https:\/\/www.thefeuerlecollection.org\/de\/imperial-friends\/\" \/>\n<meta property=\"og:locale\" content=\"de_DE\" \/>\n<meta property=\"og:type\" content=\"article\" \/>\n<meta property=\"og:title\" content=\"IMPERIAL FRIENDS - The Feuerle Collection\" \/>\n<meta property=\"og:description\" content=\"[vc_row ct_row_stretch=&#8220;stretch_row&#8220; equal_height=&#8220;yes&#8220; content_placement=&#8220;top&#8220; ct_bg_image=&#8220;8608&#8243; ct_bg_repeat=&#8220;no-repeat&#8220; ct_bg_size=&#8220;contain&#8220; ct_bg_position=&#8220;center right&#8220; ct_bg_parallax=&#8220;fixed&#8220;][vc_column width=&#8220;1\/2&#8243;][vc_custom_heading text=&#8220;BECOME A FRIEND&#8220; font_container=&#8220;tag:h1|text_align:left&#8220; use_theme_fonts=&#8220;yes&#8220;][vc_wp_custommenu nav_menu=&#8220;41&#8243;][vc_row_inner][vc_column_inner offset=&#8220;vc_hidden-lg&#8220;][vc_single_image image=&#8220;8611&#8243; img_size=&#8220;large&#8220;][\/vc_column_inner][\/vc_row_inner][vc_column_text el_class=&#8220;fc-article-title-red&#8220; css=&#8220;.vc_custom_1669125172851{margin-left: 40px !important;}&#8220;]IMPERIAL FRIENDS[\/vc_column_text][vc_column_text css=&#8220;.vc_custom_1669713198380{margin-top: 5px !important;margin-left: 40px !important;}&#8220;] Keine Altersgrenze [\/vc_column_text][vc_column_text css=&#8220;.vc_custom_1586355971642{margin-left: 40px !important;}&#8220; el_class=&#8220;fc-article-title&#8220;]BENEFITS[\/vc_column_text][vc_column_text css=&#8220;.vc_custom_1729253352136{margin-top: 5px !important;margin-left: 40px !important;}&#8220;]Sie und eine Begleitung erhalten freien Zugang zu allen Aktivit\u00e4ten und Veranstaltungen, au\u00dfer der ...\" \/>\n<meta property=\"og:url\" content=\"https:\/\/www.thefeuerlecollection.org\/de\/imperial-friends\/\" \/>\n<meta property=\"og:site_name\" content=\"The Feuerle Collection\" \/>\n<meta property=\"article:modified_time\" content=\"2024-10-18T12:09:17+00:00\" \/>\n<meta name=\"twitter:card\" content=\"summary_large_image\" \/>\n<meta name=\"twitter:label1\" content=\"Gesch\u00e4tzte Lesezeit\" \/>\n\t<meta name=\"twitter:data1\" content=\"2\u00a0Minuten\" \/>\n<script type=\"application\/ld+json\" class=\"yoast-schema-graph\">{\"@context\":\"https:\\\/\\\/schema.org\",\"@graph\":[{\"@type\":\"WebPage\",\"@id\":\"https:\\\/\\\/www.thefeuerlecollection.org\\\/de\\\/imperial-friends\\\/\",\"url\":\"https:\\\/\\\/www.thefeuerlecollection.org\\\/de\\\/imperial-friends\\\/\",\"name\":\"IMPERIAL FRIENDS - The Feuerle Collection\",\"isPartOf\":{\"@id\":\"https:\\\/\\\/www.thefeuerlecollection.org\\\/de\\\/#website\"},\"datePublished\":\"2022-11-25T17:51:08+00:00\",\"dateModified\":\"2024-10-18T12:09:17+00:00\",\"breadcrumb\":{\"@id\":\"https:\\\/\\\/www.thefeuerlecollection.org\\\/de\\\/imperial-friends\\\/#breadcrumb\"},\"inLanguage\":\"de\",\"potentialAction\":[{\"@type\":\"ReadAction\",\"target\":[\"https:\\\/\\\/www.thefeuerlecollection.org\\\/de\\\/imperial-friends\\\/\"]}]},{\"@type\":\"BreadcrumbList\",\"@id\":\"https:\\\/\\\/www.thefeuerlecollection.org\\\/de\\\/imperial-friends\\\/#breadcrumb\",\"itemListElement\":[{\"@type\":\"ListItem\",\"position\":1,\"name\":\"Home\",\"item\":\"https:\\\/\\\/www.thefeuerlecollection.org\\\/de\\\/\"},{\"@type\":\"ListItem\",\"position\":2,\"name\":\"IMPERIAL FRIENDS\"}]},{\"@type\":\"WebSite\",\"@id\":\"https:\\\/\\\/www.thefeuerlecollection.org\\\/de\\\/#website\",\"url\":\"https:\\\/\\\/www.thefeuerlecollection.org\\\/de\\\/\",\"name\":\"The Feuerle Collection\",\"description\":\"Visit our Collection\",\"publisher\":{\"@id\":\"https:\\\/\\\/www.thefeuerlecollection.org\\\/de\\\/#organization\"},\"potentialAction\":[{\"@type\":\"SearchAction\",\"target\":{\"@type\":\"EntryPoint\",\"urlTemplate\":\"https:\\\/\\\/www.thefeuerlecollection.org\\\/de\\\/?s={search_term_string}\"},\"query-input\":{\"@type\":\"PropertyValueSpecification\",\"valueRequired\":true,\"valueName\":\"search_term_string\"}}],\"inLanguage\":\"de\"},{\"@type\":\"Organization\",\"@id\":\"https:\\\/\\\/www.thefeuerlecollection.org\\\/de\\\/#organization\",\"name\":\"The Feuerle Collection\",\"url\":\"https:\\\/\\\/www.thefeuerlecollection.org\\\/de\\\/\",\"logo\":{\"@type\":\"ImageObject\",\"inLanguage\":\"de\",\"@id\":\"https:\\\/\\\/www.thefeuerlecollection.org\\\/de\\\/#\\\/schema\\\/logo\\\/image\\\/\",\"url\":\"https:\\\/\\\/www.thefeuerlecollection.org\\\/wp-content\\\/uploads\\\/2020\\\/02\\\/the-feuerle-collection_logo_500x158.png\",\"contentUrl\":\"https:\\\/\\\/www.thefeuerlecollection.org\\\/wp-content\\\/uploads\\\/2020\\\/02\\\/the-feuerle-collection_logo_500x158.png\",\"width\":500,\"height\":158,\"caption\":\"The Feuerle Collection\"},\"image\":{\"@id\":\"https:\\\/\\\/www.thefeuerlecollection.org\\\/de\\\/#\\\/schema\\\/logo\\\/image\\\/\"}}]}<\/script>\n<!-- \/ Yoast SEO plugin. -->","yoast_head_json":{"title":"IMPERIAL FRIENDS - The Feuerle Collection","robots":{"index":"index","follow":"follow","max-snippet":"max-snippet:-1","max-image-preview":"max-image-preview:large","max-video-preview":"max-video-preview:-1"},"canonical":"https:\/\/www.thefeuerlecollection.org\/de\/imperial-friends\/","og_locale":"de_DE","og_type":"article","og_title":"IMPERIAL FRIENDS - The Feuerle Collection","og_description":"[vc_row ct_row_stretch=&#8220;stretch_row&#8220; equal_height=&#8220;yes&#8220; content_placement=&#8220;top&#8220; ct_bg_image=&#8220;8608&#8243; ct_bg_repeat=&#8220;no-repeat&#8220; ct_bg_size=&#8220;contain&#8220; ct_bg_position=&#8220;center right&#8220; ct_bg_parallax=&#8220;fixed&#8220;][vc_column width=&#8220;1\/2&#8243;][vc_custom_heading text=&#8220;BECOME A FRIEND&#8220; font_container=&#8220;tag:h1|text_align:left&#8220; use_theme_fonts=&#8220;yes&#8220;][vc_wp_custommenu nav_menu=&#8220;41&#8243;][vc_row_inner][vc_column_inner offset=&#8220;vc_hidden-lg&#8220;][vc_single_image image=&#8220;8611&#8243; img_size=&#8220;large&#8220;][\/vc_column_inner][\/vc_row_inner][vc_column_text el_class=&#8220;fc-article-title-red&#8220; css=&#8220;.vc_custom_1669125172851{margin-left: 40px !important;}&#8220;]IMPERIAL FRIENDS[\/vc_column_text][vc_column_text css=&#8220;.vc_custom_1669713198380{margin-top: 5px !important;margin-left: 40px !important;}&#8220;] Keine Altersgrenze [\/vc_column_text][vc_column_text css=&#8220;.vc_custom_1586355971642{margin-left: 40px !important;}&#8220; el_class=&#8220;fc-article-title&#8220;]BENEFITS[\/vc_column_text][vc_column_text css=&#8220;.vc_custom_1729253352136{margin-top: 5px !important;margin-left: 40px !important;}&#8220;]Sie und eine Begleitung erhalten freien Zugang zu allen Aktivit\u00e4ten und Veranstaltungen, au\u00dfer der ...","og_url":"https:\/\/www.thefeuerlecollection.org\/de\/imperial-friends\/","og_site_name":"The Feuerle Collection","article_modified_time":"2024-10-18T12:09:17+00:00","twitter_card":"summary_large_image","twitter_misc":{"Gesch\u00e4tzte Lesezeit":"2\u00a0Minuten"},"schema":{"@context":"https:\/\/schema.org","@graph":[{"@type":"WebPage","@id":"https:\/\/www.thefeuerlecollection.org\/de\/imperial-friends\/","url":"https:\/\/www.thefeuerlecollection.org\/de\/imperial-friends\/","name":"IMPERIAL FRIENDS - The Feuerle Collection","isPartOf":{"@id":"https:\/\/www.thefeuerlecollection.org\/de\/#website"},"datePublished":"2022-11-25T17:51:08+00:00","dateModified":"2024-10-18T12:09:17+00:00","breadcrumb":{"@id":"https:\/\/www.thefeuerlecollection.org\/de\/imperial-friends\/#breadcrumb"},"inLanguage":"de","potentialAction":[{"@type":"ReadAction","target":["https:\/\/www.thefeuerlecollection.org\/de\/imperial-friends\/"]}]},{"@type":"BreadcrumbList","@id":"https:\/\/www.thefeuerlecollection.org\/de\/imperial-friends\/#breadcrumb","itemListElement":[{"@type":"ListItem","position":1,"name":"Home","item":"https:\/\/www.thefeuerlecollection.org\/de\/"},{"@type":"ListItem","position":2,"name":"IMPERIAL FRIENDS"}]},{"@type":"WebSite","@id":"https:\/\/www.thefeuerlecollection.org\/de\/#website","url":"https:\/\/www.thefeuerlecollection.org\/de\/","name":"The Feuerle Collection","description":"Visit our Collection","publisher":{"@id":"https:\/\/www.thefeuerlecollection.org\/de\/#organization"},"potentialAction":[{"@type":"SearchAction","target":{"@type":"EntryPoint","urlTemplate":"https:\/\/www.thefeuerlecollection.org\/de\/?s={search_term_string}"},"query-input":{"@type":"PropertyValueSpecification","valueRequired":true,"valueName":"search_term_string"}}],"inLanguage":"de"},{"@type":"Organization","@id":"https:\/\/www.thefeuerlecollection.org\/de\/#organization","name":"The Feuerle Collection","url":"https:\/\/www.thefeuerlecollection.org\/de\/","logo":{"@type":"ImageObject","inLanguage":"de","@id":"https:\/\/www.thefeuerlecollection.org\/de\/#\/schema\/logo\/image\/","url":"https:\/\/www.thefeuerlecollection.org\/wp-content\/uploads\/2020\/02\/the-feuerle-collection_logo_500x158.png","contentUrl":"https:\/\/www.thefeuerlecollection.org\/wp-content\/uploads\/2020\/02\/the-feuerle-collection_logo_500x158.png","width":500,"height":158,"caption":"The Feuerle Collection"},"image":{"@id":"https:\/\/www.thefeuerlecollection.org\/de\/#\/schema\/logo\/image\/"}}]}},"_links":{"self":[{"href":"https:\/\/www.thefeuerlecollection.org\/de\/wp-json\/wp\/v2\/pages\/17076","targetHints":{"allow":["GET"]}}],"collection":[{"href":"https:\/\/www.thefeuerlecollection.org\/de\/wp-json\/wp\/v2\/pages"}],"about":[{"href":"https:\/\/www.thefeuerlecollection.org\/de\/wp-json\/wp\/v2\/types\/page"}],"author":[{"embeddable":true,"href":"https:\/\/www.thefeuerlecollection.org\/de\/wp-json\/wp\/v2\/users\/4"}],"replies":[{"embeddable":true,"href":"https:\/\/www.thefeuerlecollection.org\/de\/wp-json\/wp\/v2\/comments?post=17076"}],"version-history":[{"count":26,"href":"https:\/\/www.thefeuerlecollection.org\/de\/wp-json\/wp\/v2\/pages\/17076\/revisions"}],"predecessor-version":[{"id":22151,"href":"https:\/\/www.thefeuerlecollection.org\/de\/wp-json\/wp\/v2\/pages\/17076\/revisions\/22151"}],"wp:attachment":[{"href":"https:\/\/www.thefeuerlecollection.org\/de\/wp-json\/wp\/v2\/media?parent=17076"}],"curies":[{"name":"wp","href":"https:\/\/api.w.org\/{rel}","templated":true}]}}