{"id":166,"date":"2020-02-28T14:07:10","date_gmt":"2020-02-28T12:07:10","guid":{"rendered":"https:\/\/fc.imagox.com\/besuch-der-sammlung\/"},"modified":"2023-04-25T13:55:12","modified_gmt":"2023-04-25T11:55:12","slug":"besuch-der-sammlung","status":"publish","type":"page","link":"https:\/\/www.thefeuerlecollection.org\/de\/besuch-der-sammlung\/","title":{"rendered":"SAMMLUNG"},"content":{"rendered":"<div class=\"wpb-content-wrapper\">[vc_row ct_row_stretch=&#8220;stretch_row&#8220; full_height=&#8220;yes&#8220; content_placement=&#8220;top&#8220; ct_bg_image=&#8220;60&#8243; ct_bg_repeat=&#8220;no-repeat&#8220; ct_bg_size=&#8220;contain&#8220; ct_bg_position=&#8220;center right&#8220;][vc_column width=&#8220;1\/2&#8243;]<div class=\"ult-spacer spacer-69f4385f23d48\" data-id=\"69f4385f23d48\" data-height=\"133\" data-height-mobile=\"133\" data-height-tab=\"133\" data-height-tab-portrait=\"\" data-height-mobile-landscape=\"\" style=\"clear:both;display:block;\"><\/div>[vc_custom_heading text=&#8220;SAMMLUNG&#8220; font_container=&#8220;tag:h1|text_align:left&#8220; use_theme_fonts=&#8220;yes&#8220;]<div class=\"ult-spacer spacer-69f4385f23d8b\" data-id=\"69f4385f23d8b\" data-height=\"18\" data-height-mobile=\"18\" data-height-tab=\"18\" data-height-tab-portrait=\"\" data-height-mobile-landscape=\"\" style=\"clear:both;display:block;\"><\/div>[vc_column_text]\n<div class=\"page\" title=\"Page 2\">\n<div class=\"section\">\n<div class=\"layoutArea\">\n<div class=\"column\">\n<div class=\"page\" title=\"Page 2\">\n<div class=\"section\">\n<div class=\"layoutArea\">\n<div class=\"column\">\n<div class=\"page\" title=\"Page 2\">\n<div class=\"layoutArea\">\n<div class=\"column\">\n<p>Die Feuerle Collection ist eine von D\u00e9sir\u00e9 Feuerle und Sara Puig im Jahr 2016 gegr\u00fcndete Non-Profit-Institution in Berlin Kreuzberg, die der Sammlung D\u00e9sir\u00e9 Feuerles gewidmet ist, in welcher internationale zeitgen\u00f6ssische K\u00fcnstlerpositionen kaiserlich-chinesischen M\u00f6beln und alter Kunst aus S\u00fcdostasien gegen\u00fcbergestellt werden.<\/p>\n<p>Gezeigt werden Khmerskulpturen des 7.-13. Jahrhunderts aus Stein, Bronze und Holz, kaiserlich-chinesische Lack- und Steinm\u00f6bel, Gelehrtenm\u00f6bel, die von der Han Dynastie bis hin zur Qing Dynastie, von 200 v. Chr. bis ins 18. Jahrhundert reichen, die Arbeiten von Cristina Iglesias, Anish Kapoor, Zeng Fanzhi, Nobuyoshi Araki und Adam Fuss gegen\u00fcbergestellt werden.<\/p>\n<p>Die Ausstellung befindet sich in einem ehemaligen, aus dem Zweiten Weltkrieg stammenden, Telekommunikationsbunker, der von dem britischen Architekten John Pawson renoviert wurde. Es wird ein Dialog verschiedener Zeitalter und Kulturen angeregt und zugleich eine neue Perspektive auf die fr\u00fche Kunst geschaffen.<\/p>\n<p>Mit einer Gesamtfl\u00e4che von 7350 m<sup>\u00b2<\/sup> umfasst die Feuerle Collection neben den beiden Hauptausstellungsr\u00e4umen einen Sound Room, einen Lake Room und einen Incense Room.<\/p>\n<p>Als erste Kunstinstitution weltweit, pr\u00e4sentiert die Feuerle Collection im Kern ihrer R\u00e4ume die chinesische Kultur des Incense. Eine der \u00e4ltesten Traditionen Chinas, mit \u00fcber 2000 Jahren Geschichte, wird hier die Incense Ceremony als zeitgen\u00f6ssische Kunstperformance verstanden.<\/p>\n<p>Der Sammler D\u00e9sir\u00e9 Feuerle kommt urspr\u00fcnglich aus der internationalen zeitgen\u00f6ssischen Kunstszene und gr\u00fcndete in den 90er Jahren eine Galerie in K\u00f6ln, in der er, als Pionier auf diesem Gebiet, fr\u00fche, moderne und Gegenwartskunst gegen\u00fcberstellte, und somit eine neue, zeitgen\u00f6ssische Perspektive auf die alte Kunst zeigte.<\/p>\n<p>Sara Puig ist Gr\u00fcnderin des Sara Puig Institute for The Arts und aktuelle Pr\u00e4sidentin der Fundaci\u00f3 Joan Mir\u00f3 in Barcelona, in der sie seit 2014 als Trustee diente. Von 1998 bis 2013 war sie Direktorin der Fundaci\u00f3n Francisco Godia in Barcelona, Spanien.<\/p>\n<p>Der Besuch der Feuerle Collection muss im Vorfeld gebucht werden. Bei Interesse folgen Sie bitte dem untenstehenden Link.<\/p>\n<p>Hiermit m\u00f6chten wir Sie au\u00dferdem darauf aufmerksam machen, dass der Besuch der Sammlung nur f\u00fcr Personen \u00fcber 16 Jahre geeignet ist, weswegen Kindern unter 16 Jahren der Zutritt grunds\u00e4tzlich verwehrt bleibt.<\/p>\n<p>F\u00fcr Ihr Verst\u00e4ndnis sind wir Ihnen sehr dankbar.<\/p>\n<\/div>\n<\/div>\n<\/div>\n<\/div>\n<\/div>\n<\/div>\n<\/div>\n<\/div>\n<\/div>\n<\/div>\n<\/div>\n[\/vc_column_text]<div class=\"ult-spacer spacer-69f4385f23db1\" data-id=\"69f4385f23db1\" data-height=\"38\" data-height-mobile=\"38\" data-height-tab=\"38\" data-height-tab-portrait=\"\" data-height-mobile-landscape=\"\" style=\"clear:both;display:block;\"><\/div>[vc_btn title=&#8220;BUCHEN SIE HIER IHREN BESUCH&#8220; style=&#8220;flat&#8220; shape=&#8220;square&#8220; size=&#8220;sm&#8220; align=&#8220;left&#8220; css_animation=&#8220;none&#8220; link=&#8220;url:https%3A%2F%2Fwww.thefeuerlecollection.org%2Fde%2Fshop%2F&#8220; el_class=&#8220;fc-button&#8220;]<div class=\"ult-spacer spacer-69f4385f23dd1\" data-id=\"69f4385f23dd1\" data-height=\"80\" data-height-mobile=\"80\" data-height-tab=\"80\" data-height-tab-portrait=\"\" data-height-mobile-landscape=\"\" style=\"clear:both;display:block;\"><\/div>[\/vc_column][vc_column width=&#8220;1\/2&#8243;][\/vc_column][\/vc_row][vc_row ct_row_stretch=&#8220;&#8220;][vc_column width=&#8220;6\/12&#8243;][vc_column_text el_class=&#8220;fc-credit-text&#8220;]Kopf von Avalokiteshvara, Khmer, Bayon, 12.-13. Jahrhundert[\/vc_column_text]<div class=\"ult-spacer spacer-69f4385f23dec\" data-id=\"69f4385f23dec\" data-height=\"10\" data-height-mobile=\"10\" data-height-tab=\"10\" data-height-tab-portrait=\"\" data-height-mobile-landscape=\"\" style=\"clear:both;display:block;\"><\/div>[\/vc_column][vc_column width=&#8220;5\/12&#8243;][\/vc_column][\/vc_row]\n<\/div>","protected":false},"excerpt":{"rendered":"<p>[vc_row ct_row_stretch=&#8220;stretch_row&#8220; full_height=&#8220;yes&#8220; content_placement=&#8220;top&#8220; ct_bg_image=&#8220;60&#8243; ct_bg_repeat=&#8220;no-repeat&#8220; ct_bg_size=&#8220;contain&#8220; ct_bg_position=&#8220;center right&#8220;][vc_column width=&#8220;1\/2&#8243;][vc_custom_heading text=&#8220;SAMMLUNG&#8220; font_container=&#8220;tag:h1|text_align:left&#8220; use_theme_fonts=&#8220;yes&#8220;][vc_column_text] Die Feuerle Collection ist eine von D\u00e9sir\u00e9 Feuerle und Sara Puig im Jahr 2016 gegr\u00fcndete Non-Profit-Institution in Berlin Kreuzberg, die der Sammlung D\u00e9sir\u00e9 Feuerles gewidmet ist, in welcher internationale zeitgen\u00f6ssische K\u00fcnstlerpositionen kaiserlich-chinesischen M\u00f6beln und alter Kunst aus S\u00fcdostasien gegen\u00fcbergestellt werden. Gezeigt werden &#8230;<\/p>\n","protected":false},"author":1,"featured_media":0,"parent":0,"menu_order":1,"comment_status":"closed","ping_status":"closed","template":"","meta":{"inline_featured_image":false,"footnotes":""},"class_list":["post-166","page","type-page","status-publish","hentry"],"yoast_head":"<!-- This site is optimized with the Yoast SEO plugin v27.3 - https:\/\/yoast.com\/product\/yoast-seo-wordpress\/ -->\n<title>SAMMLUNG - The Feuerle Collection<\/title>\n<meta name=\"robots\" content=\"index, follow, max-snippet:-1, max-image-preview:large, max-video-preview:-1\" \/>\n<link rel=\"canonical\" href=\"https:\/\/www.thefeuerlecollection.org\/de\/besuch-der-sammlung\/\" \/>\n<meta property=\"og:locale\" content=\"de_DE\" \/>\n<meta property=\"og:type\" content=\"article\" \/>\n<meta property=\"og:title\" content=\"SAMMLUNG - The Feuerle Collection\" \/>\n<meta property=\"og:description\" content=\"[vc_row ct_row_stretch=&#8220;stretch_row&#8220; full_height=&#8220;yes&#8220; content_placement=&#8220;top&#8220; ct_bg_image=&#8220;60&#8243; ct_bg_repeat=&#8220;no-repeat&#8220; ct_bg_size=&#8220;contain&#8220; ct_bg_position=&#8220;center right&#8220;][vc_column width=&#8220;1\/2&#8243;][vc_custom_heading text=&#8220;SAMMLUNG&#8220; font_container=&#8220;tag:h1|text_align:left&#8220; use_theme_fonts=&#8220;yes&#8220;][vc_column_text] Die Feuerle Collection ist eine von D\u00e9sir\u00e9 Feuerle und Sara Puig im Jahr 2016 gegr\u00fcndete Non-Profit-Institution in Berlin Kreuzberg, die der Sammlung D\u00e9sir\u00e9 Feuerles gewidmet ist, in welcher internationale zeitgen\u00f6ssische K\u00fcnstlerpositionen kaiserlich-chinesischen M\u00f6beln und alter Kunst aus S\u00fcdostasien gegen\u00fcbergestellt werden. Gezeigt werden ...\" \/>\n<meta property=\"og:url\" content=\"https:\/\/www.thefeuerlecollection.org\/de\/besuch-der-sammlung\/\" \/>\n<meta property=\"og:site_name\" content=\"The Feuerle Collection\" \/>\n<meta property=\"article:modified_time\" content=\"2023-04-25T11:55:12+00:00\" \/>\n<meta name=\"twitter:card\" content=\"summary_large_image\" \/>\n<meta name=\"twitter:label1\" content=\"Gesch\u00e4tzte Lesezeit\" \/>\n\t<meta name=\"twitter:data1\" content=\"2\u00a0Minuten\" \/>\n<script type=\"application\/ld+json\" class=\"yoast-schema-graph\">{\"@context\":\"https:\\\/\\\/schema.org\",\"@graph\":[{\"@type\":\"WebPage\",\"@id\":\"https:\\\/\\\/www.thefeuerlecollection.org\\\/de\\\/besuch-der-sammlung\\\/\",\"url\":\"https:\\\/\\\/www.thefeuerlecollection.org\\\/de\\\/besuch-der-sammlung\\\/\",\"name\":\"SAMMLUNG - The Feuerle Collection\",\"isPartOf\":{\"@id\":\"https:\\\/\\\/www.thefeuerlecollection.org\\\/de\\\/#website\"},\"datePublished\":\"2020-02-28T12:07:10+00:00\",\"dateModified\":\"2023-04-25T11:55:12+00:00\",\"breadcrumb\":{\"@id\":\"https:\\\/\\\/www.thefeuerlecollection.org\\\/de\\\/besuch-der-sammlung\\\/#breadcrumb\"},\"inLanguage\":\"de\",\"potentialAction\":[{\"@type\":\"ReadAction\",\"target\":[\"https:\\\/\\\/www.thefeuerlecollection.org\\\/de\\\/besuch-der-sammlung\\\/\"]}]},{\"@type\":\"BreadcrumbList\",\"@id\":\"https:\\\/\\\/www.thefeuerlecollection.org\\\/de\\\/besuch-der-sammlung\\\/#breadcrumb\",\"itemListElement\":[{\"@type\":\"ListItem\",\"position\":1,\"name\":\"Home\",\"item\":\"https:\\\/\\\/www.thefeuerlecollection.org\\\/de\\\/\"},{\"@type\":\"ListItem\",\"position\":2,\"name\":\"SAMMLUNG\"}]},{\"@type\":\"WebSite\",\"@id\":\"https:\\\/\\\/www.thefeuerlecollection.org\\\/de\\\/#website\",\"url\":\"https:\\\/\\\/www.thefeuerlecollection.org\\\/de\\\/\",\"name\":\"The Feuerle Collection\",\"description\":\"Visit our Collection\",\"publisher\":{\"@id\":\"https:\\\/\\\/www.thefeuerlecollection.org\\\/de\\\/#organization\"},\"potentialAction\":[{\"@type\":\"SearchAction\",\"target\":{\"@type\":\"EntryPoint\",\"urlTemplate\":\"https:\\\/\\\/www.thefeuerlecollection.org\\\/de\\\/?s={search_term_string}\"},\"query-input\":{\"@type\":\"PropertyValueSpecification\",\"valueRequired\":true,\"valueName\":\"search_term_string\"}}],\"inLanguage\":\"de\"},{\"@type\":\"Organization\",\"@id\":\"https:\\\/\\\/www.thefeuerlecollection.org\\\/de\\\/#organization\",\"name\":\"The Feuerle Collection\",\"url\":\"https:\\\/\\\/www.thefeuerlecollection.org\\\/de\\\/\",\"logo\":{\"@type\":\"ImageObject\",\"inLanguage\":\"de\",\"@id\":\"https:\\\/\\\/www.thefeuerlecollection.org\\\/de\\\/#\\\/schema\\\/logo\\\/image\\\/\",\"url\":\"https:\\\/\\\/www.thefeuerlecollection.org\\\/wp-content\\\/uploads\\\/2020\\\/02\\\/the-feuerle-collection_logo_500x158.png\",\"contentUrl\":\"https:\\\/\\\/www.thefeuerlecollection.org\\\/wp-content\\\/uploads\\\/2020\\\/02\\\/the-feuerle-collection_logo_500x158.png\",\"width\":500,\"height\":158,\"caption\":\"The Feuerle Collection\"},\"image\":{\"@id\":\"https:\\\/\\\/www.thefeuerlecollection.org\\\/de\\\/#\\\/schema\\\/logo\\\/image\\\/\"}}]}<\/script>\n<!-- \/ Yoast SEO plugin. -->","yoast_head_json":{"title":"SAMMLUNG - The Feuerle Collection","robots":{"index":"index","follow":"follow","max-snippet":"max-snippet:-1","max-image-preview":"max-image-preview:large","max-video-preview":"max-video-preview:-1"},"canonical":"https:\/\/www.thefeuerlecollection.org\/de\/besuch-der-sammlung\/","og_locale":"de_DE","og_type":"article","og_title":"SAMMLUNG - The Feuerle Collection","og_description":"[vc_row ct_row_stretch=&#8220;stretch_row&#8220; full_height=&#8220;yes&#8220; content_placement=&#8220;top&#8220; ct_bg_image=&#8220;60&#8243; ct_bg_repeat=&#8220;no-repeat&#8220; ct_bg_size=&#8220;contain&#8220; ct_bg_position=&#8220;center right&#8220;][vc_column width=&#8220;1\/2&#8243;][vc_custom_heading text=&#8220;SAMMLUNG&#8220; font_container=&#8220;tag:h1|text_align:left&#8220; use_theme_fonts=&#8220;yes&#8220;][vc_column_text] Die Feuerle Collection ist eine von D\u00e9sir\u00e9 Feuerle und Sara Puig im Jahr 2016 gegr\u00fcndete Non-Profit-Institution in Berlin Kreuzberg, die der Sammlung D\u00e9sir\u00e9 Feuerles gewidmet ist, in welcher internationale zeitgen\u00f6ssische K\u00fcnstlerpositionen kaiserlich-chinesischen M\u00f6beln und alter Kunst aus S\u00fcdostasien gegen\u00fcbergestellt werden. Gezeigt werden ...","og_url":"https:\/\/www.thefeuerlecollection.org\/de\/besuch-der-sammlung\/","og_site_name":"The Feuerle Collection","article_modified_time":"2023-04-25T11:55:12+00:00","twitter_card":"summary_large_image","twitter_misc":{"Gesch\u00e4tzte Lesezeit":"2\u00a0Minuten"},"schema":{"@context":"https:\/\/schema.org","@graph":[{"@type":"WebPage","@id":"https:\/\/www.thefeuerlecollection.org\/de\/besuch-der-sammlung\/","url":"https:\/\/www.thefeuerlecollection.org\/de\/besuch-der-sammlung\/","name":"SAMMLUNG - The Feuerle Collection","isPartOf":{"@id":"https:\/\/www.thefeuerlecollection.org\/de\/#website"},"datePublished":"2020-02-28T12:07:10+00:00","dateModified":"2023-04-25T11:55:12+00:00","breadcrumb":{"@id":"https:\/\/www.thefeuerlecollection.org\/de\/besuch-der-sammlung\/#breadcrumb"},"inLanguage":"de","potentialAction":[{"@type":"ReadAction","target":["https:\/\/www.thefeuerlecollection.org\/de\/besuch-der-sammlung\/"]}]},{"@type":"BreadcrumbList","@id":"https:\/\/www.thefeuerlecollection.org\/de\/besuch-der-sammlung\/#breadcrumb","itemListElement":[{"@type":"ListItem","position":1,"name":"Home","item":"https:\/\/www.thefeuerlecollection.org\/de\/"},{"@type":"ListItem","position":2,"name":"SAMMLUNG"}]},{"@type":"WebSite","@id":"https:\/\/www.thefeuerlecollection.org\/de\/#website","url":"https:\/\/www.thefeuerlecollection.org\/de\/","name":"The Feuerle Collection","description":"Visit our Collection","publisher":{"@id":"https:\/\/www.thefeuerlecollection.org\/de\/#organization"},"potentialAction":[{"@type":"SearchAction","target":{"@type":"EntryPoint","urlTemplate":"https:\/\/www.thefeuerlecollection.org\/de\/?s={search_term_string}"},"query-input":{"@type":"PropertyValueSpecification","valueRequired":true,"valueName":"search_term_string"}}],"inLanguage":"de"},{"@type":"Organization","@id":"https:\/\/www.thefeuerlecollection.org\/de\/#organization","name":"The Feuerle Collection","url":"https:\/\/www.thefeuerlecollection.org\/de\/","logo":{"@type":"ImageObject","inLanguage":"de","@id":"https:\/\/www.thefeuerlecollection.org\/de\/#\/schema\/logo\/image\/","url":"https:\/\/www.thefeuerlecollection.org\/wp-content\/uploads\/2020\/02\/the-feuerle-collection_logo_500x158.png","contentUrl":"https:\/\/www.thefeuerlecollection.org\/wp-content\/uploads\/2020\/02\/the-feuerle-collection_logo_500x158.png","width":500,"height":158,"caption":"The Feuerle Collection"},"image":{"@id":"https:\/\/www.thefeuerlecollection.org\/de\/#\/schema\/logo\/image\/"}}]}},"_links":{"self":[{"href":"https:\/\/www.thefeuerlecollection.org\/de\/wp-json\/wp\/v2\/pages\/166","targetHints":{"allow":["GET"]}}],"collection":[{"href":"https:\/\/www.thefeuerlecollection.org\/de\/wp-json\/wp\/v2\/pages"}],"about":[{"href":"https:\/\/www.thefeuerlecollection.org\/de\/wp-json\/wp\/v2\/types\/page"}],"author":[{"embeddable":true,"href":"https:\/\/www.thefeuerlecollection.org\/de\/wp-json\/wp\/v2\/users\/1"}],"replies":[{"embeddable":true,"href":"https:\/\/www.thefeuerlecollection.org\/de\/wp-json\/wp\/v2\/comments?post=166"}],"version-history":[{"count":30,"href":"https:\/\/www.thefeuerlecollection.org\/de\/wp-json\/wp\/v2\/pages\/166\/revisions"}],"predecessor-version":[{"id":18671,"href":"https:\/\/www.thefeuerlecollection.org\/de\/wp-json\/wp\/v2\/pages\/166\/revisions\/18671"}],"wp:attachment":[{"href":"https:\/\/www.thefeuerlecollection.org\/de\/wp-json\/wp\/v2\/media?parent=166"}],"curies":[{"name":"wp","href":"https:\/\/api.w.org\/{rel}","templated":true}]}}