{"id":15816,"date":"2022-11-25T19:22:55","date_gmt":"2022-11-25T17:22:55","guid":{"rendered":"https:\/\/www.thefeuerlecollection.org\/?page_id=15816"},"modified":"2024-10-18T12:25:35","modified_gmt":"2024-10-18T10:25:35","slug":"young-friends","status":"publish","type":"page","link":"https:\/\/www.thefeuerlecollection.org\/de\/young-friends\/","title":{"rendered":"YOUNG FRIENDS"},"content":{"rendered":"<div class=\"wpb-content-wrapper\">[vc_row ct_row_stretch=&#8220;stretch_row&#8220; full_height=&#8220;yes&#8220; columns_placement=&#8220;top&#8220; content_placement=&#8220;top&#8220; ct_bg_image=&#8220;12469&#8243; ct_bg_repeat=&#8220;no-repeat&#8220; ct_bg_size=&#8220;contain&#8220; ct_bg_position=&#8220;center right&#8220; ct_bg_parallax=&#8220;fixed&#8220;][vc_column width=&#8220;1\/2&#8243;]<div class=\"ult-spacer spacer-69dc2ae672d8f\" data-id=\"69dc2ae672d8f\" data-height=\"133\" data-height-mobile=\"133\" data-height-tab=\"133\" data-height-tab-portrait=\"\" data-height-mobile-landscape=\"\" style=\"clear:both;display:block;\"><\/div>[vc_custom_heading text=&#8220;FREUNDE WERDEN&#8220; font_container=&#8220;tag:h1|text_align:left&#8220; use_theme_fonts=&#8220;yes&#8220;]<div class=\"ult-spacer spacer-69dc2ae672dde\" data-id=\"69dc2ae672dde\" data-height=\"25\" data-height-mobile=\"25\" data-height-tab=\"25\" data-height-tab-portrait=\"\" data-height-mobile-landscape=\"\" style=\"clear:both;display:block;\"><\/div>[vc_wp_custommenu nav_menu=&#8220;41&#8243;][vc_row_inner][vc_column_inner offset=&#8220;vc_hidden-lg&#8220;][vc_single_image image=&#8220;12362&#8243; img_size=&#8220;large&#8220;][\/vc_column_inner][\/vc_row_inner]<div class=\"ult-spacer spacer-69dc2ae672e1f\" data-id=\"69dc2ae672e1f\" data-height=\"10\" data-height-mobile=\"20\" data-height-tab=\"\" data-height-tab-portrait=\"20\" data-height-mobile-landscape=\"20\" style=\"clear:both;display:block;\"><\/div>[vc_column_text el_class=&#8220;fc-article-title-red&#8220; css=&#8220;.vc_custom_1669123180114{margin-left: 40px !important;}&#8220;]YOUNG FRIENDS[\/vc_column_text]<div class=\"ult-spacer spacer-69dc2ae672e4c\" data-id=\"69dc2ae672e4c\" data-height=\"20\" data-height-mobile=\"20\" data-height-tab=\"20\" data-height-tab-portrait=\"\" data-height-mobile-landscape=\"\" style=\"clear:both;display:block;\"><\/div>[vc_column_text css=&#8220;.vc_custom_1669123375863{margin-left: 40px !important;}&#8220;]\n<div>\n<p><span lang=\"DE\">Bis 29 Jahre <\/span><\/p>\n<\/div>\n[\/vc_column_text]<div class=\"ult-spacer spacer-69dc2ae672e85\" data-id=\"69dc2ae672e85\" data-height=\"25\" data-height-mobile=\"25\" data-height-tab=\"25\" data-height-tab-portrait=\"\" data-height-mobile-landscape=\"\" style=\"clear:both;display:block;\"><\/div>[vc_column_text css=&#8220;.vc_custom_1586359382248{margin-left: 40px !important;}&#8220; el_class=&#8220;fc-article-title&#8220;]BENEFITS[\/vc_column_text][vc_column_text css=&#8220;.vc_custom_1729247131969{margin-top: 5px !important;margin-left: 40px !important;}&#8220;]\n<div class=\"page\" title=\"Page 21\">\n<p><span lang=\"DE\">Sie erhalten 50% Rabatt auf alle Events au\u00dfer der Incense\/Tea Ceremony<\/span><\/p>\n<p>Zugangsgarantie <span lang=\"DE\">auf alle Veranstaltungen<\/span><\/p>\n<p>Sie werden pers\u00f6nlich zu Ausstellungen und K\u00fcnstlergespr\u00e4chen eingeladen<\/p>\n<p>Sie und eine Begleitperson haben unbegrenzten Zugang zur Feuerle Collection w\u00e4hrend der regul\u00e4ren \u00d6ffnungszeiten<\/p>\n<p>Sie erhalten 25% Rabatt auf die Incense Ceremony<\/p>\n<p>F\u00fchrung des Direktors<\/p>\n<p>Sie werden zum j\u00e4hrlichen Treffen der Friends eingeladen<\/p>\n<\/div>\n[\/vc_column_text]<div class=\"ult-spacer spacer-69dc2ae672eab\" data-id=\"69dc2ae672eab\" data-height=\"25\" data-height-mobile=\"25\" data-height-tab=\"25\" data-height-tab-portrait=\"\" data-height-mobile-landscape=\"\" style=\"clear:both;display:block;\"><\/div>[vc_column_text css=&#8220;.vc_custom_1586359393197{margin-left: 40px !important;}&#8220; el_class=&#8220;fc-article-title&#8220;]MITGLIEDSCHAFT[\/vc_column_text][vc_column_text css=&#8220;.vc_custom_1669123574410{margin-left: 40px !important;}&#8220;]80\u20ac\u00a0<span lang=\"DE\">pro Jahr<\/span>[\/vc_column_text]<div class=\"ult-spacer spacer-69dc2ae672eea\" data-id=\"69dc2ae672eea\" data-height=\"27\" data-height-mobile=\"27\" data-height-tab=\"27\" data-height-tab-portrait=\"\" data-height-mobile-landscape=\"\" style=\"clear:both;display:block;\"><\/div>[vc_column_text css=&#8220;.vc_custom_1669712981907{margin-top: 5px !important;margin-left: 40px !important;}&#8220;]\n<div class=\"page\" title=\"Page 21\">\n<p>Bitte schreiben Sie an <a href=\"mailto:info@thefeuerlecollection.org\">info@thefeuerlecollection.org<\/a>, um YOUNG FRIEND zu werden bzw. um eine Mitgliedschaft zu verschenken oder falls Sie Fragen haben<\/p>\n<p>&nbsp;<\/p>\n<\/div>\n[\/vc_column_text]<div class=\"ult-spacer spacer-69dc2ae672f16\" data-id=\"69dc2ae672f16\" data-height=\"15\" data-height-mobile=\"15\" data-height-tab=\"15\" data-height-tab-portrait=\"\" data-height-mobile-landscape=\"\" style=\"clear:both;display:block;\"><\/div><div class=\"ult-spacer spacer-69dc2ae672f58\" data-id=\"69dc2ae672f58\" data-height=\"100\" data-height-mobile=\"100\" data-height-tab=\"\" data-height-tab-portrait=\"\" data-height-mobile-landscape=\"100\" style=\"clear:both;display:block;\"><\/div>[vc_row_inner][vc_column_inner offset=&#8220;vc_hidden-lg vc_hidden-md vc_hidden-sm vc_hidden-xs&#8220;]<div class=\"ult-spacer spacer-69dc2ae672f93\" data-id=\"69dc2ae672f93\" data-height=\"35\" data-height-mobile=\"35\" data-height-tab=\"35\" data-height-tab-portrait=\"\" data-height-mobile-landscape=\"\" style=\"clear:both;display:block;\"><\/div>[vc_btn title=&#8220;BECOME A YOUNG FRIEND&#8220; style=&#8220;flat&#8220; shape=&#8220;square&#8220; size=&#8220;sm&#8220; align=&#8220;left&#8220; css_animation=&#8220;none&#8220; link=&#8220;url:https%3A%2F%2Fwww.thefeuerlecollection.org%2Fen%2Fclub-setup%2F%3Fsubscription_plan%3D2|title:Club%20Setup|&#8220; el_class=&#8220;fc-button&#8220; css=&#8220;.vc_custom_1669123610496{margin-left: 40px !important;}&#8220;][vc_column_text]\n<div class=\"page\" title=\"Page 21\">\n<p>By clicking <em>Become a Young Friend<\/em>, you accept the <a href=\"https:\/\/www.thefeuerlecollection.org\/de\/mitgliedschaftsvereinbarung-clubbers\/\">membership terms<\/a>, <a href=\"https:\/\/www.thefeuerlecollection.org\/de\/allgemeine-geschaeftsbedingungen-agb\/\">general terms and conditions<\/a> and <a href=\"https:\/\/www.thefeuerlecollection.org\/de\/datenschutzerklaerung\/\">data privacy policy<\/a>. For more information please contact <a href=\"mailto:supporters@thefeuerlecollection.org\">supporters@thefeuerlecollection.org<\/a><\/p>\n<\/div>\n[\/vc_column_text][\/vc_column_inner][\/vc_row_inner][\/vc_column][vc_column width=&#8220;1\/2&#8243;]<div class=\"ult-spacer spacer-69dc2ae672fdf\" data-id=\"69dc2ae672fdf\" data-height=\"50\" data-height-mobile=\"50\" data-height-tab=\"50\" data-height-tab-portrait=\"\" data-height-mobile-landscape=\"\" style=\"clear:both;display:block;\"><\/div>[\/vc_column][\/vc_row][vc_row ct_row_stretch=&#8220;&#8220;][vc_column width=&#8220;1\/2&#8243;][vc_column_text el_class=&#8220;fc-credit-text&#8220;]\n<div class=\"page\" title=\"Page 3\">\n<div class=\"section\">\n<div class=\"layoutArea\">\n<div class=\"column\">\n<p>Foto: T\u00e4nzerin, Apsara, Khmer Baphuon, 11. Jahrhundert, Bronze.<br \/>\nCopyright<em>\u00a9<\/em>The Feuerle Collection<\/p>\n<\/div>\n<\/div>\n<\/div>\n<\/div>\n[\/vc_column_text]<div class=\"ult-spacer spacer-69dc2ae672fff\" data-id=\"69dc2ae672fff\" data-height=\"10\" data-height-mobile=\"10\" data-height-tab=\"10\" data-height-tab-portrait=\"\" data-height-mobile-landscape=\"\" style=\"clear:both;display:block;\"><\/div>[\/vc_column][vc_column width=&#8220;1\/2&#8243;][\/vc_column][\/vc_row]\n<\/div>","protected":false},"excerpt":{"rendered":"<p>[vc_row ct_row_stretch=&#8220;stretch_row&#8220; full_height=&#8220;yes&#8220; columns_placement=&#8220;top&#8220; content_placement=&#8220;top&#8220; ct_bg_image=&#8220;12469&#8243; ct_bg_repeat=&#8220;no-repeat&#8220; ct_bg_size=&#8220;contain&#8220; ct_bg_position=&#8220;center right&#8220; ct_bg_parallax=&#8220;fixed&#8220;][vc_column width=&#8220;1\/2&#8243;][vc_custom_heading text=&#8220;FREUNDE WERDEN&#8220; font_container=&#8220;tag:h1|text_align:left&#8220; use_theme_fonts=&#8220;yes&#8220;][vc_wp_custommenu nav_menu=&#8220;41&#8243;][vc_row_inner][vc_column_inner offset=&#8220;vc_hidden-lg&#8220;][vc_single_image image=&#8220;12362&#8243; img_size=&#8220;large&#8220;][\/vc_column_inner][\/vc_row_inner][vc_column_text el_class=&#8220;fc-article-title-red&#8220; css=&#8220;.vc_custom_1669123180114{margin-left: 40px !important;}&#8220;]YOUNG FRIENDS[\/vc_column_text][vc_column_text css=&#8220;.vc_custom_1669123375863{margin-left: 40px !important;}&#8220;] Bis 29 Jahre [\/vc_column_text][vc_column_text css=&#8220;.vc_custom_1586359382248{margin-left: 40px !important;}&#8220; el_class=&#8220;fc-article-title&#8220;]BENEFITS[\/vc_column_text][vc_column_text css=&#8220;.vc_custom_1729247131969{margin-top: 5px !important;margin-left: 40px !important;}&#8220;] Sie erhalten 50% Rabatt auf alle Events au\u00dfer der Incense\/Tea Ceremony Zugangsgarantie auf alle &#8230;<\/p>\n","protected":false},"author":1,"featured_media":0,"parent":0,"menu_order":1,"comment_status":"closed","ping_status":"closed","template":"","meta":{"inline_featured_image":false,"footnotes":""},"class_list":["post-15816","page","type-page","status-publish","hentry"],"yoast_head":"<!-- This site is optimized with the Yoast SEO plugin v27.3 - https:\/\/yoast.com\/product\/yoast-seo-wordpress\/ -->\n<title>YOUNG FRIENDS - The Feuerle Collection<\/title>\n<meta name=\"robots\" content=\"index, follow, max-snippet:-1, max-image-preview:large, max-video-preview:-1\" \/>\n<link rel=\"canonical\" href=\"https:\/\/www.thefeuerlecollection.org\/de\/young-friends\/\" \/>\n<meta property=\"og:locale\" content=\"de_DE\" \/>\n<meta property=\"og:type\" content=\"article\" \/>\n<meta property=\"og:title\" content=\"YOUNG FRIENDS - The Feuerle Collection\" \/>\n<meta property=\"og:description\" content=\"[vc_row ct_row_stretch=&#8220;stretch_row&#8220; full_height=&#8220;yes&#8220; columns_placement=&#8220;top&#8220; content_placement=&#8220;top&#8220; ct_bg_image=&#8220;12469&#8243; ct_bg_repeat=&#8220;no-repeat&#8220; ct_bg_size=&#8220;contain&#8220; ct_bg_position=&#8220;center right&#8220; ct_bg_parallax=&#8220;fixed&#8220;][vc_column width=&#8220;1\/2&#8243;][vc_custom_heading text=&#8220;FREUNDE WERDEN&#8220; font_container=&#8220;tag:h1|text_align:left&#8220; use_theme_fonts=&#8220;yes&#8220;][vc_wp_custommenu nav_menu=&#8220;41&#8243;][vc_row_inner][vc_column_inner offset=&#8220;vc_hidden-lg&#8220;][vc_single_image image=&#8220;12362&#8243; img_size=&#8220;large&#8220;][\/vc_column_inner][\/vc_row_inner][vc_column_text el_class=&#8220;fc-article-title-red&#8220; css=&#8220;.vc_custom_1669123180114{margin-left: 40px !important;}&#8220;]YOUNG FRIENDS[\/vc_column_text][vc_column_text css=&#8220;.vc_custom_1669123375863{margin-left: 40px !important;}&#8220;] Bis 29 Jahre [\/vc_column_text][vc_column_text css=&#8220;.vc_custom_1586359382248{margin-left: 40px !important;}&#8220; el_class=&#8220;fc-article-title&#8220;]BENEFITS[\/vc_column_text][vc_column_text css=&#8220;.vc_custom_1729247131969{margin-top: 5px !important;margin-left: 40px !important;}&#8220;] Sie erhalten 50% Rabatt auf alle Events au\u00dfer der Incense\/Tea Ceremony Zugangsgarantie auf alle ...\" \/>\n<meta property=\"og:url\" content=\"https:\/\/www.thefeuerlecollection.org\/de\/young-friends\/\" \/>\n<meta property=\"og:site_name\" content=\"The Feuerle Collection\" \/>\n<meta property=\"article:modified_time\" content=\"2024-10-18T10:25:35+00:00\" \/>\n<meta name=\"twitter:card\" content=\"summary_large_image\" \/>\n<meta name=\"twitter:label1\" content=\"Gesch\u00e4tzte Lesezeit\" \/>\n\t<meta name=\"twitter:data1\" content=\"2\u00a0Minuten\" \/>\n<script type=\"application\/ld+json\" class=\"yoast-schema-graph\">{\"@context\":\"https:\\\/\\\/schema.org\",\"@graph\":[{\"@type\":\"WebPage\",\"@id\":\"https:\\\/\\\/www.thefeuerlecollection.org\\\/de\\\/young-friends\\\/\",\"url\":\"https:\\\/\\\/www.thefeuerlecollection.org\\\/de\\\/young-friends\\\/\",\"name\":\"YOUNG FRIENDS - The Feuerle Collection\",\"isPartOf\":{\"@id\":\"https:\\\/\\\/www.thefeuerlecollection.org\\\/de\\\/#website\"},\"datePublished\":\"2022-11-25T17:22:55+00:00\",\"dateModified\":\"2024-10-18T10:25:35+00:00\",\"breadcrumb\":{\"@id\":\"https:\\\/\\\/www.thefeuerlecollection.org\\\/de\\\/young-friends\\\/#breadcrumb\"},\"inLanguage\":\"de\",\"potentialAction\":[{\"@type\":\"ReadAction\",\"target\":[\"https:\\\/\\\/www.thefeuerlecollection.org\\\/de\\\/young-friends\\\/\"]}]},{\"@type\":\"BreadcrumbList\",\"@id\":\"https:\\\/\\\/www.thefeuerlecollection.org\\\/de\\\/young-friends\\\/#breadcrumb\",\"itemListElement\":[{\"@type\":\"ListItem\",\"position\":1,\"name\":\"Home\",\"item\":\"https:\\\/\\\/www.thefeuerlecollection.org\\\/de\\\/\"},{\"@type\":\"ListItem\",\"position\":2,\"name\":\"YOUNG FRIENDS\"}]},{\"@type\":\"WebSite\",\"@id\":\"https:\\\/\\\/www.thefeuerlecollection.org\\\/de\\\/#website\",\"url\":\"https:\\\/\\\/www.thefeuerlecollection.org\\\/de\\\/\",\"name\":\"The Feuerle Collection\",\"description\":\"Visit our Collection\",\"publisher\":{\"@id\":\"https:\\\/\\\/www.thefeuerlecollection.org\\\/de\\\/#organization\"},\"potentialAction\":[{\"@type\":\"SearchAction\",\"target\":{\"@type\":\"EntryPoint\",\"urlTemplate\":\"https:\\\/\\\/www.thefeuerlecollection.org\\\/de\\\/?s={search_term_string}\"},\"query-input\":{\"@type\":\"PropertyValueSpecification\",\"valueRequired\":true,\"valueName\":\"search_term_string\"}}],\"inLanguage\":\"de\"},{\"@type\":\"Organization\",\"@id\":\"https:\\\/\\\/www.thefeuerlecollection.org\\\/de\\\/#organization\",\"name\":\"The Feuerle Collection\",\"url\":\"https:\\\/\\\/www.thefeuerlecollection.org\\\/de\\\/\",\"logo\":{\"@type\":\"ImageObject\",\"inLanguage\":\"de\",\"@id\":\"https:\\\/\\\/www.thefeuerlecollection.org\\\/de\\\/#\\\/schema\\\/logo\\\/image\\\/\",\"url\":\"https:\\\/\\\/www.thefeuerlecollection.org\\\/wp-content\\\/uploads\\\/2020\\\/02\\\/the-feuerle-collection_logo_500x158.png\",\"contentUrl\":\"https:\\\/\\\/www.thefeuerlecollection.org\\\/wp-content\\\/uploads\\\/2020\\\/02\\\/the-feuerle-collection_logo_500x158.png\",\"width\":500,\"height\":158,\"caption\":\"The Feuerle Collection\"},\"image\":{\"@id\":\"https:\\\/\\\/www.thefeuerlecollection.org\\\/de\\\/#\\\/schema\\\/logo\\\/image\\\/\"}}]}<\/script>\n<!-- \/ Yoast SEO plugin. -->","yoast_head_json":{"title":"YOUNG FRIENDS - The Feuerle Collection","robots":{"index":"index","follow":"follow","max-snippet":"max-snippet:-1","max-image-preview":"max-image-preview:large","max-video-preview":"max-video-preview:-1"},"canonical":"https:\/\/www.thefeuerlecollection.org\/de\/young-friends\/","og_locale":"de_DE","og_type":"article","og_title":"YOUNG FRIENDS - The Feuerle Collection","og_description":"[vc_row ct_row_stretch=&#8220;stretch_row&#8220; full_height=&#8220;yes&#8220; columns_placement=&#8220;top&#8220; content_placement=&#8220;top&#8220; ct_bg_image=&#8220;12469&#8243; ct_bg_repeat=&#8220;no-repeat&#8220; ct_bg_size=&#8220;contain&#8220; ct_bg_position=&#8220;center right&#8220; ct_bg_parallax=&#8220;fixed&#8220;][vc_column width=&#8220;1\/2&#8243;][vc_custom_heading text=&#8220;FREUNDE WERDEN&#8220; font_container=&#8220;tag:h1|text_align:left&#8220; use_theme_fonts=&#8220;yes&#8220;][vc_wp_custommenu nav_menu=&#8220;41&#8243;][vc_row_inner][vc_column_inner offset=&#8220;vc_hidden-lg&#8220;][vc_single_image image=&#8220;12362&#8243; img_size=&#8220;large&#8220;][\/vc_column_inner][\/vc_row_inner][vc_column_text el_class=&#8220;fc-article-title-red&#8220; css=&#8220;.vc_custom_1669123180114{margin-left: 40px !important;}&#8220;]YOUNG FRIENDS[\/vc_column_text][vc_column_text css=&#8220;.vc_custom_1669123375863{margin-left: 40px !important;}&#8220;] Bis 29 Jahre [\/vc_column_text][vc_column_text css=&#8220;.vc_custom_1586359382248{margin-left: 40px !important;}&#8220; el_class=&#8220;fc-article-title&#8220;]BENEFITS[\/vc_column_text][vc_column_text css=&#8220;.vc_custom_1729247131969{margin-top: 5px !important;margin-left: 40px !important;}&#8220;] Sie erhalten 50% Rabatt auf alle Events au\u00dfer der Incense\/Tea Ceremony Zugangsgarantie auf alle ...","og_url":"https:\/\/www.thefeuerlecollection.org\/de\/young-friends\/","og_site_name":"The Feuerle Collection","article_modified_time":"2024-10-18T10:25:35+00:00","twitter_card":"summary_large_image","twitter_misc":{"Gesch\u00e4tzte Lesezeit":"2\u00a0Minuten"},"schema":{"@context":"https:\/\/schema.org","@graph":[{"@type":"WebPage","@id":"https:\/\/www.thefeuerlecollection.org\/de\/young-friends\/","url":"https:\/\/www.thefeuerlecollection.org\/de\/young-friends\/","name":"YOUNG FRIENDS - The Feuerle Collection","isPartOf":{"@id":"https:\/\/www.thefeuerlecollection.org\/de\/#website"},"datePublished":"2022-11-25T17:22:55+00:00","dateModified":"2024-10-18T10:25:35+00:00","breadcrumb":{"@id":"https:\/\/www.thefeuerlecollection.org\/de\/young-friends\/#breadcrumb"},"inLanguage":"de","potentialAction":[{"@type":"ReadAction","target":["https:\/\/www.thefeuerlecollection.org\/de\/young-friends\/"]}]},{"@type":"BreadcrumbList","@id":"https:\/\/www.thefeuerlecollection.org\/de\/young-friends\/#breadcrumb","itemListElement":[{"@type":"ListItem","position":1,"name":"Home","item":"https:\/\/www.thefeuerlecollection.org\/de\/"},{"@type":"ListItem","position":2,"name":"YOUNG FRIENDS"}]},{"@type":"WebSite","@id":"https:\/\/www.thefeuerlecollection.org\/de\/#website","url":"https:\/\/www.thefeuerlecollection.org\/de\/","name":"The Feuerle Collection","description":"Visit our Collection","publisher":{"@id":"https:\/\/www.thefeuerlecollection.org\/de\/#organization"},"potentialAction":[{"@type":"SearchAction","target":{"@type":"EntryPoint","urlTemplate":"https:\/\/www.thefeuerlecollection.org\/de\/?s={search_term_string}"},"query-input":{"@type":"PropertyValueSpecification","valueRequired":true,"valueName":"search_term_string"}}],"inLanguage":"de"},{"@type":"Organization","@id":"https:\/\/www.thefeuerlecollection.org\/de\/#organization","name":"The Feuerle Collection","url":"https:\/\/www.thefeuerlecollection.org\/de\/","logo":{"@type":"ImageObject","inLanguage":"de","@id":"https:\/\/www.thefeuerlecollection.org\/de\/#\/schema\/logo\/image\/","url":"https:\/\/www.thefeuerlecollection.org\/wp-content\/uploads\/2020\/02\/the-feuerle-collection_logo_500x158.png","contentUrl":"https:\/\/www.thefeuerlecollection.org\/wp-content\/uploads\/2020\/02\/the-feuerle-collection_logo_500x158.png","width":500,"height":158,"caption":"The Feuerle Collection"},"image":{"@id":"https:\/\/www.thefeuerlecollection.org\/de\/#\/schema\/logo\/image\/"}}]}},"_links":{"self":[{"href":"https:\/\/www.thefeuerlecollection.org\/de\/wp-json\/wp\/v2\/pages\/15816","targetHints":{"allow":["GET"]}}],"collection":[{"href":"https:\/\/www.thefeuerlecollection.org\/de\/wp-json\/wp\/v2\/pages"}],"about":[{"href":"https:\/\/www.thefeuerlecollection.org\/de\/wp-json\/wp\/v2\/types\/page"}],"author":[{"embeddable":true,"href":"https:\/\/www.thefeuerlecollection.org\/de\/wp-json\/wp\/v2\/users\/1"}],"replies":[{"embeddable":true,"href":"https:\/\/www.thefeuerlecollection.org\/de\/wp-json\/wp\/v2\/comments?post=15816"}],"version-history":[{"count":19,"href":"https:\/\/www.thefeuerlecollection.org\/de\/wp-json\/wp\/v2\/pages\/15816\/revisions"}],"predecessor-version":[{"id":22123,"href":"https:\/\/www.thefeuerlecollection.org\/de\/wp-json\/wp\/v2\/pages\/15816\/revisions\/22123"}],"wp:attachment":[{"href":"https:\/\/www.thefeuerlecollection.org\/de\/wp-json\/wp\/v2\/media?parent=15816"}],"curies":[{"name":"wp","href":"https:\/\/api.w.org\/{rel}","templated":true}]}}