{"id":12852,"date":"2020-12-16T13:32:44","date_gmt":"2020-12-16T11:32:44","guid":{"rendered":"https:\/\/www.thefeuerlecollection.org\/news-covid-19-closure-02-11-20\/"},"modified":"2021-04-23T12:29:53","modified_gmt":"2021-04-23T10:29:53","slug":"news-covid-19-closure-02-11-20","status":"publish","type":"page","link":"https:\/\/www.thefeuerlecollection.org\/de\/news-covid-19-closure-02-11-20\/","title":{"rendered":"News COVID-19 closure 02.11.20"},"content":{"rendered":"<div class=\"wpb-content-wrapper\">[vc_row ct_row_stretch=&#8220;&#8220;][vc_column width=&#8220;2\/3&#8243;]<div class=\"ult-spacer spacer-69f2d670b7f95\" data-id=\"69f2d670b7f95\" data-height=\"150\" data-height-mobile=\"150\" data-height-tab=\"150\" data-height-tab-portrait=\"\" data-height-mobile-landscape=\"\" style=\"clear:both;display:block;\"><\/div>[vc_column_text]\n<div class=\"default-style\">Liebe Freunde und Besucher der Feuerle Collection,<\/div>\n<div><\/div>\n<div class=\"default-style\">aufgrund der bestehenden Infektionsschutzverordnung bleibt die Feuerle Collection bis auf weiteres geschlossen.<\/div>\n<div><\/div>\n<div class=\"default-style\">Falls Sie bereits Eintrittskarten f\u00fcr den Zeitraum bis zum 10. Januar 2021 erworben haben, bleiben diese g\u00fcltig und k\u00f6nnen auf einen sp\u00e4teren Zeitpunkt umgebucht werden. Alle Tickets f\u00fcr die Teilnahme an der Gong Bath Session im November, Dezember 2020 und Januar 2021 gelten als Gutscheine f\u00fcr zuk\u00fcnftige Termine.<\/div>\n<div><\/div>\n<div class=\"default-style\">Auf unsere\u00a0<span class=\"\"><strong><a href=\"https:\/\/www.thefeuerlecollection.org\/de\/\">Website<\/a>,<\/strong><\/span><span class=\"\">\u00a0<\/span><span class=\"\"><b class=\"\"><a href=\"https:\/\/www.instagram.com\/thefeuerlecollection\/\">Instagram<\/a><\/b>und<\/span><span class=\"\"><b class=\"\"><a href=\"https:\/\/www.facebook.com\/thefeuerlecollection\/\">Facebook<\/a><\/b><\/span>\u00a0 \u00a0Kan\u00e4le k\u00f6nne Sie sich jederzeit \u00fcber den neuesten Stand informieren. Vielen Dank f\u00fcr Ihr Entgegenkommen!<\/div>\n<div><\/div>\n<div class=\"default-style\">In der Zwischenzeit laden wir Sie ein uns auf Instagram und Facebook zu folgen, und auch \u00fcber unserer Webseite neue digitale Inhalte zu entdecken.<\/div>\n<div class=\"default-style\"><\/div>\n<div class=\"default-style\">Bitte z\u00f6gern Sie nicht, und bei fragen zu kontaktieren.<\/div>\n<div class=\"default-style\"><\/div>\n<div class=\"default-style\">Mit den besten W\u00fcnschen,<\/div>\n<div class=\"default-style\">The Feuerle Collection<span class=\"\">\u00a0<\/span><\/div>\n<p><span class=\"\"><a class=\"\" href=\"mailto:info@thefeuerlecollection.org\">info@thefeuerlecollection.org<\/a><\/span><\/p>\n<p><span class=\"\">+49(0)3025792320<\/span>[\/vc_column_text][\/vc_column][vc_column width=&#8220;1\/3&#8243;][\/vc_column][\/vc_row]\n<\/div>","protected":false},"excerpt":{"rendered":"<p>[vc_row ct_row_stretch=&#8220;&#8220;][vc_column width=&#8220;2\/3&#8243;][vc_column_text] Liebe Freunde und Besucher der Feuerle Collection, aufgrund der bestehenden Infektionsschutzverordnung bleibt die Feuerle Collection bis auf weiteres geschlossen. Falls Sie bereits Eintrittskarten f\u00fcr den Zeitraum bis zum 10. Januar 2021 erworben haben, bleiben diese g\u00fcltig und k\u00f6nnen auf einen sp\u00e4teren Zeitpunkt umgebucht werden. Alle Tickets f\u00fcr die Teilnahme an der Gong &#8230;<\/p>\n","protected":false},"author":4,"featured_media":0,"parent":0,"menu_order":0,"comment_status":"closed","ping_status":"closed","template":"","meta":{"inline_featured_image":false,"footnotes":""},"class_list":["post-12852","page","type-page","status-publish","hentry"],"yoast_head":"<!-- This site is optimized with the Yoast SEO plugin v27.3 - https:\/\/yoast.com\/product\/yoast-seo-wordpress\/ -->\n<title>News COVID-19 closure 02.11.20 - The Feuerle Collection<\/title>\n<meta name=\"robots\" content=\"index, follow, max-snippet:-1, max-image-preview:large, max-video-preview:-1\" \/>\n<link rel=\"canonical\" href=\"https:\/\/www.thefeuerlecollection.org\/de\/news-covid-19-closure-02-11-20\/\" \/>\n<meta property=\"og:locale\" content=\"de_DE\" \/>\n<meta property=\"og:type\" content=\"article\" \/>\n<meta property=\"og:title\" content=\"News COVID-19 closure 02.11.20 - The Feuerle Collection\" \/>\n<meta property=\"og:description\" content=\"[vc_row ct_row_stretch=&#8220;&#8220;][vc_column width=&#8220;2\/3&#8243;][vc_column_text] Liebe Freunde und Besucher der Feuerle Collection, aufgrund der bestehenden Infektionsschutzverordnung bleibt die Feuerle Collection bis auf weiteres geschlossen. Falls Sie bereits Eintrittskarten f\u00fcr den Zeitraum bis zum 10. Januar 2021 erworben haben, bleiben diese g\u00fcltig und k\u00f6nnen auf einen sp\u00e4teren Zeitpunkt umgebucht werden. Alle Tickets f\u00fcr die Teilnahme an der Gong ...\" \/>\n<meta property=\"og:url\" content=\"https:\/\/www.thefeuerlecollection.org\/de\/news-covid-19-closure-02-11-20\/\" \/>\n<meta property=\"og:site_name\" content=\"The Feuerle Collection\" \/>\n<meta property=\"article:modified_time\" content=\"2021-04-23T10:29:53+00:00\" \/>\n<meta name=\"twitter:card\" content=\"summary_large_image\" \/>\n<meta name=\"twitter:label1\" content=\"Gesch\u00e4tzte Lesezeit\" \/>\n\t<meta name=\"twitter:data1\" content=\"1\u00a0Minute\" \/>\n<script type=\"application\/ld+json\" class=\"yoast-schema-graph\">{\"@context\":\"https:\\\/\\\/schema.org\",\"@graph\":[{\"@type\":\"WebPage\",\"@id\":\"https:\\\/\\\/www.thefeuerlecollection.org\\\/de\\\/news-covid-19-closure-02-11-20\\\/\",\"url\":\"https:\\\/\\\/www.thefeuerlecollection.org\\\/de\\\/news-covid-19-closure-02-11-20\\\/\",\"name\":\"News COVID-19 closure 02.11.20 - The Feuerle Collection\",\"isPartOf\":{\"@id\":\"https:\\\/\\\/www.thefeuerlecollection.org\\\/de\\\/#website\"},\"datePublished\":\"2020-12-16T11:32:44+00:00\",\"dateModified\":\"2021-04-23T10:29:53+00:00\",\"breadcrumb\":{\"@id\":\"https:\\\/\\\/www.thefeuerlecollection.org\\\/de\\\/news-covid-19-closure-02-11-20\\\/#breadcrumb\"},\"inLanguage\":\"de\",\"potentialAction\":[{\"@type\":\"ReadAction\",\"target\":[\"https:\\\/\\\/www.thefeuerlecollection.org\\\/de\\\/news-covid-19-closure-02-11-20\\\/\"]}]},{\"@type\":\"BreadcrumbList\",\"@id\":\"https:\\\/\\\/www.thefeuerlecollection.org\\\/de\\\/news-covid-19-closure-02-11-20\\\/#breadcrumb\",\"itemListElement\":[{\"@type\":\"ListItem\",\"position\":1,\"name\":\"Home\",\"item\":\"https:\\\/\\\/www.thefeuerlecollection.org\\\/de\\\/\"},{\"@type\":\"ListItem\",\"position\":2,\"name\":\"News COVID-19 closure 02.11.20\"}]},{\"@type\":\"WebSite\",\"@id\":\"https:\\\/\\\/www.thefeuerlecollection.org\\\/de\\\/#website\",\"url\":\"https:\\\/\\\/www.thefeuerlecollection.org\\\/de\\\/\",\"name\":\"The Feuerle Collection\",\"description\":\"Visit our Collection\",\"publisher\":{\"@id\":\"https:\\\/\\\/www.thefeuerlecollection.org\\\/de\\\/#organization\"},\"potentialAction\":[{\"@type\":\"SearchAction\",\"target\":{\"@type\":\"EntryPoint\",\"urlTemplate\":\"https:\\\/\\\/www.thefeuerlecollection.org\\\/de\\\/?s={search_term_string}\"},\"query-input\":{\"@type\":\"PropertyValueSpecification\",\"valueRequired\":true,\"valueName\":\"search_term_string\"}}],\"inLanguage\":\"de\"},{\"@type\":\"Organization\",\"@id\":\"https:\\\/\\\/www.thefeuerlecollection.org\\\/de\\\/#organization\",\"name\":\"The Feuerle Collection\",\"url\":\"https:\\\/\\\/www.thefeuerlecollection.org\\\/de\\\/\",\"logo\":{\"@type\":\"ImageObject\",\"inLanguage\":\"de\",\"@id\":\"https:\\\/\\\/www.thefeuerlecollection.org\\\/de\\\/#\\\/schema\\\/logo\\\/image\\\/\",\"url\":\"https:\\\/\\\/www.thefeuerlecollection.org\\\/wp-content\\\/uploads\\\/2020\\\/02\\\/the-feuerle-collection_logo_500x158.png\",\"contentUrl\":\"https:\\\/\\\/www.thefeuerlecollection.org\\\/wp-content\\\/uploads\\\/2020\\\/02\\\/the-feuerle-collection_logo_500x158.png\",\"width\":500,\"height\":158,\"caption\":\"The Feuerle Collection\"},\"image\":{\"@id\":\"https:\\\/\\\/www.thefeuerlecollection.org\\\/de\\\/#\\\/schema\\\/logo\\\/image\\\/\"}}]}<\/script>\n<!-- \/ Yoast SEO plugin. -->","yoast_head_json":{"title":"News COVID-19 closure 02.11.20 - The Feuerle Collection","robots":{"index":"index","follow":"follow","max-snippet":"max-snippet:-1","max-image-preview":"max-image-preview:large","max-video-preview":"max-video-preview:-1"},"canonical":"https:\/\/www.thefeuerlecollection.org\/de\/news-covid-19-closure-02-11-20\/","og_locale":"de_DE","og_type":"article","og_title":"News COVID-19 closure 02.11.20 - The Feuerle Collection","og_description":"[vc_row ct_row_stretch=&#8220;&#8220;][vc_column width=&#8220;2\/3&#8243;][vc_column_text] Liebe Freunde und Besucher der Feuerle Collection, aufgrund der bestehenden Infektionsschutzverordnung bleibt die Feuerle Collection bis auf weiteres geschlossen. Falls Sie bereits Eintrittskarten f\u00fcr den Zeitraum bis zum 10. Januar 2021 erworben haben, bleiben diese g\u00fcltig und k\u00f6nnen auf einen sp\u00e4teren Zeitpunkt umgebucht werden. Alle Tickets f\u00fcr die Teilnahme an der Gong ...","og_url":"https:\/\/www.thefeuerlecollection.org\/de\/news-covid-19-closure-02-11-20\/","og_site_name":"The Feuerle Collection","article_modified_time":"2021-04-23T10:29:53+00:00","twitter_card":"summary_large_image","twitter_misc":{"Gesch\u00e4tzte Lesezeit":"1\u00a0Minute"},"schema":{"@context":"https:\/\/schema.org","@graph":[{"@type":"WebPage","@id":"https:\/\/www.thefeuerlecollection.org\/de\/news-covid-19-closure-02-11-20\/","url":"https:\/\/www.thefeuerlecollection.org\/de\/news-covid-19-closure-02-11-20\/","name":"News COVID-19 closure 02.11.20 - The Feuerle Collection","isPartOf":{"@id":"https:\/\/www.thefeuerlecollection.org\/de\/#website"},"datePublished":"2020-12-16T11:32:44+00:00","dateModified":"2021-04-23T10:29:53+00:00","breadcrumb":{"@id":"https:\/\/www.thefeuerlecollection.org\/de\/news-covid-19-closure-02-11-20\/#breadcrumb"},"inLanguage":"de","potentialAction":[{"@type":"ReadAction","target":["https:\/\/www.thefeuerlecollection.org\/de\/news-covid-19-closure-02-11-20\/"]}]},{"@type":"BreadcrumbList","@id":"https:\/\/www.thefeuerlecollection.org\/de\/news-covid-19-closure-02-11-20\/#breadcrumb","itemListElement":[{"@type":"ListItem","position":1,"name":"Home","item":"https:\/\/www.thefeuerlecollection.org\/de\/"},{"@type":"ListItem","position":2,"name":"News COVID-19 closure 02.11.20"}]},{"@type":"WebSite","@id":"https:\/\/www.thefeuerlecollection.org\/de\/#website","url":"https:\/\/www.thefeuerlecollection.org\/de\/","name":"The Feuerle Collection","description":"Visit our Collection","publisher":{"@id":"https:\/\/www.thefeuerlecollection.org\/de\/#organization"},"potentialAction":[{"@type":"SearchAction","target":{"@type":"EntryPoint","urlTemplate":"https:\/\/www.thefeuerlecollection.org\/de\/?s={search_term_string}"},"query-input":{"@type":"PropertyValueSpecification","valueRequired":true,"valueName":"search_term_string"}}],"inLanguage":"de"},{"@type":"Organization","@id":"https:\/\/www.thefeuerlecollection.org\/de\/#organization","name":"The Feuerle Collection","url":"https:\/\/www.thefeuerlecollection.org\/de\/","logo":{"@type":"ImageObject","inLanguage":"de","@id":"https:\/\/www.thefeuerlecollection.org\/de\/#\/schema\/logo\/image\/","url":"https:\/\/www.thefeuerlecollection.org\/wp-content\/uploads\/2020\/02\/the-feuerle-collection_logo_500x158.png","contentUrl":"https:\/\/www.thefeuerlecollection.org\/wp-content\/uploads\/2020\/02\/the-feuerle-collection_logo_500x158.png","width":500,"height":158,"caption":"The Feuerle Collection"},"image":{"@id":"https:\/\/www.thefeuerlecollection.org\/de\/#\/schema\/logo\/image\/"}}]}},"_links":{"self":[{"href":"https:\/\/www.thefeuerlecollection.org\/de\/wp-json\/wp\/v2\/pages\/12852","targetHints":{"allow":["GET"]}}],"collection":[{"href":"https:\/\/www.thefeuerlecollection.org\/de\/wp-json\/wp\/v2\/pages"}],"about":[{"href":"https:\/\/www.thefeuerlecollection.org\/de\/wp-json\/wp\/v2\/types\/page"}],"author":[{"embeddable":true,"href":"https:\/\/www.thefeuerlecollection.org\/de\/wp-json\/wp\/v2\/users\/4"}],"replies":[{"embeddable":true,"href":"https:\/\/www.thefeuerlecollection.org\/de\/wp-json\/wp\/v2\/comments?post=12852"}],"version-history":[{"count":4,"href":"https:\/\/www.thefeuerlecollection.org\/de\/wp-json\/wp\/v2\/pages\/12852\/revisions"}],"predecessor-version":[{"id":13237,"href":"https:\/\/www.thefeuerlecollection.org\/de\/wp-json\/wp\/v2\/pages\/12852\/revisions\/13237"}],"wp:attachment":[{"href":"https:\/\/www.thefeuerlecollection.org\/de\/wp-json\/wp\/v2\/media?parent=12852"}],"curies":[{"name":"wp","href":"https:\/\/api.w.org\/{rel}","templated":true}]}}