{"id":11931,"date":"2020-12-12T02:16:59","date_gmt":"2020-12-12T00:16:59","guid":{"rendered":"https:\/\/www.thefeuerlecollection.org\/?page_id=11931"},"modified":"2020-12-12T02:17:02","modified_gmt":"2020-12-12T00:17:02","slug":"mitgliedschaftsvereinbarung-fy","status":"publish","type":"page","link":"https:\/\/www.thefeuerlecollection.org\/de\/mitgliedschaftsvereinbarung-fy\/","title":{"rendered":"MITGLIEDSCHAFTSVEREINBARUNG FY"},"content":{"rendered":"<div class=\"wpb-content-wrapper\">[vc_row ct_row_stretch=&#8220;stretch_row&#8220; full_height=&#8220;yes&#8220; columns_placement=&#8220;top&#8220; content_placement=&#8220;top&#8220; ct_bg_image=&#8220;60&#8243; ct_bg_repeat=&#8220;no-repeat&#8220; ct_bg_size=&#8220;contain&#8220; ct_bg_position=&#8220;center right&#8220; ct_bg_parallax=&#8220;fixed&#8220;][vc_column width=&#8220;1\/2&#8243;]<div class=\"ult-spacer spacer-69d5992218aa1\" data-id=\"69d5992218aa1\" data-height=\"133\" data-height-mobile=\"133\" data-height-tab=\"133\" data-height-tab-portrait=\"\" data-height-mobile-landscape=\"\" style=\"clear:both;display:block;\"><\/div>[vc_custom_heading text=&#8220;MITGLIEDSCHAFTSVEREINBARUNG(FOREVER YOUNG)&#8220; font_container=&#8220;tag:h1|text_align:left&#8220; use_theme_fonts=&#8220;yes&#8220;][vc_column_text]\n<div>\n<p class=\"Vertragsberschrift\" align=\"left\"><span lang=\"EN-US\">der Art &amp; Juxtaposition Projects gGmbH (International Friends of the Feuerle Collection)<\/span><\/p>\n<p align=\"left\">See the English version below.<\/p>\n<\/div>\n[\/vc_column_text]<div class=\"ult-spacer spacer-69d5992218aec\" data-id=\"69d5992218aec\" data-height=\"23\" data-height-mobile=\"23\" data-height-tab=\"23\" data-height-tab-portrait=\"\" data-height-mobile-landscape=\"\" style=\"clear:both;display:block;\"><\/div>[vc_column_text]\n<h1>\u00a7 1\u00a0\u00a0Vertragsgegenstand<\/h1>\n[\/vc_column_text][vc_column_text](1) Gegenstand\u00a0des Vertrages ist die Gew\u00e4hrung von Mitgliedschaftsvorteilen durch The\u00a0Feuerle Collection in nachstehend bestimmtem Umfang.<\/p>\n<p>(2) Die\u00a0Art &amp; Juxtaposition Projects gGmbH\u00a0tritt bei der Gew\u00e4hrung der Mitgliedschaftsvorteile\u00a0als Vermittlerin auf. Die\u00a0Mitgliedschaftsvorteile werden von Dritten zur Verf\u00fcgung gestellt.[\/vc_column_text]<div class=\"ult-spacer spacer-69d5992218b19\" data-id=\"69d5992218b19\" data-height=\"23\" data-height-mobile=\"23\" data-height-tab=\"23\" data-height-tab-portrait=\"\" data-height-mobile-landscape=\"\" style=\"clear:both;display:block;\"><\/div>[vc_column_text]\n<h1>\u00a7 2 Mitgliedschaftsvorteile<\/h1>\n[\/vc_column_text][vc_column_text]Folgende\u00a0Mitgliedschaftsvorteile werden jeweils einmal j\u00e4hrlich gew\u00e4hrt:<\/p>\n<p>(1) Drei\u00a0Besuche f\u00fcr zwei Personen (Mitglied und ein Gast) w\u00e4hrend der regul\u00e4ren\u00a0\u00d6ffnungszeiten.<\/p>\n<p>(2) Einladung\u00a0zu nicht \u00f6ffentlichen Previews der tempor\u00e4ren Ausstellungen.<\/p>\n<p>(3) Vorrangige\u00a0Informationen zu relevanten Veranstaltungen und Besuchen.<\/p>\n<p>(4) 10 %\u00a0Preisnachlass auf die Teilnahme an der Incense Ceremony.[\/vc_column_text]<div class=\"ult-spacer spacer-69d5992218b3e\" data-id=\"69d5992218b3e\" data-height=\"23\" data-height-mobile=\"23\" data-height-tab=\"23\" data-height-tab-portrait=\"\" data-height-mobile-landscape=\"\" style=\"clear:both;display:block;\"><\/div>[vc_column_text]\n<h1>\u00a7 3 Vertragsdauer\u00a0und K\u00fcndigungsrecht<\/h1>\n[\/vc_column_text][vc_column_text](1) Der\u00a0Vertrag endet ein Jahr nach Vertragsschluss.<\/p>\n<p>(2) Der\u00a0Vertrag ist beiderseitig, mit einer Frist von vier Wochen zum Ende der\u00a0jeweiligen\u00a0Vertragslaufzeit schriftlich k\u00fcndbar.<\/p>\n<p>(3) Wird der Vertrag nicht fristgerecht\u00a0gek\u00fcndigt, verl\u00e4ngert sich dieser automatisch je um ein\u00a0weiteres Jahr.[\/vc_column_text]<div class=\"ult-spacer spacer-69d5992218b67\" data-id=\"69d5992218b67\" data-height=\"23\" data-height-mobile=\"23\" data-height-tab=\"23\" data-height-tab-portrait=\"\" data-height-mobile-landscape=\"\" style=\"clear:both;display:block;\"><\/div>[vc_column_text]\n<h1>\u00a7 4 Mitgliedschaftsbeitr\u00e4ge<\/h1>\n[\/vc_column_text][vc_column_text](1) Der\u00a0j\u00e4hrliche Mitgliedschaftsbeitrag betr\u00e4gt j\u00e4hrlich 500,00 \u20ac und ist mit\u00a0Vertragsschluss\u00a0sofort f\u00e4llig.<\/p>\n<p>(2) Die\u00a0Zahlung der Mitgliedsbeitr\u00e4ge erfolgt an:<\/p>\n<p>Art &amp; Juxtaposition Projects gGmbH<\/p>\n<p>IBAN: DE03100701240209048800, BIC\/SWIFT:\u00a0DEUTDEDB101[\/vc_column_text]<div class=\"ult-spacer spacer-69d5992218b8b\" data-id=\"69d5992218b8b\" data-height=\"23\" data-height-mobile=\"23\" data-height-tab=\"23\" data-height-tab-portrait=\"\" data-height-mobile-landscape=\"\" style=\"clear:both;display:block;\"><\/div>[vc_column_text]\n<h1>\u00a7 5\u00a0Allgemeine Gesch\u00e4ftsbedingungen<\/h1>\n[\/vc_column_text][vc_column_text]Das\u00a0Mitglied versichert, die diesem Vertrag beiliegenden Allgemeinen\u00a0Gesch\u00e4ftsbedingungen\u00a0zur Kenntnis genommen zu haben.[\/vc_column_text]<div class=\"ult-spacer spacer-69d5992218bab\" data-id=\"69d5992218bab\" data-height=\"23\" data-height-mobile=\"23\" data-height-tab=\"23\" data-height-tab-portrait=\"\" data-height-mobile-landscape=\"\" style=\"clear:both;display:block;\"><\/div>[vc_column_text]\n<h1>\u00a7 6 Schlussbestimmungen<\/h1>\n[\/vc_column_text][vc_column_text](1) M\u00fcndliche\u00a0Nebenabsprachen zu diesem Vertrag bestehen nicht. Jede \u00c4nderung oder\u00a0Erg\u00e4nzung des Vertrages bedarf der Schriftform.<\/p>\n<p>(2) Sollten einzelne Bestimmungen dieses\u00a0Vertrages unwirksam sein oder werden, dann wird\u00a0dadurch die Wirksamkeit der\u00a0\u00fcbrigen Bestimmungen nicht ber\u00fchrt. Die Vertragspartner sind\u00a0verpflichtet,\u00a0unwirksame Bestimmungen durch solche zu ersetzen, die dem angestrebten\u00a0wirtschaftlichen und inhaltlichen Zweck dieses Vertrages am n\u00e4chsten kommen.<\/p>\n<p>(3) Gerichtsstand\u00a0f\u00fcr Streitigkeiten aus diesem Vertrag ist Berlin.<\/p>\n<p>(4) Auf\u00a0dieses Vertragsverh\u00e4ltnis sowie auf Anspr\u00fcche, die aus diesem\u00a0Vertragsverh\u00e4ltnis\u00a0erwachsen, ist ausschlie\u00dflich deutsches Recht unter\u00a0Ausschluss des Kollisionsrechts\u00a0anzuwenden.<\/p>\n<p>(5) Rechtlich\u00a0verbindlich sind lediglich die deutschsprachigen Ausf\u00fchrungen, w\u00e4hrend die\u00a0englischsprachigen nur der besseren Verst\u00e4ndlichkeit dienen.<\/p>\n<p>(6) Sollten\u00a0einzelne oder mehrere Bestimmungen dieses Vertrages ganz oder teilweise\u00a0nichtig\u00a0oder unwirksam sein oder werden, so wird die G\u00fcltigkeit der \u00fcbrigen\u00a0Bestimmungen nicht\u00a0ber\u00fchrt. Anstelle der unwirksamen Bestimmung gilt\u00a0diejenige wirksame Bestimmung als\u00a0vereinbart, die Sinn und Zweck des\u00a0wirtschaftlich Gewollten der Parteien am ehesten\u00a0entspricht.[\/vc_column_text][\/vc_column][vc_column width=&#8220;1\/2&#8243; css=&#8220;.vc_custom_1584729890404{background-image: url(https:\/\/fc.imagox.com\/wp-content\/uploads\/2020\/02\/COLLECTION_v04.png?id=60) !important;}&#8220;][\/vc_column][\/vc_row][vc_row ct_row_stretch=&#8220;stretch_row&#8220; full_height=&#8220;yes&#8220; columns_placement=&#8220;top&#8220; content_placement=&#8220;top&#8220; ct_bg_image=&#8220;60&#8243; ct_bg_repeat=&#8220;no-repeat&#8220; ct_bg_size=&#8220;contain&#8220; ct_bg_position=&#8220;center right&#8220; ct_bg_parallax=&#8220;fixed&#8220;][vc_column width=&#8220;1\/2&#8243;]<div class=\"ult-spacer spacer-69d5992218bc9\" data-id=\"69d5992218bc9\" data-height=\"133\" data-height-mobile=\"133\" data-height-tab=\"133\" data-height-tab-portrait=\"\" data-height-mobile-landscape=\"\" style=\"clear:both;display:block;\"><\/div>[vc_custom_heading text=&#8220;MEMBERSHIP TERMS (FOREVER YOUNG)&#8220; font_container=&#8220;tag:h1|text_align:left&#8220; use_theme_fonts=&#8220;yes&#8220;][vc_column_text]the Art &amp; Juxtaposition Projects gGmbH<\/p>\n<p>(International Friends of The Feuerle Collection)[\/vc_column_text]<div class=\"ult-spacer spacer-69d5992218bea\" data-id=\"69d5992218bea\" data-height=\"23\" data-height-mobile=\"23\" data-height-tab=\"23\" data-height-tab-portrait=\"\" data-height-mobile-landscape=\"\" style=\"clear:both;display:block;\"><\/div>[vc_column_text]\n<h1>Article\u00a01 &#8211; Object of agreement<\/h1>\n[\/vc_column_text][vc_column_text](1) Subject to the terms and\u00a0conditions\u00a0of this Agreement is that The Feuerle\u00a0Collection shall provide the\u00a0member\u00a0with the benefits agreed upon.<\/p>\n<p>(2) By providing the benefits Art\u00a0&amp;\u00a0Juxtaposition Projects gGmbH acts as\u00a0an intermediary. The membership\u00a0benefits are provided by a third party.[\/vc_column_text]<div class=\"ult-spacer spacer-69d5992218c08\" data-id=\"69d5992218c08\" data-height=\"23\" data-height-mobile=\"23\" data-height-tab=\"23\" data-height-tab-portrait=\"\" data-height-mobile-landscape=\"\" style=\"clear:both;display:block;\"><\/div>[vc_column_text]\n<h1>Article 2 &#8211; Benefits of membership<\/h1>\n[\/vc_column_text][vc_column_text]The\u00a0following benefits shall be provided\u00a0each once a year<\/p>\n<p>(1)\u00a0 \u00a0Three\u00a0visits for two persons\u00a0(member and one guest) during the\u00a0regular opening\u00a0hours.<\/p>\n<p>(2)\u00a0 \u00a0Invitation\u00a0to private previews of\u00a0temporary exhibitions.<\/p>\n<p>(3)\u00a0 \u00a0Priority\u00a0information about relevant\u00a0events and visits.<\/p>\n<p>(4)\u00a0 \u00a010 %\u00a0price reduction on the Incense\u00a0Ceremony.[\/vc_column_text]<div class=\"ult-spacer spacer-69d5992218c24\" data-id=\"69d5992218c24\" data-height=\"23\" data-height-mobile=\"23\" data-height-tab=\"23\" data-height-tab-portrait=\"\" data-height-mobile-landscape=\"\" style=\"clear:both;display:block;\"><\/div>[vc_column_text]\n<h1>Article 3 &#8211; Duration and termination<\/h1>\n[\/vc_column_text][vc_column_text](1) This Agreement shall terminate one\u00a0year\u00a0after the date of closing.<\/p>\n<p>(2) The contract can be terminated in\u00a0writing by\u00a0either party with a period of\u00a0notice of four weeks to the end of the\u00a0respective contract period.<\/p>\n<p>(3) If the\u00a0contract is not terminated in\u00a0due time, it will automatically be\u00a0extended by\u00a0a further year.[\/vc_column_text]<div class=\"ult-spacer spacer-69d5992218c41\" data-id=\"69d5992218c41\" data-height=\"23\" data-height-mobile=\"23\" data-height-tab=\"23\" data-height-tab-portrait=\"\" data-height-mobile-landscape=\"\" style=\"clear:both;display:block;\"><\/div>[vc_column_text]\n<h1>Article 4 &#8211; Membership fees<\/h1>\n[\/vc_column_text][vc_column_text](1) The annual\u00a0membership fee is\u00a0500,00 \u20ac annually and is due\u00a0immediately upon\u00a0conclusion of the\u00a0contract.<\/p>\n<p>(2) Membership fees are to be paid to\u00a0the\u00a0following account:<\/p>\n<p>Art &amp;\u00a0Juxtaposition Projects gGmbH<\/p>\n<p>IBAN:\u00a0DE03100701240209048800,\u00a0BIC\/SWIFT: DEUTDEDB101[\/vc_column_text]<div class=\"ult-spacer spacer-69d5992218c5b\" data-id=\"69d5992218c5b\" data-height=\"23\" data-height-mobile=\"23\" data-height-tab=\"23\" data-height-tab-portrait=\"\" data-height-mobile-landscape=\"\" style=\"clear:both;display:block;\"><\/div>[vc_column_text]\n<h1>\u00a7 5 General Terms\u00a0and Conditions<\/h1>\n[\/vc_column_text][vc_column_text]The member\u00a0confirms having read and\u00a0understood the General Terms and\u00a0Conditions attached\u00a0to this contract.[\/vc_column_text]<div class=\"ult-spacer spacer-69d5992218c76\" data-id=\"69d5992218c76\" data-height=\"23\" data-height-mobile=\"23\" data-height-tab=\"23\" data-height-tab-portrait=\"\" data-height-mobile-landscape=\"\" style=\"clear:both;display:block;\"><\/div>[vc_column_text]\n<h1>Article 6 &#8211; Final provisions<\/h1>\n[\/vc_column_text][vc_column_text](1) Subsidiary oral agreements to this\u00a0contract\u00a0do not exist. Any amendment\u00a0or addition to the contract must be\u00a0made in\u00a0writing.<\/p>\n<p>(2) Should individual provisions of this\u00a0contract be or become invalid, this shall\u00a0not affect the validity of the\u00a0remaining\u00a0provisions. The contractual partners are\u00a0obliged to replace\u00a0ineffective provisions\u00a0with provisions that come as close as\u00a0possible to the\u00a0intended economic and\u00a0content purpose of this contract.<\/p>\n<p>(3) The place of jurisdiction for disputes\u00a0arising from this contract is Berlin.<\/p>\n<p>(4) This contractual relationship and any\u00a0claims\u00a0arising from this contractual\u00a0relationship shall be governed\u00a0exclusively by\u00a0German law to the\u00a0exclusion of the law of conflict.<\/p>\n<p>(5) Only the German language versions\u00a0are\u00a0legally binding, while the English\u00a0language versions are for better\u00a0comprehensibility\u00a0only.<\/p>\n<p>(6) Should individual or several\u00a0provisions of\u00a0this contract be or become\u00a0wholly or partially void or ineffective, the\u00a0\u00a0\u00a0validity of the remaining provisions shall\u00a0not be affected. Instead of the\u00a0ineffective provision, the effective\u00a0provision shall be deemed to have been\u00a0\u00a0\u00a0agreed which corresponds as closely as\u00a0possible to the sense and purpose of\u00a0the economic intention of the parties.[\/vc_column_text]<div class=\"ult-spacer spacer-69d5992218c8f\" data-id=\"69d5992218c8f\" data-height=\"50\" data-height-mobile=\"50\" data-height-tab=\"50\" data-height-tab-portrait=\"\" data-height-mobile-landscape=\"\" style=\"clear:both;display:block;\"><\/div>[\/vc_column][vc_column width=&#8220;1\/2&#8243; css=&#8220;.vc_custom_1584729890404{background-image: url(https:\/\/fc.imagox.com\/wp-content\/uploads\/2020\/02\/COLLECTION_v04.png?id=60) !important;}&#8220;][\/vc_column][\/vc_row][vc_row ct_row_stretch=&#8220;&#8220;][vc_column][vc_column_text el_class=&#8220;fc-credit-text&#8220;]\n<div class=\"page\" title=\"Page 31\">\n<div class=\"section\">\n<div class=\"layoutArea\">\n<div class=\"column\">\n<p>Head of Avalokiteshvara, Khmer,\u00a0Bayon, 12-13<sup>th<\/sup>C, stone<\/p>\n<\/div>\n<\/div>\n<\/div>\n<\/div>\n[\/vc_column_text]<div class=\"ult-spacer spacer-69d5992218ca9\" data-id=\"69d5992218ca9\" data-height=\"10\" data-height-mobile=\"10\" data-height-tab=\"10\" data-height-tab-portrait=\"\" data-height-mobile-landscape=\"\" style=\"clear:both;display:block;\"><\/div>[\/vc_column][\/vc_row]\n<\/div>","protected":false},"excerpt":{"rendered":"<p>[vc_row ct_row_stretch=&#8220;stretch_row&#8220; full_height=&#8220;yes&#8220; columns_placement=&#8220;top&#8220; content_placement=&#8220;top&#8220; ct_bg_image=&#8220;60&#8243; ct_bg_repeat=&#8220;no-repeat&#8220; ct_bg_size=&#8220;contain&#8220; ct_bg_position=&#8220;center right&#8220; ct_bg_parallax=&#8220;fixed&#8220;][vc_column width=&#8220;1\/2&#8243;][vc_custom_heading text=&#8220;MITGLIEDSCHAFTSVEREINBARUNG(FOREVER YOUNG)&#8220; font_container=&#8220;tag:h1|text_align:left&#8220; use_theme_fonts=&#8220;yes&#8220;][vc_column_text] der Art &amp; Juxtaposition Projects gGmbH (International Friends of the Feuerle Collection) See the English version below. [\/vc_column_text][vc_column_text] \u00a7 1\u00a0\u00a0Vertragsgegenstand [\/vc_column_text][vc_column_text](1) Gegenstand\u00a0des Vertrages ist die Gew\u00e4hrung von Mitgliedschaftsvorteilen durch The\u00a0Feuerle Collection in nachstehend bestimmtem Umfang. (2) Die\u00a0Art &amp; Juxtaposition &#8230;<\/p>\n","protected":false},"author":4,"featured_media":0,"parent":0,"menu_order":1,"comment_status":"closed","ping_status":"closed","template":"","meta":{"inline_featured_image":false,"footnotes":""},"class_list":["post-11931","page","type-page","status-publish","hentry"],"yoast_head":"<!-- This site is optimized with the Yoast SEO plugin v27.3 - https:\/\/yoast.com\/product\/yoast-seo-wordpress\/ -->\n<title>MITGLIEDSCHAFTSVEREINBARUNG FY - The Feuerle Collection<\/title>\n<meta name=\"robots\" content=\"index, follow, max-snippet:-1, max-image-preview:large, max-video-preview:-1\" \/>\n<link rel=\"canonical\" href=\"https:\/\/www.thefeuerlecollection.org\/de\/mitgliedschaftsvereinbarung-fy\/\" \/>\n<meta property=\"og:locale\" content=\"de_DE\" \/>\n<meta property=\"og:type\" content=\"article\" \/>\n<meta property=\"og:title\" content=\"MITGLIEDSCHAFTSVEREINBARUNG FY - The Feuerle Collection\" \/>\n<meta property=\"og:description\" content=\"[vc_row ct_row_stretch=&#8220;stretch_row&#8220; full_height=&#8220;yes&#8220; columns_placement=&#8220;top&#8220; content_placement=&#8220;top&#8220; ct_bg_image=&#8220;60&#8243; ct_bg_repeat=&#8220;no-repeat&#8220; ct_bg_size=&#8220;contain&#8220; ct_bg_position=&#8220;center right&#8220; ct_bg_parallax=&#8220;fixed&#8220;][vc_column width=&#8220;1\/2&#8243;][vc_custom_heading text=&#8220;MITGLIEDSCHAFTSVEREINBARUNG(FOREVER YOUNG)&#8220; font_container=&#8220;tag:h1|text_align:left&#8220; use_theme_fonts=&#8220;yes&#8220;][vc_column_text] der Art &amp; Juxtaposition Projects gGmbH (International Friends of the Feuerle Collection) See the English version below. [\/vc_column_text][vc_column_text] \u00a7 1\u00a0\u00a0Vertragsgegenstand [\/vc_column_text][vc_column_text](1) Gegenstand\u00a0des Vertrages ist die Gew\u00e4hrung von Mitgliedschaftsvorteilen durch The\u00a0Feuerle Collection in nachstehend bestimmtem Umfang. (2) Die\u00a0Art &amp; Juxtaposition ...\" \/>\n<meta property=\"og:url\" content=\"https:\/\/www.thefeuerlecollection.org\/de\/mitgliedschaftsvereinbarung-fy\/\" \/>\n<meta property=\"og:site_name\" content=\"The Feuerle Collection\" \/>\n<meta property=\"article:modified_time\" content=\"2020-12-12T00:17:02+00:00\" \/>\n<meta name=\"twitter:card\" content=\"summary_large_image\" \/>\n<meta name=\"twitter:label1\" content=\"Gesch\u00e4tzte Lesezeit\" \/>\n\t<meta name=\"twitter:data1\" content=\"6\u00a0Minuten\" \/>\n<script type=\"application\/ld+json\" class=\"yoast-schema-graph\">{\"@context\":\"https:\\\/\\\/schema.org\",\"@graph\":[{\"@type\":\"WebPage\",\"@id\":\"https:\\\/\\\/www.thefeuerlecollection.org\\\/de\\\/mitgliedschaftsvereinbarung-fy\\\/\",\"url\":\"https:\\\/\\\/www.thefeuerlecollection.org\\\/de\\\/mitgliedschaftsvereinbarung-fy\\\/\",\"name\":\"MITGLIEDSCHAFTSVEREINBARUNG FY - The Feuerle Collection\",\"isPartOf\":{\"@id\":\"https:\\\/\\\/www.thefeuerlecollection.org\\\/de\\\/#website\"},\"datePublished\":\"2020-12-12T00:16:59+00:00\",\"dateModified\":\"2020-12-12T00:17:02+00:00\",\"breadcrumb\":{\"@id\":\"https:\\\/\\\/www.thefeuerlecollection.org\\\/de\\\/mitgliedschaftsvereinbarung-fy\\\/#breadcrumb\"},\"inLanguage\":\"de\",\"potentialAction\":[{\"@type\":\"ReadAction\",\"target\":[\"https:\\\/\\\/www.thefeuerlecollection.org\\\/de\\\/mitgliedschaftsvereinbarung-fy\\\/\"]}]},{\"@type\":\"BreadcrumbList\",\"@id\":\"https:\\\/\\\/www.thefeuerlecollection.org\\\/de\\\/mitgliedschaftsvereinbarung-fy\\\/#breadcrumb\",\"itemListElement\":[{\"@type\":\"ListItem\",\"position\":1,\"name\":\"Home\",\"item\":\"https:\\\/\\\/www.thefeuerlecollection.org\\\/de\\\/\"},{\"@type\":\"ListItem\",\"position\":2,\"name\":\"MITGLIEDSCHAFTSVEREINBARUNG FY\"}]},{\"@type\":\"WebSite\",\"@id\":\"https:\\\/\\\/www.thefeuerlecollection.org\\\/de\\\/#website\",\"url\":\"https:\\\/\\\/www.thefeuerlecollection.org\\\/de\\\/\",\"name\":\"The Feuerle Collection\",\"description\":\"Visit our Collection\",\"publisher\":{\"@id\":\"https:\\\/\\\/www.thefeuerlecollection.org\\\/de\\\/#organization\"},\"potentialAction\":[{\"@type\":\"SearchAction\",\"target\":{\"@type\":\"EntryPoint\",\"urlTemplate\":\"https:\\\/\\\/www.thefeuerlecollection.org\\\/de\\\/?s={search_term_string}\"},\"query-input\":{\"@type\":\"PropertyValueSpecification\",\"valueRequired\":true,\"valueName\":\"search_term_string\"}}],\"inLanguage\":\"de\"},{\"@type\":\"Organization\",\"@id\":\"https:\\\/\\\/www.thefeuerlecollection.org\\\/de\\\/#organization\",\"name\":\"The Feuerle Collection\",\"url\":\"https:\\\/\\\/www.thefeuerlecollection.org\\\/de\\\/\",\"logo\":{\"@type\":\"ImageObject\",\"inLanguage\":\"de\",\"@id\":\"https:\\\/\\\/www.thefeuerlecollection.org\\\/de\\\/#\\\/schema\\\/logo\\\/image\\\/\",\"url\":\"https:\\\/\\\/www.thefeuerlecollection.org\\\/wp-content\\\/uploads\\\/2020\\\/02\\\/the-feuerle-collection_logo_500x158.png\",\"contentUrl\":\"https:\\\/\\\/www.thefeuerlecollection.org\\\/wp-content\\\/uploads\\\/2020\\\/02\\\/the-feuerle-collection_logo_500x158.png\",\"width\":500,\"height\":158,\"caption\":\"The Feuerle Collection\"},\"image\":{\"@id\":\"https:\\\/\\\/www.thefeuerlecollection.org\\\/de\\\/#\\\/schema\\\/logo\\\/image\\\/\"}}]}<\/script>\n<!-- \/ Yoast SEO plugin. -->","yoast_head_json":{"title":"MITGLIEDSCHAFTSVEREINBARUNG FY - The Feuerle Collection","robots":{"index":"index","follow":"follow","max-snippet":"max-snippet:-1","max-image-preview":"max-image-preview:large","max-video-preview":"max-video-preview:-1"},"canonical":"https:\/\/www.thefeuerlecollection.org\/de\/mitgliedschaftsvereinbarung-fy\/","og_locale":"de_DE","og_type":"article","og_title":"MITGLIEDSCHAFTSVEREINBARUNG FY - The Feuerle Collection","og_description":"[vc_row ct_row_stretch=&#8220;stretch_row&#8220; full_height=&#8220;yes&#8220; columns_placement=&#8220;top&#8220; content_placement=&#8220;top&#8220; ct_bg_image=&#8220;60&#8243; ct_bg_repeat=&#8220;no-repeat&#8220; ct_bg_size=&#8220;contain&#8220; ct_bg_position=&#8220;center right&#8220; ct_bg_parallax=&#8220;fixed&#8220;][vc_column width=&#8220;1\/2&#8243;][vc_custom_heading text=&#8220;MITGLIEDSCHAFTSVEREINBARUNG(FOREVER YOUNG)&#8220; font_container=&#8220;tag:h1|text_align:left&#8220; use_theme_fonts=&#8220;yes&#8220;][vc_column_text] der Art &amp; Juxtaposition Projects gGmbH (International Friends of the Feuerle Collection) See the English version below. [\/vc_column_text][vc_column_text] \u00a7 1\u00a0\u00a0Vertragsgegenstand [\/vc_column_text][vc_column_text](1) Gegenstand\u00a0des Vertrages ist die Gew\u00e4hrung von Mitgliedschaftsvorteilen durch The\u00a0Feuerle Collection in nachstehend bestimmtem Umfang. (2) Die\u00a0Art &amp; Juxtaposition ...","og_url":"https:\/\/www.thefeuerlecollection.org\/de\/mitgliedschaftsvereinbarung-fy\/","og_site_name":"The Feuerle Collection","article_modified_time":"2020-12-12T00:17:02+00:00","twitter_card":"summary_large_image","twitter_misc":{"Gesch\u00e4tzte Lesezeit":"6\u00a0Minuten"},"schema":{"@context":"https:\/\/schema.org","@graph":[{"@type":"WebPage","@id":"https:\/\/www.thefeuerlecollection.org\/de\/mitgliedschaftsvereinbarung-fy\/","url":"https:\/\/www.thefeuerlecollection.org\/de\/mitgliedschaftsvereinbarung-fy\/","name":"MITGLIEDSCHAFTSVEREINBARUNG FY - The Feuerle Collection","isPartOf":{"@id":"https:\/\/www.thefeuerlecollection.org\/de\/#website"},"datePublished":"2020-12-12T00:16:59+00:00","dateModified":"2020-12-12T00:17:02+00:00","breadcrumb":{"@id":"https:\/\/www.thefeuerlecollection.org\/de\/mitgliedschaftsvereinbarung-fy\/#breadcrumb"},"inLanguage":"de","potentialAction":[{"@type":"ReadAction","target":["https:\/\/www.thefeuerlecollection.org\/de\/mitgliedschaftsvereinbarung-fy\/"]}]},{"@type":"BreadcrumbList","@id":"https:\/\/www.thefeuerlecollection.org\/de\/mitgliedschaftsvereinbarung-fy\/#breadcrumb","itemListElement":[{"@type":"ListItem","position":1,"name":"Home","item":"https:\/\/www.thefeuerlecollection.org\/de\/"},{"@type":"ListItem","position":2,"name":"MITGLIEDSCHAFTSVEREINBARUNG FY"}]},{"@type":"WebSite","@id":"https:\/\/www.thefeuerlecollection.org\/de\/#website","url":"https:\/\/www.thefeuerlecollection.org\/de\/","name":"The Feuerle Collection","description":"Visit our Collection","publisher":{"@id":"https:\/\/www.thefeuerlecollection.org\/de\/#organization"},"potentialAction":[{"@type":"SearchAction","target":{"@type":"EntryPoint","urlTemplate":"https:\/\/www.thefeuerlecollection.org\/de\/?s={search_term_string}"},"query-input":{"@type":"PropertyValueSpecification","valueRequired":true,"valueName":"search_term_string"}}],"inLanguage":"de"},{"@type":"Organization","@id":"https:\/\/www.thefeuerlecollection.org\/de\/#organization","name":"The Feuerle Collection","url":"https:\/\/www.thefeuerlecollection.org\/de\/","logo":{"@type":"ImageObject","inLanguage":"de","@id":"https:\/\/www.thefeuerlecollection.org\/de\/#\/schema\/logo\/image\/","url":"https:\/\/www.thefeuerlecollection.org\/wp-content\/uploads\/2020\/02\/the-feuerle-collection_logo_500x158.png","contentUrl":"https:\/\/www.thefeuerlecollection.org\/wp-content\/uploads\/2020\/02\/the-feuerle-collection_logo_500x158.png","width":500,"height":158,"caption":"The Feuerle Collection"},"image":{"@id":"https:\/\/www.thefeuerlecollection.org\/de\/#\/schema\/logo\/image\/"}}]}},"_links":{"self":[{"href":"https:\/\/www.thefeuerlecollection.org\/de\/wp-json\/wp\/v2\/pages\/11931","targetHints":{"allow":["GET"]}}],"collection":[{"href":"https:\/\/www.thefeuerlecollection.org\/de\/wp-json\/wp\/v2\/pages"}],"about":[{"href":"https:\/\/www.thefeuerlecollection.org\/de\/wp-json\/wp\/v2\/types\/page"}],"author":[{"embeddable":true,"href":"https:\/\/www.thefeuerlecollection.org\/de\/wp-json\/wp\/v2\/users\/4"}],"replies":[{"embeddable":true,"href":"https:\/\/www.thefeuerlecollection.org\/de\/wp-json\/wp\/v2\/comments?post=11931"}],"version-history":[{"count":6,"href":"https:\/\/www.thefeuerlecollection.org\/de\/wp-json\/wp\/v2\/pages\/11931\/revisions"}],"predecessor-version":[{"id":12653,"href":"https:\/\/www.thefeuerlecollection.org\/de\/wp-json\/wp\/v2\/pages\/11931\/revisions\/12653"}],"wp:attachment":[{"href":"https:\/\/www.thefeuerlecollection.org\/de\/wp-json\/wp\/v2\/media?parent=11931"}],"curies":[{"name":"wp","href":"https:\/\/api.w.org\/{rel}","templated":true}]}}