{"id":10752,"date":"2020-07-19T13:41:10","date_gmt":"2020-07-19T11:41:10","guid":{"rendered":"https:\/\/www.thefeuerlecollection.org\/?page_id=10752"},"modified":"2020-07-19T13:41:11","modified_gmt":"2020-07-19T11:41:11","slug":"bonusprogramm-fuer-wiederkehrende-besucher-der-feuerle-collection","status":"publish","type":"page","link":"https:\/\/www.thefeuerlecollection.org\/de\/bonusprogramm-fuer-wiederkehrende-besucher-der-feuerle-collection\/","title":{"rendered":"BONUSPROGRAMM F\u00dcR WIEDERKEHRENDE BESUCHER DER FEUERLE COLLECTION"},"content":{"rendered":"<div class=\"wpb-content-wrapper\">[vc_row ct_row_stretch=&#8220;stretch_row&#8220; full_height=&#8220;yes&#8220; columns_placement=&#8220;top&#8220; content_placement=&#8220;top&#8220; ct_bg_image=&#8220;60&#8243; ct_bg_repeat=&#8220;no-repeat&#8220; ct_bg_size=&#8220;contain&#8220; ct_bg_position=&#8220;center right&#8220;][vc_column width=&#8220;1\/2&#8243;]<div class=\"ult-spacer spacer-69f38b20b4af4\" data-id=\"69f38b20b4af4\" data-height=\"133\" data-height-mobile=\"133\" data-height-tab=\"133\" data-height-tab-portrait=\"\" data-height-mobile-landscape=\"\" style=\"clear:both;display:block;\"><\/div>[vc_custom_heading text=&#8220;BONUSPROGRAMM F\u00dcR WIEDERKEHRENDE BESUCHER DER FEUERLE COLLECTION&#8220; font_container=&#8220;tag:h1|text_align:left&#8220; use_theme_fonts=&#8220;yes&#8220;]<div class=\"ult-spacer spacer-69f38b20b4b41\" data-id=\"69f38b20b4b41\" data-height=\"18\" data-height-mobile=\"18\" data-height-tab=\"18\" data-height-tab-portrait=\"\" data-height-mobile-landscape=\"\" style=\"clear:both;display:block;\"><\/div>[vc_column_text]In den letzten drei Jahren hat die Feuerle Collection Besucher aus \u00fcber 40 L\u00e4ndern begr\u00fc\u00dfen k\u00f6nnen.<br \/>\nViele dieser Besucher kamen immer wieder.<br \/>\nWir freuen uns, bekannt geben zu k\u00f6nnen, dass wir mit einem Bonusprogramm starten.<\/p>\n<p>Jeder Besucher, der mehr als drei Mal die Sammlung besichtigt hat, wird eingeladen die offene Meditationsstunde, jeweils Donnerstag um 18h, kostenlos zu besuchen.<\/p>\n<p>Jeder Besucher, der mehr als 4 Mal die Sammlung besichtigt hat, kann kostenlos zwischen der offenen Meditationsstunde und dem Gong Bath, jeweils der erste Samstag im Monat, w\u00e4hlen.<\/p>\n<p>F\u00fcr weitere Informationen kontaktieren Sie uns bitte unter <a href=\"mailto:info@thefeuerlecollection.org\">info@thefeuerlecollection.org<\/a><\/p>\n<p>Danke, dass Sie uns treu bleiben![\/vc_column_text]<div class=\"ult-spacer spacer-69f38b20b4b6b\" data-id=\"69f38b20b4b6b\" data-height=\"100\" data-height-mobile=\"100\" data-height-tab=\"\" data-height-tab-portrait=\"\" data-height-mobile-landscape=\"100\" style=\"clear:both;display:block;\"><\/div>[\/vc_column][vc_column width=&#8220;1\/2&#8243;][\/vc_column][\/vc_row][vc_row ct_row_stretch=&#8220;&#8220;][vc_column][vc_row_inner][vc_column_inner][vc_column_text el_class=&#8220;fc-credit-text&#8220;]\n<div class=\"page\" title=\"Page 13\">\n<div class=\"section\">\n<div class=\"layoutArea\">\n<div class=\"column\">\n<p>Kopf von Avalokiteshvara, Khmer,<br \/>\nBayon-Stil, 12.-13. Jahrhundert, Stein<\/p>\n<\/div>\n<\/div>\n<\/div>\n<\/div>\n[\/vc_column_text]<div class=\"ult-spacer spacer-69f38b20b4b8c\" data-id=\"69f38b20b4b8c\" data-height=\"10\" data-height-mobile=\"10\" data-height-tab=\"10\" data-height-tab-portrait=\"\" data-height-mobile-landscape=\"\" style=\"clear:both;display:block;\"><\/div>[\/vc_column_inner][\/vc_row_inner][\/vc_column][\/vc_row]\n<\/div>","protected":false},"excerpt":{"rendered":"<p>[vc_row ct_row_stretch=&#8220;stretch_row&#8220; full_height=&#8220;yes&#8220; columns_placement=&#8220;top&#8220; content_placement=&#8220;top&#8220; ct_bg_image=&#8220;60&#8243; ct_bg_repeat=&#8220;no-repeat&#8220; ct_bg_size=&#8220;contain&#8220; ct_bg_position=&#8220;center right&#8220;][vc_column width=&#8220;1\/2&#8243;][vc_custom_heading text=&#8220;BONUSPROGRAMM F\u00dcR WIEDERKEHRENDE BESUCHER DER FEUERLE COLLECTION&#8220; font_container=&#8220;tag:h1|text_align:left&#8220; use_theme_fonts=&#8220;yes&#8220;][vc_column_text]In den letzten drei Jahren hat die Feuerle Collection Besucher aus \u00fcber 40 L\u00e4ndern begr\u00fc\u00dfen k\u00f6nnen. Viele dieser Besucher kamen immer wieder. Wir freuen uns, bekannt geben zu k\u00f6nnen, dass wir mit einem Bonusprogramm starten. Jeder &#8230;<\/p>\n","protected":false},"author":4,"featured_media":0,"parent":0,"menu_order":1,"comment_status":"closed","ping_status":"closed","template":"","meta":{"inline_featured_image":false,"footnotes":""},"class_list":["post-10752","page","type-page","status-publish","hentry"],"yoast_head":"<!-- This site is optimized with the Yoast SEO plugin v27.3 - https:\/\/yoast.com\/product\/yoast-seo-wordpress\/ -->\n<title>BONUSPROGRAMM F\u00dcR WIEDERKEHRENDE BESUCHER DER FEUERLE COLLECTION - The Feuerle Collection<\/title>\n<meta name=\"robots\" content=\"index, follow, max-snippet:-1, max-image-preview:large, max-video-preview:-1\" \/>\n<link rel=\"canonical\" href=\"https:\/\/www.thefeuerlecollection.org\/de\/bonusprogramm-fuer-wiederkehrende-besucher-der-feuerle-collection\/\" \/>\n<meta property=\"og:locale\" content=\"de_DE\" \/>\n<meta property=\"og:type\" content=\"article\" \/>\n<meta property=\"og:title\" content=\"BONUSPROGRAMM F\u00dcR WIEDERKEHRENDE BESUCHER DER FEUERLE COLLECTION - The Feuerle Collection\" \/>\n<meta property=\"og:description\" content=\"[vc_row ct_row_stretch=&#8220;stretch_row&#8220; full_height=&#8220;yes&#8220; columns_placement=&#8220;top&#8220; content_placement=&#8220;top&#8220; ct_bg_image=&#8220;60&#8243; ct_bg_repeat=&#8220;no-repeat&#8220; ct_bg_size=&#8220;contain&#8220; ct_bg_position=&#8220;center right&#8220;][vc_column width=&#8220;1\/2&#8243;][vc_custom_heading text=&#8220;BONUSPROGRAMM F\u00dcR WIEDERKEHRENDE BESUCHER DER FEUERLE COLLECTION&#8220; font_container=&#8220;tag:h1|text_align:left&#8220; use_theme_fonts=&#8220;yes&#8220;][vc_column_text]In den letzten drei Jahren hat die Feuerle Collection Besucher aus \u00fcber 40 L\u00e4ndern begr\u00fc\u00dfen k\u00f6nnen. Viele dieser Besucher kamen immer wieder. Wir freuen uns, bekannt geben zu k\u00f6nnen, dass wir mit einem Bonusprogramm starten. Jeder ...\" \/>\n<meta property=\"og:url\" content=\"https:\/\/www.thefeuerlecollection.org\/de\/bonusprogramm-fuer-wiederkehrende-besucher-der-feuerle-collection\/\" \/>\n<meta property=\"og:site_name\" content=\"The Feuerle Collection\" \/>\n<meta property=\"article:modified_time\" content=\"2020-07-19T11:41:11+00:00\" \/>\n<meta name=\"twitter:card\" content=\"summary_large_image\" \/>\n<meta name=\"twitter:label1\" content=\"Gesch\u00e4tzte Lesezeit\" \/>\n\t<meta name=\"twitter:data1\" content=\"1\u00a0Minute\" \/>\n<script type=\"application\/ld+json\" class=\"yoast-schema-graph\">{\"@context\":\"https:\\\/\\\/schema.org\",\"@graph\":[{\"@type\":\"WebPage\",\"@id\":\"https:\\\/\\\/www.thefeuerlecollection.org\\\/de\\\/bonusprogramm-fuer-wiederkehrende-besucher-der-feuerle-collection\\\/\",\"url\":\"https:\\\/\\\/www.thefeuerlecollection.org\\\/de\\\/bonusprogramm-fuer-wiederkehrende-besucher-der-feuerle-collection\\\/\",\"name\":\"BONUSPROGRAMM F\u00dcR WIEDERKEHRENDE BESUCHER DER FEUERLE COLLECTION - The Feuerle Collection\",\"isPartOf\":{\"@id\":\"https:\\\/\\\/www.thefeuerlecollection.org\\\/de\\\/#website\"},\"datePublished\":\"2020-07-19T11:41:10+00:00\",\"dateModified\":\"2020-07-19T11:41:11+00:00\",\"breadcrumb\":{\"@id\":\"https:\\\/\\\/www.thefeuerlecollection.org\\\/de\\\/bonusprogramm-fuer-wiederkehrende-besucher-der-feuerle-collection\\\/#breadcrumb\"},\"inLanguage\":\"de\",\"potentialAction\":[{\"@type\":\"ReadAction\",\"target\":[\"https:\\\/\\\/www.thefeuerlecollection.org\\\/de\\\/bonusprogramm-fuer-wiederkehrende-besucher-der-feuerle-collection\\\/\"]}]},{\"@type\":\"BreadcrumbList\",\"@id\":\"https:\\\/\\\/www.thefeuerlecollection.org\\\/de\\\/bonusprogramm-fuer-wiederkehrende-besucher-der-feuerle-collection\\\/#breadcrumb\",\"itemListElement\":[{\"@type\":\"ListItem\",\"position\":1,\"name\":\"Home\",\"item\":\"https:\\\/\\\/www.thefeuerlecollection.org\\\/de\\\/\"},{\"@type\":\"ListItem\",\"position\":2,\"name\":\"BONUSPROGRAMM F\u00dcR WIEDERKEHRENDE BESUCHER DER FEUERLE COLLECTION\"}]},{\"@type\":\"WebSite\",\"@id\":\"https:\\\/\\\/www.thefeuerlecollection.org\\\/de\\\/#website\",\"url\":\"https:\\\/\\\/www.thefeuerlecollection.org\\\/de\\\/\",\"name\":\"The Feuerle Collection\",\"description\":\"Visit our Collection\",\"publisher\":{\"@id\":\"https:\\\/\\\/www.thefeuerlecollection.org\\\/de\\\/#organization\"},\"potentialAction\":[{\"@type\":\"SearchAction\",\"target\":{\"@type\":\"EntryPoint\",\"urlTemplate\":\"https:\\\/\\\/www.thefeuerlecollection.org\\\/de\\\/?s={search_term_string}\"},\"query-input\":{\"@type\":\"PropertyValueSpecification\",\"valueRequired\":true,\"valueName\":\"search_term_string\"}}],\"inLanguage\":\"de\"},{\"@type\":\"Organization\",\"@id\":\"https:\\\/\\\/www.thefeuerlecollection.org\\\/de\\\/#organization\",\"name\":\"The Feuerle Collection\",\"url\":\"https:\\\/\\\/www.thefeuerlecollection.org\\\/de\\\/\",\"logo\":{\"@type\":\"ImageObject\",\"inLanguage\":\"de\",\"@id\":\"https:\\\/\\\/www.thefeuerlecollection.org\\\/de\\\/#\\\/schema\\\/logo\\\/image\\\/\",\"url\":\"https:\\\/\\\/www.thefeuerlecollection.org\\\/wp-content\\\/uploads\\\/2020\\\/02\\\/the-feuerle-collection_logo_500x158.png\",\"contentUrl\":\"https:\\\/\\\/www.thefeuerlecollection.org\\\/wp-content\\\/uploads\\\/2020\\\/02\\\/the-feuerle-collection_logo_500x158.png\",\"width\":500,\"height\":158,\"caption\":\"The Feuerle Collection\"},\"image\":{\"@id\":\"https:\\\/\\\/www.thefeuerlecollection.org\\\/de\\\/#\\\/schema\\\/logo\\\/image\\\/\"}}]}<\/script>\n<!-- \/ Yoast SEO plugin. -->","yoast_head_json":{"title":"BONUSPROGRAMM F\u00dcR WIEDERKEHRENDE BESUCHER DER FEUERLE COLLECTION - The Feuerle Collection","robots":{"index":"index","follow":"follow","max-snippet":"max-snippet:-1","max-image-preview":"max-image-preview:large","max-video-preview":"max-video-preview:-1"},"canonical":"https:\/\/www.thefeuerlecollection.org\/de\/bonusprogramm-fuer-wiederkehrende-besucher-der-feuerle-collection\/","og_locale":"de_DE","og_type":"article","og_title":"BONUSPROGRAMM F\u00dcR WIEDERKEHRENDE BESUCHER DER FEUERLE COLLECTION - The Feuerle Collection","og_description":"[vc_row ct_row_stretch=&#8220;stretch_row&#8220; full_height=&#8220;yes&#8220; columns_placement=&#8220;top&#8220; content_placement=&#8220;top&#8220; ct_bg_image=&#8220;60&#8243; ct_bg_repeat=&#8220;no-repeat&#8220; ct_bg_size=&#8220;contain&#8220; ct_bg_position=&#8220;center right&#8220;][vc_column width=&#8220;1\/2&#8243;][vc_custom_heading text=&#8220;BONUSPROGRAMM F\u00dcR WIEDERKEHRENDE BESUCHER DER FEUERLE COLLECTION&#8220; font_container=&#8220;tag:h1|text_align:left&#8220; use_theme_fonts=&#8220;yes&#8220;][vc_column_text]In den letzten drei Jahren hat die Feuerle Collection Besucher aus \u00fcber 40 L\u00e4ndern begr\u00fc\u00dfen k\u00f6nnen. Viele dieser Besucher kamen immer wieder. Wir freuen uns, bekannt geben zu k\u00f6nnen, dass wir mit einem Bonusprogramm starten. Jeder ...","og_url":"https:\/\/www.thefeuerlecollection.org\/de\/bonusprogramm-fuer-wiederkehrende-besucher-der-feuerle-collection\/","og_site_name":"The Feuerle Collection","article_modified_time":"2020-07-19T11:41:11+00:00","twitter_card":"summary_large_image","twitter_misc":{"Gesch\u00e4tzte Lesezeit":"1\u00a0Minute"},"schema":{"@context":"https:\/\/schema.org","@graph":[{"@type":"WebPage","@id":"https:\/\/www.thefeuerlecollection.org\/de\/bonusprogramm-fuer-wiederkehrende-besucher-der-feuerle-collection\/","url":"https:\/\/www.thefeuerlecollection.org\/de\/bonusprogramm-fuer-wiederkehrende-besucher-der-feuerle-collection\/","name":"BONUSPROGRAMM F\u00dcR WIEDERKEHRENDE BESUCHER DER FEUERLE COLLECTION - The Feuerle Collection","isPartOf":{"@id":"https:\/\/www.thefeuerlecollection.org\/de\/#website"},"datePublished":"2020-07-19T11:41:10+00:00","dateModified":"2020-07-19T11:41:11+00:00","breadcrumb":{"@id":"https:\/\/www.thefeuerlecollection.org\/de\/bonusprogramm-fuer-wiederkehrende-besucher-der-feuerle-collection\/#breadcrumb"},"inLanguage":"de","potentialAction":[{"@type":"ReadAction","target":["https:\/\/www.thefeuerlecollection.org\/de\/bonusprogramm-fuer-wiederkehrende-besucher-der-feuerle-collection\/"]}]},{"@type":"BreadcrumbList","@id":"https:\/\/www.thefeuerlecollection.org\/de\/bonusprogramm-fuer-wiederkehrende-besucher-der-feuerle-collection\/#breadcrumb","itemListElement":[{"@type":"ListItem","position":1,"name":"Home","item":"https:\/\/www.thefeuerlecollection.org\/de\/"},{"@type":"ListItem","position":2,"name":"BONUSPROGRAMM F\u00dcR WIEDERKEHRENDE BESUCHER DER FEUERLE COLLECTION"}]},{"@type":"WebSite","@id":"https:\/\/www.thefeuerlecollection.org\/de\/#website","url":"https:\/\/www.thefeuerlecollection.org\/de\/","name":"The Feuerle Collection","description":"Visit our Collection","publisher":{"@id":"https:\/\/www.thefeuerlecollection.org\/de\/#organization"},"potentialAction":[{"@type":"SearchAction","target":{"@type":"EntryPoint","urlTemplate":"https:\/\/www.thefeuerlecollection.org\/de\/?s={search_term_string}"},"query-input":{"@type":"PropertyValueSpecification","valueRequired":true,"valueName":"search_term_string"}}],"inLanguage":"de"},{"@type":"Organization","@id":"https:\/\/www.thefeuerlecollection.org\/de\/#organization","name":"The Feuerle Collection","url":"https:\/\/www.thefeuerlecollection.org\/de\/","logo":{"@type":"ImageObject","inLanguage":"de","@id":"https:\/\/www.thefeuerlecollection.org\/de\/#\/schema\/logo\/image\/","url":"https:\/\/www.thefeuerlecollection.org\/wp-content\/uploads\/2020\/02\/the-feuerle-collection_logo_500x158.png","contentUrl":"https:\/\/www.thefeuerlecollection.org\/wp-content\/uploads\/2020\/02\/the-feuerle-collection_logo_500x158.png","width":500,"height":158,"caption":"The Feuerle Collection"},"image":{"@id":"https:\/\/www.thefeuerlecollection.org\/de\/#\/schema\/logo\/image\/"}}]}},"_links":{"self":[{"href":"https:\/\/www.thefeuerlecollection.org\/de\/wp-json\/wp\/v2\/pages\/10752","targetHints":{"allow":["GET"]}}],"collection":[{"href":"https:\/\/www.thefeuerlecollection.org\/de\/wp-json\/wp\/v2\/pages"}],"about":[{"href":"https:\/\/www.thefeuerlecollection.org\/de\/wp-json\/wp\/v2\/types\/page"}],"author":[{"embeddable":true,"href":"https:\/\/www.thefeuerlecollection.org\/de\/wp-json\/wp\/v2\/users\/4"}],"replies":[{"embeddable":true,"href":"https:\/\/www.thefeuerlecollection.org\/de\/wp-json\/wp\/v2\/comments?post=10752"}],"version-history":[{"count":6,"href":"https:\/\/www.thefeuerlecollection.org\/de\/wp-json\/wp\/v2\/pages\/10752\/revisions"}],"predecessor-version":[{"id":10869,"href":"https:\/\/www.thefeuerlecollection.org\/de\/wp-json\/wp\/v2\/pages\/10752\/revisions\/10869"}],"wp:attachment":[{"href":"https:\/\/www.thefeuerlecollection.org\/de\/wp-json\/wp\/v2\/media?parent=10752"}],"curies":[{"name":"wp","href":"https:\/\/api.w.org\/{rel}","templated":true}]}}