{"id":10745,"date":"2020-06-12T17:00:06","date_gmt":"2020-06-12T15:00:06","guid":{"rendered":"https:\/\/www.thefeuerlecollection.org\/der-scholar-club-2\/"},"modified":"2021-07-13T17:19:27","modified_gmt":"2021-07-13T15:19:27","slug":"der-scholar-club","status":"publish","type":"page","link":"https:\/\/www.thefeuerlecollection.org\/de\/der-scholar-club\/","title":{"rendered":"DER SCHOLAR CLUB"},"content":{"rendered":"<div class=\"wpb-content-wrapper\">[vc_row ct_row_stretch=&#8220;stretch_row&#8220; full_height=&#8220;yes&#8220; columns_placement=&#8220;top&#8220; content_placement=&#8220;top&#8220; ct_bg_image=&#8220;8603&#8243; ct_bg_repeat=&#8220;no-repeat&#8220; ct_bg_size=&#8220;contain&#8220; ct_bg_position=&#8220;center right&#8220; ct_bg_parallax=&#8220;fixed&#8220;][vc_column width=&#8220;1\/2&#8243;]<div class=\"ult-spacer spacer-69f31810dbf98\" data-id=\"69f31810dbf98\" data-height=\"133\" data-height-mobile=\"133\" data-height-tab=\"133\" data-height-tab-portrait=\"\" data-height-mobile-landscape=\"\" style=\"clear:both;display:block;\"><\/div>[vc_custom_heading text=&#8220;FREUNDE WERDEN&#8220; font_container=&#8220;tag:h1|text_align:left&#8220; use_theme_fonts=&#8220;yes&#8220;]<div class=\"ult-spacer spacer-69f31810dbff1\" data-id=\"69f31810dbff1\" data-height=\"25\" data-height-mobile=\"25\" data-height-tab=\"25\" data-height-tab-portrait=\"\" data-height-mobile-landscape=\"\" style=\"clear:both;display:block;\"><\/div>[vc_wp_custommenu nav_menu=&#8220;41&#8243;][vc_row_inner][vc_column_inner offset=&#8220;vc_hidden-lg&#8220;][vc_single_image image=&#8220;4793&#8243; img_size=&#8220;large&#8220;][\/vc_column_inner][\/vc_row_inner]<div class=\"ult-spacer spacer-69f31810dc020\" data-id=\"69f31810dc020\" data-height=\"10\" data-height-mobile=\"20\" data-height-tab=\"\" data-height-tab-portrait=\"20\" data-height-mobile-landscape=\"20\" style=\"clear:both;display:block;\"><\/div>[vc_column_text css=&#8220;.vc_custom_1587128757579{margin-left: 40px !important;}&#8220; el_class=&#8220;fc-article-title-red&#8220;]\n<div class=\"page\" title=\"Page 24\">\n<p>DER SCHOLAR CLUB<\/p>\n<\/div>\n<p>&nbsp;<br \/>\n[\/vc_column_text]<div class=\"ult-spacer spacer-69f31810dc043\" data-id=\"69f31810dc043\" data-height=\"20\" data-height-mobile=\"20\" data-height-tab=\"20\" data-height-tab-portrait=\"\" data-height-mobile-landscape=\"\" style=\"clear:both;display:block;\"><\/div>[vc_column_text css=&#8220;.vc_custom_1586361367911{margin-left: 40px !important;}&#8220; el_class=&#8220;fc-article-title&#8220;]BENEFITS[\/vc_column_text][vc_column_text css=&#8220;.vc_custom_1607723717621{margin-top: 5px !important;margin-left: 40px !important;}&#8220;]10 kostenlose Besuche f\u00fcr zwei Personen<br \/>\nw\u00e4hrend der regul\u00e4ren \u00d6ffnungszeiten<\/p>\n<div class=\"page\" title=\"Page 6\">\n<div class=\"section\">\n<div class=\"layoutArea\">\n<div class=\"column\">\n<p>Einladung zur privaten Preview<br \/>\nvon tempor\u00e4ren Ausstellungen<\/p>\n<p>Vorrangige Informationen\u00a0zu relevanten<br \/>\nEreignissen und Besuchen<\/p>\n<p>Zwei Einladungen f\u00fcr zwei Personen<br \/>\nzu einer Yoga-Sitzung mit dem Yoga-Meister<\/p>\n<p>Zwei pers\u00f6nliche Einladungen zur Incense<br \/>\nCeremony f\u00fcr das Mitglied + 3 G\u00e4ste<\/p>\n<p>Pers\u00f6nliche Einladung zu einem privaten<br \/>\nAbendessen\u00a0in der Feuerle Collection<\/p>\n<p>Pers\u00f6nliche Einladung zu einem privaten<br \/>\nAbendessen\u00a0im Feuerle Collection Penthouse<\/p>\n<p>Aufnahme des Namens auf der Webseite<\/p>\n<p>Aufnahme des Namens\u00a0an die Wand<br \/>\nder Feuerle Collection<\/p>\n<p>10% Preisnachlass auf die Leihgeb\u00fchren<br \/>\nf\u00fcr die Feuerle Collection als Veranstaltungsort<\/p>\n<\/div>\n<\/div>\n<\/div>\n<\/div>\n[\/vc_column_text]<div class=\"ult-spacer spacer-69f31810dc062\" data-id=\"69f31810dc062\" data-height=\"25\" data-height-mobile=\"25\" data-height-tab=\"25\" data-height-tab-portrait=\"\" data-height-mobile-landscape=\"\" style=\"clear:both;display:block;\"><\/div>[vc_column_text css=&#8220;.vc_custom_1586361383930{margin-left: 40px !important;}&#8220; el_class=&#8220;fc-article-title&#8220;]MITGLIEDSCHAFT[\/vc_column_text][vc_column_text css=&#8220;.vc_custom_1586361389514{margin-left: 40px !important;}&#8220;]5.000 \u20ac pro Jahr[\/vc_column_text]<div class=\"ult-spacer spacer-69f31810dc082\" data-id=\"69f31810dc082\" data-height=\"27\" data-height-mobile=\"27\" data-height-tab=\"27\" data-height-tab-portrait=\"\" data-height-mobile-landscape=\"\" style=\"clear:both;display:block;\"><\/div>[vc_btn title=&#8220;FREUNDE WERDEN&#8220; style=&#8220;flat&#8220; shape=&#8220;square&#8220; size=&#8220;sm&#8220; align=&#8220;left&#8220; css_animation=&#8220;none&#8220; link=&#8220;url:https%3A%2F%2Fwww.paypal.com%2Fwebapps%2Fbilling%2Fplans%2Fsubscribe%3Fplan_id%3DP-17B75010XD450902DL7JGGOI|target:_blank|&#8220; el_class=&#8220;fc-button&#8220; css=&#8220;.vc_custom_1626189228438{margin-left: 40px !important;}&#8220;]<div class=\"ult-spacer spacer-69f31810dc09e\" data-id=\"69f31810dc09e\" data-height=\"15\" data-height-mobile=\"15\" data-height-tab=\"15\" data-height-tab-portrait=\"\" data-height-mobile-landscape=\"\" style=\"clear:both;display:block;\"><\/div>[vc_column_text]\n<div class=\"page\" title=\"Page 21\">\n<div class=\"section\">\n<div class=\"layoutArea\">\n<div class=\"column\">\n<p>Indem Sie auf den Button \u201cFREUNDE WERDEN\u201d klicken, erkl\u00e4ren Sie sich mit den\u00a0<a href=\"https:\/\/www.thefeuerlecollection.org\/de\/mitgliedschaftsvereinbarung-scholar\/\">Mitgliedschaftsbedingungen<\/a>, mit unseren\u00a0<a href=\"https:\/\/www.thefeuerlecollection.org\/de\/allgemeine-geschaeftsbedingungen-agb\/\">AGB<\/a> und den\u00a0<a href=\"https:\/\/www.thefeuerlecollection.org\/de\/datenschutzerklaerung\/\">Datenschutzbestimmungen<\/a> einverstanden. F\u00fcr weitere Informationen kontaktieren Sie bitte\u00a0<a href=\"mailto:supporters@thefeuerlecollection.org\">supporters@thefeuerlecollection.org<\/a><\/p>\n<\/div>\n<\/div>\n<\/div>\n<\/div>\n[\/vc_column_text]<div class=\"ult-spacer spacer-69f31810dc0b8\" data-id=\"69f31810dc0b8\" data-height=\"35\" data-height-mobile=\"35\" data-height-tab=\"35\" data-height-tab-portrait=\"\" data-height-mobile-landscape=\"\" style=\"clear:both;display:block;\"><\/div>[vc_column_text]\n<div class=\"page\" title=\"Page 21\">\n<div class=\"section\">\n<div class=\"layoutArea\">\n<div class=\"column\">\n<div class=\"wpb_text_column wpb_content_element \">\n<div class=\"wpb_wrapper\">\n<div class=\"page\" title=\"Page 21\">\n<div class=\"section\">\n<div class=\"layoutArea\">\n<div class=\"column\">\n<div>\n<p>F\u00fcr jede der angebotenen Kategorien bieten wir die M\u00f6glichkeit an, eine Corporate-Mitgliedschaft zu vereinbaren, mit dem zus\u00e4tzlichen Vorteil einer gesonderten Kurzpr\u00e4sentation Ihres Unternehmens auf unseren Social-Media-Kan\u00e4len. F\u00fcr weitere Informationen zu diesem Angebot wenden Sie sich bitte an<span class=\"apple-converted-space\">\u00a0<\/span><a href=\"mailto:supporters@thefeuerlecollection.org\">supporters@thefeuerlecollection.org<\/a>.<\/p>\n<\/div>\n<\/div>\n<\/div>\n<\/div>\n<\/div>\n<\/div>\n<\/div>\n<\/div>\n<\/div>\n<\/div>\n<\/div>\n[\/vc_column_text]<div class=\"ult-spacer spacer-69f31810dc0e7\" data-id=\"69f31810dc0e7\" data-height=\"35\" data-height-mobile=\"35\" data-height-tab=\"35\" data-height-tab-portrait=\"\" data-height-mobile-landscape=\"\" style=\"clear:both;display:block;\"><\/div><div class=\"ult-spacer spacer-69f31810dc107\" data-id=\"69f31810dc107\" data-height=\"140\" data-height-mobile=\"100\" data-height-tab=\"\" data-height-tab-portrait=\"\" data-height-mobile-landscape=\"100\" style=\"clear:both;display:block;\"><\/div>[\/vc_column][vc_column width=&#8220;1\/2&#8243;]<div class=\"ult-spacer spacer-69f31810dc129\" data-id=\"69f31810dc129\" data-height=\"20\" data-height-mobile=\"20\" data-height-tab=\"20\" data-height-tab-portrait=\"\" data-height-mobile-landscape=\"\" style=\"clear:both;display:block;\"><\/div>[\/vc_column][\/vc_row][vc_row ct_row_stretch=&#8220;&#8220;][vc_column width=&#8220;1\/3&#8243;][vc_column_text el_class=&#8220;fc-credit-text&#8220;]\nBildnachweis: Nobuyoshi Araki, Erotos, 1993\/2015, silbergelatineprint\u00a0Auf rotlackierter Tisch f\u00fcr Laute , Ming-Dynastie, China, 16. Jahrhundert,\u00a0zypressholz, rotlackiert, mit Goldmalerei.<br \/>\nFOTO: NIC TENWIGGENHORN\u00a9NIC TENWIGGENHORN\/VG BILD-KUNST, BONN<br \/>\n[\/vc_column_text]<div class=\"ult-spacer spacer-69f31810dc144\" data-id=\"69f31810dc144\" data-height=\"10\" data-height-mobile=\"10\" data-height-tab=\"10\" data-height-tab-portrait=\"\" data-height-mobile-landscape=\"\" style=\"clear:both;display:block;\"><\/div>[\/vc_column][vc_column width=&#8220;1\/3&#8243;][\/vc_column][vc_column width=&#8220;1\/3&#8243;][\/vc_column][\/vc_row]\n<\/div>","protected":false},"excerpt":{"rendered":"<p>[vc_row ct_row_stretch=&#8220;stretch_row&#8220; full_height=&#8220;yes&#8220; columns_placement=&#8220;top&#8220; content_placement=&#8220;top&#8220; ct_bg_image=&#8220;8603&#8243; ct_bg_repeat=&#8220;no-repeat&#8220; ct_bg_size=&#8220;contain&#8220; ct_bg_position=&#8220;center right&#8220; ct_bg_parallax=&#8220;fixed&#8220;][vc_column width=&#8220;1\/2&#8243;][vc_custom_heading text=&#8220;FREUNDE WERDEN&#8220; font_container=&#8220;tag:h1|text_align:left&#8220; use_theme_fonts=&#8220;yes&#8220;][vc_wp_custommenu nav_menu=&#8220;41&#8243;][vc_row_inner][vc_column_inner offset=&#8220;vc_hidden-lg&#8220;][vc_single_image image=&#8220;4793&#8243; img_size=&#8220;large&#8220;][\/vc_column_inner][\/vc_row_inner][vc_column_text css=&#8220;.vc_custom_1587128757579{margin-left: 40px !important;}&#8220; el_class=&#8220;fc-article-title-red&#8220;] DER SCHOLAR CLUB &nbsp; [\/vc_column_text][vc_column_text css=&#8220;.vc_custom_1586361367911{margin-left: 40px !important;}&#8220; el_class=&#8220;fc-article-title&#8220;]BENEFITS[\/vc_column_text][vc_column_text css=&#8220;.vc_custom_1607723717621{margin-top: 5px !important;margin-left: 40px !important;}&#8220;]10 kostenlose Besuche f\u00fcr zwei Personen w\u00e4hrend der regul\u00e4ren \u00d6ffnungszeiten Einladung zur privaten Preview von tempor\u00e4ren Ausstellungen Vorrangige &#8230;<\/p>\n","protected":false},"author":4,"featured_media":0,"parent":0,"menu_order":1,"comment_status":"closed","ping_status":"closed","template":"","meta":{"inline_featured_image":false,"footnotes":""},"class_list":["post-10745","page","type-page","status-publish","hentry"],"yoast_head":"<!-- This site is optimized with the Yoast SEO plugin v27.3 - https:\/\/yoast.com\/product\/yoast-seo-wordpress\/ -->\n<title>DER SCHOLAR CLUB - The Feuerle Collection<\/title>\n<meta name=\"robots\" content=\"index, follow, max-snippet:-1, max-image-preview:large, max-video-preview:-1\" \/>\n<link rel=\"canonical\" href=\"https:\/\/www.thefeuerlecollection.org\/de\/der-scholar-club\/\" \/>\n<meta property=\"og:locale\" content=\"de_DE\" \/>\n<meta property=\"og:type\" content=\"article\" \/>\n<meta property=\"og:title\" content=\"DER SCHOLAR CLUB - The Feuerle Collection\" \/>\n<meta property=\"og:description\" content=\"[vc_row ct_row_stretch=&#8220;stretch_row&#8220; full_height=&#8220;yes&#8220; columns_placement=&#8220;top&#8220; content_placement=&#8220;top&#8220; ct_bg_image=&#8220;8603&#8243; ct_bg_repeat=&#8220;no-repeat&#8220; ct_bg_size=&#8220;contain&#8220; ct_bg_position=&#8220;center right&#8220; ct_bg_parallax=&#8220;fixed&#8220;][vc_column width=&#8220;1\/2&#8243;][vc_custom_heading text=&#8220;FREUNDE WERDEN&#8220; font_container=&#8220;tag:h1|text_align:left&#8220; use_theme_fonts=&#8220;yes&#8220;][vc_wp_custommenu nav_menu=&#8220;41&#8243;][vc_row_inner][vc_column_inner offset=&#8220;vc_hidden-lg&#8220;][vc_single_image image=&#8220;4793&#8243; img_size=&#8220;large&#8220;][\/vc_column_inner][\/vc_row_inner][vc_column_text css=&#8220;.vc_custom_1587128757579{margin-left: 40px !important;}&#8220; el_class=&#8220;fc-article-title-red&#8220;] DER SCHOLAR CLUB &nbsp; [\/vc_column_text][vc_column_text css=&#8220;.vc_custom_1586361367911{margin-left: 40px !important;}&#8220; el_class=&#8220;fc-article-title&#8220;]BENEFITS[\/vc_column_text][vc_column_text css=&#8220;.vc_custom_1607723717621{margin-top: 5px !important;margin-left: 40px !important;}&#8220;]10 kostenlose Besuche f\u00fcr zwei Personen w\u00e4hrend der regul\u00e4ren \u00d6ffnungszeiten Einladung zur privaten Preview von tempor\u00e4ren Ausstellungen Vorrangige ...\" \/>\n<meta property=\"og:url\" content=\"https:\/\/www.thefeuerlecollection.org\/de\/der-scholar-club\/\" \/>\n<meta property=\"og:site_name\" content=\"The Feuerle Collection\" \/>\n<meta property=\"article:modified_time\" content=\"2021-07-13T15:19:27+00:00\" \/>\n<meta name=\"twitter:card\" content=\"summary_large_image\" \/>\n<meta name=\"twitter:label1\" content=\"Gesch\u00e4tzte Lesezeit\" \/>\n\t<meta name=\"twitter:data1\" content=\"3\u00a0Minuten\" \/>\n<script type=\"application\/ld+json\" class=\"yoast-schema-graph\">{\"@context\":\"https:\\\/\\\/schema.org\",\"@graph\":[{\"@type\":\"WebPage\",\"@id\":\"https:\\\/\\\/www.thefeuerlecollection.org\\\/de\\\/der-scholar-club\\\/\",\"url\":\"https:\\\/\\\/www.thefeuerlecollection.org\\\/de\\\/der-scholar-club\\\/\",\"name\":\"DER SCHOLAR CLUB - The Feuerle Collection\",\"isPartOf\":{\"@id\":\"https:\\\/\\\/www.thefeuerlecollection.org\\\/de\\\/#website\"},\"datePublished\":\"2020-06-12T15:00:06+00:00\",\"dateModified\":\"2021-07-13T15:19:27+00:00\",\"breadcrumb\":{\"@id\":\"https:\\\/\\\/www.thefeuerlecollection.org\\\/de\\\/der-scholar-club\\\/#breadcrumb\"},\"inLanguage\":\"de\",\"potentialAction\":[{\"@type\":\"ReadAction\",\"target\":[\"https:\\\/\\\/www.thefeuerlecollection.org\\\/de\\\/der-scholar-club\\\/\"]}]},{\"@type\":\"BreadcrumbList\",\"@id\":\"https:\\\/\\\/www.thefeuerlecollection.org\\\/de\\\/der-scholar-club\\\/#breadcrumb\",\"itemListElement\":[{\"@type\":\"ListItem\",\"position\":1,\"name\":\"Home\",\"item\":\"https:\\\/\\\/www.thefeuerlecollection.org\\\/de\\\/\"},{\"@type\":\"ListItem\",\"position\":2,\"name\":\"DER SCHOLAR CLUB\"}]},{\"@type\":\"WebSite\",\"@id\":\"https:\\\/\\\/www.thefeuerlecollection.org\\\/de\\\/#website\",\"url\":\"https:\\\/\\\/www.thefeuerlecollection.org\\\/de\\\/\",\"name\":\"The Feuerle Collection\",\"description\":\"Visit our Collection\",\"publisher\":{\"@id\":\"https:\\\/\\\/www.thefeuerlecollection.org\\\/de\\\/#organization\"},\"potentialAction\":[{\"@type\":\"SearchAction\",\"target\":{\"@type\":\"EntryPoint\",\"urlTemplate\":\"https:\\\/\\\/www.thefeuerlecollection.org\\\/de\\\/?s={search_term_string}\"},\"query-input\":{\"@type\":\"PropertyValueSpecification\",\"valueRequired\":true,\"valueName\":\"search_term_string\"}}],\"inLanguage\":\"de\"},{\"@type\":\"Organization\",\"@id\":\"https:\\\/\\\/www.thefeuerlecollection.org\\\/de\\\/#organization\",\"name\":\"The Feuerle Collection\",\"url\":\"https:\\\/\\\/www.thefeuerlecollection.org\\\/de\\\/\",\"logo\":{\"@type\":\"ImageObject\",\"inLanguage\":\"de\",\"@id\":\"https:\\\/\\\/www.thefeuerlecollection.org\\\/de\\\/#\\\/schema\\\/logo\\\/image\\\/\",\"url\":\"https:\\\/\\\/www.thefeuerlecollection.org\\\/wp-content\\\/uploads\\\/2020\\\/02\\\/the-feuerle-collection_logo_500x158.png\",\"contentUrl\":\"https:\\\/\\\/www.thefeuerlecollection.org\\\/wp-content\\\/uploads\\\/2020\\\/02\\\/the-feuerle-collection_logo_500x158.png\",\"width\":500,\"height\":158,\"caption\":\"The Feuerle Collection\"},\"image\":{\"@id\":\"https:\\\/\\\/www.thefeuerlecollection.org\\\/de\\\/#\\\/schema\\\/logo\\\/image\\\/\"}}]}<\/script>\n<!-- \/ Yoast SEO plugin. -->","yoast_head_json":{"title":"DER SCHOLAR CLUB - The Feuerle Collection","robots":{"index":"index","follow":"follow","max-snippet":"max-snippet:-1","max-image-preview":"max-image-preview:large","max-video-preview":"max-video-preview:-1"},"canonical":"https:\/\/www.thefeuerlecollection.org\/de\/der-scholar-club\/","og_locale":"de_DE","og_type":"article","og_title":"DER SCHOLAR CLUB - The Feuerle Collection","og_description":"[vc_row ct_row_stretch=&#8220;stretch_row&#8220; full_height=&#8220;yes&#8220; columns_placement=&#8220;top&#8220; content_placement=&#8220;top&#8220; ct_bg_image=&#8220;8603&#8243; ct_bg_repeat=&#8220;no-repeat&#8220; ct_bg_size=&#8220;contain&#8220; ct_bg_position=&#8220;center right&#8220; ct_bg_parallax=&#8220;fixed&#8220;][vc_column width=&#8220;1\/2&#8243;][vc_custom_heading text=&#8220;FREUNDE WERDEN&#8220; font_container=&#8220;tag:h1|text_align:left&#8220; use_theme_fonts=&#8220;yes&#8220;][vc_wp_custommenu nav_menu=&#8220;41&#8243;][vc_row_inner][vc_column_inner offset=&#8220;vc_hidden-lg&#8220;][vc_single_image image=&#8220;4793&#8243; img_size=&#8220;large&#8220;][\/vc_column_inner][\/vc_row_inner][vc_column_text css=&#8220;.vc_custom_1587128757579{margin-left: 40px !important;}&#8220; el_class=&#8220;fc-article-title-red&#8220;] DER SCHOLAR CLUB &nbsp; [\/vc_column_text][vc_column_text css=&#8220;.vc_custom_1586361367911{margin-left: 40px !important;}&#8220; el_class=&#8220;fc-article-title&#8220;]BENEFITS[\/vc_column_text][vc_column_text css=&#8220;.vc_custom_1607723717621{margin-top: 5px !important;margin-left: 40px !important;}&#8220;]10 kostenlose Besuche f\u00fcr zwei Personen w\u00e4hrend der regul\u00e4ren \u00d6ffnungszeiten Einladung zur privaten Preview von tempor\u00e4ren Ausstellungen Vorrangige ...","og_url":"https:\/\/www.thefeuerlecollection.org\/de\/der-scholar-club\/","og_site_name":"The Feuerle Collection","article_modified_time":"2021-07-13T15:19:27+00:00","twitter_card":"summary_large_image","twitter_misc":{"Gesch\u00e4tzte Lesezeit":"3\u00a0Minuten"},"schema":{"@context":"https:\/\/schema.org","@graph":[{"@type":"WebPage","@id":"https:\/\/www.thefeuerlecollection.org\/de\/der-scholar-club\/","url":"https:\/\/www.thefeuerlecollection.org\/de\/der-scholar-club\/","name":"DER SCHOLAR CLUB - The Feuerle Collection","isPartOf":{"@id":"https:\/\/www.thefeuerlecollection.org\/de\/#website"},"datePublished":"2020-06-12T15:00:06+00:00","dateModified":"2021-07-13T15:19:27+00:00","breadcrumb":{"@id":"https:\/\/www.thefeuerlecollection.org\/de\/der-scholar-club\/#breadcrumb"},"inLanguage":"de","potentialAction":[{"@type":"ReadAction","target":["https:\/\/www.thefeuerlecollection.org\/de\/der-scholar-club\/"]}]},{"@type":"BreadcrumbList","@id":"https:\/\/www.thefeuerlecollection.org\/de\/der-scholar-club\/#breadcrumb","itemListElement":[{"@type":"ListItem","position":1,"name":"Home","item":"https:\/\/www.thefeuerlecollection.org\/de\/"},{"@type":"ListItem","position":2,"name":"DER SCHOLAR CLUB"}]},{"@type":"WebSite","@id":"https:\/\/www.thefeuerlecollection.org\/de\/#website","url":"https:\/\/www.thefeuerlecollection.org\/de\/","name":"The Feuerle Collection","description":"Visit our Collection","publisher":{"@id":"https:\/\/www.thefeuerlecollection.org\/de\/#organization"},"potentialAction":[{"@type":"SearchAction","target":{"@type":"EntryPoint","urlTemplate":"https:\/\/www.thefeuerlecollection.org\/de\/?s={search_term_string}"},"query-input":{"@type":"PropertyValueSpecification","valueRequired":true,"valueName":"search_term_string"}}],"inLanguage":"de"},{"@type":"Organization","@id":"https:\/\/www.thefeuerlecollection.org\/de\/#organization","name":"The Feuerle Collection","url":"https:\/\/www.thefeuerlecollection.org\/de\/","logo":{"@type":"ImageObject","inLanguage":"de","@id":"https:\/\/www.thefeuerlecollection.org\/de\/#\/schema\/logo\/image\/","url":"https:\/\/www.thefeuerlecollection.org\/wp-content\/uploads\/2020\/02\/the-feuerle-collection_logo_500x158.png","contentUrl":"https:\/\/www.thefeuerlecollection.org\/wp-content\/uploads\/2020\/02\/the-feuerle-collection_logo_500x158.png","width":500,"height":158,"caption":"The Feuerle Collection"},"image":{"@id":"https:\/\/www.thefeuerlecollection.org\/de\/#\/schema\/logo\/image\/"}}]}},"_links":{"self":[{"href":"https:\/\/www.thefeuerlecollection.org\/de\/wp-json\/wp\/v2\/pages\/10745","targetHints":{"allow":["GET"]}}],"collection":[{"href":"https:\/\/www.thefeuerlecollection.org\/de\/wp-json\/wp\/v2\/pages"}],"about":[{"href":"https:\/\/www.thefeuerlecollection.org\/de\/wp-json\/wp\/v2\/types\/page"}],"author":[{"embeddable":true,"href":"https:\/\/www.thefeuerlecollection.org\/de\/wp-json\/wp\/v2\/users\/4"}],"replies":[{"embeddable":true,"href":"https:\/\/www.thefeuerlecollection.org\/de\/wp-json\/wp\/v2\/comments?post=10745"}],"version-history":[{"count":11,"href":"https:\/\/www.thefeuerlecollection.org\/de\/wp-json\/wp\/v2\/pages\/10745\/revisions"}],"predecessor-version":[{"id":13587,"href":"https:\/\/www.thefeuerlecollection.org\/de\/wp-json\/wp\/v2\/pages\/10745\/revisions\/13587"}],"wp:attachment":[{"href":"https:\/\/www.thefeuerlecollection.org\/de\/wp-json\/wp\/v2\/media?parent=10745"}],"curies":[{"name":"wp","href":"https:\/\/api.w.org\/{rel}","templated":true}]}}